{"id":507,"date":"2019-03-02T20:48:11","date_gmt":"2019-03-02T20:48:11","guid":{"rendered":"http:\/\/www2.unifap.br\/geografia-oiapoque\/?page_id=507"},"modified":"2026-03-27T15:22:22","modified_gmt":"2026-03-27T15:22:22","slug":"publicacoes","status":"publish","type":"page","link":"https:\/\/www2.unifap.br\/geografia-oiapoque\/atividades\/publicacoes\/","title":{"rendered":"Publica\u00e7\u00f5es"},"content":{"rendered":"<p>TRABALHOS DE CONCLUS\u00c3O DE CURSO DE GRADUA\u00c7\u00c3O: <a href=\"https:\/\/drive.google.com\/drive\/folders\/1Ag1jB9W09INyGQzbah4bwPCLsQ-jnTm-?usp=sharing\" target=\"_blank\" rel=\"noopener noreferrer\">Acervo<\/a><\/p>\n<p>TRABALHOS DE CONCLUS\u00c3O DE CURSO DE ESPECIALIZA\u00c7\u00c3O: <a href=\"https:\/\/drive.google.com\/drive\/folders\/1bTBZth9i2dBrEI3Upy3CBd8xG8VSG0nx?usp=sharing\" target=\"_blank\" rel=\"noopener noreferrer\">Acervo<\/a><\/p>\n<p>ARTIGOS PUBLICADOS EM REVISTAS CIENT\u00cdFICAS:<\/p>\n<p><a href=\"http:\/\/www2.unifap.br\/oiapoque\/files\/2017\/02\/Artigo-Oiapoque-aqui-come%C3%A7a-o-Brasil.pdf\" target=\"_blank\" rel=\"noopener noreferrer\">ALMEIDA, Carina Santos de ; RAUBER, ALEXANDRE LUIZ . Oiapoque, aqui come\u00e7a o Brasil: a fronteira em constru\u00e7\u00e3o e os desafios do Desenvolvimento Regional \/ Oiapoque, the city where it begins Brazil: the frontier in construction and Regional Development?s challenges. Redes (Santa Cruz do Sul. Online), v. 22, p. 474-493, 2016.<\/a><\/p>\n<p><a href=\"https:\/\/raseng.com\/index.php\/raseng\/article\/view\/232\">BEATRIZ ROQU\u00c9, Bianca. Geografia sens\u00edvel e a constru\u00e7\u00e3o do sentido de lugar: contribui\u00e7\u00f5es de uma caminhante cega. Revista Amaz\u00f4nica sobre Ensino de Geografia, [S. l.], v. 5, n. 1, p. 73\u201395, 2025.<\/a><\/p>\n<p><a href=\"http:\/\/www.agbbauru.org.br\/publicacoes\/revista\/anoXX_1\/agb_xx1_versao_internet\/Revista_AGB_dez2016-04.pdf\" target=\"_blank\" rel=\"noopener noreferrer\">CORREA, F. V. S. ; PALHARES, J. M. . Aumento de casos de dengue relacionados com fatores clim\u00e1ticos e o meio socioambiental no munic\u00edpio de Oiapoque-AP-Brasil: per\u00edodo de 2008 a 2013. Ci\u00eancia Geogr\u00e1fica, v. XX, p. 58-70, 2016.<\/a><\/p>\n<p><a href=\"https:\/\/seer.ufrgs.br\/paraonde\/article\/view\/82864\" target=\"_blank\" rel=\"noopener noreferrer\">FERREIRA, R. C. ; HELFENSTEIN, A. M. . TRANSFORMA\u00c7\u00d5ES DO ESPA\u00c7O URBANO NO CERRADO AMAPAENSE: A CIDADE DE MACAP\u00c1, SANTANA E PORTO GRANDE. PARA ONDE!? (UFRGS), v. v.9, p. 149-157, 2018.<\/a><\/p>\n<p><a href=\"https:\/\/repositorio.bc.ufg.br\/tede\/handle\/tede\/9675\" target=\"_blank\" rel=\"noopener noreferrer\">HELFENSTEIN, A. M.&nbsp;A influ\u00eancia das redes geogr\u00e1ficas no atual est\u00e1gio de desenvolvimento do munic\u00edpio de Oiapoque &#8211; Amap\u00e1.&nbsp;Tese (Doutorado em Geografia) Iesa\/UFG, 2019.<\/a><\/p>\n<p><a href=\"https:\/\/casademakunaima.uerr.edu.br\/index.php\/home\/article\/download\/30\/12\" target=\"_blank\" rel=\"noopener noreferrer\">LANDIM NETO, F. O.. A aula de campo no Parque Nacional do Cabo Orange, Oiapoque, Amap\u00e1 ? Brasil: percep\u00e7\u00e3o da preserva\u00e7\u00e3o ambiental e dos conflitos territoriais. Revista Eletr\u00f4nica Casa de Makunaima, v. 1, p. 122-130, 2018.<\/a><\/p>\n<p><a href=\"https:\/\/www.researchgate.net\/publication\/313854130_PEDAGOGIA_DA_ALTERNANCIA_NO_AMAPA_um_estudo_na_Escola_Familia_Agricola_do_Pacui\" target=\"_blank\" rel=\"noopener noreferrer\">LEITE-SILVA, U. R.; NERY, V. S. C. . PEDAGOGIA DA ALTERN\u00c2NCIA NO AMAP\u00c1: um estudo na Escola Fam\u00edlia Agr\u00edcola do Pacu\u00ed. REVISTA EVENTOS PEDAG\u00d3GICOS, v. 7, p. 1605, 2016.<\/a><\/p>\n<p><a href=\"http:\/\/www.revistaterceiramargem.com\/index.php\/terceiramargem\/article\/view\/231\/169\" target=\"_blank\" rel=\"noopener noreferrer\">MARGARIT, Eduardo.. A ressignifica\u00e7\u00e3o da navega\u00e7\u00e3o no Baixo Amazonas a partir da integra\u00e7\u00e3o ao circuito produtivo do agroneg\u00f3cio. REVISTA TERCEIRA MARGEM AMAZ\u00d4NIA, v. 3, p. 38-55, 2018.<\/a><\/p>\n<p><a href=\"http:\/\/www.agbbauru.org.br\/publicacoes\/revista\/anoXVII_1\/agb_xvii1_versao_internet\/agb_12_jandez2013.pdf\" target=\"_blank\" rel=\"noopener noreferrer\">MARGARIT, Eduardo.. As armadilhas do discurso que envolve o processo de implanta\u00e7\u00e3o de usinas hidrel\u00e9tricas na Amaz\u00f4nia. Ci\u00eancia Geogr\u00e1fica, v. XVII, p. 150-163, 2013.<\/a><\/p>\n<p><a href=\"http:\/\/www.periodicoseletronicos.ufma.br\/index.php\/interespaco\/article\/view\/6908\" target=\"_blank\" rel=\"noopener noreferrer\">MARGARIT, Eduardo.. Integra\u00e7\u00e3o do Amap\u00e1 ao circuito produtivo da soja. INTERESPA\u00c7O: REVISTA DE GEOGRAFIA E INTERDISCIPLINARIDADE, v. 4, p. 108-119, 2018.<\/a><\/p>\n<p><a href=\"http:\/\/www.revistappr.com.br\/artigos\/publicados\/O-planejamento-regional-e-a-luta-dos-povos-tradicionais-pela-terra-na-fronteira-franco-brasileira.pdf\" target=\"_blank\" rel=\"noopener noreferrer\">MARGARIT, Eduardo.. O planejamento regional e a luta dos povos tradicionais pela terra na fronteira franco-brasileira. REVISTA POL\u00cdTICA E PLANEJAMENTO REGIONAL, v. 6, p. 23-38, 2019.<\/a><\/p>\n<p><a href=\"https:\/\/repositorio.bc.ufg.br\/tede\/handle\/tede\/9674\" target=\"_blank\" rel=\"noopener noreferrer\">MARGARIT, Eduardo..&nbsp;Integra\u00e7\u00e3o territorial competitiva do Amap\u00e1: o programa de acelera\u00e7\u00e3o do crescimento e os grandes projetos de desenvolvimento. Tese (Doutorado em Geografia) Iesa\/UFG, 2019.<\/a><\/p>\n<p><a href=\"https:\/\/periodicos.unifap.br\/index.php\/pracs\/article\/view\/5345\" target=\"_blank\" rel=\"noopener noreferrer\">MARGARIT, Eduardo.;&nbsp;MIRANDA, C. P.&nbsp;;&nbsp;BARREIRA, C. C. M. A.&nbsp;. A din\u00e2mica territorial das grandes obras de infraestrutura desenvolvidas no Amap\u00e1 no \u00e2mbito do Programa de Acelera\u00e7\u00e3o do Crescimento. PRACS: REVISTA ELETR\u00d4NICA DE HUMANIDADES DO CURSO DE CI\u00caNCIAS SOCIAIS DA UNIFAP, v. 12, p. 1, 2019.<\/a><\/p>\n<p><a href=\"https:\/\/periodicos.unifap.br\/index.php\/pracs\/article\/view\/5749\" target=\"_blank\" rel=\"noopener noreferrer\">MARGARIT, Eduardo.;&nbsp;BARREIRA, C. C. M. A.&nbsp;;&nbsp;MIRANDA, C. P.&nbsp;. Os mecanismos de consenso e coer\u00e7\u00e3o em torno do projeto de desenvolvimento hegem\u00f4nico no Amap\u00e1. PRACS: REVISTA ELETR\u00d4NICA DE HUMANIDADES DO CURSO DE CI\u00caNCIAS SOCIAIS DA UNIFAP, v. 13, p. 253, 2020.<\/a><\/p>\n<p><a href=\"https:\/\/agbbauru.org.br\/publicacoes\/revista\/anoXXV_2\/agb_xxv_2_web\/agb_xxv_2-05.pdf\" target=\"_blank\" rel=\"noopener noreferrer\">MARGARIT, Eduardo; BARREIRA, C. C. M. A.&nbsp; O modelo de desenvolvimento hegem\u00f4nico no estado do Amap\u00e1 e suas contradi\u00e7\u00f5es. Bauru. Revista Ci\u00eancia Geogr\u00e1fica. Vol. XXV. n.2 p.567-583 2021 Revista_AGB_XXV-2.indb<\/a><\/p>\n<p><a href=\"http:\/\/www.repositorio.ufc.br\/handle\/riufc\/61246\" target=\"_blank\" rel=\"noopener noreferrer\">MOURA, Edenilson Dutra de. Do Oiapoque ao&#8230; vislumbrar da din\u00e2mica territorial urbana na fronteira franco-brasileira. 2021. 304 f. Tese (Doutorado em Geografia) &#8211; Universidade Federal do Cear\u00e1, Fortaleza, 2021.<\/a><\/p>\n<p><a href=\"https:\/\/rcgs.uvanet.br\/index.php\/RCGS\/article\/view\/724\" target=\"_blank\" rel=\"noopener noreferrer\">MOURA, E. D. DE. TERRIT\u00d3RIO, FRONTEIRA E CONECCIDADE: UM OLHAR PARA A FRONTEIRA FRANCO-BRASILEIRA.&nbsp;Revista da Casa da Geografia de Sobral (RCGS), v. 22, n. 3, p. 143-161, 30 dez. 2020.<\/a><\/p>\n<p><a href=\"https:\/\/www.atenaeditora.com.br\/post-artigo\/34563\" target=\"_blank\" rel=\"noopener noreferrer\">MOURA, Edenilson Dutra de. Realidades fronteiri\u00e7as: reflexos na produ\u00e7\u00e3o territorial-urbana em Oiapoque \u2013 Amap\u00e1. In: FERREIRA, Gustavo Henrique Cepollini. (Org.) Debates Geogr\u00e1ficos da realidade brasileira. Ponta Grossa: Atena, 2020.<\/a><\/p>\n<p><a href=\"https:\/\/casademakunaima.uerr.edu.br\/index.php\/home\/article\/download\/10\/23\/\" target=\"_blank\" rel=\"noopener noreferrer\">MOURA, E. D.. URBANO-FRONTEIRI\u00c7O:ESPACIALIDADES E ESPECIFICIDADES URBANAS NA FRONTEIRA FRANCO-BRASILEIRA ? OIAPOQUE ? AMAP\u00c1. Revista Eletr\u00f4nica Casa de Makunaima, v. 1, p. 51-65, 2018.<\/a><\/p>\n<p><a href=\"http:\/\/www.uel.br\/revistas\/uel\/index.php\/Geographia\/article\/view\/36117\" target=\"_blank\" rel=\"noopener noreferrer\">MOURA, E. D.. TERRIT\u00d3RIO-REDE E FRONTEIRA: UM VISLUMBRAR PARA O COME\u00c7O DO BRASIL &#8211; OIAPOQUE \u2013 AMAP\u00c1.&nbsp;Geographia Opportuno Tempore,&nbsp;v. 4, n. 3, 2018.<\/a><\/p>\n<p><a href=\"http:\/\/geopalhares.com.br\/wp-content\/uploads\/2019\/01\/Rev_AGB_dez2018-07.pdf\" target=\"_blank\" rel=\"noopener noreferrer\">MOREIRA, P. H. O. ; ALBUQUERQUE, M. J. F. C. ; PALHARES, J. M. . An\u00e1lise Socioambiental em Geografia da Sa\u00fade Sobre o Saneamento no Canal do Beirol, Macap\u00e1-AP, Brasil. CI\u00caNCIA GEOGR\u00c1FICA, v. XXII, p. 80-96, 2018.<\/a><\/p>\n<p><a href=\"https:\/\/revistas.ufpi.br\/index.php\/equador\/article\/view\/9145\" target=\"_blank\" rel=\"noopener noreferrer\">MULATO, Wesley Pereira; MOURA, Edenilson Dutra de. Fluxos imigrat\u00f3rios ilegais e din\u00e2micas territoriais na fronteira franco-brasileira. Revista Equador (UFPI), Vol. 8, N\u00ba 2, p. 115 \u2013 131.<\/a><\/p>\n<p><a href=\"http:\/\/www2.unifap.br\/editora\/files\/2021\/07\/relacoes-socioespaciais.pdf\" target=\"_blank\" rel=\"noopener noreferrer\">PALHARES, Jos\u00e9 Mauro; SILVA, U\u00e9dio Robds Leite da (org.).&nbsp;<strong>Rela\u00e7\u00f5es socioespaciais:<\/strong>&nbsp;um olhar geogr\u00e1fico sobre o Amap\u00e1. Macap\u00e1: UNIFAP, 2021.<\/a><\/p>\n<p><a href=\"https:\/\/revistas.ufrj.br\/index.php\/EspacoAberto\/article\/view\/5219\" target=\"_blank\" rel=\"noopener noreferrer\">PALHARES, J. M.; GUERRA, A. J. T. . Potencialidades no Munic\u00edpio de Oiapoque, Amap\u00e1, para o Desenvolvimento do Geoturismo. Espa\u00e7o Aberto (UFRJ), v. 6, p. 51-72, 2016.<\/a><\/p>\n<p><a href=\"https:\/\/www.researchgate.net\/publication\/314304292_Environmental_education_and_sustainability-_vila_Brazil_case_in_Oiapoque_county_Amapa-Brazil\" target=\"_blank\" rel=\"noopener noreferrer\">PALHARES, JOS\u00c9 MAURO. Environmental education and sustainability- vila Brazil case in Oiapoque county, Amap\u00e1-Brazil. REDE : REVISTA ELETR\u00d4NICA DO PRODEMA, v. 10, p. 108-119, 2016.<\/a><\/p>\n<p><a href=\"http:\/\/www.agbbauru.org.br\/publicacoes\/revista\/anoXIX_1\/agb_xix1_versao_internet\/Revista_AGB_dez2015-15.pdf\" target=\"_blank\" rel=\"noopener noreferrer\">PALHARES, J. M.; SILVA, T. A. . A Globaliza\u00e7\u00e3o e os seus Reflexos Negativos para a Humanidade. Ci\u00eancia Geogr\u00e1fica, v. XIX, p. 184-189, 2015.<\/a><\/p>\n<div><a href=\"https:\/\/revistas.ufpi.br\/index.php\/equador\/article\/view\/9142\" target=\"_blank\" rel=\"noopener noreferrer\">PAUNGARTTEN, S. P. L. Geoprocessamento Aplicado a Fragilidade Ambiental No Munic\u00edpio Fronteiri\u00e7o De Oiapoque, Amap\u00e1 &#8211; Brasil. Revista Equador, v. 8, n. 2, p. 66\u201377, 2019.<\/a><\/div>\n<div>&nbsp;<\/div>\n<div><a href=\"http:\/\/www.revistarede.ufc.br\/rede\/article\/view\/552\" target=\"_blank\" rel=\"noopener noreferrer\">PAUNGARTTEN, S. P. L.; AZEVEDO, M. das N. S. de. Sustentabilidade s\u00f3cioecon\u00f4mica e ambiental na col\u00f4nia de pescadores z-03, munic\u00edpio de oiapoque &#8211; ap. REDE &#8211; Revista Eletronica do PRODEMA, v. 12, n. 1, p. 110\u2013120, 2018.<\/a><\/div>\n<div>&nbsp;<\/div>\n<div><a href=\"http:\/\/www.uvanet.br\/proex\/publicacoes\/livro_12_recursos_hidricos_barragens_tecnologias_sociais.pdf\" target=\"_blank\" rel=\"noopener noreferrer\">PAUNGARTTEN, S. P. L.; COSTA, N. O. da. Seguran\u00e7a h\u00eddrica e vulnerabilidade h\u00eddrica em Mo\u00e7ambique &#8211; \u00c1frica. In: LIMA, E. C.; BARBOSA, F. E. L.; GUIMAR\u00c3ES, L. S. (Org.). . Recur. H\u00cdDRICOS, BARRAGENS E Tecnol. SOCIAIS. Sobral &#8211; CE: PROEX\/UVA, 2020. p. 197\u2013207.&nbsp;<\/a><\/div>\n<div>&nbsp;<\/div>\n<div><a href=\"http:\/\/www.uvanet.br\/proex\/publicacoes\/livro_12_recursos_hidricos_barragens_tecnologias_sociais.pdf\" target=\"_blank\" rel=\"noopener noreferrer\">PAUNGARTTEN, S. P. L.; SANTOS, J. de O. Seguran\u00e7a h\u00eddrica na cidade fronteiri\u00e7a de Oiapoque \u2013 Amap\u00e1\/Brasil. In: LIMA, E. C.; BARBOSA, F. E. L.; GUIMAR\u00c3ES, L. S. (Org.). . Recur. H\u00cdDRICOS, BARRAGENS E Tecnol. SOCIAIS. 1. ed. Sobral &#8211; CE: PROEX\/UVA, 2020. p. 240.&nbsp;<\/a><\/div>\n<div>&nbsp;<\/div>\n<div><a href=\"https:\/\/www.periodicos.unimontes.br\/index.php\/verdegrande\/article\/view\/3796\" target=\"_blank\" rel=\"noopener noreferrer\">PAUNGARTTEN, S.; SANTOS, J. de O. Amea\u00e7as \u00e0 dimens\u00e3o humana da seguran\u00e7a h\u00eddrica na cidade fronteiri\u00e7a de Oiapoque \u2013 AP\/Amaz\u00f4nia Oriental. Revista Verde Grande: Geografia e Interdisciplinaridade, v. 3, n. 02, p. 62\u201373, 8 jun. 2021.&nbsp;<\/a><\/div>\n<div>&nbsp;<\/div>\n<div><a href=\"https:\/\/www2.unifap.br\/editora\/files\/2021\/10\/ciencias-geograficas.pdf\" target=\"_blank\" rel=\"noopener noreferrer\">RAUBER, Alexandre Luiz e PALHARES, Jos\u00e9 Mauro. Ci\u00eancias geogr\u00e1ficas: um olhar sobre o norte do Amap\u00e1. Macap\u00e1: UNIFAP, 2021.<\/a><\/div>\n<div>&nbsp;<\/div>\n<div><a href=\"https:\/\/www.agbbauru.org.br\/publicacoes\/revista\/anoXXV_3\/agb_xxv_3_web\/agb_xxv_3-13.pdf\" target=\"_blank\" rel=\"noopener noreferrer\">RAUBER, A. L; FERREIRA, M. E. Estado do Amap\u00e1: as perspectivas da consolida\u00e7\u00e3o de uma nova frente de explora\u00e7\u00e3o madeireira. <strong>Ci\u00eancia Geogr\u00e1fica<\/strong> &#8211; Bauru &#8211; XXV &#8211; Vol. XXV &#8211; (3): Janeiro\/Dezembro &#8211; 2021.<\/a><\/div>\n<p><a href=\"https:\/\/repositorio.bc.ufg.br\/tede\/handle\/tede\/9612\" target=\"_blank\" rel=\"noopener noreferrer\">RAUBER, A. L.&nbsp;A din\u00e2mica da paisagem no estado do Amap\u00e1: an\u00e1lise socioambiental para o eixo de influ\u00eancia das rodovias BR-156 e BR-210. Tese (Doutorado em Geografia) Iesa\/UFG, 2019.<\/a><\/p>\n<p><a href=\"https:\/\/www.agbbauru.org.br\/publicacoes\/revista\/anoXXIV_2\/agb_xxiv_2_web\/agb_xxiv_2-05.pdf\" target=\"_blank\" rel=\"noopener noreferrer\">RAUBER, Alexandre Luiz; ALMEIDA, Carina Santos.; FERREIRA, Manuel Eduardo. Atores da paisagem: o padr\u00e3o temporal e espacial de focos de queimadas no estado do Amap\u00e1 entre os anos de 2000 e 2019 e as influ\u00eancias das pr\u00e1ticas e saberes ind\u00edgenas. Bauru. Revista Ci\u00eancia Geogr\u00e1fica. Vol. XXIV n.2 p.535-553, 2020 Revista_AGB_XXIV-2.indb<\/a><\/p>\n<p><a href=\"https:\/\/periodicos.unifap.br\/index.php\/pracs\/article\/view\/5825\" target=\"_blank\" rel=\"noopener noreferrer\">RAUBER, Alexandre Luiz; FERREIRA, Manuel Eduardo. A concentra\u00e7\u00e3o socioecon\u00f4mica e os ciclos de explora\u00e7\u00e3o dos recursos naturais no estado do Amap\u00e1. Macap\u00e1. Revista PRACS. v.13 n.4 p.181-200 2020 A concentra\u00e7\u00e3o socioecon\u00f4mica e os ciclos de explora\u00e7\u00e3o dos recursos naturais no Estado do Amap\u00e1 | Rauber | PRACS: Revista Eletr\u00f4nica de Humanidades do Curso de Ci\u00eancias Sociais da UNIFAP<\/a><\/p>\n<p><a href=\"https:\/\/agbbauru.org.br\/publicacoes\/revista\/anoXXV_2\/agb_xxv_2_web\/agb_xxv_2-09.pdf\" target=\"_blank\" rel=\"noopener noreferrer\">RAUBER, Alexandre Luiz; PALHARES, Jos\u00e9 Mauro A din\u00e2mica do desmatamento de corte raso e os assentamentos rurais amapaenses. Bauru. Revista Ci\u00eancia Geogr\u00e1fica. Vol. XXV. n.2 p.567-583 2021 Revista_AGB_XXV-2.indb<\/a><\/p>\n<p><a href=\"https:\/\/www2.unifap.br\/editora\/files\/2020\/09\/planejamento-voltado-para-a-sustentabilidade-territorial.pdf?fbclid=IwAR2PwGQpriAh9ZSMkOgsKEPqiayFZJx6UKmq2PLBzSjU7_VcU0Hw0VldagM\" target=\"_blank\" rel=\"noopener noreferrer\">SANTOS, M. das N. dos; PAUNGARTTEN, S. P. L.; PALHARES, J. M. SUSTENTABILIDADE AMBIENTAL NA COL\u00d4NIA DE PESCADORES Z3, MUNIC\u00cdPIO DE OIAPOQUE\/AP. In: BRITO, D. M. C.; NETO, E. A. C. da S. F. O. L. (Org.). . Planej. voltado para a sustentabilidade Territ. 1. ed. Macap\u00e1 &#8211; AP: Universidade Federal do Amap\u00e1 &#8211; UNIFAP, 2020. p. 2016. &nbsp;<\/a><\/p>\n<p><a href=\"https:\/\/www.researchgate.net\/publication\/329757399_DINAMICAS_COMERCIAIS_DA_CIDADE_DE_OIAPOQUE_-_AP_-_BRASIL_SOB_O_CONTEXTO_FRONTEIRICO\" target=\"_blank\" rel=\"noopener noreferrer\">SANTOS FEITOSA, AUDALICE DO ; DUTRA DE MOURA, EDENILSON . DIN\u00c2MICAS COMERCIAIS DA CIDADE DE OIAPOQUE &#8211; AP &#8211; BRASIL: SOB O CONTEXTO FRONTEIRI\u00c7O. Ravista Geonorte, v. 9, p. 43-65, 2018.<\/a><\/p>\n<p><a href=\"http:\/\/www.revistarede.ufc.br\/rede\/article\/view\/468\/125\" target=\"_blank\" rel=\"noopener noreferrer\">SILVA NETO, A. S. ; Landim Neto, F. O. . CONFLITOS SOCIOAMBIENTAIS NA FRONTEIRA FRANCO BRASILEIRA: DISTRITO DE VILA BRASIL, OIAPOQUE ? AMAP\u00c1 E O PARQUE NACIONAL MONTANHAS DO TUMUCUMAQUE. REDE : REVISTA ELETR\u00d4NICA DO PRODEMA, v. 11, p. 57-67, 2017.<\/a><\/p>\n<p><a href=\"https:\/\/www.researchgate.net\/publication\/299521538_A_Distribuicao_de_Agua_no_Municipio_de_Oiapoque-AP_Brasil\" target=\"_blank\" rel=\"noopener noreferrer\">SOARES, I.M.N. ; BRARYMI, T.O.L. ; PALHARES, J.M. . A Distribui\u00e7\u00e3o de \u00c1gua no Munic\u00edpio de Oiapoque-AP, Brasil. Boletim Amaz\u00f4nico de Geografia, v. 2, p. 34-44, 2015.<\/a><\/p>\n","protected":false},"excerpt":{"rendered":"<p>TRABALHOS DE CONCLUS\u00c3O DE CURSO DE GRADUA\u00c7\u00c3O: Acervo TRABALHOS DE CONCLUS\u00c3O DE CURSO DE ESPECIALIZA\u00c7\u00c3O: Acervo ARTIGOS PUBLICADOS EM REVISTAS CIENT\u00cdFICAS: ALMEIDA, Carina Santos de ; RAUBER, ALEXANDRE LUIZ . Oiapoque, aqui come\u00e7a o Brasil: a fronteira em constru\u00e7\u00e3o e os desafios do Desenvolvimento Regional \/ Oiapoque, the city where it begins Brazil: the frontier&#8230;<\/p>\n","protected":false},"author":764,"featured_media":0,"parent":484,"menu_order":4,"comment_status":"closed","ping_status":"closed","template":"","meta":{"inline_featured_image":false,"ngg_post_thumbnail":0,"footnotes":""},"class_list":["post-507","page","type-page","status-publish","hentry","entry"],"_links":{"self":[{"href":"https:\/\/www2.unifap.br\/geografia-oiapoque\/wp-json\/wp\/v2\/pages\/507","targetHints":{"allow":["GET"]}}],"collection":[{"href":"https:\/\/www2.unifap.br\/geografia-oiapoque\/wp-json\/wp\/v2\/pages"}],"about":[{"href":"https:\/\/www2.unifap.br\/geografia-oiapoque\/wp-json\/wp\/v2\/types\/page"}],"author":[{"embeddable":true,"href":"https:\/\/www2.unifap.br\/geografia-oiapoque\/wp-json\/wp\/v2\/users\/764"}],"replies":[{"embeddable":true,"href":"https:\/\/www2.unifap.br\/geografia-oiapoque\/wp-json\/wp\/v2\/comments?post=507"}],"version-history":[{"count":39,"href":"https:\/\/www2.unifap.br\/geografia-oiapoque\/wp-json\/wp\/v2\/pages\/507\/revisions"}],"predecessor-version":[{"id":1286,"href":"https:\/\/www2.unifap.br\/geografia-oiapoque\/wp-json\/wp\/v2\/pages\/507\/revisions\/1286"}],"up":[{"embeddable":true,"href":"https:\/\/www2.unifap.br\/geografia-oiapoque\/wp-json\/wp\/v2\/pages\/484"}],"wp:attachment":[{"href":"https:\/\/www2.unifap.br\/geografia-oiapoque\/wp-json\/wp\/v2\/media?parent=507"}],"curies":[{"name":"wp","href":"https:\/\/api.w.org\/{rel}","templated":true}]}}