{"id":510,"date":"2019-03-02T20:50:40","date_gmt":"2019-03-02T20:50:40","guid":{"rendered":"http:\/\/www2.unifap.br\/geografia-oiapoque\/?page_id=510"},"modified":"2019-04-03T21:58:38","modified_gmt":"2019-04-03T21:58:38","slug":"informacoes-gerais","status":"publish","type":"page","link":"https:\/\/www2.unifap.br\/geografia-oiapoque\/labgeo\/informacoes-gerais\/","title":{"rendered":"Informa\u00e7\u00f5es Gerais"},"content":{"rendered":"<p>O LABGEO constitui-se em \u00f3rg\u00e3o de pesquisa, ensino e extens\u00e3o do Curso de Licenciatura em Geografia e est\u00e1 vinculado de forma subordinada \u00e0 Coordena\u00e7\u00e3o do Curso de Licenciatura em Geografia do Campus Binacional de Oiapoque.<\/p>\n<p>S\u00e3o objetivos do LABGEO:<\/p>\n<p>I &#8211; Dar o suporte \u00e0s disciplinas do Curso de Licenciatura em Geografia;<\/p>\n<p>II &#8211; Promover o conhecimento e aprofundamento do aprendizado pertinente \u00e0 \u00e1rea do conhecimento geogr\u00e1fico;<\/p>\n<p>III &#8211; Desenvolver projetos de pesquisa e extens\u00e3o devidamente aprovados pelo colegiado;<\/p>\n<p>IV &#8211; Promover a intera\u00e7\u00e3o entre teoria e pr\u00e1tica das disciplinas;<\/p>\n<p>V &#8211; Permitir ao discente do curso a realiza\u00e7\u00e3o de inicia\u00e7\u00e3o cient\u00edfica e colabora\u00e7\u00e3o em projetos desenvolvidos pela institui\u00e7\u00e3o;<\/p>\n<p>VI &#8211; Permitir ao docente do curso a realiza\u00e7\u00e3o de orienta\u00e7\u00e3o e capacita\u00e7\u00e3o de alunos.<\/p>\n","protected":false},"excerpt":{"rendered":"<p>O LABGEO constitui-se em \u00f3rg\u00e3o de pesquisa, ensino e extens\u00e3o do Curso de Licenciatura em Geografia e est\u00e1 vinculado de forma subordinada \u00e0 Coordena\u00e7\u00e3o do Curso de Licenciatura em Geografia do Campus Binacional de Oiapoque. S\u00e3o objetivos do LABGEO: I &#8211; Dar o suporte \u00e0s disciplinas do Curso de Licenciatura em Geografia; II &#8211; Promover&#8230;<\/p>\n","protected":false},"author":764,"featured_media":0,"parent":499,"menu_order":1,"comment_status":"closed","ping_status":"closed","template":"","meta":{"inline_featured_image":false,"ngg_post_thumbnail":0,"footnotes":""},"class_list":["post-510","page","type-page","status-publish","hentry","entry"],"_links":{"self":[{"href":"https:\/\/www2.unifap.br\/geografia-oiapoque\/wp-json\/wp\/v2\/pages\/510","targetHints":{"allow":["GET"]}}],"collection":[{"href":"https:\/\/www2.unifap.br\/geografia-oiapoque\/wp-json\/wp\/v2\/pages"}],"about":[{"href":"https:\/\/www2.unifap.br\/geografia-oiapoque\/wp-json\/wp\/v2\/types\/page"}],"author":[{"embeddable":true,"href":"https:\/\/www2.unifap.br\/geografia-oiapoque\/wp-json\/wp\/v2\/users\/764"}],"replies":[{"embeddable":true,"href":"https:\/\/www2.unifap.br\/geografia-oiapoque\/wp-json\/wp\/v2\/comments?post=510"}],"version-history":[{"count":6,"href":"https:\/\/www2.unifap.br\/geografia-oiapoque\/wp-json\/wp\/v2\/pages\/510\/revisions"}],"predecessor-version":[{"id":693,"href":"https:\/\/www2.unifap.br\/geografia-oiapoque\/wp-json\/wp\/v2\/pages\/510\/revisions\/693"}],"up":[{"embeddable":true,"href":"https:\/\/www2.unifap.br\/geografia-oiapoque\/wp-json\/wp\/v2\/pages\/499"}],"wp:attachment":[{"href":"https:\/\/www2.unifap.br\/geografia-oiapoque\/wp-json\/wp\/v2\/media?parent=510"}],"curies":[{"name":"wp","href":"https:\/\/api.w.org\/{rel}","templated":true}]}}