{"id":512,"date":"2019-03-02T20:51:16","date_gmt":"2019-03-02T20:51:16","guid":{"rendered":"http:\/\/www2.unifap.br\/geografia-oiapoque\/?page_id=512"},"modified":"2019-04-03T21:51:39","modified_gmt":"2019-04-03T21:51:39","slug":"infraestrutura","status":"publish","type":"page","link":"https:\/\/www2.unifap.br\/geografia-oiapoque\/labgeo\/infraestrutura\/","title":{"rendered":"Infraestrutura"},"content":{"rendered":"<p>O LabGeo possu\u00ed uma infraestrutura voltada \u00e0s diversas atividades que podem ser realizadas em seu espa\u00e7o, contando com computadores, impressora, data-show, quadro interativo, livros, peri\u00f3dicos, cartilhas, mapas, maquetes, banners, amostras de rochas e solos e material did\u00e1tico diverso. Seu mobili\u00e1rio disp\u00f5e de mesas, estantes, arm\u00e1rios e pranchetas.<\/p>\n<p><a href=\"http:\/\/www2.unifap.br\/geografia-oiapoque\/files\/2019\/04\/foto.jpg\"><img fetchpriority=\"high\" decoding=\"async\" class=\"aligncenter size-large wp-image-686\" src=\"http:\/\/www2.unifap.br\/geografia-oiapoque\/files\/2019\/04\/foto-1024x683.jpg\" alt=\"\" width=\"640\" height=\"427\" srcset=\"https:\/\/www2.unifap.br\/geografia-oiapoque\/files\/2019\/04\/foto-1024x683.jpg 1024w, https:\/\/www2.unifap.br\/geografia-oiapoque\/files\/2019\/04\/foto-300x200.jpg 300w, https:\/\/www2.unifap.br\/geografia-oiapoque\/files\/2019\/04\/foto-768x512.jpg 768w\" sizes=\"(max-width: 640px) 100vw, 640px\" \/><\/a><\/p>\n","protected":false},"excerpt":{"rendered":"<p>O LabGeo possu\u00ed uma infraestrutura voltada \u00e0s diversas atividades que podem ser realizadas em seu espa\u00e7o, contando com computadores, impressora, data-show, quadro interativo, livros, peri\u00f3dicos, cartilhas, mapas, maquetes, banners, amostras de rochas e solos e material did\u00e1tico diverso. Seu mobili\u00e1rio disp\u00f5e de mesas, estantes, arm\u00e1rios e pranchetas.<\/p>\n","protected":false},"author":764,"featured_media":0,"parent":499,"menu_order":2,"comment_status":"closed","ping_status":"closed","template":"","meta":{"inline_featured_image":false,"ngg_post_thumbnail":0,"footnotes":""},"class_list":["post-512","page","type-page","status-publish","hentry","entry"],"_links":{"self":[{"href":"https:\/\/www2.unifap.br\/geografia-oiapoque\/wp-json\/wp\/v2\/pages\/512","targetHints":{"allow":["GET"]}}],"collection":[{"href":"https:\/\/www2.unifap.br\/geografia-oiapoque\/wp-json\/wp\/v2\/pages"}],"about":[{"href":"https:\/\/www2.unifap.br\/geografia-oiapoque\/wp-json\/wp\/v2\/types\/page"}],"author":[{"embeddable":true,"href":"https:\/\/www2.unifap.br\/geografia-oiapoque\/wp-json\/wp\/v2\/users\/764"}],"replies":[{"embeddable":true,"href":"https:\/\/www2.unifap.br\/geografia-oiapoque\/wp-json\/wp\/v2\/comments?post=512"}],"version-history":[{"count":4,"href":"https:\/\/www2.unifap.br\/geografia-oiapoque\/wp-json\/wp\/v2\/pages\/512\/revisions"}],"predecessor-version":[{"id":687,"href":"https:\/\/www2.unifap.br\/geografia-oiapoque\/wp-json\/wp\/v2\/pages\/512\/revisions\/687"}],"up":[{"embeddable":true,"href":"https:\/\/www2.unifap.br\/geografia-oiapoque\/wp-json\/wp\/v2\/pages\/499"}],"wp:attachment":[{"href":"https:\/\/www2.unifap.br\/geografia-oiapoque\/wp-json\/wp\/v2\/media?parent=512"}],"curies":[{"name":"wp","href":"https:\/\/api.w.org\/{rel}","templated":true}]}}