{"id":549,"date":"2019-03-03T01:40:57","date_gmt":"2019-03-03T01:40:57","guid":{"rendered":"http:\/\/www2.unifap.br\/geografia-oiapoque\/?page_id=549"},"modified":"2025-12-09T15:54:29","modified_gmt":"2025-12-09T15:54:29","slug":"nde","status":"publish","type":"page","link":"https:\/\/www2.unifap.br\/geografia-oiapoque\/gestao\/nde\/","title":{"rendered":"NDE"},"content":{"rendered":"<p>O N\u00facleo Docente Estruturante (NDE) \u00e9 constitu\u00eddo de um grupo de docentes, com car\u00e1ter consultivo, para acompanhamento do curso de gradua\u00e7\u00e3o, atuante no processo de concep\u00e7\u00e3o, consolida\u00e7\u00e3o e cont\u00ednua atualiza\u00e7\u00e3o do projeto pol\u00edtico-pedag\u00f3gico do curso (PPC), visando a cont\u00ednua promo\u00e7\u00e3o de sua qualidade.<\/p>\n<p>Membros do N\u00facleo Docente Estruturante do Curso de Licenciatura em Geografia (Portaria n.\u00ba 2187\/2025):<\/p>\n<p>Ana Fl\u00e1via de Albuquerque<\/p>\n<p>Adriano Michel Helfenstein<\/p>\n<p>Bianca Beatriz Roqu\u00e9<\/p>\n<p>Carla Suelania da Silva<\/p>\n<p>Edenilson Dutra de Moura<\/p>\n<p>Francisco Ot\u00e1vio Landin Neto<\/p>\n<p>Jos\u00e9 Mauro Palhares<\/p>\n<p>S\u00e2mella Patr\u00edcia Lima Paungartten<\/p>\n<p>U\u00e9dio Robds Leite da Silva<\/p>\n<p>&nbsp;<\/p>\n","protected":false},"excerpt":{"rendered":"<p>O N\u00facleo Docente Estruturante (NDE) \u00e9 constitu\u00eddo de um grupo de docentes, com car\u00e1ter consultivo, para acompanhamento do curso de gradua\u00e7\u00e3o, atuante no processo de concep\u00e7\u00e3o, consolida\u00e7\u00e3o e cont\u00ednua atualiza\u00e7\u00e3o do projeto pol\u00edtico-pedag\u00f3gico do curso (PPC), visando a cont\u00ednua promo\u00e7\u00e3o de sua qualidade. Membros do N\u00facleo Docente Estruturante do Curso de Licenciatura em Geografia (Portaria&#8230;<\/p>\n","protected":false},"author":764,"featured_media":0,"parent":501,"menu_order":3,"comment_status":"closed","ping_status":"closed","template":"","meta":{"inline_featured_image":false,"ngg_post_thumbnail":0,"footnotes":""},"class_list":["post-549","page","type-page","status-publish","hentry","entry"],"_links":{"self":[{"href":"https:\/\/www2.unifap.br\/geografia-oiapoque\/wp-json\/wp\/v2\/pages\/549","targetHints":{"allow":["GET"]}}],"collection":[{"href":"https:\/\/www2.unifap.br\/geografia-oiapoque\/wp-json\/wp\/v2\/pages"}],"about":[{"href":"https:\/\/www2.unifap.br\/geografia-oiapoque\/wp-json\/wp\/v2\/types\/page"}],"author":[{"embeddable":true,"href":"https:\/\/www2.unifap.br\/geografia-oiapoque\/wp-json\/wp\/v2\/users\/764"}],"replies":[{"embeddable":true,"href":"https:\/\/www2.unifap.br\/geografia-oiapoque\/wp-json\/wp\/v2\/comments?post=549"}],"version-history":[{"count":9,"href":"https:\/\/www2.unifap.br\/geografia-oiapoque\/wp-json\/wp\/v2\/pages\/549\/revisions"}],"predecessor-version":[{"id":1254,"href":"https:\/\/www2.unifap.br\/geografia-oiapoque\/wp-json\/wp\/v2\/pages\/549\/revisions\/1254"}],"up":[{"embeddable":true,"href":"https:\/\/www2.unifap.br\/geografia-oiapoque\/wp-json\/wp\/v2\/pages\/501"}],"wp:attachment":[{"href":"https:\/\/www2.unifap.br\/geografia-oiapoque\/wp-json\/wp\/v2\/media?parent=549"}],"curies":[{"name":"wp","href":"https:\/\/api.w.org\/{rel}","templated":true}]}}