{"id":551,"date":"2019-03-03T01:41:44","date_gmt":"2019-03-03T01:41:44","guid":{"rendered":"http:\/\/www2.unifap.br\/geografia-oiapoque\/?page_id=551"},"modified":"2025-12-09T15:41:22","modified_gmt":"2025-12-09T15:41:22","slug":"comissoes","status":"publish","type":"page","link":"https:\/\/www2.unifap.br\/geografia-oiapoque\/gestao\/comissoes\/","title":{"rendered":"Comiss\u00f5es"},"content":{"rendered":"<p><strong>Comiss\u00e3o de Est\u00e1gio Supervisionado (Portaria 2183\/2025)<\/strong><\/p>\n<p>Adriano Michel Helfenstein<\/p>\n<p>Ana Fl\u00e1via de Albuquerque<\/p>\n<p>Bianca Beatriz Roqu\u00e9<\/p>\n<p>Carla Suelania da Silva<\/p>\n<p><strong>Comiss\u00e3o de Atividades Complementares (Portaria 2182\/2025)<\/strong><\/p>\n<p>Adriano Michel Helfenstein<\/p>\n<p>Carla Suelania da Silva<\/p>\n<p>Edenilson Dutra de Moura<\/p>\n<p>U\u00e9dio Robds Leite da Silva<\/p>\n<p><strong>Comiss\u00e3o de Eventos (Portaria 2185\/2025)<\/strong><\/p>\n<p>Jos\u00e9 Mauro Palhares<\/p>\n<p>S\u00e2mella Patricia Lima Paungartten<\/p>\n<p>U\u00e9dio Robds Leite da Silva<\/p>\n<p><strong>Comiss\u00e3o de Comunica\u00e7\u00e3o (Portaria 2186\/2025)<\/strong><\/p>\n<p>Bianca Beatriz Roqu\u00e9<\/p>\n<p>S\u00e2mella Patr\u00edcia Lima Paungartten<\/p>\n<p><strong>Comiss\u00e3o de TCC (Portaria 2184\/2025)<\/strong><\/p>\n<p>Ana Fl\u00e1via de Albuquerque<\/p>\n<p>Edenilson Dutra de Moura<\/p>\n<p>S\u00e2mella Patr\u00edcia Lima Paungartten<\/p>\n<p><strong>Comiss\u00e3o de Avalia\u00e7\u00e3o de Curso (Portaria 2181\/2025)<\/strong><\/p>\n<p>Eduardo Margarit Alfena do Carmo<\/p>\n<p>S\u00e2mella Patr\u00edcia Lima Paungartten<\/p>\n","protected":false},"excerpt":{"rendered":"<p>Comiss\u00e3o de Est\u00e1gio Supervisionado (Portaria 2183\/2025) Adriano Michel Helfenstein Ana Fl\u00e1via de Albuquerque Bianca Beatriz Roqu\u00e9 Carla Suelania da Silva Comiss\u00e3o de Atividades Complementares (Portaria 2182\/2025) Adriano Michel Helfenstein Carla Suelania da Silva Edenilson Dutra de Moura U\u00e9dio Robds Leite da Silva Comiss\u00e3o de Eventos (Portaria 2185\/2025) Jos\u00e9 Mauro Palhares S\u00e2mella Patricia Lima Paungartten U\u00e9dio&#8230;<\/p>\n","protected":false},"author":764,"featured_media":0,"parent":501,"menu_order":4,"comment_status":"closed","ping_status":"closed","template":"","meta":{"inline_featured_image":false,"ngg_post_thumbnail":0,"footnotes":""},"class_list":["post-551","page","type-page","status-publish","hentry","entry"],"_links":{"self":[{"href":"https:\/\/www2.unifap.br\/geografia-oiapoque\/wp-json\/wp\/v2\/pages\/551","targetHints":{"allow":["GET"]}}],"collection":[{"href":"https:\/\/www2.unifap.br\/geografia-oiapoque\/wp-json\/wp\/v2\/pages"}],"about":[{"href":"https:\/\/www2.unifap.br\/geografia-oiapoque\/wp-json\/wp\/v2\/types\/page"}],"author":[{"embeddable":true,"href":"https:\/\/www2.unifap.br\/geografia-oiapoque\/wp-json\/wp\/v2\/users\/764"}],"replies":[{"embeddable":true,"href":"https:\/\/www2.unifap.br\/geografia-oiapoque\/wp-json\/wp\/v2\/comments?post=551"}],"version-history":[{"count":9,"href":"https:\/\/www2.unifap.br\/geografia-oiapoque\/wp-json\/wp\/v2\/pages\/551\/revisions"}],"predecessor-version":[{"id":1252,"href":"https:\/\/www2.unifap.br\/geografia-oiapoque\/wp-json\/wp\/v2\/pages\/551\/revisions\/1252"}],"up":[{"embeddable":true,"href":"https:\/\/www2.unifap.br\/geografia-oiapoque\/wp-json\/wp\/v2\/pages\/501"}],"wp:attachment":[{"href":"https:\/\/www2.unifap.br\/geografia-oiapoque\/wp-json\/wp\/v2\/media?parent=551"}],"curies":[{"name":"wp","href":"https:\/\/api.w.org\/{rel}","templated":true}]}}