{"id":705,"date":"2019-04-04T20:13:52","date_gmt":"2019-04-04T20:13:52","guid":{"rendered":"http:\/\/www2.unifap.br\/geografia-oiapoque\/?page_id=705"},"modified":"2020-06-08T14:49:28","modified_gmt":"2020-06-08T14:49:28","slug":"banco-de-dados","status":"publish","type":"page","link":"https:\/\/www2.unifap.br\/geografia-oiapoque\/labgeo\/banco-de-dados\/","title":{"rendered":"Mapas"},"content":{"rendered":"<p style=\"text-align: center\">Acesse aqui os mapas produzidos no LabGeo<\/p>\n<p>&nbsp;<\/p>\n<p style=\"text-align: center\">\u00c1reas protegidas e minera\u00e7\u00e3o<\/p>\n<p style=\"text-align: center\"><a href=\"http:\/\/www2.unifap.br\/geografia-oiapoque\/files\/2019\/04\/\u00c1reas-Protegidas-1.jpeg\"><img fetchpriority=\"high\" decoding=\"async\" class=\"aligncenter size-large wp-image-709\" src=\"http:\/\/www2.unifap.br\/geografia-oiapoque\/files\/2019\/04\/\u00c1reas-Protegidas-1-1024x724.jpeg\" alt=\"\" width=\"640\" height=\"453\" srcset=\"https:\/\/www2.unifap.br\/geografia-oiapoque\/files\/2019\/04\/\u00c1reas-Protegidas-1-1024x724.jpeg 1024w, https:\/\/www2.unifap.br\/geografia-oiapoque\/files\/2019\/04\/\u00c1reas-Protegidas-1-300x212.jpeg 300w, https:\/\/www2.unifap.br\/geografia-oiapoque\/files\/2019\/04\/\u00c1reas-Protegidas-1-768x543.jpeg 768w\" sizes=\"(max-width: 640px) 100vw, 640px\" \/><\/a><\/p>\n<p>&nbsp;<\/p>\n<p style=\"text-align: center\">Arranjos socioecon\u00f4mcos<\/p>\n<p style=\"text-align: center\"><a href=\"http:\/\/www2.unifap.br\/geografia-oiapoque\/files\/2019\/04\/Arranjos-economicos.jpg\"><img decoding=\"async\" class=\"aligncenter size-large wp-image-717\" src=\"http:\/\/www2.unifap.br\/geografia-oiapoque\/files\/2019\/04\/Arranjos-economicos-1024x724.jpg\" alt=\"\" width=\"640\" height=\"453\" srcset=\"https:\/\/www2.unifap.br\/geografia-oiapoque\/files\/2019\/04\/Arranjos-economicos-1024x724.jpg 1024w, https:\/\/www2.unifap.br\/geografia-oiapoque\/files\/2019\/04\/Arranjos-economicos-300x212.jpg 300w, https:\/\/www2.unifap.br\/geografia-oiapoque\/files\/2019\/04\/Arranjos-economicos-768x543.jpg 768w\" sizes=\"(max-width: 640px) 100vw, 640px\" \/><\/a><\/p>\n<p style=\"text-align: center\">Conflitos no campo<\/p>\n<p style=\"text-align: center\"><a href=\"http:\/\/www2.unifap.br\/geografia-oiapoque\/files\/2019\/04\/Conflitos-no-campo-1985-2017.jpg\"><img decoding=\"async\" class=\"aligncenter size-large wp-image-721\" src=\"http:\/\/www2.unifap.br\/geografia-oiapoque\/files\/2019\/04\/Conflitos-no-campo-1985-2017-1024x724.jpg\" alt=\"\" width=\"640\" height=\"453\" srcset=\"https:\/\/www2.unifap.br\/geografia-oiapoque\/files\/2019\/04\/Conflitos-no-campo-1985-2017-1024x724.jpg 1024w, https:\/\/www2.unifap.br\/geografia-oiapoque\/files\/2019\/04\/Conflitos-no-campo-1985-2017-300x212.jpg 300w, https:\/\/www2.unifap.br\/geografia-oiapoque\/files\/2019\/04\/Conflitos-no-campo-1985-2017-768x543.jpg 768w\" sizes=\"(max-width: 640px) 100vw, 640px\" \/><\/a><\/p>\n<p>&nbsp;<\/p>\n<p style=\"text-align: center\">Divis\u00e3o pol\u00edtico-administrativa<\/p>\n<p style=\"text-align: center\"><a href=\"http:\/\/www2.unifap.br\/geografia-oiapoque\/files\/2019\/04\/Divis\u00e3o-Pol\u00edtico-Administrativa.jpg\"><img loading=\"lazy\" decoding=\"async\" class=\"aligncenter size-large wp-image-723\" src=\"http:\/\/www2.unifap.br\/geografia-oiapoque\/files\/2019\/04\/Divis\u00e3o-Pol\u00edtico-Administrativa-1024x725.jpg\" alt=\"\" width=\"640\" height=\"453\" srcset=\"https:\/\/www2.unifap.br\/geografia-oiapoque\/files\/2019\/04\/Divis\u00e3o-Pol\u00edtico-Administrativa-1024x725.jpg 1024w, https:\/\/www2.unifap.br\/geografia-oiapoque\/files\/2019\/04\/Divis\u00e3o-Pol\u00edtico-Administrativa-300x212.jpg 300w, https:\/\/www2.unifap.br\/geografia-oiapoque\/files\/2019\/04\/Divis\u00e3o-Pol\u00edtico-Administrativa-768x544.jpg 768w\" sizes=\"(max-width: 640px) 100vw, 640px\" \/><\/a><\/p>\n<p>&nbsp;<\/p>\n<p style=\"text-align: center\">Hidrografia<\/p>\n<p style=\"text-align: center\"><a href=\"http:\/\/www2.unifap.br\/geografia-oiapoque\/files\/2019\/04\/Hidrografia-cidades-e-rodovias.jpg\"><img loading=\"lazy\" decoding=\"async\" class=\"aligncenter size-large wp-image-724\" src=\"http:\/\/www2.unifap.br\/geografia-oiapoque\/files\/2019\/04\/Hidrografia-cidades-e-rodovias-1024x724.jpg\" alt=\"\" width=\"640\" height=\"453\" srcset=\"https:\/\/www2.unifap.br\/geografia-oiapoque\/files\/2019\/04\/Hidrografia-cidades-e-rodovias-1024x724.jpg 1024w, https:\/\/www2.unifap.br\/geografia-oiapoque\/files\/2019\/04\/Hidrografia-cidades-e-rodovias-300x212.jpg 300w, https:\/\/www2.unifap.br\/geografia-oiapoque\/files\/2019\/04\/Hidrografia-cidades-e-rodovias-768x543.jpg 768w\" sizes=\"(max-width: 640px) 100vw, 640px\" \/><\/a><\/p>\n<p>&nbsp;<\/p>\n<p style=\"text-align: center\">Contestado e tratados<\/p>\n<p style=\"text-align: center\"><a href=\"http:\/\/www2.unifap.br\/geografia-oiapoque\/files\/2019\/04\/Hist\u00f3rico-Geogr\u00e1fico.jpg\"><img loading=\"lazy\" decoding=\"async\" class=\"aligncenter size-large wp-image-725\" src=\"http:\/\/www2.unifap.br\/geografia-oiapoque\/files\/2019\/04\/Hist\u00f3rico-Geogr\u00e1fico-1024x724.jpg\" alt=\"\" width=\"640\" height=\"453\" srcset=\"https:\/\/www2.unifap.br\/geografia-oiapoque\/files\/2019\/04\/Hist\u00f3rico-Geogr\u00e1fico-1024x724.jpg 1024w, https:\/\/www2.unifap.br\/geografia-oiapoque\/files\/2019\/04\/Hist\u00f3rico-Geogr\u00e1fico-300x212.jpg 300w, https:\/\/www2.unifap.br\/geografia-oiapoque\/files\/2019\/04\/Hist\u00f3rico-Geogr\u00e1fico-768x543.jpg 768w\" sizes=\"(max-width: 640px) 100vw, 640px\" \/><\/a><\/p>\n<p>&nbsp;<\/p>\n<p style=\"text-align: center\">Eixos e integra\u00e7\u00e3o e desenvolvimento (Iirsa) <a href=\"http:\/\/www2.unifap.br\/geografia-oiapoque\/files\/2019\/04\/IIRSA.jpg\"><img loading=\"lazy\" decoding=\"async\" class=\"aligncenter size-large wp-image-726\" src=\"http:\/\/www2.unifap.br\/geografia-oiapoque\/files\/2019\/04\/IIRSA-1024x724.jpg\" alt=\"\" width=\"640\" height=\"453\" srcset=\"https:\/\/www2.unifap.br\/geografia-oiapoque\/files\/2019\/04\/IIRSA-1024x724.jpg 1024w, https:\/\/www2.unifap.br\/geografia-oiapoque\/files\/2019\/04\/IIRSA-300x212.jpg 300w, https:\/\/www2.unifap.br\/geografia-oiapoque\/files\/2019\/04\/IIRSA-768x543.jpg 768w\" sizes=\"(max-width: 640px) 100vw, 640px\" \/><\/a><\/p>\n<p>&nbsp;<\/p>\n<p style=\"text-align: center\">Macrozoneamento<\/p>\n<p style=\"text-align: center\"><a href=\"http:\/\/www2.unifap.br\/geografia-oiapoque\/files\/2019\/04\/Macrozoneamento.jpg\"><img loading=\"lazy\" decoding=\"async\" class=\"aligncenter size-large wp-image-727\" src=\"http:\/\/www2.unifap.br\/geografia-oiapoque\/files\/2019\/04\/Macrozoneamento-1024x724.jpg\" alt=\"\" width=\"640\" height=\"453\" srcset=\"https:\/\/www2.unifap.br\/geografia-oiapoque\/files\/2019\/04\/Macrozoneamento-1024x724.jpg 1024w, https:\/\/www2.unifap.br\/geografia-oiapoque\/files\/2019\/04\/Macrozoneamento-300x212.jpg 300w, https:\/\/www2.unifap.br\/geografia-oiapoque\/files\/2019\/04\/Macrozoneamento-768x543.jpg 768w\" sizes=\"(max-width: 640px) 100vw, 640px\" \/><\/a><\/p>\n<p>&nbsp;<\/p>\n<p style=\"text-align: center\">Oiapoque<\/p>\n<p style=\"text-align: center\"><a href=\"http:\/\/www2.unifap.br\/geografia-oiapoque\/files\/2019\/04\/Oiapoque.jpg\"><img loading=\"lazy\" decoding=\"async\" class=\"aligncenter size-large wp-image-728\" src=\"http:\/\/www2.unifap.br\/geografia-oiapoque\/files\/2019\/04\/Oiapoque-1024x725.jpg\" alt=\"\" width=\"640\" height=\"453\" srcset=\"https:\/\/www2.unifap.br\/geografia-oiapoque\/files\/2019\/04\/Oiapoque-1024x725.jpg 1024w, https:\/\/www2.unifap.br\/geografia-oiapoque\/files\/2019\/04\/Oiapoque-300x212.jpg 300w, https:\/\/www2.unifap.br\/geografia-oiapoque\/files\/2019\/04\/Oiapoque-768x544.jpg 768w\" sizes=\"(max-width: 640px) 100vw, 640px\" \/><\/a><\/p>\n<p>&nbsp;<\/p>\n<p style=\"text-align: center\">Programa de Acelera\u00e7\u00e3o do Crescimento<\/p>\n<p style=\"text-align: center\"><a href=\"http:\/\/www2.unifap.br\/geografia-oiapoque\/files\/2019\/04\/Pac.jpg\"><img loading=\"lazy\" decoding=\"async\" class=\"aligncenter size-large wp-image-729\" src=\"http:\/\/www2.unifap.br\/geografia-oiapoque\/files\/2019\/04\/Pac-1024x725.jpg\" alt=\"\" width=\"640\" height=\"453\" srcset=\"https:\/\/www2.unifap.br\/geografia-oiapoque\/files\/2019\/04\/Pac-1024x725.jpg 1024w, https:\/\/www2.unifap.br\/geografia-oiapoque\/files\/2019\/04\/Pac-300x212.jpg 300w, https:\/\/www2.unifap.br\/geografia-oiapoque\/files\/2019\/04\/Pac-768x544.jpg 768w\" sizes=\"(max-width: 640px) 100vw, 640px\" \/><\/a><\/p>\n<p>&nbsp;<\/p>\n<p style=\"text-align: center\">Planejamento Regional Estrat\u00e9gico da Ditadura Militar<\/p>\n<p style=\"text-align: center\"><a href=\"http:\/\/www2.unifap.br\/geografia-oiapoque\/files\/2019\/04\/Planejamento-regional-Amaz\u00f4nia.jpeg\"><img loading=\"lazy\" decoding=\"async\" class=\"aligncenter size-large wp-image-730\" src=\"http:\/\/www2.unifap.br\/geografia-oiapoque\/files\/2019\/04\/Planejamento-regional-Amaz\u00f4nia-1024x724.jpeg\" alt=\"\" width=\"640\" height=\"453\" srcset=\"https:\/\/www2.unifap.br\/geografia-oiapoque\/files\/2019\/04\/Planejamento-regional-Amaz\u00f4nia-1024x724.jpeg 1024w, https:\/\/www2.unifap.br\/geografia-oiapoque\/files\/2019\/04\/Planejamento-regional-Amaz\u00f4nia-300x212.jpeg 300w, https:\/\/www2.unifap.br\/geografia-oiapoque\/files\/2019\/04\/Planejamento-regional-Amaz\u00f4nia-768x543.jpeg 768w\" sizes=\"(max-width: 640px) 100vw, 640px\" \/><\/a><\/p>\n<p>&nbsp;<\/p>\n<p style=\"text-align: center\">Popula\u00e7\u00e3o 1950<\/p>\n<p style=\"text-align: center\"><a href=\"http:\/\/www2.unifap.br\/geografia-oiapoque\/files\/2019\/04\/Popula\u00e7\u00e3o-1950.jpg\"><img loading=\"lazy\" decoding=\"async\" class=\"aligncenter size-large wp-image-731\" src=\"http:\/\/www2.unifap.br\/geografia-oiapoque\/files\/2019\/04\/Popula\u00e7\u00e3o-1950-1024x724.jpg\" alt=\"\" width=\"640\" height=\"453\" srcset=\"https:\/\/www2.unifap.br\/geografia-oiapoque\/files\/2019\/04\/Popula\u00e7\u00e3o-1950-1024x724.jpg 1024w, https:\/\/www2.unifap.br\/geografia-oiapoque\/files\/2019\/04\/Popula\u00e7\u00e3o-1950-300x212.jpg 300w, https:\/\/www2.unifap.br\/geografia-oiapoque\/files\/2019\/04\/Popula\u00e7\u00e3o-1950-768x543.jpg 768w\" sizes=\"(max-width: 640px) 100vw, 640px\" \/><\/a><\/p>\n<p>&nbsp;<\/p>\n<p style=\"text-align: center\">Processos miner\u00e1rios<\/p>\n<p style=\"text-align: center\"><a href=\"http:\/\/www2.unifap.br\/geografia-oiapoque\/files\/2019\/04\/Processos-Miner\u00e1rios.jpg\"><img loading=\"lazy\" decoding=\"async\" class=\"aligncenter size-large wp-image-732\" src=\"http:\/\/www2.unifap.br\/geografia-oiapoque\/files\/2019\/04\/Processos-Miner\u00e1rios-1024x725.jpg\" alt=\"\" width=\"640\" height=\"453\" srcset=\"https:\/\/www2.unifap.br\/geografia-oiapoque\/files\/2019\/04\/Processos-Miner\u00e1rios-1024x725.jpg 1024w, https:\/\/www2.unifap.br\/geografia-oiapoque\/files\/2019\/04\/Processos-Miner\u00e1rios-300x212.jpg 300w, https:\/\/www2.unifap.br\/geografia-oiapoque\/files\/2019\/04\/Processos-Miner\u00e1rios-768x544.jpg 768w\" sizes=\"(max-width: 640px) 100vw, 640px\" \/><\/a><\/p>\n<p>&nbsp;<\/p>\n<p style=\"text-align: center\">Projeto Jari<\/p>\n<p style=\"text-align: center\"><a href=\"http:\/\/www2.unifap.br\/geografia-oiapoque\/files\/2019\/04\/Projeto-Jari.jpg\"><img loading=\"lazy\" decoding=\"async\" class=\"aligncenter size-large wp-image-733\" src=\"http:\/\/www2.unifap.br\/geografia-oiapoque\/files\/2019\/04\/Projeto-Jari-1024x724.jpg\" alt=\"\" width=\"640\" height=\"453\" srcset=\"https:\/\/www2.unifap.br\/geografia-oiapoque\/files\/2019\/04\/Projeto-Jari-1024x724.jpg 1024w, https:\/\/www2.unifap.br\/geografia-oiapoque\/files\/2019\/04\/Projeto-Jari-300x212.jpg 300w, https:\/\/www2.unifap.br\/geografia-oiapoque\/files\/2019\/04\/Projeto-Jari-768x543.jpg 768w\" sizes=\"(max-width: 640px) 100vw, 640px\" \/><\/a><\/p>\n<p>&nbsp;<\/p>\n<p style=\"text-align: center\">Rotas log\u00edsticas<\/p>\n<p style=\"text-align: center\"><a href=\"http:\/\/www2.unifap.br\/geografia-oiapoque\/files\/2019\/04\/Rotas-log\u00edsticas-na-Amaz\u00f4nia-1.jpg\"><img loading=\"lazy\" decoding=\"async\" class=\"aligncenter size-large wp-image-734\" src=\"http:\/\/www2.unifap.br\/geografia-oiapoque\/files\/2019\/04\/Rotas-log\u00edsticas-na-Amaz\u00f4nia-1-1024x724.jpg\" alt=\"\" width=\"640\" height=\"453\" srcset=\"https:\/\/www2.unifap.br\/geografia-oiapoque\/files\/2019\/04\/Rotas-log\u00edsticas-na-Amaz\u00f4nia-1-1024x724.jpg 1024w, https:\/\/www2.unifap.br\/geografia-oiapoque\/files\/2019\/04\/Rotas-log\u00edsticas-na-Amaz\u00f4nia-1-300x212.jpg 300w, https:\/\/www2.unifap.br\/geografia-oiapoque\/files\/2019\/04\/Rotas-log\u00edsticas-na-Amaz\u00f4nia-1-768x543.jpg 768w\" sizes=\"(max-width: 640px) 100vw, 640px\" \/><\/a><\/p>\n<p>&nbsp;<\/p>\n<p style=\"text-align: center\">Territ\u00f3rio Federal do Amap\u00e1 em 1945<\/p>\n<p style=\"text-align: center\"><a href=\"http:\/\/www2.unifap.br\/geografia-oiapoque\/files\/2019\/04\/Territ\u00f3rio-Federal-do-Amap\u00e1.jpg\"><img loading=\"lazy\" decoding=\"async\" class=\"aligncenter size-large wp-image-735\" src=\"http:\/\/www2.unifap.br\/geografia-oiapoque\/files\/2019\/04\/Territ\u00f3rio-Federal-do-Amap\u00e1-1024x724.jpg\" alt=\"\" width=\"640\" height=\"453\" srcset=\"https:\/\/www2.unifap.br\/geografia-oiapoque\/files\/2019\/04\/Territ\u00f3rio-Federal-do-Amap\u00e1-1024x724.jpg 1024w, https:\/\/www2.unifap.br\/geografia-oiapoque\/files\/2019\/04\/Territ\u00f3rio-Federal-do-Amap\u00e1-300x212.jpg 300w, https:\/\/www2.unifap.br\/geografia-oiapoque\/files\/2019\/04\/Territ\u00f3rio-Federal-do-Amap\u00e1-768x543.jpg 768w\" sizes=\"(max-width: 640px) 100vw, 640px\" \/><\/a><\/p>\n","protected":false},"excerpt":{"rendered":"<p>Acesse aqui os mapas produzidos no LabGeo &nbsp; \u00c1reas protegidas e minera\u00e7\u00e3o &nbsp; Arranjos socioecon\u00f4mcos Conflitos no campo &nbsp; Divis\u00e3o pol\u00edtico-administrativa &nbsp; Hidrografia &nbsp; Contestado e tratados &nbsp; Eixos e integra\u00e7\u00e3o e desenvolvimento (Iirsa) &nbsp; Macrozoneamento &nbsp; Oiapoque &nbsp; Programa de Acelera\u00e7\u00e3o do Crescimento &nbsp; Planejamento Regional Estrat\u00e9gico da Ditadura Militar &nbsp; Popula\u00e7\u00e3o 1950 &nbsp;&#8230;<\/p>\n","protected":false},"author":764,"featured_media":0,"parent":499,"menu_order":7,"comment_status":"closed","ping_status":"closed","template":"","meta":{"inline_featured_image":false,"ngg_post_thumbnail":0,"footnotes":""},"class_list":["post-705","page","type-page","status-publish","hentry","entry"],"_links":{"self":[{"href":"https:\/\/www2.unifap.br\/geografia-oiapoque\/wp-json\/wp\/v2\/pages\/705","targetHints":{"allow":["GET"]}}],"collection":[{"href":"https:\/\/www2.unifap.br\/geografia-oiapoque\/wp-json\/wp\/v2\/pages"}],"about":[{"href":"https:\/\/www2.unifap.br\/geografia-oiapoque\/wp-json\/wp\/v2\/types\/page"}],"author":[{"embeddable":true,"href":"https:\/\/www2.unifap.br\/geografia-oiapoque\/wp-json\/wp\/v2\/users\/764"}],"replies":[{"embeddable":true,"href":"https:\/\/www2.unifap.br\/geografia-oiapoque\/wp-json\/wp\/v2\/comments?post=705"}],"version-history":[{"count":5,"href":"https:\/\/www2.unifap.br\/geografia-oiapoque\/wp-json\/wp\/v2\/pages\/705\/revisions"}],"predecessor-version":[{"id":897,"href":"https:\/\/www2.unifap.br\/geografia-oiapoque\/wp-json\/wp\/v2\/pages\/705\/revisions\/897"}],"up":[{"embeddable":true,"href":"https:\/\/www2.unifap.br\/geografia-oiapoque\/wp-json\/wp\/v2\/pages\/499"}],"wp:attachment":[{"href":"https:\/\/www2.unifap.br\/geografia-oiapoque\/wp-json\/wp\/v2\/media?parent=705"}],"curies":[{"name":"wp","href":"https:\/\/api.w.org\/{rel}","templated":true}]}}