{"id":87,"date":"2014-01-31T23:12:08","date_gmt":"2014-01-31T23:12:08","guid":{"rendered":"http:\/\/www2.unifap.br\/geografia-oiapoque\/?page_id=87"},"modified":"2019-11-07T18:05:58","modified_gmt":"2019-11-07T18:05:58","slug":"ensino","status":"publish","type":"page","link":"https:\/\/www2.unifap.br\/geografia-oiapoque\/atividades\/ensino\/","title":{"rendered":"Ensino"},"content":{"rendered":"<p style=\"text-align: justify\">As atividades de ensino representam a base da universidade e, por isso, devem ser tratadas com a devida import\u00e2ncia. As disciplinas elencadas no Projeto do Curso de Licenciatura em Geografia do Campus Binacional envolvem diversas tem\u00e1ticas para a forma\u00e7\u00e3o efetiva do discente.<\/p>\n<p style=\"text-align: justify\">O fluxograma a seguir mostra a distribui\u00e7\u00e3o de disciplinas ao longo dos 8 semestres do Curso de Licenciatura em Geografia, sua carga hor\u00e1ria, as atividades complementares e a carga hor\u00e1ria total do curso. Click sobre a imagem abaixo para ampliar.<\/p>\n<p style=\"text-align: center\"><strong>Fluxograma novo (Turma 2020 em diante)<\/strong><\/p>\n<p><a href=\"http:\/\/www2.unifap.br\/geografia-oiapoque\/files\/2019\/11\/fluxograma-novo.jpg\" target=\"_blank\" rel=\"noopener\"><img fetchpriority=\"high\" decoding=\"async\" class=\"aligncenter wp-image-865 size-large\" src=\"http:\/\/www2.unifap.br\/geografia-oiapoque\/files\/2019\/11\/fluxograma-novo-1024x576.jpg\" alt=\"\" width=\"640\" height=\"360\" srcset=\"https:\/\/www2.unifap.br\/geografia-oiapoque\/files\/2019\/11\/fluxograma-novo-1024x576.jpg 1024w, https:\/\/www2.unifap.br\/geografia-oiapoque\/files\/2019\/11\/fluxograma-novo-300x169.jpg 300w, https:\/\/www2.unifap.br\/geografia-oiapoque\/files\/2019\/11\/fluxograma-novo-768x432.jpg 768w, https:\/\/www2.unifap.br\/geografia-oiapoque\/files\/2019\/11\/fluxograma-novo.jpg 1280w\" sizes=\"(max-width: 640px) 100vw, 640px\" \/><\/a><\/p>\n<p>&nbsp;<\/p>\n<p style=\"text-align: center\"><strong>Fluxograma antigo (Turma 2014 a 2019)<\/strong><\/p>\n<p style=\"text-align: center\"><a href=\"http:\/\/www2.unifap.br\/geografia-oiapoque\/files\/2014\/01\/fluxograma.jpg\" target=\"_blank\" rel=\"noopener\"><img decoding=\"async\" class=\"aligncenter wp-image-221\" src=\"http:\/\/www2.unifap.br\/geografia-oiapoque\/files\/2014\/01\/fluxograma.jpg\" alt=\"fluxograma\" width=\"824\" height=\"386\" srcset=\"https:\/\/www2.unifap.br\/geografia-oiapoque\/files\/2014\/01\/fluxograma.jpg 1145w, https:\/\/www2.unifap.br\/geografia-oiapoque\/files\/2014\/01\/fluxograma-300x140.jpg 300w, https:\/\/www2.unifap.br\/geografia-oiapoque\/files\/2014\/01\/fluxograma-1024x480.jpg 1024w, https:\/\/www2.unifap.br\/geografia-oiapoque\/files\/2014\/01\/fluxograma-383x180.jpg 383w\" sizes=\"(max-width: 824px) 100vw, 824px\" \/><\/a><\/p>\n","protected":false},"excerpt":{"rendered":"<p>As atividades de ensino representam a base da universidade e, por isso, devem ser tratadas com a devida import\u00e2ncia. As disciplinas elencadas no Projeto do Curso de Licenciatura em Geografia do Campus Binacional envolvem diversas tem\u00e1ticas para a forma\u00e7\u00e3o efetiva do discente. O fluxograma a seguir mostra a distribui\u00e7\u00e3o de disciplinas ao longo dos 8&#8230;<\/p>\n","protected":false},"author":383,"featured_media":0,"parent":484,"menu_order":1,"comment_status":"closed","ping_status":"closed","template":"page-template-full.php","meta":{"inline_featured_image":false,"ngg_post_thumbnail":0,"footnotes":""},"class_list":["post-87","page","type-page","status-publish","hentry","entry"],"_links":{"self":[{"href":"https:\/\/www2.unifap.br\/geografia-oiapoque\/wp-json\/wp\/v2\/pages\/87","targetHints":{"allow":["GET"]}}],"collection":[{"href":"https:\/\/www2.unifap.br\/geografia-oiapoque\/wp-json\/wp\/v2\/pages"}],"about":[{"href":"https:\/\/www2.unifap.br\/geografia-oiapoque\/wp-json\/wp\/v2\/types\/page"}],"author":[{"embeddable":true,"href":"https:\/\/www2.unifap.br\/geografia-oiapoque\/wp-json\/wp\/v2\/users\/383"}],"replies":[{"embeddable":true,"href":"https:\/\/www2.unifap.br\/geografia-oiapoque\/wp-json\/wp\/v2\/comments?post=87"}],"version-history":[{"count":23,"href":"https:\/\/www2.unifap.br\/geografia-oiapoque\/wp-json\/wp\/v2\/pages\/87\/revisions"}],"predecessor-version":[{"id":867,"href":"https:\/\/www2.unifap.br\/geografia-oiapoque\/wp-json\/wp\/v2\/pages\/87\/revisions\/867"}],"up":[{"embeddable":true,"href":"https:\/\/www2.unifap.br\/geografia-oiapoque\/wp-json\/wp\/v2\/pages\/484"}],"wp:attachment":[{"href":"https:\/\/www2.unifap.br\/geografia-oiapoque\/wp-json\/wp\/v2\/media?parent=87"}],"curies":[{"name":"wp","href":"https:\/\/api.w.org\/{rel}","templated":true}]}}