{"id":878,"date":"2020-03-06T15:22:53","date_gmt":"2020-03-06T15:22:53","guid":{"rendered":"http:\/\/www2.unifap.br\/geografia-oiapoque\/?page_id=878"},"modified":"2024-09-17T19:50:24","modified_gmt":"2024-09-17T19:50:24","slug":"agenda","status":"publish","type":"page","link":"https:\/\/www2.unifap.br\/geografia-oiapoque\/labgeo\/agenda\/","title":{"rendered":"Agenda"},"content":{"rendered":"<p>Solicite o agendamento do Labgeo enviando e-mail para:<\/p>\n<p>biancabeatrizroque@gmail.com<\/p>\n<p>informando os seguintes dados:<\/p>\n<ul>\n<li>Nome do solicitante<\/li>\n<li>Data e hor\u00e1rio<\/li>\n<li>Atividade a ser realizada<\/li>\n<\/ul>\n<p>Voc\u00ea receber\u00e1 um e-mail de confirma\u00e7\u00e3o em at\u00e9 48 horas<\/p>\n<p>* O usu\u00e1rio deve estar ciente do regulamento do Labgeo antes do seu uso.<\/p>\n","protected":false},"excerpt":{"rendered":"<p>Solicite o agendamento do Labgeo enviando e-mail para: biancabeatrizroque@gmail.com informando os seguintes dados: Nome do solicitante Data e hor\u00e1rio Atividade a ser realizada Voc\u00ea receber\u00e1 um e-mail de confirma\u00e7\u00e3o em at\u00e9 48 horas * O usu\u00e1rio deve estar ciente do regulamento do Labgeo antes do seu uso.<\/p>\n","protected":false},"author":764,"featured_media":0,"parent":499,"menu_order":5,"comment_status":"closed","ping_status":"closed","template":"","meta":{"inline_featured_image":false,"ngg_post_thumbnail":0,"footnotes":""},"class_list":["post-878","page","type-page","status-publish","hentry","entry"],"_links":{"self":[{"href":"https:\/\/www2.unifap.br\/geografia-oiapoque\/wp-json\/wp\/v2\/pages\/878","targetHints":{"allow":["GET"]}}],"collection":[{"href":"https:\/\/www2.unifap.br\/geografia-oiapoque\/wp-json\/wp\/v2\/pages"}],"about":[{"href":"https:\/\/www2.unifap.br\/geografia-oiapoque\/wp-json\/wp\/v2\/types\/page"}],"author":[{"embeddable":true,"href":"https:\/\/www2.unifap.br\/geografia-oiapoque\/wp-json\/wp\/v2\/users\/764"}],"replies":[{"embeddable":true,"href":"https:\/\/www2.unifap.br\/geografia-oiapoque\/wp-json\/wp\/v2\/comments?post=878"}],"version-history":[{"count":5,"href":"https:\/\/www2.unifap.br\/geografia-oiapoque\/wp-json\/wp\/v2\/pages\/878\/revisions"}],"predecessor-version":[{"id":1195,"href":"https:\/\/www2.unifap.br\/geografia-oiapoque\/wp-json\/wp\/v2\/pages\/878\/revisions\/1195"}],"up":[{"embeddable":true,"href":"https:\/\/www2.unifap.br\/geografia-oiapoque\/wp-json\/wp\/v2\/pages\/499"}],"wp:attachment":[{"href":"https:\/\/www2.unifap.br\/geografia-oiapoque\/wp-json\/wp\/v2\/media?parent=878"}],"curies":[{"name":"wp","href":"https:\/\/api.w.org\/{rel}","templated":true}]}}