{"id":924,"date":"2021-05-18T14:25:09","date_gmt":"2021-05-18T14:25:09","guid":{"rendered":"http:\/\/www2.unifap.br\/geografia-oiapoque\/?page_id=924"},"modified":"2026-02-06T14:36:32","modified_gmt":"2026-02-06T14:36:32","slug":"atividades-complementares","status":"publish","type":"page","link":"https:\/\/www2.unifap.br\/geografia-oiapoque\/informacoes\/atividades-complementares\/","title":{"rendered":"Atividades Complementares"},"content":{"rendered":"<p>As Atividades Complementares (AC) correspondem \u00e0s atividades Acad\u00eamico Cient\u00edfico-Culturais desenvolvidas interna ou externamente \u00e0 institui\u00e7\u00e3o e \u00e9 componente curricular obrigat\u00f3rio da matriz do Curso de Licenciatura em Geografia. A carga hor\u00e1ria m\u00ednima exigida pelo curso \u00e9 de 240 horas\/aula de atividades complementares, que ser\u00e3o<br \/>\ncontabilizadas pelo colegiado do curso e registradas em di\u00e1rio eletr\u00f4nico.<\/p>\n<p style=\"text-align: left\">As Atividades Complementares do curso de Licenciatura em Geografia s\u00e3o regidas com base na Resolu\u00e7\u00e3o 024\/2008-CONSU\/UNIFAP, que disp\u00f5e sobre as diretrizes das Atividades Complementares, e somente ser\u00e3o contabilizadas se respeitado as normas desta resolu\u00e7\u00e3o e \u00e0 filosofia, \u00e1rea de abrang\u00eancia e objetivos do curso. As atividades complementares s\u00e3o categorizadas em 7 grupos: Atividades de ensino; Atividades de pesquisa; Atividades de extens\u00e3o; Participa\u00e7\u00e3o em eventos de natureza art\u00edstica, cient\u00edfica ou cultural; Produ\u00e7\u00f5es diversas; A\u00e7\u00f5es comunit\u00e1rias; Representa\u00e7\u00e3o estudantil. A Comiss\u00e3o de atividades Complementares do Curso de Licenciatura em Geografia \u00e9 respons\u00e1vel pelo controle e registro das atividades que est\u00e3o balizadas pelo Regulamento de Atividades Complementares.<a href=\"http:\/\/www2.unifap.br\/geografia-oiapoque\/files\/2026\/02\/WhatsApp-Image-2026-02-04-at-14.35.24.jpeg\"><img fetchpriority=\"high\" decoding=\"async\" class=\" wp-image-1274 aligncenter\" src=\"http:\/\/www2.unifap.br\/geografia-oiapoque\/files\/2026\/02\/WhatsApp-Image-2026-02-04-at-14.35.24-300x200.jpeg\" alt=\"\" width=\"427\" height=\"284\" srcset=\"https:\/\/www2.unifap.br\/geografia-oiapoque\/files\/2026\/02\/WhatsApp-Image-2026-02-04-at-14.35.24-300x200.jpeg 300w, https:\/\/www2.unifap.br\/geografia-oiapoque\/files\/2026\/02\/WhatsApp-Image-2026-02-04-at-14.35.24-1024x683.jpeg 1024w, https:\/\/www2.unifap.br\/geografia-oiapoque\/files\/2026\/02\/WhatsApp-Image-2026-02-04-at-14.35.24-768x512.jpeg 768w, https:\/\/www2.unifap.br\/geografia-oiapoque\/files\/2026\/02\/WhatsApp-Image-2026-02-04-at-14.35.24.jpeg 1536w\" sizes=\"(max-width: 427px) 100vw, 427px\" \/><\/a><\/p>\n<p>&nbsp;<\/p>\n<p>Resultado da contagem de Atividades Complementares:<\/p>\n<p><a href=\"http:\/\/www2.unifap.br\/geografia-oiapoque\/files\/2021\/03\/2014.1_Contagem-mar\u00e7o-2020.pdf\" target=\"_blank\" rel=\"noopener noreferrer\">Turma 2014.1<\/a><\/p>\n<p><a href=\"http:\/\/www2.unifap.br\/geografia-oiapoque\/files\/2021\/03\/2014.2_Contagem-mar\u00e7o-2020.pdf\" target=\"_blank\" rel=\"noopener noreferrer\">Turma 2014.2<\/a><\/p>\n<p><a href=\"http:\/\/www2.unifap.br\/geografia-oiapoque\/files\/2021\/03\/2015.2_Contagem-mar\u00e7o-2020.pdf\" target=\"_blank\" rel=\"noopener noreferrer\">Turma 2015.2<\/a><\/p>\n","protected":false},"excerpt":{"rendered":"<p>As Atividades Complementares (AC) correspondem \u00e0s atividades Acad\u00eamico Cient\u00edfico-Culturais desenvolvidas interna ou externamente \u00e0 institui\u00e7\u00e3o e \u00e9 componente curricular obrigat\u00f3rio da matriz do Curso de Licenciatura em Geografia. A carga hor\u00e1ria m\u00ednima exigida pelo curso \u00e9 de 240 horas\/aula de atividades complementares, que ser\u00e3o contabilizadas pelo colegiado do curso e registradas em di\u00e1rio eletr\u00f4nico. As&#8230;<\/p>\n","protected":false},"author":764,"featured_media":0,"parent":156,"menu_order":0,"comment_status":"closed","ping_status":"closed","template":"","meta":{"inline_featured_image":false,"ngg_post_thumbnail":0,"footnotes":""},"class_list":["post-924","page","type-page","status-publish","hentry","entry"],"_links":{"self":[{"href":"https:\/\/www2.unifap.br\/geografia-oiapoque\/wp-json\/wp\/v2\/pages\/924","targetHints":{"allow":["GET"]}}],"collection":[{"href":"https:\/\/www2.unifap.br\/geografia-oiapoque\/wp-json\/wp\/v2\/pages"}],"about":[{"href":"https:\/\/www2.unifap.br\/geografia-oiapoque\/wp-json\/wp\/v2\/types\/page"}],"author":[{"embeddable":true,"href":"https:\/\/www2.unifap.br\/geografia-oiapoque\/wp-json\/wp\/v2\/users\/764"}],"replies":[{"embeddable":true,"href":"https:\/\/www2.unifap.br\/geografia-oiapoque\/wp-json\/wp\/v2\/comments?post=924"}],"version-history":[{"count":9,"href":"https:\/\/www2.unifap.br\/geografia-oiapoque\/wp-json\/wp\/v2\/pages\/924\/revisions"}],"predecessor-version":[{"id":1279,"href":"https:\/\/www2.unifap.br\/geografia-oiapoque\/wp-json\/wp\/v2\/pages\/924\/revisions\/1279"}],"up":[{"embeddable":true,"href":"https:\/\/www2.unifap.br\/geografia-oiapoque\/wp-json\/wp\/v2\/pages\/156"}],"wp:attachment":[{"href":"https:\/\/www2.unifap.br\/geografia-oiapoque\/wp-json\/wp\/v2\/media?parent=924"}],"curies":[{"name":"wp","href":"https:\/\/api.w.org\/{rel}","templated":true}]}}