{"id":1746,"date":"2017-12-13T18:54:32","date_gmt":"2017-12-13T18:54:32","guid":{"rendered":"http:\/\/www2.unifap.br\/geografia\/?page_id=1746"},"modified":"2018-11-13T13:14:57","modified_gmt":"2018-11-13T13:14:57","slug":"v-sinarub","status":"publish","type":"page","link":"https:\/\/www2.unifap.br\/geografia\/v-sinarub\/","title":{"rendered":"V SINARUB"},"content":{"rendered":"<p align=\"center\"><b>V Simp\u00f3sio Nacional O Rural e o Urbano no Brasil<\/b><\/p>\n<p align=\"center\"><i>Perspectivas e Contradi\u00e7\u00f5es do Rural e do Urbano no Brasil<\/i><\/p>\n<p align=\"center\"><strong>\u00a0&gt;&gt;&gt;&gt;&gt;&gt;\u00a0<a href=\"http:\/\/www2.unifap.br\/geografia\/files\/2017\/12\/ANAIS-COMPLETO-SINARUB-20181.pdf\">ANAIS COMPLETO SINARUB 2018<\/a>\u00a0 &lt;&lt;&lt;&lt;&lt;&lt;<\/strong><\/p>\n<p align=\"center\"><b>Macap\u00e1, 17 a 19 de outubro de 2018<\/b><\/p>\n<p style=\"text-align: center\"><strong><a href=\"http:\/\/www2.unifap.br\/geografia\/files\/2018\/02\/Folder-V-Simp\u00f3sio-Nacional-O-Rural-e-o-Urbano-no-Brasil-11.doc\">Folder-V-Simp\u00f3sio-Nacional-O-Rural-e-o-Urbano-no-Brasil<\/a>\u00a0<\/strong><\/p>\n<p>&nbsp;<\/p>\n<p>Eixos<\/p>\n<ol>\n<li>Paradigmas compreensivos da rela\u00e7\u00e3o campo-cidade<\/li>\n<li>Movimentos sociais do campo e da cidade<\/li>\n<li>Popula\u00e7\u00f5es tradicionais entre o urbano e o rural<\/li>\n<li>Ruralidades e urbanidades na Amaz\u00f4nia<\/li>\n<li>Grandes projetos, desenvolvimento e rela\u00e7\u00e3o campo-cidade<\/li>\n<li>Campo, cidade e ambiente<\/li>\n<\/ol>\n<p><b>\u00a0<\/b><\/p>\n<p><strong>Programa\u00e7\u00e3o<\/strong><\/p>\n<table border=\"0\" cellspacing=\"0\" cellpadding=\"0\">\n<tbody>\n<tr>\n<td valign=\"top\" width=\"100\">\n<p align=\"center\">Hor\u00e1rio<\/p>\n<\/td>\n<td valign=\"top\" width=\"94\">\n<p align=\"center\">17\/10\/18<\/p>\n<\/td>\n<td valign=\"top\" width=\"85\">\n<p align=\"center\">18\/10\/18<\/p>\n<\/td>\n<td valign=\"top\" width=\"78\">\n<p align=\"center\">19\/10\/18<\/p>\n<\/td>\n<td valign=\"top\" width=\"78\">\n<p align=\"center\">20\/10\/18<\/p>\n<\/td>\n<\/tr>\n<tr>\n<td valign=\"top\" width=\"100\">\n<p align=\"center\">8 \u00e0s 9:30<\/p>\n<\/td>\n<td valign=\"top\" width=\"94\">\n<p align=\"center\">credenciamento<\/p>\n<\/td>\n<td valign=\"top\" width=\"85\">\n<p align=\"center\">CL<\/p>\n<\/td>\n<td valign=\"top\" width=\"78\">\n<p align=\"center\">CL<\/p>\n<\/td>\n<td valign=\"top\" width=\"78\">\n<p align=\"center\">Trabalho de campo<\/p>\n<\/td>\n<\/tr>\n<tr>\n<td valign=\"top\" width=\"100\">\n<p align=\"center\">9:30 \u00e0s 12:30<\/p>\n<\/td>\n<td valign=\"top\" width=\"94\">\n<p align=\"center\">abertura e<\/p>\n<\/td>\n<td valign=\"top\" width=\"85\"><\/td>\n<td valign=\"top\" width=\"78\"><\/td>\n<td valign=\"top\" width=\"78\"><\/td>\n<\/tr>\n<tr>\n<td valign=\"top\" width=\"100\"><\/td>\n<td valign=\"top\" width=\"94\">\n<p align=\"center\">conf. abert.<\/p>\n<\/td>\n<td valign=\"top\" width=\"85\"><\/td>\n<td valign=\"top\" width=\"78\"><\/td>\n<td valign=\"top\" width=\"78\"><\/td>\n<\/tr>\n<tr>\n<td valign=\"top\" width=\"100\">\n<p align=\"center\">14 \u00e0s 17<\/p>\n<\/td>\n<td valign=\"top\" width=\"94\">\n<p align=\"center\">MR 1<\/p>\n<\/td>\n<td valign=\"top\" width=\"85\">\n<p align=\"center\">CL<\/p>\n<\/td>\n<td valign=\"top\" width=\"78\">\n<p align=\"center\">MR 3<\/p>\n<\/td>\n<td valign=\"top\" width=\"78\"><\/td>\n<\/tr>\n<tr>\n<td valign=\"top\" width=\"100\">\n<p align=\"center\">18 \u00e0s 21<\/p>\n<\/td>\n<td valign=\"top\" width=\"94\">\n<p align=\"center\">Atividade cultural<\/p>\n<\/td>\n<td valign=\"top\" width=\"85\">\n<p align=\"center\">MR 2<\/p>\n<\/td>\n<td valign=\"top\" width=\"78\">\n<p align=\"center\">Conf. Enc. e<\/p>\n<p align=\"center\">Atividade cultural<\/p>\n<\/td>\n<td valign=\"top\" width=\"78\"><\/td>\n<\/tr>\n<\/tbody>\n<\/table>\n<p>Cred = credenciamento\u00a0\u00a0\u00a0\u00a0 Conf. Abert. = Confer\u00eancia de abertura\u00a0\u00a0\u00a0\u00a0\u00a0\u00a0\u00a0 CL = Comunica\u00e7\u00f5es livres<\/p>\n<p>MR = Mesa redonda \u00a0\u00a0\u00a0\u00a0\u00a0\u00a0\u00a0\u00a0 Conf. Enc. = Confer\u00eancia de encerramento<\/p>\n<p><b>\u00a0<\/b><\/p>\n<p>Confer\u00eancia de abertura: Paradigmas compreensivos da rela\u00e7\u00e3o campo-cidade<\/p>\n<p><strong>Mesas:<\/strong><\/p>\n<ol>\n<li>Pol\u00edticas p\u00fablicas e rela\u00e7\u00e3o campo-cidade<\/li>\n<li>Movimentos sociais entre o campo e a cidade<\/li>\n<li>Popula\u00e7\u00f5es tradicionais entre o urbano e o rural<\/li>\n<\/ol>\n<p>Confer\u00eancia de encerramento: Ruralidades e urbanidades na Amaz\u00f4nia<\/p>\n<p>&nbsp;<\/p>\n<p><b>Datas importantes<\/b><\/p>\n<p><strong>Envio dos resumos: 30\/04\/2018<\/strong><\/p>\n<p><strong>Os resumos devem ser enviados para o endere\u00e7o:\u00a0<a href=\"mailto:sinarubmacapa@gmail.com\" target=\"_blank\">sinarubmacapa@gmail.com<\/a><\/strong><\/p>\n<p><strong>Divulga\u00e7\u00e3o dos resumos aceitos: 31\/05\/2018<\/strong><\/p>\n<p><strong>Envio dos textos finais: 15\/08\/2018<\/strong><\/p>\n<p><strong>\u00a0<\/strong><\/p>\n<p><strong><span style=\"font-family: 'Times New Roman', serif\">Conta paras dep\u00f3sito: realizar somente\u00a0dep\u00f3sitos\u00a0identificados<\/span><\/strong><\/p>\n<p><strong>DADOS CORRIGIDOS<\/strong><\/p>\n<p><strong><span style=\"font-family: 'Times New Roman', serif\">Banco do Brasil &#8211; agencia: 5929-3 conta poupan\u00e7a: 622-x varia\u00e7\u00e3o: 51 (QUANDO NECESS\u00c1RIO SUBSTITUIR O &#8220;X&#8221; POR ZERO)<\/span><\/strong><\/p>\n<p><strong>Roni Mayer Lomba<\/strong><\/p>\n<p>&nbsp;<\/p>\n<p><b>Taxas<\/b><\/p>\n<table width=\"0\" border=\"1\" cellspacing=\"0\" cellpadding=\"0\">\n<tbody>\n<tr>\n<td width=\"174\"><\/td>\n<td colspan=\"3\" width=\"406\">\n<p align=\"center\"><b>Prazos<\/b><\/p>\n<\/td>\n<\/tr>\n<tr>\n<td width=\"174\">\n<p align=\"center\"><b>Categorias<\/b><\/p>\n<\/td>\n<td width=\"113\">\n<p align=\"center\"><b>At\u00e9 08\/06\/2018<\/b><\/p>\n<\/td>\n<td width=\"161\">\n<p align=\"center\"><b>De 08\/06 a 15\/08\/2018<\/b><\/p>\n<\/td>\n<td width=\"132\">\n<p align=\"center\"><b>A partir de 16\/08\/2018<\/b><\/p>\n<\/td>\n<\/tr>\n<tr>\n<td width=\"174\">\n<p align=\"center\">Alunos de Gradua\u00e7\u00e3o*<\/p>\n<\/td>\n<td width=\"113\">\n<p align=\"center\">R$ 50,00<\/p>\n<\/td>\n<td width=\"161\">\n<p align=\"center\">R$ 60,00<\/p>\n<\/td>\n<td width=\"132\">\n<p align=\"center\">R$ 80,00<\/p>\n<\/td>\n<\/tr>\n<tr>\n<td width=\"174\">\n<p align=\"center\">Alunos de P\u00f3s-Gradua\u00e7\u00e3o*<\/p>\n<\/td>\n<td width=\"113\">\n<p align=\"center\">R$ 70,00<\/p>\n<\/td>\n<td width=\"161\">\n<p align=\"center\">R$ 80,00<\/p>\n<\/td>\n<td width=\"132\">\n<p align=\"center\">R$ 100,00<\/p>\n<\/td>\n<\/tr>\n<tr>\n<td width=\"174\">\n<p align=\"center\">Prof. Universit\u00e1rios e outros<\/p>\n<\/td>\n<td width=\"113\">\n<p align=\"center\">R$ 100,00<\/p>\n<\/td>\n<td width=\"161\">\n<p align=\"center\">R$ 150,00<\/p>\n<\/td>\n<td width=\"132\">\n<p align=\"center\">R$ 200,00<\/p>\n<\/td>\n<\/tr>\n<\/tbody>\n<\/table>\n<p><b>\u00a0<\/b><\/p>\n<p><b>Comiss\u00e3o Organizadora <\/b><\/p>\n<p>Roni Mayer Lomba (UNIFAP, Coordena\u00e7\u00e3o Geral)<\/p>\n<p>J\u00falio C\u00e9sar Suzuki (USP)<\/p>\n<p>Patr\u00edcia Rocha Chaves (UNIFAP)<\/p>\n<p>K\u00e1tia Souza Rangel (UNIFAP)<\/p>\n<p>Jadson Luis Rebelo Porto (UNIFAP)<\/p>\n<p>Jodival Mauricio (UNIFAP)<\/p>\n<p>Danielson Iaparra (UNIFAP)<\/p>\n<p>Silvia Bentes (UNIFAP)<\/p>\n<p>Marlo Reis (UNIFAP)<\/p>\n<p>Roberto de Almeida Junior (UNIFAP)<\/p>\n<p>&nbsp;<\/p>\n<p><b>Comiss\u00e3o Cient\u00edfica<\/b><\/p>\n<p>Prof. Dr. J\u00falio C\u00e9sar Suzuki (USP)<\/p>\n<p>Prof. Dr. Saint-Clair Cordeiro da Trindade J\u00fanior (UFPA)<\/p>\n<p>Prof. Dr. Jos\u00e9 Ant\u00f4nio Lobo dos Santos (UFBA)<\/p>\n<p>Prof. Dr. Gl\u00e1ucio Jos\u00e9 Marafon (UERJ)<\/p>\n<p>Prof. Dr. Rog\u00e9rio Miranda (UNIFESPA)<\/p>\n<p>Prof. Dr. Alberto Pereira Lopes (UFT)<\/p>\n<p>Profa. Dra. Rosa Maria Vieira Medeiro (UFRGS)<\/p>\n<p>Prof. Dr. Emmanuel Raimundo dos Santos (UNIFAP)<\/p>\n<p>Profa. Dra. Patr\u00edcia Rocha Chaves (UNIFAP)<\/p>\n<p>Prof. Dr. Jos\u00e9 Alberto Tostes (UNIFAP)<\/p>\n<p>Prof. Dr. Jadson Lu\u00eds Rebello Porto (UNIFAP)<\/p>\n<p>Prof. Dr. Gutemberg Vilhena (UNIFAP)<\/p>\n<p>Prof. Dr. Jodval Maur\u00edcio (UNIFAP)<\/p>\n<p>&nbsp;<\/p>\n<p>&nbsp;<\/p>\n<p><b><i>Formato do Resumo<\/i><\/b><\/p>\n<p>O resumo, de no m\u00e1ximo 300 palavras, deve conter: introdu\u00e7\u00e3o, metodologia, resultados e considera\u00e7\u00e3o final, em que ser\u00e1 considerada a coer\u00eancia te\u00f3rico-metodol\u00f3gica da proposta de comunica\u00e7\u00e3o livre e os resultados alcan\u00e7ados. Ser\u00e3o aceitos resultados de pesquisas em andamento, bem como os de pesquisas conclu\u00eddas.<\/p>\n<p><b><i>Formato do Trabalho Completo<\/i><\/b><\/p>\n<p>Os autores dever\u00e3o enviar texto completo, para compor as sess\u00f5es de comunica\u00e7\u00f5es livres, contendo entre 15 e 30 p\u00e1ginas; elaborado em Word, p\u00e1gina tamanho A4, fonte Arial 12, espa\u00e7amento de 1,5cm entre linhas; com margens superior, direita e inferior de 2,0 cm e esquerda de 2,5 cm; t\u00edtulo centralizado, em portugu\u00eas e em ingl\u00eas ou em espanhol, em mai\u00fasculo e negrito, e subt\u00edtulo centralizado, com mai\u00fascula e min\u00fasculas, sem negrito; nome completo do(s) autor(es), nome da institui\u00e7\u00e3o e endere\u00e7o eletr\u00f4nico do(s) autor(es), utilizando-se de mai\u00fascula e min\u00fascula onde for necess\u00e1rio, recuados \u00e0 direita; par\u00e1grafos justificados e com recuo de 1,25 cm em seu in\u00edcio; com mapas, fotografias, figuras, tabelas e quadros, em preto e branco e em cores, conforme o que for requerido para a melhor apresenta\u00e7\u00e3o das an\u00e1lises.<\/p>\n<p>O texto dever\u00e1, ainda, conter resumo em portugu\u00eas, de 5 a 10 linhas, bem como sua vers\u00e3o em ingl\u00eas, franc\u00eas ou espanhol, al\u00e9m de tr\u00eas a cinco palavras-chave em portugu\u00eas e em uma das outras l\u00ednguas acima indicadas.<\/p>\n<p>&nbsp;<\/p>\n","protected":false},"excerpt":{"rendered":"<p>V Simp\u00f3sio Nacional O Rural e o Urbano no Brasil Perspectivas e Contradi\u00e7\u00f5es do Rural e do Urbano no Brasil \u00a0&gt;&gt;&gt;&gt;&gt;&gt;\u00a0ANAIS COMPLETO SINARUB 2018\u00a0 &lt;&lt;&lt;&lt;&lt;&lt; Macap\u00e1, 17 a 19 de outubro de 2018 Folder-V-Simp\u00f3sio-Nacional-O-Rural-e-o-Urbano-no-Brasil\u00a0 &nbsp; Eixos Paradigmas compreensivos da rela\u00e7\u00e3o&hellip; <\/p>\n<p><a href=\"https:\/\/www2.unifap.br\/geografia\/v-sinarub\/\" class=\"readmore-button\">Continue Reading<\/a><\/p>\n","protected":false},"author":71,"featured_media":0,"parent":0,"menu_order":0,"comment_status":"open","ping_status":"open","template":"","meta":{"inline_featured_image":false,"ngg_post_thumbnail":0,"footnotes":""},"class_list":["post-1746","page","type-page","status-publish","hentry"],"_links":{"self":[{"href":"https:\/\/www2.unifap.br\/geografia\/wp-json\/wp\/v2\/pages\/1746","targetHints":{"allow":["GET"]}}],"collection":[{"href":"https:\/\/www2.unifap.br\/geografia\/wp-json\/wp\/v2\/pages"}],"about":[{"href":"https:\/\/www2.unifap.br\/geografia\/wp-json\/wp\/v2\/types\/page"}],"author":[{"embeddable":true,"href":"https:\/\/www2.unifap.br\/geografia\/wp-json\/wp\/v2\/users\/71"}],"replies":[{"embeddable":true,"href":"https:\/\/www2.unifap.br\/geografia\/wp-json\/wp\/v2\/comments?post=1746"}],"version-history":[{"count":18,"href":"https:\/\/www2.unifap.br\/geografia\/wp-json\/wp\/v2\/pages\/1746\/revisions"}],"predecessor-version":[{"id":1798,"href":"https:\/\/www2.unifap.br\/geografia\/wp-json\/wp\/v2\/pages\/1746\/revisions\/1798"}],"wp:attachment":[{"href":"https:\/\/www2.unifap.br\/geografia\/wp-json\/wp\/v2\/media?parent=1746"}],"curies":[{"name":"wp","href":"https:\/\/api.w.org\/{rel}","templated":true}]}}