{"id":1749,"date":"2018-02-01T14:25:20","date_gmt":"2018-02-01T14:25:20","guid":{"rendered":"http:\/\/www2.unifap.br\/geografia\/?page_id=1749"},"modified":"2025-12-09T18:58:04","modified_gmt":"2025-12-09T18:58:04","slug":"trabalho-de-conclusao-de-curso-tcc","status":"publish","type":"page","link":"https:\/\/www2.unifap.br\/geografia\/trabalho-de-conclusao-de-curso-tcc\/","title":{"rendered":"Trabalho de Conclus\u00e3o de Curso &#8211; TCC"},"content":{"rendered":"<p style=\"text-align: center\"><b>Documentos pertinentes nos links abaixo:<\/b><\/p>\n<p>&nbsp;<\/p>\n<p style=\"text-align: center\"><strong><span style=\"color: #0000ff\">\u00a0&gt;&gt;&gt;<\/span> <a href=\"http:\/\/www2.unifap.br\/geografia\/files\/2022\/10\/Guia_TCC-Biblioteca-Central.pdf\" target=\"_blank\" rel=\"noopener\"><span class=\"fontstyle0\" style=\"color: #0000ff\">Guia de entrega de Trabalhos de Conclus\u00e3o de Curso &lt;&lt;&lt;<\/span><\/a><\/strong><\/p>\n<p style=\"text-align: center\"><span style=\"color: #0000ff\"><strong><a href=\"http:\/\/www2.unifap.br\/geografia\/files\/2023\/07\/FORMULARIO-DE-INSCRICAO-DO-PROJETO-DE-TCC.pdf\">Formul\u00e1rio de Inscri\u00e7\u00e3o de Projeto de TCC &#8211; Licenciatura<\/a><\/strong><\/span><\/p>\n<p style=\"text-align: center\"><span style=\"color: #0000ff\"><strong><a href=\"http:\/\/www2.unifap.br\/geografia\/files\/2025\/12\/FORMULARIO-DE-INSCRICAO-DO-PROJETO-DE-TCC-Bach.pdf\" target=\"_blank\" rel=\"noopener\">Formul\u00e1rio de Inscri\u00e7\u00e3o de Projeto de TCC &#8211; Bacharelado<\/a><\/strong><\/span><\/p>\n<p style=\"text-align: center\"><span style=\"color: #0000ff\"><strong><a href=\"http:\/\/www2.unifap.br\/geografia\/files\/2023\/07\/Ata-de-TCC-1.pdf\">Ata de TCC &#8211; Licenciatura<\/a><\/strong><\/span><\/p>\n<p style=\"text-align: center\"><span style=\"color: #0000ff\"><strong><a href=\"http:\/\/www2.unifap.br\/geografia\/files\/2025\/12\/Ata-de-TCC-Bacharelado.pdf\" target=\"_blank\" rel=\"noopener\">Ata de TCC &#8211; Bacharelado<\/a><\/strong><\/span><\/p>\n<p style=\"text-align: center\"><span style=\"color: #0000ff\"><strong><a href=\"http:\/\/www2.unifap.br\/geografia\/files\/2023\/07\/FICHA-DE-AVALIACAO-TCC-.pdf\">Ficha de Avalia\u00e7\u00e3o de TCC &#8211; Licenciatura<\/a><\/strong><\/span><\/p>\n<p style=\"text-align: center\"><span style=\"color: #0000ff\"><strong><a href=\"http:\/\/www2.unifap.br\/geografia\/files\/2025\/12\/FICHA-DE-AVALIACAO-TCC-.pdf\" target=\"_blank\" rel=\"noopener\">Ficha de Avalia\u00e7\u00e3o de TCC &#8211; Bacharelado<\/a><\/strong><\/span><\/p>\n<p style=\"text-align: center\">\u00a0<a href=\"http:\/\/www2.unifap.br\/geografia\/files\/2022\/10\/DECLARACAO-DE-AUTORIA-E-AUTORIZACAO-PARA-PUBLICACAO_ATUAL.pdf\" target=\"_blank\" rel=\"noopener\"><span style=\"color: #0000ff\"><strong><span class=\"fontstyle0\">Declara\u00e7\u00e3o de autoria e Autoriza\u00e7\u00e3o para publica\u00e7\u00e3o<\/span><\/strong><\/span><\/a><\/p>\n<p style=\"text-align: center\"><strong><a href=\"http:\/\/www2.unifap.br\/geografia\/files\/2025\/10\/Documentos-para-Colacao-de-Grau.pdf\" target=\"_blank\" rel=\"noopener\"><span style=\"color: #0000ff\">Cola\u00e7\u00e3o de Grau &#8211; Documentos Necess\u00e1rios<\/span><\/a><\/strong><\/p>\n<p>&nbsp;<\/p>\n<p><span style=\"color: #ff0000\"><strong><span class=\"fontstyle0\">Aten\u00e7\u00e3o!!!<\/span><\/strong><\/span><\/p>\n<p><strong><span class=\"fontstyle0\" style=\"color: #800000\">A vers\u00e3o final do TCC e o formul\u00e1rio dever\u00e3o estar no formato PDF\/A. Este formato beneficia documentos textuais e imag\u00e9ticos paginados, viabilizando a manuten\u00e7\u00e3o da forma e a estabilidade do conte\u00fado, sendo, portanto, bastante adequado aos contextos de preserva\u00e7\u00e3o.<\/span><\/strong><\/p>\n<p><strong><span style=\"color: #800000\"> <span class=\"fontstyle0\">O (a) aluno (a) dever\u00e1 solicitar a ficha catalogr\u00e1fica para o TCC atrav\u00e9s do site da Biblioteca Central (<\/span><span class=\"fontstyle2\">https:\/\/www2.unifap.br\/biblioteca\/<\/span><span class=\"fontstyle0\">) na aba SERVI\u00c7OS &gt; PROTOCOLO DE ATENDIMENTO REMOTO. Preencher o formul\u00e1rio e aguardar at\u00e9 5 dias \u00fateis o envio do arquivo por e-mail.<\/span><\/span><\/strong><\/p>\n<p><span style=\"color: #800000\"><strong> <span class=\"fontstyle0\">A Biblioteca n\u00e3o aceitar\u00e1 TCC\/Monografia\/Disserta\u00e7\u00e3o\/Tese em pen-drive, cd-rom, dvd-rom ou em outros suportes.<\/span><\/strong><\/span><\/p>\n","protected":false},"excerpt":{"rendered":"<p>Documentos pertinentes nos links abaixo: &nbsp; \u00a0&gt;&gt;&gt; Guia de entrega de Trabalhos de Conclus\u00e3o de Curso &lt;&lt;&lt; Formul\u00e1rio de Inscri\u00e7\u00e3o de Projeto de TCC &#8211; Licenciatura Formul\u00e1rio de Inscri\u00e7\u00e3o de Projeto de TCC &#8211; Bacharelado Ata de TCC &#8211; Licenciatura&hellip; <\/p>\n<p><a href=\"https:\/\/www2.unifap.br\/geografia\/trabalho-de-conclusao-de-curso-tcc\/\" class=\"readmore-button\">Continue Reading<\/a><\/p>\n","protected":false},"author":71,"featured_media":0,"parent":0,"menu_order":0,"comment_status":"open","ping_status":"open","template":"","meta":{"inline_featured_image":false,"ngg_post_thumbnail":0,"footnotes":""},"class_list":["post-1749","page","type-page","status-publish","hentry"],"_links":{"self":[{"href":"https:\/\/www2.unifap.br\/geografia\/wp-json\/wp\/v2\/pages\/1749","targetHints":{"allow":["GET"]}}],"collection":[{"href":"https:\/\/www2.unifap.br\/geografia\/wp-json\/wp\/v2\/pages"}],"about":[{"href":"https:\/\/www2.unifap.br\/geografia\/wp-json\/wp\/v2\/types\/page"}],"author":[{"embeddable":true,"href":"https:\/\/www2.unifap.br\/geografia\/wp-json\/wp\/v2\/users\/71"}],"replies":[{"embeddable":true,"href":"https:\/\/www2.unifap.br\/geografia\/wp-json\/wp\/v2\/comments?post=1749"}],"version-history":[{"count":48,"href":"https:\/\/www2.unifap.br\/geografia\/wp-json\/wp\/v2\/pages\/1749\/revisions"}],"predecessor-version":[{"id":2963,"href":"https:\/\/www2.unifap.br\/geografia\/wp-json\/wp\/v2\/pages\/1749\/revisions\/2963"}],"wp:attachment":[{"href":"https:\/\/www2.unifap.br\/geografia\/wp-json\/wp\/v2\/media?parent=1749"}],"curies":[{"name":"wp","href":"https:\/\/api.w.org\/{rel}","templated":true}]}}