{"id":1819,"date":"2018-07-04T12:57:45","date_gmt":"2018-07-04T12:57:45","guid":{"rendered":"http:\/\/www2.unifap.br\/geografia\/?page_id=1819"},"modified":"2019-09-06T15:21:09","modified_gmt":"2019-09-06T15:21:09","slug":"trabalho-de-campo","status":"publish","type":"page","link":"https:\/\/www2.unifap.br\/geografia\/trabalho-de-campo\/","title":{"rendered":"Trabalho de Campo"},"content":{"rendered":"<p style=\"text-align: center\"><span style=\"color: #800000\"><strong>DOCUMENTOS E FORMUL\u00c1RIOS NECESS\u00c1RIOS PARA SOLICITAR APOIO LOG\u00cdSTICO A TRABALHO DE CAMPO<\/strong><\/span><\/p>\n<p style=\"text-align: center\">&gt;&gt;&gt;&gt;&gt; <span style=\"color: #ff0000\"><strong>Entregar requerimento para Trabalho de Campo com 30 dias de anteced\u00eancia<\/strong><\/span>&lt;&lt;&lt;&lt;&lt;<\/p>\n<p style=\"text-align: center\"><span style=\"color: #800000\"><strong>Encaminhar os itens (2, 3 , 4 e 5) \u00e0 coordena\u00e7\u00e3o de geografia<\/strong><\/span><\/p>\n<p style=\"text-align: center\">Obs.: Todas as informa\u00e7\u00f5es dispon\u00edveis nesta p\u00e1gina podem ser conferidas na<\/p>\n<p style=\"text-align: center\">&gt;&gt;&gt;<strong><a href=\"http:\/\/www2.unifap.br\/geografia\/files\/2018\/07\/GUIA_TRABALHO_DE_CAMPO.pdf\" target=\"_blank\" rel=\"noopener\">Guia de Trabalho de Campo<\/a><\/strong>&lt;&lt;&lt;<\/p>\n<p style=\"text-align: center\">&#8212;&#8212;&#8212;&#8212;&#8212;&#8212;&#8212;&#8212;&#8212;&#8212;&#8212;&#8212;&#8212;&#8212;&#8212;&#8212;&#8212;&#8212;&#8212;&#8212;&#8212;&#8212;&#8212;&#8212;&#8212;&#8212;&#8212;&#8212;&#8212;&#8212;&#8212;-<\/p>\n<p style=\"text-align: center\"><strong>1 &#8211;\u00a0<a href=\"http:\/\/www2.unifap.br\/geografia\/files\/2016\/12\/Portaria-002-2011-Regulamenta-trabalhos-de-campo1.pdf\">PORTARIA 002\/2011- REGULAMENTA TRABALHOS DE CAMPO<\/a><\/strong><\/p>\n<p style=\"text-align: center\"><strong>2 &#8211; <a href=\"http:\/\/www2.unifap.br\/geografia\/files\/2019\/09\/Requisi\u00e7\u00e3o-de-di\u00e1rias-Acad\u00eamicos.docx\">REQUISI\u00c7\u00c3O DE APOIO A TRABALHO DE CAMPO (Aluno \u2013 Entregar impresso) <\/a><\/strong><\/p>\n<p style=\"text-align: center\">Al\u00e9m da requisi\u00e7\u00e3o de apoio o acad\u00eamico dever\u00e1 apresentar os documentos abaixo:<\/p>\n<p style=\"text-align: center\">C\u00f3pia de RG e CPF;<br \/>\nC\u00f3pia de extrato ou cart\u00e3o banc\u00e1rio;<br \/>\nComprovante de resid\u00eancia (atualizado &#8211; at\u00e9 tr\u00eas meses)<\/p>\n<p style=\"text-align: center\"><span style=\"color: #ff0000\">*Para efeito de cria\u00e7\u00e3o de banco de dados os acad\u00eamicos dever\u00e3o encaminhar RG, CPF, Cart\u00e3o do banco ou extrato banc\u00e1rio e Comprovante de resid\u00eancia em formato JPEG e em cores para o e-mail da coordena\u00e7\u00e3o de geografia<\/span><\/p>\n<p style=\"text-align: center\"><strong>3 &#8211; <a href=\"http:\/\/www2.unifap.br\/geografia\/files\/2019\/08\/Requisi\u00e7\u00e3o-de-di\u00e1rias.docx\">REQUISI\u00c7\u00c3O DE APOIO A TRABALHO DE CAMPO (Professor &#8211; Entregar impresso)<\/a><\/strong><\/p>\n<p style=\"text-align: center\"><span style=\"color: #ff0000\">Al\u00e9m da requisi\u00e7\u00e3o acima o\u00a0 docente dever\u00e1 apresentar c\u00f3pia do di\u00e1rio do semestre em curso, devidamente<\/span><br \/>\n<span style=\"color: #ff0000\"> assinado.<\/span><\/p>\n<p style=\"text-align: center\"><strong>4 &#8211;\u00a0<a href=\"http:\/\/www2.unifap.br\/geografia\/files\/2018\/07\/Planilha_Pagamento_de_Atividade_de_Campo1.doc\">Planilha_Pagamento_de_Atividade_de_Campo<\/a>\u00a0<strong><strong>(Entregar digitalizado em formato edit\u00e1vel)<\/strong><\/strong><\/strong><\/p>\n<p style=\"text-align: center\"><span style=\"color: #ff0000\"><span style=\"color: #ff0000\">Obs.: Entregar planilha (item 4) via e-mail\u00a0da coordena\u00e7\u00e3o em documento edit\u00e1vel<\/span><\/span><\/p>\n<p style=\"text-align: center\"><strong>5 &#8211;\u00a0<strong><a href=\"http:\/\/www2.unifap.br\/geografia\/files\/2018\/07\/Modelo-de-Plano-de-Trabalho-de-Campo.doc\" target=\"_blank\" rel=\"noopener\">Modelo de Plano de Trabalho de Campo<\/a>\u00a0(Entregar digitalizado)<\/strong><\/strong><\/p>\n<p style=\"text-align: center\">&#8212;&#8212;&#8212;&#8212;&#8212;&#8212;&#8212;&#8212;&#8212;&#8212;&#8212;&#8212;&#8212;&#8212;&#8212;&#8212;&#8212;&#8212;&#8212;&#8212;&#8212;&#8212;&#8212;&#8212;&#8212;&#8212;&#8212;&#8212;&#8212;&#8212;&#8212;<\/p>\n<p style=\"text-align: center\"><span style=\"color: #800000\"><strong>RELAT\u00d3RIOS P\u00d3S-TRABALHO DE CAMPO<\/strong><\/span><\/p>\n<p style=\"text-align: center\"><strong><a href=\"http:\/\/www2.unifap.br\/geografia\/files\/2018\/07\/Relat\u00f3rio-Acad\u00eamico.pdf\" target=\"_blank\" rel=\"noopener\">RELAT\u00d3RIO ACAD\u00caMICO<\/a>\u00a0(Entregar impresso na coordena\u00e7\u00e3o)<\/strong><\/p>\n<address style=\"text-align: center\"><span style=\"color: #ff0000\">Obs.: Entregar at\u00e9 05 (cinco) dias ap\u00f3s a realiza\u00e7\u00e3o do trabalho de campo. Caso o acad\u00eamico n\u00e3o apresente o relat\u00f3rio<\/span><br \/>\n<span style=\"color: #ff0000\">de viagem ficar\u00e1 impedido de solicita\u00e7\u00e3o e recebimento de novo aux\u00edlio da\u00a0<\/span><span style=\"color: #ff0000\">PROGRAD. <\/span><\/address>\n<address style=\"text-align: center\">\u00a0<\/address>\n<p style=\"text-align: center\"><strong><a href=\"http:\/\/www2.unifap.br\/geografia\/files\/2018\/07\/Relat\u00f3rio-Docente-ou-T\u00e9cnico.pdf\" target=\"_blank\" rel=\"noopener\">RELAT\u00d3RIO DOCENTE OU T\u00c9CNICO<\/a>\u00a0<strong>(Entregar impresso na coordena\u00e7\u00e3o)<\/strong><\/strong><\/p>\n<address style=\"text-align: center\"><span style=\"color: #ff0000\">Obs.: Entregar at\u00e9 05 (cinco) dias ap\u00f3s a realiza\u00e7\u00e3o do trabalho de campo.\u00a0Caso o servidor n\u00e3o apresente o relat\u00f3rio de viagem, ficar\u00e1 impedido de<\/span><br \/>\n<span style=\"color: #ff0000\">solicita\u00e7\u00e3o e recebimento de novo aux\u00edlio, no \u00e2mbito local, nacional e\u00a0<\/span><span style=\"color: #ff0000\">internacional, seja pela UNIFAP ou outra institui\u00e7\u00e3o do sistema federal. <\/span><\/address>\n","protected":false},"excerpt":{"rendered":"<p>DOCUMENTOS E FORMUL\u00c1RIOS NECESS\u00c1RIOS PARA SOLICITAR APOIO LOG\u00cdSTICO A TRABALHO DE CAMPO &gt;&gt;&gt;&gt;&gt; Entregar requerimento para Trabalho de Campo com 30 dias de anteced\u00eancia&lt;&lt;&lt;&lt;&lt; Encaminhar os itens (2, 3 , 4 e 5) \u00e0 coordena\u00e7\u00e3o de geografia Obs.: Todas as&hellip; <\/p>\n<p><a href=\"https:\/\/www2.unifap.br\/geografia\/trabalho-de-campo\/\" class=\"readmore-button\">Continue Reading<\/a><\/p>\n","protected":false},"author":71,"featured_media":0,"parent":0,"menu_order":0,"comment_status":"open","ping_status":"open","template":"","meta":{"inline_featured_image":false,"ngg_post_thumbnail":0,"footnotes":""},"class_list":["post-1819","page","type-page","status-publish","hentry"],"_links":{"self":[{"href":"https:\/\/www2.unifap.br\/geografia\/wp-json\/wp\/v2\/pages\/1819","targetHints":{"allow":["GET"]}}],"collection":[{"href":"https:\/\/www2.unifap.br\/geografia\/wp-json\/wp\/v2\/pages"}],"about":[{"href":"https:\/\/www2.unifap.br\/geografia\/wp-json\/wp\/v2\/types\/page"}],"author":[{"embeddable":true,"href":"https:\/\/www2.unifap.br\/geografia\/wp-json\/wp\/v2\/users\/71"}],"replies":[{"embeddable":true,"href":"https:\/\/www2.unifap.br\/geografia\/wp-json\/wp\/v2\/comments?post=1819"}],"version-history":[{"count":64,"href":"https:\/\/www2.unifap.br\/geografia\/wp-json\/wp\/v2\/pages\/1819\/revisions"}],"predecessor-version":[{"id":2623,"href":"https:\/\/www2.unifap.br\/geografia\/wp-json\/wp\/v2\/pages\/1819\/revisions\/2623"}],"wp:attachment":[{"href":"https:\/\/www2.unifap.br\/geografia\/wp-json\/wp\/v2\/media?parent=1819"}],"curies":[{"name":"wp","href":"https:\/\/api.w.org\/{rel}","templated":true}]}}