{"id":206,"date":"2012-09-23T17:06:45","date_gmt":"2012-09-23T17:06:45","guid":{"rendered":"http:\/\/www2.unifap.br\/geografia\/?page_id=206"},"modified":"2013-11-08T16:50:28","modified_gmt":"2013-11-08T16:50:28","slug":"projetos-de-pesquisa","status":"publish","type":"page","link":"https:\/\/www2.unifap.br\/geografia\/projetos-de-pesquisa\/","title":{"rendered":"Projetos de Pesquisa"},"content":{"rendered":"<p style=\"text-align: center\"><strong>Projetos de Pesquisa desenvolvidos no Colegiado de Geografia cadastrados no Departamento de Pesquisa<\/strong><\/p>\n<p>&nbsp;<\/p>\n<p><strong><a href=\"http:\/\/www2.unifap.br\/geografia\/files\/2012\/09\/An\u00e1lise-de-risco-a-inunda\u00e7\u00e3o-na-cidade-de-Laranjal-do-Jari-estado-do-Amap\u00e1-compreens\u00e3o-an\u00e1lise-e-avalia\u00e7\u00e3o-para-o-Ordenamento-Territorial.1.pdf\">An\u00e1lise de risco a inunda\u00e7\u00e3o na cidade de Laranjal do Jari, estado do Amap\u00e1 compreens\u00e3o, an\u00e1lise e avalia\u00e7\u00e3o para o Ordenamento Territorial.<\/a> <\/strong><\/p>\n<p><span style=\"color: #000000\">Em andamento<\/span><\/p>\n<p><span style=\"color: #000000\">Coordenadora: Prof.\u00aa Msc Celina Marques do Esp\u00edrito Santo<\/span><\/p>\n<p><span style=\"color: #000000\"> Bolsistas envolvidos: Lu\u00eds Paulo<\/span><\/p>\n<p><strong><br \/>\n<\/strong><\/p>\n<p><strong><a href=\"http:\/\/www2.unifap.br\/geografia\/files\/2012\/09\/\u00c1REAS-PROTEGIDAS-CONFLITOS-SOCIOAMBIENTAIS-E-A-DIN\u00c2MICA-ESPACIAL-AMAPAENSE1.pdf\">\u00c1REAS PROTEGIDAS, CONFLITOS SOCIOAMBIENTAIS E A DIN\u00c2MICA ESPACIAL AMAPAENSE<\/a><\/strong><\/p>\n<p><span style=\"color: #000000\">Em andamento<\/span><\/p>\n<p><span style=\"color: #000000\">Coordenadora:\u00a0Prof.\u00aa Dr\u00aa Daguinete Maria Chaves Brito<\/span><\/p>\n<p><span style=\"color: #000000\"> Bolsistas envolvidos: Juliane Ferreira do Nascimento e Gabriel Augusto de Castro Dias<\/span><\/p>\n<p>&nbsp;<\/p>\n<p><strong><a href=\"http:\/\/www2.unifap.br\/geografia\/files\/2012\/09\/O-Estado-contra-o-Estado-Estrutura-Fundi\u00e1ria-e-Sujeitos-Sociais-da-luta-pela-terra-no-Amap\u00e1.pdf\">O Estado contra o Estado Estrutura Fundi\u00e1ria e Sujeitos Sociais da luta pela terra no Amap\u00e1<\/a><\/strong><\/p>\n<p><span style=\"color: #000000\">Em andamento<\/span><\/p>\n<p><span style=\"color: #000000\">Coordenadora:\u00a0Prof.\u00aa Msc Patr\u00edcia Rocha Chaves<\/span><\/p>\n<p><span style=\"color: #000000\">Bolsistas envolvidos:<\/span><\/p>\n<p>&nbsp;<\/p>\n<p><strong><a href=\"http:\/\/www2.unifap.br\/geografia\/files\/2012\/09\/Trilhas-Urbanas-uma-proposta-metodol\u00f3gica-de-experienciar-de-ver-e-ser-no-mundo.pdf\">Trilhas Urbanas uma proposta metodol\u00f3gica de experienciar, de ver e ser-no-mundo<\/a><\/strong><\/p>\n<p><span style=\"color: #000000\">Em andamento<\/span><\/p>\n<p><span style=\"color: #000000\">Coordenador: Prof. Dr. Pablo Sebastian Moreira Fernandez<\/span><\/p>\n<p><span style=\"color: #000000\">Bolsistas envolvidos: Leila Cardoso e Rosiane Corr\u00eaa dos Santos<\/span><\/p>\n","protected":false},"excerpt":{"rendered":"<p>Projetos de Pesquisa desenvolvidos no Colegiado de Geografia cadastrados no Departamento de Pesquisa &nbsp; An\u00e1lise de risco a inunda\u00e7\u00e3o na cidade de Laranjal do Jari, estado do Amap\u00e1 compreens\u00e3o, an\u00e1lise e avalia\u00e7\u00e3o para o Ordenamento Territorial. Em andamento Coordenadora: Prof.\u00aa&hellip; <\/p>\n<p><a href=\"https:\/\/www2.unifap.br\/geografia\/projetos-de-pesquisa\/\" class=\"readmore-button\">Continue Reading<\/a><\/p>\n","protected":false},"author":72,"featured_media":0,"parent":0,"menu_order":6,"comment_status":"open","ping_status":"closed","template":"template-twocolumns-left.php","meta":{"inline_featured_image":false,"ngg_post_thumbnail":0,"footnotes":""},"class_list":["post-206","page","type-page","status-publish","hentry"],"_links":{"self":[{"href":"https:\/\/www2.unifap.br\/geografia\/wp-json\/wp\/v2\/pages\/206","targetHints":{"allow":["GET"]}}],"collection":[{"href":"https:\/\/www2.unifap.br\/geografia\/wp-json\/wp\/v2\/pages"}],"about":[{"href":"https:\/\/www2.unifap.br\/geografia\/wp-json\/wp\/v2\/types\/page"}],"author":[{"embeddable":true,"href":"https:\/\/www2.unifap.br\/geografia\/wp-json\/wp\/v2\/users\/72"}],"replies":[{"embeddable":true,"href":"https:\/\/www2.unifap.br\/geografia\/wp-json\/wp\/v2\/comments?post=206"}],"version-history":[{"count":13,"href":"https:\/\/www2.unifap.br\/geografia\/wp-json\/wp\/v2\/pages\/206\/revisions"}],"predecessor-version":[{"id":2030,"href":"https:\/\/www2.unifap.br\/geografia\/wp-json\/wp\/v2\/pages\/206\/revisions\/2030"}],"wp:attachment":[{"href":"https:\/\/www2.unifap.br\/geografia\/wp-json\/wp\/v2\/media?parent=206"}],"curies":[{"name":"wp","href":"https:\/\/api.w.org\/{rel}","templated":true}]}}