{"id":2624,"date":"2022-10-21T19:24:04","date_gmt":"2022-10-21T19:24:04","guid":{"rendered":"https:\/\/www2.unifap.br\/geografia\/?page_id=2624"},"modified":"2022-10-27T14:31:11","modified_gmt":"2022-10-27T14:31:11","slug":"requerimentos","status":"publish","type":"page","link":"https:\/\/www2.unifap.br\/geografia\/requerimentos\/","title":{"rendered":"REQUERIMENTOS"},"content":{"rendered":"<p><span style=\"color: #800000\"><strong>Obs.: Necess\u00e1rio ter uma conta google para acessar o formul\u00e1rio.<\/strong><\/span><\/p>\n<p><span style=\"color: #800000\"><strong>Caso n\u00e3o tenha uma conta do Google voc\u00ea pode enviar sua solicita\u00e7\u00e3o para o email institucional do Curso: geografia@unifap.br ou comparecer \u00e0 Coordena\u00e7\u00e3o.<\/strong><\/span><\/p>\n<p><strong><span style=\"color: #000000\">Para requerimentos via internet acesse o link abaixo:<\/span><\/strong><\/p>\n<p><strong><a href=\"https:\/\/forms.gle\/9LHHhYx3wUDvKmGa8\" target=\"_blank\" rel=\"noopener\">&gt;&gt;&gt; Formul\u00e1rio para Requerimentos &lt;&lt;&lt;<\/a><\/strong><\/p>\n","protected":false},"excerpt":{"rendered":"<p>Obs.: Necess\u00e1rio ter uma conta google para acessar o formul\u00e1rio. Caso n\u00e3o tenha uma conta do Google voc\u00ea pode enviar sua solicita\u00e7\u00e3o para o email institucional do Curso: geografia@unifap.br ou comparecer \u00e0 Coordena\u00e7\u00e3o. Para requerimentos via internet acesse o link&hellip; <\/p>\n<p><a href=\"https:\/\/www2.unifap.br\/geografia\/requerimentos\/\" class=\"readmore-button\">Continue Reading<\/a><\/p>\n","protected":false},"author":71,"featured_media":0,"parent":0,"menu_order":0,"comment_status":"closed","ping_status":"closed","template":"","meta":{"inline_featured_image":false,"ngg_post_thumbnail":0,"footnotes":""},"class_list":["post-2624","page","type-page","status-publish","hentry"],"_links":{"self":[{"href":"https:\/\/www2.unifap.br\/geografia\/wp-json\/wp\/v2\/pages\/2624","targetHints":{"allow":["GET"]}}],"collection":[{"href":"https:\/\/www2.unifap.br\/geografia\/wp-json\/wp\/v2\/pages"}],"about":[{"href":"https:\/\/www2.unifap.br\/geografia\/wp-json\/wp\/v2\/types\/page"}],"author":[{"embeddable":true,"href":"https:\/\/www2.unifap.br\/geografia\/wp-json\/wp\/v2\/users\/71"}],"replies":[{"embeddable":true,"href":"https:\/\/www2.unifap.br\/geografia\/wp-json\/wp\/v2\/comments?post=2624"}],"version-history":[{"count":20,"href":"https:\/\/www2.unifap.br\/geografia\/wp-json\/wp\/v2\/pages\/2624\/revisions"}],"predecessor-version":[{"id":2656,"href":"https:\/\/www2.unifap.br\/geografia\/wp-json\/wp\/v2\/pages\/2624\/revisions\/2656"}],"wp:attachment":[{"href":"https:\/\/www2.unifap.br\/geografia\/wp-json\/wp\/v2\/media?parent=2624"}],"curies":[{"name":"wp","href":"https:\/\/api.w.org\/{rel}","templated":true}]}}