{"id":2836,"date":"2025-03-26T21:22:37","date_gmt":"2025-03-26T21:22:37","guid":{"rendered":"https:\/\/www2.unifap.br\/geografia\/?page_id=2836"},"modified":"2025-04-26T00:10:51","modified_gmt":"2025-04-26T00:10:51","slug":"eleicoes-para-coordenacao-do-curso-de-bacharelado-em-geografia-2025-2","status":"publish","type":"page","link":"https:\/\/www2.unifap.br\/geografia\/eleicoes-para-coordenacao-do-curso-de-bacharelado-em-geografia-2025-2\/","title":{"rendered":"ELEI\u00c7\u00d5ES PARA COORDENA\u00c7\u00c3O DO CURSO DE BACHARELADO EM GEOGRAFIA 2025"},"content":{"rendered":"<p><span class=\"fontstyle0\">A Comiss\u00e3o Eleitoral, institu\u00edda pela Portaria N\u00ba. 0483\/2025, no uso de suas atribui\u00e7\u00f5es legais, e em conson\u00e2ncia com a Resolu\u00e7\u00e3o CONSU\/UNIFAP N\u00ba. 12, de 16 de abril de 2018 torna p\u00fablica a abertura de inscri\u00e7\u00f5es e estabelece as normas para a realiza\u00e7\u00e3o das elei\u00e7\u00f5es para a escolha de Coordenador e Vice-Coordenador, bi\u00eanio 2025-2027, do Curso de Bacharelado em Geografia do Campus Marco Zero, na cidade de Macap\u00e1, Estado do Amap\u00e1, observadas as disposi\u00e7\u00f5es legais aplic\u00e1veis \u00e0 esp\u00e9cie e as normas contidas neste Edital e seus anexos.<\/span><\/p>\n<p><strong>As inscri\u00e7\u00f5es<\/strong> dever\u00e3o ser efetuadas de <strong>26 a 31 de mar\u00e7o de 2025<\/strong>, exclusivamente via requerimento dirigido \u00e0 Comiss\u00e3o Eleitoral para email: <strong>eleicaoccbg2025@gmail.com<\/strong>, no formato digital, por meio de formul\u00e1rio eletr\u00f4nico dispon\u00edvel no endere\u00e7o eletr\u00f4nico <strong>https:\/\/www2.unifap.br\/geografia\/eleicoes-para-coordenacao-do-curso-de-bacharelado-em-geografia2025\/<\/strong> e anexo a este edital.<\/p>\n<p>&nbsp;<\/p>\n<p><strong><a href=\"http:\/\/www2.unifap.br\/geografia\/files\/2025\/03\/Edital_01-2025-CCBG-UNIFAP.pdf\" target=\"_blank\" rel=\"noopener\">26.03.2025 &#8211; Edital 01\/2025 &#8211; CCBG\/UNIFAP<\/a><\/strong><\/p>\n<p><a href=\"http:\/\/www2.unifap.br\/geografia\/files\/2025\/03\/Edital_01-2025-CCBG-UNIFAP-Anexo-I.pdf\" target=\"_blank\" rel=\"noopener\"><strong>27.03.2025 &#8211; Anexo I &#8211; Requerimento para registro de candidatura<\/strong><\/a><\/p>\n<p><a href=\"http:\/\/www2.unifap.br\/geografia\/files\/2025\/03\/Edital_01-2025-CCBG-UNIFAP-Declaracao-para-autorizacao-de-atos-eleitorais.pdf\" target=\"_blank\" rel=\"noopener\"><strong>27.03.2025 &#8211; Anexo II &#8211; Declara\u00e7\u00e3o para publica\u00e7\u00e3o de atos eleitorais<\/strong><\/a><\/p>\n<p><a href=\"http:\/\/www2.unifap.br\/geografia\/files\/2025\/03\/Edital_01-2025-CCBG-UNIFAP-Anexo-III.pdf\" target=\"_blank\" rel=\"noopener\"><strong>27.03.2025 &#8211; Anexo III &#8211; Inscri\u00e7\u00e3o de Fiscais<\/strong><\/a><\/p>\n<p><a href=\"http:\/\/www2.unifap.br\/geografia\/files\/2025\/03\/Edital_01-2025-CCBG-UNIFAP-Anexo-4.pdf\" target=\"_blank\" rel=\"noopener\"><strong>27.03.2025 &#8211; Anexo III &#8211; Declara\u00e7\u00e3o de escolha de voto<\/strong><\/a><\/p>\n<p><a href=\"http:\/\/www2.unifap.br\/geografia\/files\/2025\/03\/FORMULARIO-PARA-INTERPOSICAO-DE-RECURSOS.pdf\" target=\"_blank\" rel=\"noopener\"><strong>27.03.2025 &#8211; Formul\u00e1rio para recursos<\/strong><\/a><\/p>\n<p><a href=\"http:\/\/www2.unifap.br\/geografia\/files\/2025\/04\/Retificacao-do-Cronograma.pdf\" target=\"_blank\" rel=\"noopener\"><strong>31.03.2025 &#8211; Retifica\u00e7\u00e3o 1 &#8211; Altera\u00e7\u00e3o do Cronograma<\/strong><\/a><\/p>\n<p><strong><a href=\"http:\/\/www2.unifap.br\/geografia\/files\/2025\/04\/LISTA-PARCIAL-DE-CANDIDATURAS.pdf\" target=\"_blank\" rel=\"noopener\">02.04.2025 &#8211; Lista Parcial de Candidaturas<\/a>\u00a0<\/strong><\/p>\n<p><a href=\"http:\/\/www2.unifap.br\/geografia\/files\/2025\/04\/Lista-definitiva.pdf\" target=\"_blank\" rel=\"noopener\"><strong>08.04.2025 &#8211; Lista Definitiva de Candidaturas<\/strong><\/a><\/p>\n<p><a href=\"http:\/\/www2.unifap.br\/geografia\/files\/2025\/04\/Lista-de-academicos-APTOS-PARA-ELEICAO.pdf\" target=\"_blank\" rel=\"noopener\"><strong>09.04.2025 &#8211; Lista provis\u00f3ria de acad\u00eamicos aptos a votar (atualizado)\u00a0<\/strong><\/a><\/p>\n<p><a href=\"http:\/\/www2.unifap.br\/geografia\/files\/2025\/04\/2-Retificacao-do-Cronograma.pdf\" target=\"_blank\" rel=\"noopener\"><strong>09.04.2025 &#8211; Retifica\u00e7\u00e3o 2 &#8211; Altera\u00e7\u00e3o do Cronograma &#8211; Disp\u00f5e de novo prazo para recurso frente \u00e0 lista de discentes aptos a votar<\/strong><\/a><\/p>\n<p><a href=\"http:\/\/www2.unifap.br\/geografia\/files\/2025\/04\/Terceira-retificacao.pdf\" target=\"_blank\" rel=\"noopener\"><strong>14.04.2025 &#8211; Retifica\u00e7\u00e3o 3 &#8211; Data e hor\u00e1rio de vota\u00e7\u00e3o e dos aptos a votar<\/strong><\/a><\/p>\n<p><a href=\"http:\/\/www2.unifap.br\/geografia\/files\/2025\/04\/Lista-de-Discentes.pdf\" target=\"_blank\" rel=\"noopener\"><strong>14.04.2025 &#8211; Lista definitiva de acad\u00eamicos aptos a votar<\/strong><\/a><\/p>\n<p><strong><a href=\"http:\/\/www2.unifap.br\/geografia\/files\/2025\/04\/Resultado-Provisorio.pdf\" target=\"_blank\" rel=\"noopener\">16.04.2025 &#8211; RESULTADO PROVIS\u00d3RIO<\/a><\/strong><\/p>\n<p><a href=\"http:\/\/www2.unifap.br\/geografia\/files\/2025\/04\/Resultado-Final.pdf\" target=\"_blank\" rel=\"noopener\"><strong>22.04.2025 &#8211; RESULTADO FINAL<\/strong><\/a><\/p>\n","protected":false},"excerpt":{"rendered":"<p>A Comiss\u00e3o Eleitoral, institu\u00edda pela Portaria N\u00ba. 0483\/2025, no uso de suas atribui\u00e7\u00f5es legais, e em conson\u00e2ncia com a Resolu\u00e7\u00e3o CONSU\/UNIFAP N\u00ba. 12, de 16 de abril de 2018 torna p\u00fablica a abertura de inscri\u00e7\u00f5es e estabelece as normas para&hellip; <\/p>\n<p><a href=\"https:\/\/www2.unifap.br\/geografia\/eleicoes-para-coordenacao-do-curso-de-bacharelado-em-geografia-2025-2\/\" class=\"readmore-button\">Continue Reading<\/a><\/p>\n","protected":false},"author":71,"featured_media":0,"parent":0,"menu_order":0,"comment_status":"closed","ping_status":"closed","template":"","meta":{"inline_featured_image":false,"ngg_post_thumbnail":0,"footnotes":""},"class_list":["post-2836","page","type-page","status-publish","hentry"],"_links":{"self":[{"href":"https:\/\/www2.unifap.br\/geografia\/wp-json\/wp\/v2\/pages\/2836","targetHints":{"allow":["GET"]}}],"collection":[{"href":"https:\/\/www2.unifap.br\/geografia\/wp-json\/wp\/v2\/pages"}],"about":[{"href":"https:\/\/www2.unifap.br\/geografia\/wp-json\/wp\/v2\/types\/page"}],"author":[{"embeddable":true,"href":"https:\/\/www2.unifap.br\/geografia\/wp-json\/wp\/v2\/users\/71"}],"replies":[{"embeddable":true,"href":"https:\/\/www2.unifap.br\/geografia\/wp-json\/wp\/v2\/comments?post=2836"}],"version-history":[{"count":50,"href":"https:\/\/www2.unifap.br\/geografia\/wp-json\/wp\/v2\/pages\/2836\/revisions"}],"predecessor-version":[{"id":2934,"href":"https:\/\/www2.unifap.br\/geografia\/wp-json\/wp\/v2\/pages\/2836\/revisions\/2934"}],"wp:attachment":[{"href":"https:\/\/www2.unifap.br\/geografia\/wp-json\/wp\/v2\/media?parent=2836"}],"curies":[{"name":"wp","href":"https:\/\/api.w.org\/{rel}","templated":true}]}}