{"id":482,"date":"2013-02-19T15:37:46","date_gmt":"2013-02-19T15:37:46","guid":{"rendered":"http:\/\/www2.unifap.br\/geografia\/?page_id=482"},"modified":"2013-07-01T18:00:35","modified_gmt":"2013-07-01T18:00:35","slug":"plano-nac-de-for-de-prof","status":"publish","type":"page","link":"https:\/\/www2.unifap.br\/geografia\/coordenacao-cogeoparfor\/plano-nac-de-for-de-prof\/","title":{"rendered":"Plano Nac. de Form. de Prof."},"content":{"rendered":"<h1><a href=\"http:\/\/www2.unifap.br\/parfor\/o-que-e\/plano-nacional-de-formacao-de-professores\/\">Plano Nacional de Forma\u00e7\u00e3o de Professores<\/a><\/h1>\n<div>\n<ul>\n<li>Voc\u00ea est\u00e1 em<\/li>\n<li><a title=\"Plano nacional de forma\u00e7\u00e3o de professores\" href=\"http:\/\/freire.mec.gov.br\/index\/principal\">Plano nacional de forma\u00e7\u00e3o de professores<\/a><\/li>\n<\/ul>\n<\/div>\n<p>&nbsp;<\/p>\n<h3>Calend\u00e1rio<\/h3>\n<table>\n<caption><strong>CALEND\u00c1RIO PARFOR PRESENCIAL<\/strong><\/caption>\n<thead>\n<tr>\n<th width=\"70%\">ATIVIDADES<\/th>\n<th width=\"30%\">PRAZOS<\/th>\n<\/tr>\n<\/thead>\n<tbody>\n<tr>\n<td width=\"70%\">Inser\u00e7\u00e3o da demanda 2013, pelas Secretarias estaduais e Municipais, na Plataforma Freire<\/td>\n<td width=\"30%\"><strong>10\/09\/2012 a 22\/10\/2012<\/strong><\/td>\n<\/tr>\n<tr>\n<td width=\"70%\">Disponibiliza\u00e7\u00e3o do Mapa da Demanda 2013 para as IES, F\u00f3runs e UNDIMES<\/td>\n<td width=\"30%\"><strong>23\/10\/2012<\/strong><\/td>\n<\/tr>\n<tr>\n<td width=\"70%\">Inser\u00e7\u00e3o, pelas IES, da oferta de cursos e vagas, na Plataforma Freire<\/td>\n<td width=\"30%\"><strong>24\/10\/2012 a 26\/11\/2012<\/strong><\/td>\n<\/tr>\n<tr>\n<td width=\"70%\">&nbsp;<\/p>\n<p>&nbsp;<\/p>\n<p>Disponibiliza\u00e7\u00e3o do Quadro de Ofertas de Cursos e Vagas 2013 para fins de an\u00e1lise, ajustes e aprova\u00e7\u00e3o, pelos F\u00f3runs Estaduais;<\/p>\n<p>Ativa\u00e7\u00e3o, pelos F\u00f3runs, dos cursos e vagas aprovados, na Plataforma Freire<\/p>\n<p>&nbsp;<\/p>\n<p>&nbsp;<\/td>\n<td width=\"30%\"><strong>27\/11\/2012 a 04\/02\/2013<\/strong><\/td>\n<\/tr>\n<tr>\n<td width=\"70%\">An\u00e1lise, homologa\u00e7\u00e3o e publica\u00e7\u00e3o, pela Capes, do Quadro de Oferta de Cursos e Vagas 2013 aprovado pelos F\u00f3runs<\/td>\n<td width=\"30%\"><strong>05\/02\/2013 a 10\/02\/2013<\/strong><\/td>\n<\/tr>\n<tr>\n<td width=\"70%\">Per\u00edodo de pr\u00e9-inscri\u00e7\u00e3o na Plataforma Freire<\/td>\n<td width=\"30%\"><strong>11\/02\/2013 a 18\/03\/2013<\/strong><\/td>\n<\/tr>\n<tr>\n<td width=\"70%\">Per\u00edodo de valida\u00e7\u00e3o das pr\u00e9-inscri\u00e7\u00f5es pelas Secretarias de Educa\u00e7\u00e3o estaduais e municipais<\/td>\n<td width=\"30%\"><strong>19\/03\/2013 a 15\/04\/2013<\/strong><\/td>\n<\/tr>\n<tr>\n<td width=\"70%\">Disponibiliza\u00e7\u00e3o da rela\u00e7\u00e3o de pr\u00e9-inscritos validados<\/td>\n<td width=\"30%\"><strong>16\/04\/2013<\/strong><\/td>\n<\/tr>\n<tr>\n<td width=\"70%\">&nbsp;<\/p>\n<p>Per\u00edodo de sele\u00e7\u00e3o dos pr\u00e9-inscritos pelas IES;<\/p>\n<p>Registro, pelas IES, dos pr\u00e9-inscritos selecionados<\/p>\n<p>&nbsp;<\/td>\n<td width=\"30%\"><strong>17\/04\/2013 a 17\/05\/2013<\/strong><\/td>\n<\/tr>\n<tr>\n<td width=\"70%\">Per\u00edodo de matr\u00edcula e registro, pelas IES, dos matriculados na Plataforma Freire<\/td>\n<td width=\"30%\"><strong>20\/05\/2013 a 21\/06\/2013<\/strong><\/td>\n<\/tr>\n<tr>\n<td width=\"70%\">Ajuste ou envio do PTA e solicita\u00e7\u00e3o do Termo de Refer\u00eancia \u00e0 Capes, pelas IES<\/td>\n<td width=\"30%\"><strong>24\/06\/2013 a 05\/07\/2013<\/strong><\/td>\n<\/tr>\n<tr>\n<td width=\"70%\">An\u00e1lise, pela Capes, do PTA\/Termo de Refer\u00eancia e repasse dos recursos<\/td>\n<td width=\"30%\"><strong>06\/07\/2013 a 19\/07\/2013<\/strong><\/td>\n<\/tr>\n<\/tbody>\n<\/table>\n<p>&nbsp;<\/p>\n<p>Inscri\u00e7\u00e3o de novos alunos atrav\u00e9s do site:<\/p>\n<p><a href=\"http:\/\/freire.mec.gov.br\/index\/principal\">http:\/\/freire.mec.gov.br\/index\/principal<\/a><\/p>\n<p><a href=\"http:\/\/www.capes.gov.br\/\">http:\/\/www.capes.gov.br\/<\/a><\/p>\n<p>&nbsp;<\/p>\n","protected":false},"excerpt":{"rendered":"<p>Plano Nacional de Forma\u00e7\u00e3o de Professores Voc\u00ea est\u00e1 em Plano nacional de forma\u00e7\u00e3o de professores &nbsp; Calend\u00e1rio CALEND\u00c1RIO PARFOR PRESENCIAL ATIVIDADES PRAZOS Inser\u00e7\u00e3o da demanda 2013, pelas Secretarias estaduais e Municipais, na Plataforma Freire 10\/09\/2012 a 22\/10\/2012 Disponibiliza\u00e7\u00e3o do Mapa&hellip; <\/p>\n<p><a href=\"https:\/\/www2.unifap.br\/geografia\/coordenacao-cogeoparfor\/plano-nac-de-for-de-prof\/\" class=\"readmore-button\">Continue Reading<\/a><\/p>\n","protected":false},"author":117,"featured_media":0,"parent":423,"menu_order":2,"comment_status":"open","ping_status":"open","template":"template-twocolumns-left.php","meta":{"inline_featured_image":false,"ngg_post_thumbnail":0,"footnotes":""},"class_list":["post-482","page","type-page","status-publish","hentry"],"_links":{"self":[{"href":"https:\/\/www2.unifap.br\/geografia\/wp-json\/wp\/v2\/pages\/482","targetHints":{"allow":["GET"]}}],"collection":[{"href":"https:\/\/www2.unifap.br\/geografia\/wp-json\/wp\/v2\/pages"}],"about":[{"href":"https:\/\/www2.unifap.br\/geografia\/wp-json\/wp\/v2\/types\/page"}],"author":[{"embeddable":true,"href":"https:\/\/www2.unifap.br\/geografia\/wp-json\/wp\/v2\/users\/117"}],"replies":[{"embeddable":true,"href":"https:\/\/www2.unifap.br\/geografia\/wp-json\/wp\/v2\/comments?post=482"}],"version-history":[{"count":9,"href":"https:\/\/www2.unifap.br\/geografia\/wp-json\/wp\/v2\/pages\/482\/revisions"}],"predecessor-version":[{"id":487,"href":"https:\/\/www2.unifap.br\/geografia\/wp-json\/wp\/v2\/pages\/482\/revisions\/487"}],"up":[{"embeddable":true,"href":"https:\/\/www2.unifap.br\/geografia\/wp-json\/wp\/v2\/pages\/423"}],"wp:attachment":[{"href":"https:\/\/www2.unifap.br\/geografia\/wp-json\/wp\/v2\/media?parent=482"}],"curies":[{"name":"wp","href":"https:\/\/api.w.org\/{rel}","templated":true}]}}