{"id":594,"date":"2013-04-19T02:11:22","date_gmt":"2013-04-19T02:11:22","guid":{"rendered":"http:\/\/www2.unifap.br\/geografia\/?page_id=594"},"modified":"2022-05-30T13:30:59","modified_gmt":"2022-05-30T13:30:59","slug":"comissoes-e-representacoes","status":"publish","type":"page","link":"https:\/\/www2.unifap.br\/geografia\/comissoes-e-representacoes\/","title":{"rendered":"Comiss\u00f5es,  Representa\u00e7\u00f5es e Coordenadores de Laborat\u00f3rio"},"content":{"rendered":"<p><strong>N\u00facleo Docente Estruturante &#8211; NDE &#8211; Licenciatura em Geografia <\/strong><a href=\"http:\/\/www2.unifap.br\/geografia\/files\/2022\/05\/portaria.pdf\">portaria<\/a><\/p>\n<p>Presidente: Prof. Dr. Emmanuel Raimundo Costa Santos<\/p>\n<p>Prof. Dr. Roni Mayer Lomba<\/p>\n<p>Prof\u00aa Dr\u00aa Eliane Aparecida Cabral da Silva<\/p>\n<p>Prof. Dr. Alexandro Francisco Camargo<\/p>\n<p>Prof\u00aa Dr\u00aa Rosana Torrinha da Silva Farias<\/p>\n<p>Prof\u00aa Dr\u00aa Patr\u00edcia Rocha Chaves<\/p>\n<p>Prof\u00aa Dr\u00aa Liliane Rodrigues Soares<\/p>\n<p>&nbsp;<\/p>\n<p><strong><a href=\"http:\/\/www2.unifap.br\/geografia\/files\/2020\/08\/portaria-NDE-bacharel.pdf\">N\u00facleo Docente Estruturante &#8211; NDE &#8211; Bacharelado em Geografia<\/a><\/strong><\/p>\n<p>Presidente: Prof\u00aa Dr\u00aa Liliane Rodrigues Soares<\/p>\n<p>Prof. Dr. Jean Cla\u00fadio Santos Fonseca<\/p>\n<p>Prof\u00aa Dr\u00aa Celina Marques do Esp\u00edrito Santo<\/p>\n<p>Prof. Dr. Genival Fernandes Rocha<\/p>\n<p>Prof\u00aa Dr\u00aa Daguinete Maria Chaves Brito<\/p>\n<p>Prof\u00aa Dr\u00aa Jucilene Amorim Costa<\/p>\n<p>Prof\u00aa Dr\u00aa Renata dos Santos<\/p>\n<p>&nbsp;<\/p>\n<p>&nbsp;<\/p>\n<p>&nbsp;<\/p>\n<p style=\"text-align: center\"><a href=\"http:\/\/www2.unifap.br\/geografia\/files\/2020\/08\/Portaria_coordena\u00e7\u00e3o-laborat\u00f3rio-8.pdf\"><strong>COORDENA\u00c7\u00d5ES DE LABORAT\u00d3RIOS<\/strong><\/a><\/p>\n<p style=\"text-align: center\"><strong>\u00a0<\/strong><\/p>\n<p><strong>Coordenadora do Laborat\u00f3rio de Pesquisa e Ensino de Geografia &#8211; <a href=\"https:\/\/www.instagram.com\/lapegeo\/\">LAPEGEO<\/a><\/strong><\/p>\n<p>Prof\u00aa Dr\u00aa Eliane Aparecida Cabral da Silva<\/p>\n<p><strong>Coordenador do Laborat\u00f3rio de An\u00e1lise S\u00f3cio-Espacial &#8211; LASEA<\/strong><\/p>\n<p>Prof. Dr. Jean Cl\u00e1udio Santos Fonseca<\/p>\n<p><strong>Coordenadora do Laborat\u00f3rio de Geomorfologia e Solos &#8211; LAGESOL<\/strong><\/p>\n<p>Prof\u00aa Dr\u00aa Jucilene Amorim Costa<\/p>\n<p><strong>Coordenador do Laborat\u00f3rio de Geoprocessamento e Sensoriamento Remoto &#8211; GEOSEN<\/strong><\/p>\n<p>Prof. Dr. Jos\u00e9 Francisco de Carvalho Ferreira<\/p>\n<p><strong>Coordenador do Laborat\u00f3rio de Geografia Agr\u00e1ria e Urbana &#8211; LAGAU<\/strong><\/p>\n<p>Prof. Dr. Emmanuel Raimundo Costa Santos<\/p>\n<p>Prof\u00aa Dr\u00aa K\u00e1tia Souza Rangel (vice)<\/p>\n<p><strong>Coordenador do Laborat\u00f3rio de Cartografia e An\u00e1lise Ambiental &#8211; LACARTA<\/strong><\/p>\n<p>Prof. Dr. Genival Fernandes Rocha<\/p>\n<p><strong>Coordenadora do Laborat\u00f3rio de An\u00e1lise Clim\u00e1tica e Hidrogr\u00e1fica &#8211; LABACH<\/strong><\/p>\n<p>Prof\u00aa Dr\u00aa Celina Marques do Esp\u00edrito Santo<\/p>\n<p>&nbsp;<\/p>\n<p>&nbsp;<\/p>\n<p style=\"text-align: center\"><strong>COMISS\u00d5ES<\/strong><\/p>\n<p>&nbsp;<\/p>\n<p><strong><a href=\"http:\/\/www2.unifap.br\/geografia\/files\/2020\/08\/portaria-0931-2020-Comiss\u00e3o-Especial.pdf\">Comiss\u00e3o especial de Planejamento Estrat\u00e9gico durante a pandemia<\/a><\/strong><\/p>\n<p><strong>Coordena\u00e7\u00e3o do curso de Licenciatura em Geografia:\u00a0<\/strong><\/p>\n<p>Prof\u00aa Dr\u00aa K\u00e1tia Souza Rangel<\/p>\n<p><strong>Coordena\u00e7\u00e3o do curso de bacharelado em Geografia:<\/strong><\/p>\n<p>Prof\u00aa Dr\u00aa Liliane Rodrigues Soares<\/p>\n<p><strong>Mestrado em Geografia:<\/strong><\/p>\n<p>Prof. Dr. Roni Mayer Lomba<br \/>\nProf. Dr. Emmanuel Raimundo Costa Santos<\/p>\n<p><strong>Mestrado em Desenvolvimento Regional<\/strong><\/p>\n<p>Prof. Dr. Jos\u00e9 Francisco de Carvalho Ferreira<\/p>\n<p>&nbsp;<\/p>\n<p><strong><a href=\"http:\/\/www2.unifap.br\/geografia\/files\/2020\/08\/portariaComiss\u00e3oInterioriza\u00e7\u00e3o.pdf\">Comiss\u00e3o de Estudos para Implanta\u00e7\u00e3o da Interioriza\u00e7\u00e3o do Curso de Licenciatura em Geografia<\/a><\/strong><\/p>\n<p>Prof. Dr. Jean Cla\u00fadio Santos Fonseca<\/p>\n<p>Prof. Dr. Emmanuel Raimundo Costa Santos<\/p>\n<p>Prof\u00aa Dr\u00aa Liliane Rodrigues Soares<\/p>\n<p>Prof\u00aa Dr\u00aa Renata dos Santos<\/p>\n<p>&nbsp;<\/p>\n<p><strong><a href=\"http:\/\/www2.unifap.br\/geografia\/files\/2020\/08\/portariaComiss\u00e3oCapta\u00e7\u00e3oRecursoPPGEO.pdf\">Comiss\u00e3o de Capta\u00e7\u00e3o de Recursos do Programa de P\u00f3s Gradua\u00e7\u00e3o em Geografia (mestrado)<\/a><\/strong><\/p>\n<p>Prof. Dr. Valter Gama de Avelar<\/p>\n<p>Prof. Dr. Emmanuel Raimundo Costa Santos<\/p>\n<p>Prof\u00aa Dr\u00aa Jucilene Amorim Costa<\/p>\n<p>Prof\u00aa Dr\u00aa Daguinete Maria Chaves Brito<\/p>\n<p>Prof. Dr. Genival Fernandes Rocha<\/p>\n<p>&nbsp;<\/p>\n<p><strong>Comiss\u00e3o das Elei\u00e7\u00f5es para Coordenador(a) e Vice-Coordenador(a) na gest\u00e3o 2021-2022<\/strong><\/p>\n<p>Representante Docente:<\/p>\n<p>Representante \u00a0T\u00e9cnico:<\/p>\n<p>Representante Discente:<\/p>\n<p>&nbsp;<\/p>\n<p>&nbsp;<\/p>\n<p style=\"text-align: center\"><strong>REPRESENTA\u00c7\u00d5ES<\/strong><\/p>\n<p><strong>Representante do Colegiado de Geografia no Conselho Universit\u00e1rio &#8211; CONSU &#8211; gest\u00e3o 2019-2020 ?<\/strong><\/p>\n<p>Titular: Prof\u00aa Dr\u00aa K\u00e1tia Souza Rangel<\/p>\n<p>Suplente: ?<\/p>\n<p>&nbsp;<\/p>\n<p>&nbsp;<\/p>\n<p><strong>Representante no Conselho Estadual de Meio Ambiente &#8211; COEMA &#8211; gest\u00e3o (ano)<\/strong><\/p>\n<p>Titular: Prof. Dr. Marcelo Oliveira (Ci\u00eancias Ambientais)<\/p>\n<p>Suplente: Prof\u00aa Dr\u00aa Daguinete Maria Chaves Brito<\/p>\n<p>&nbsp;<\/p>\n<p><strong><a href=\"http:\/\/www2.unifap.br\/geografia\/files\/2020\/08\/portaria-1379-2018-daguinete-e-juci-2.pdf\">Representante no Conselho Consultivo da REBIO Lago Piratuba gest\u00e3o 2018 &#8211; atual<\/a> <\/strong><\/p>\n<p>Titular: Prof.\u00aa Dr\u00aa Daguinete Maria Chaves Brito<\/p>\n<p>Suplente: Prof\u00aa Dr\u00aa Jucilene Amorim Costa<\/p>\n<p>&nbsp;<\/p>\n<p><strong>Representante no Conselho Consultivo da Esta\u00e7\u00e3o Ecol\u00f3gica Marac\u00e1-Jipioca gest\u00e3o 2013-2015 ?<\/strong><\/p>\n<p>Titular: ?<\/p>\n<p>Suplente: ?<\/p>\n<p>&nbsp;<\/p>\n<p>&nbsp;<\/p>\n<p>&nbsp;<\/p>\n<p>&nbsp;<\/p>\n<p>&nbsp;<\/p>\n<p>&nbsp;<\/p>\n<p>&nbsp;<\/p>\n<p>&nbsp;<\/p>\n","protected":false},"excerpt":{"rendered":"<p>N\u00facleo Docente Estruturante &#8211; NDE &#8211; Licenciatura em Geografia portaria Presidente: Prof. Dr. Emmanuel Raimundo Costa Santos Prof. Dr. Roni Mayer Lomba Prof\u00aa Dr\u00aa Eliane Aparecida Cabral da Silva Prof. Dr. Alexandro Francisco Camargo Prof\u00aa Dr\u00aa Rosana Torrinha da Silva&hellip; <\/p>\n<p><a href=\"https:\/\/www2.unifap.br\/geografia\/comissoes-e-representacoes\/\" class=\"readmore-button\">Continue Reading<\/a><\/p>\n","protected":false},"author":72,"featured_media":0,"parent":0,"menu_order":11,"comment_status":"open","ping_status":"open","template":"","meta":{"inline_featured_image":false,"ngg_post_thumbnail":0,"footnotes":""},"class_list":["post-594","page","type-page","status-publish","hentry"],"_links":{"self":[{"href":"https:\/\/www2.unifap.br\/geografia\/wp-json\/wp\/v2\/pages\/594","targetHints":{"allow":["GET"]}}],"collection":[{"href":"https:\/\/www2.unifap.br\/geografia\/wp-json\/wp\/v2\/pages"}],"about":[{"href":"https:\/\/www2.unifap.br\/geografia\/wp-json\/wp\/v2\/types\/page"}],"author":[{"embeddable":true,"href":"https:\/\/www2.unifap.br\/geografia\/wp-json\/wp\/v2\/users\/72"}],"replies":[{"embeddable":true,"href":"https:\/\/www2.unifap.br\/geografia\/wp-json\/wp\/v2\/comments?post=594"}],"version-history":[{"count":29,"href":"https:\/\/www2.unifap.br\/geografia\/wp-json\/wp\/v2\/pages\/594\/revisions"}],"predecessor-version":[{"id":2533,"href":"https:\/\/www2.unifap.br\/geografia\/wp-json\/wp\/v2\/pages\/594\/revisions\/2533"}],"wp:attachment":[{"href":"https:\/\/www2.unifap.br\/geografia\/wp-json\/wp\/v2\/media?parent=594"}],"curies":[{"name":"wp","href":"https:\/\/api.w.org\/{rel}","templated":true}]}}