{"id":1464,"date":"2023-09-27T13:48:43","date_gmt":"2023-09-27T13:48:43","guid":{"rendered":"https:\/\/www2.unifap.br\/gtea\/?page_id=1464"},"modified":"2023-10-14T16:06:19","modified_gmt":"2023-10-14T16:06:19","slug":"gtea-contatos","status":"publish","type":"page","link":"https:\/\/www2.unifap.br\/gtea\/gtea-contatos\/","title":{"rendered":"gtea-contatos"},"content":{"rendered":"\t\t<div data-elementor-type=\"wp-page\" data-elementor-id=\"1464\" class=\"elementor elementor-1464\">\n\t\t\t\t<div class=\"elementor-element elementor-element-1eb3ebc9 e-con-full e-flex e-con e-parent\" data-id=\"1eb3ebc9\" data-element_type=\"container\" data-e-type=\"container\" data-settings=\"{&quot;background_background&quot;:&quot;classic&quot;}\">\n\t\t<div class=\"elementor-element elementor-element-451e9bbc e-con-full e-flex e-con e-child\" data-id=\"451e9bbc\" data-element_type=\"container\" data-e-type=\"container\">\n\t\t\t\t<div class=\"elementor-element elementor-element-5fe0045f elementor-widget elementor-widget-heading\" data-id=\"5fe0045f\" data-element_type=\"widget\" data-e-type=\"widget\" data-widget_type=\"heading.default\">\n\t\t\t\t<div class=\"elementor-widget-container\">\n\t\t\t\t\t<h1 class=\"elementor-heading-title elementor-size-default\">Contato<\/h1>\t\t\t\t<\/div>\n\t\t\t\t<\/div>\n\t\t\t\t<div class=\"elementor-element elementor-element-0b0d2d1 elementor-widget elementor-widget-text-editor\" data-id=\"0b0d2d1\" data-element_type=\"widget\" data-e-type=\"widget\" data-widget_type=\"text-editor.default\">\n\t\t\t\t<div class=\"elementor-widget-container\">\n\t\t\t\t\t\t\t\t\t<p>gtea@unifap.br<\/p><p>compartilhandosaberes17@gmail.com<\/p>\t\t\t\t\t\t\t\t<\/div>\n\t\t\t\t<\/div>\n\t\t\t\t<div class=\"elementor-element elementor-element-17e49ee elementor-widget elementor-widget-text-editor\" data-id=\"17e49ee\" data-element_type=\"widget\" data-e-type=\"widget\" data-widget_type=\"text-editor.default\">\n\t\t\t\t<div class=\"elementor-widget-container\">\n\t\t\t\t\t\t\t\t\t<p>LOCALIZA\u00c7\u00c3O:<br \/>Universidade Federal do Amap\u00e1 \u2013 UNIFAP<br \/>Campus Universit\u00e1rio Marco Zero do Equador<br \/>Rod. Josmar Pinto, KM-02 \u2013 Jardim Marco Zero, Macap\u00e1 \u2013 Amap\u00e1<br \/>Edif\u00edcio dos pesquisadores (Aranha) \u2013 CEP: 68902-280<\/p>\t\t\t\t\t\t\t\t<\/div>\n\t\t\t\t<\/div>\n\t\t\t\t<\/div>\n\t\t<div class=\"elementor-element elementor-element-61fb920c e-con-full e-flex e-con e-child\" data-id=\"61fb920c\" data-element_type=\"container\" data-e-type=\"container\">\n\t\t\t\t<div class=\"elementor-element elementor-element-5b2f6e30 elementor-widget elementor-widget-image\" data-id=\"5b2f6e30\" data-element_type=\"widget\" data-e-type=\"widget\" data-widget_type=\"image.default\">\n\t\t\t\t<div class=\"elementor-widget-container\">\n\t\t\t\t\t\t\t\t\t\t\t\t\t\t\t<img fetchpriority=\"high\" decoding=\"async\" width=\"1024\" height=\"682\" src=\"https:\/\/www2.unifap.br\/gtea\/files\/2023\/10\/social-media-digitization-digital-2786261-1024x682.jpg\" class=\"attachment-large size-large wp-image-1622\" alt=\"social media, digitization, digital-2786261.jpg\" srcset=\"https:\/\/www2.unifap.br\/gtea\/files\/2023\/10\/social-media-digitization-digital-2786261-1024x682.jpg 1024w, https:\/\/www2.unifap.br\/gtea\/files\/2023\/10\/social-media-digitization-digital-2786261-300x200.jpg 300w, https:\/\/www2.unifap.br\/gtea\/files\/2023\/10\/social-media-digitization-digital-2786261-768x512.jpg 768w, https:\/\/www2.unifap.br\/gtea\/files\/2023\/10\/social-media-digitization-digital-2786261.jpg 1280w\" sizes=\"(max-width: 1024px) 100vw, 1024px\" \/>\t\t\t\t\t\t\t\t\t\t\t\t\t\t\t<\/div>\n\t\t\t\t<\/div>\n\t\t\t\t<\/div>\n\t\t\t\t<\/div>\n\t\t<div class=\"elementor-element elementor-element-7df90769 e-con-full e-flex e-con e-parent\" data-id=\"7df90769\" data-element_type=\"container\" data-e-type=\"container\">\n\t\t<div class=\"elementor-element elementor-element-2d132e6f e-con-full e-flex e-con e-child\" data-id=\"2d132e6f\" data-element_type=\"container\" data-e-type=\"container\" data-settings=\"{&quot;background_background&quot;:&quot;classic&quot;}\">\n\t\t\t\t<div class=\"elementor-element elementor-element-5308835f elementor-widget elementor-widget-google_maps\" data-id=\"5308835f\" data-element_type=\"widget\" data-e-type=\"widget\" data-widget_type=\"google_maps.default\">\n\t\t\t\t<div class=\"elementor-widget-container\">\n\t\t\t\t\t\t\t<div class=\"elementor-custom-embed\">\n\t\t\t<iframe loading=\"lazy\"\n\t\t\t\t\tsrc=\"https:\/\/maps.google.com\/maps?q=Rodovia%20Juscelino%20Kubitschek%2C%20Km%2002%20-%20Jardim%20Marco%20Zero%2C%20Macap%C3%A1%20-%20AP%2C%2068903-419%2C%20Brasil&#038;t=m&#038;z=16&#038;output=embed&#038;iwloc=near\"\n\t\t\t\t\ttitle=\"Rodovia Juscelino Kubitschek, Km 02 - Jardim Marco Zero, Macap\u00e1 - AP, 68903-419, Brasil\"\n\t\t\t\t\taria-label=\"Rodovia Juscelino Kubitschek, Km 02 - Jardim Marco Zero, Macap\u00e1 - AP, 68903-419, Brasil\"\n\t\t\t><\/iframe>\n\t\t<\/div>\n\t\t\t\t\t\t<\/div>\n\t\t\t\t<\/div>\n\t\t\t\t<\/div>\n\t\t<div class=\"elementor-element elementor-element-53ee6d87 e-con-full e-flex e-con e-child\" data-id=\"53ee6d87\" data-element_type=\"container\" data-e-type=\"container\">\n\t\t\t\t<div class=\"elementor-element elementor-element-4d4f1a5e elementor-widget elementor-widget-heading\" data-id=\"4d4f1a5e\" data-element_type=\"widget\" data-e-type=\"widget\" data-widget_type=\"heading.default\">\n\t\t\t\t<div class=\"elementor-widget-container\">\n\t\t\t\t\t<h2 class=\"elementor-heading-title elementor-size-default\">Visite-nos<\/h2>\t\t\t\t<\/div>\n\t\t\t\t<\/div>\n\t\t\t\t<\/div>\n\t\t\t\t<\/div>\n\t\t\t\t<\/div>\n\t\t","protected":false},"excerpt":{"rendered":"<p>Contato gtea@unifap.br compartilhandosaberes17@gmail.com LOCALIZA\u00c7\u00c3O:Universidade Federal do Amap\u00e1 \u2013 UNIFAPCampus Universit\u00e1rio Marco Zero do EquadorRod. Josmar Pinto, KM-02 \u2013 Jardim Marco Zero, Macap\u00e1 \u2013 Amap\u00e1Edif\u00edcio dos pesquisadores (Aranha) \u2013 CEP: 68902-280 Visite-nos<\/p>\n","protected":false},"author":926,"featured_media":0,"parent":0,"menu_order":0,"comment_status":"closed","ping_status":"closed","template":"elementor_header_footer","meta":{"inline_featured_image":false,"site-sidebar-layout":"no-sidebar","site-content-layout":"page-builder","ast-site-content-layout":"default","site-content-style":"default","site-sidebar-style":"default","ast-global-header-display":"","ast-banner-title-visibility":"","ast-main-header-display":"","ast-hfb-above-header-display":"","ast-hfb-below-header-display":"","ast-hfb-mobile-header-display":"","site-post-title":"disabled","ast-breadcrumbs-content":"","ast-featured-img":"disabled","footer-sml-layout":"","theme-transparent-header-meta":"default","adv-header-id-meta":"","stick-header-meta":"","header-above-stick-meta":"","header-main-stick-meta":"","header-below-stick-meta":"","astra-migrate-meta-layouts":"default","ast-page-background-enabled":"default","ast-page-background-meta":{"desktop":{"background-color":"var(--ast-global-color-4)","background-image":"","background-repeat":"repeat","background-position":"center center","background-size":"auto","background-attachment":"scroll","background-type":"","background-media":"","overlay-type":"","overlay-color":"","overlay-opacity":"","overlay-gradient":""},"tablet":{"background-color":"","background-image":"","background-repeat":"repeat","background-position":"center center","background-size":"auto","background-attachment":"scroll","background-type":"","background-media":"","overlay-type":"","overlay-color":"","overlay-opacity":"","overlay-gradient":""},"mobile":{"background-color":"","background-image":"","background-repeat":"repeat","background-position":"center center","background-size":"auto","background-attachment":"scroll","background-type":"","background-media":"","overlay-type":"","overlay-color":"","overlay-opacity":"","overlay-gradient":""}},"ast-content-background-meta":{"desktop":{"background-color":"var(--ast-global-color-5)","background-image":"","background-repeat":"repeat","background-position":"center center","background-size":"auto","background-attachment":"scroll","background-type":"","background-media":"","overlay-type":"","overlay-color":"","overlay-opacity":"","overlay-gradient":""},"tablet":{"background-color":"var(--ast-global-color-5)","background-image":"","background-repeat":"repeat","background-position":"center center","background-size":"auto","background-attachment":"scroll","background-type":"","background-media":"","overlay-type":"","overlay-color":"","overlay-opacity":"","overlay-gradient":""},"mobile":{"background-color":"var(--ast-global-color-5)","background-image":"","background-repeat":"repeat","background-position":"center center","background-size":"auto","background-attachment":"scroll","background-type":"","background-media":"","overlay-type":"","overlay-color":"","overlay-opacity":"","overlay-gradient":""}},"ngg_post_thumbnail":0,"footnotes":""},"class_list":["post-1464","page","type-page","status-publish","hentry"],"_links":{"self":[{"href":"https:\/\/www2.unifap.br\/gtea\/wp-json\/wp\/v2\/pages\/1464","targetHints":{"allow":["GET"]}}],"collection":[{"href":"https:\/\/www2.unifap.br\/gtea\/wp-json\/wp\/v2\/pages"}],"about":[{"href":"https:\/\/www2.unifap.br\/gtea\/wp-json\/wp\/v2\/types\/page"}],"author":[{"embeddable":true,"href":"https:\/\/www2.unifap.br\/gtea\/wp-json\/wp\/v2\/users\/926"}],"replies":[{"embeddable":true,"href":"https:\/\/www2.unifap.br\/gtea\/wp-json\/wp\/v2\/comments?post=1464"}],"version-history":[{"count":28,"href":"https:\/\/www2.unifap.br\/gtea\/wp-json\/wp\/v2\/pages\/1464\/revisions"}],"predecessor-version":[{"id":1664,"href":"https:\/\/www2.unifap.br\/gtea\/wp-json\/wp\/v2\/pages\/1464\/revisions\/1664"}],"wp:attachment":[{"href":"https:\/\/www2.unifap.br\/gtea\/wp-json\/wp\/v2\/media?parent=1464"}],"curies":[{"name":"wp","href":"https:\/\/api.w.org\/{rel}","templated":true}]}}