{"id":1039,"date":"2018-03-29T05:18:43","date_gmt":"2018-03-29T05:18:43","guid":{"rendered":"http:\/\/www2.unifap.br\/historia-oiapoque\/?page_id=1039"},"modified":"2019-05-22T21:22:06","modified_gmt":"2019-05-22T21:22:06","slug":"historia-debate","status":"publish","type":"page","link":"https:\/\/www2.unifap.br\/historia-oiapoque\/historia-debate\/","title":{"rendered":"Hist\u00f3ria &amp; Debate"},"content":{"rendered":"<p>O espa\u00e7o <em>Hist\u00f3ria &amp; Debate<\/em> foi criado para divulga\u00e7\u00e3o acad\u00eamica de pesquisas no \u00e2mbito da Hist\u00f3ria e Ci\u00eancias Sociais. As entrevistas realizadas atendem temas espec\u00edficos e est\u00e3o sempre ligadas \u00e0s pesquisas de entrevistadas e entrevistados.<\/p>\n<p>&nbsp;<\/p>\n<p><strong>1. Entrevista com a escritora Alecrides Jahne (UFRN) no espa\u00e7o <em>Hist\u00f3ria &amp; Debate<\/em>. Confira!<\/strong><\/p>\n<p><a href=\"http:\/\/www2.unifap.br\/historia-oiapoque\/files\/2018\/03\/ALECRIDES-JAHNE-ENTREVISTAPDF.pdf\">ALECRIDES JAHNE (ENTREVISTA)PDF<\/a><\/p>\n<p><strong>2. Entrevista com a historiadora Solange Rocha (UFPB) no espa\u00e7o <em>Hist\u00f3ria &amp; Debate<\/em>. Confira!<\/strong><\/p>\n<p><a href=\"http:\/\/www2.unifap.br\/historia-oiapoque\/files\/2018\/03\/ENTREVISTA-COM-SOLANGE-ROCHA-PDF.pdf\">ENTREVISTA COM SOLANGE ROCHA (PDF)<\/a><\/p>\n<p><strong>3. Entrevista com a soci\u00f3loga Cristina Matos (UFPB) no espa\u00e7o <em>Hist\u00f3ria &amp; Debate<\/em>. Confira!<\/strong><\/p>\n<p><a href=\"http:\/\/www2.unifap.br\/historia-oiapoque\/files\/2019\/05\/ENTREVISTA-COM-CRISTINA-MATOS-PDF.pdf\">ENTREVISTA COM CRISTINA MATOS (PDF)<\/a><\/p>\n","protected":false},"excerpt":{"rendered":"<p>O espa\u00e7o Hist\u00f3ria &amp; Debate foi criado para divulga\u00e7\u00e3o acad\u00eamica de pesquisas no \u00e2mbito da Hist\u00f3ria e Ci\u00eancias Sociais. As entrevistas realizadas atendem temas espec\u00edficos e est\u00e3o sempre ligadas \u00e0s pesquisas de entrevistadas e entrevistados. &nbsp; 1. Entrevista com a&hellip; <\/p>\n<p><a href=\"https:\/\/www2.unifap.br\/historia-oiapoque\/historia-debate\/\" class=\"readmore-button\">Continue Reading<\/a><\/p>\n","protected":false},"author":819,"featured_media":0,"parent":0,"menu_order":0,"comment_status":"closed","ping_status":"closed","template":"","meta":{"inline_featured_image":false,"ngg_post_thumbnail":0,"footnotes":""},"class_list":["post-1039","page","type-page","status-publish","hentry"],"_links":{"self":[{"href":"https:\/\/www2.unifap.br\/historia-oiapoque\/wp-json\/wp\/v2\/pages\/1039","targetHints":{"allow":["GET"]}}],"collection":[{"href":"https:\/\/www2.unifap.br\/historia-oiapoque\/wp-json\/wp\/v2\/pages"}],"about":[{"href":"https:\/\/www2.unifap.br\/historia-oiapoque\/wp-json\/wp\/v2\/types\/page"}],"author":[{"embeddable":true,"href":"https:\/\/www2.unifap.br\/historia-oiapoque\/wp-json\/wp\/v2\/users\/819"}],"replies":[{"embeddable":true,"href":"https:\/\/www2.unifap.br\/historia-oiapoque\/wp-json\/wp\/v2\/comments?post=1039"}],"version-history":[{"count":10,"href":"https:\/\/www2.unifap.br\/historia-oiapoque\/wp-json\/wp\/v2\/pages\/1039\/revisions"}],"predecessor-version":[{"id":1390,"href":"https:\/\/www2.unifap.br\/historia-oiapoque\/wp-json\/wp\/v2\/pages\/1039\/revisions\/1390"}],"wp:attachment":[{"href":"https:\/\/www2.unifap.br\/historia-oiapoque\/wp-json\/wp\/v2\/media?parent=1039"}],"curies":[{"name":"wp","href":"https:\/\/api.w.org\/{rel}","templated":true}]}}