{"id":1381,"date":"2019-05-13T21:22:00","date_gmt":"2019-05-13T21:22:00","guid":{"rendered":"http:\/\/www2.unifap.br\/historia-oiapoque\/?page_id=1381"},"modified":"2020-10-15T20:50:11","modified_gmt":"2020-10-15T20:50:11","slug":"reofertas-de-disciplinas","status":"publish","type":"page","link":"https:\/\/www2.unifap.br\/historia-oiapoque\/reofertas-de-disciplinas\/","title":{"rendered":"Reofertas de Disciplinas"},"content":{"rendered":"<p style=\"text-align: center\"><strong>COORDENA\u00c7\u00c3O DO CURSO DE HIST\u00d3RIA<\/strong><\/p>\n<p>&nbsp;<\/p>\n<p><strong>Aviso<\/strong>: A partir do semestre 19.2 ser\u00e3o reofertadas disciplinas (em contra-turno), aos acad\u00eamicos do curso de Hist\u00f3ria para que os mesmos possam integralizar a sua Matriz Curricular.<\/p>\n<h2>PER\u00cdODO LETIVO SUPLEMENTAR<\/h2>\n<h2>CALEND\u00c1RIO ACAD\u00caMICO SUPLEMENTAR 2020.3<\/h2>\n<h5><strong>CURSO HIST\u00d3RIA &#8211; DISCIPLINAS REOFERTADAS PARA O SEMESTRE 2020.3 <\/strong>(RETIFICADO EM 15\/10\/2020)<\/h5>\n<h3>1) Segunda &#8211; N\u00e3o dispon\u00edvel<br \/>\n2) Ter\u00e7a &#8211; prof. Paulo &#8211; Hist\u00f3ria Moderna<br \/>\n3) Quarta &#8211; profa. M\u00e1rcia &#8211; Hist\u00f3ria Medieval<br \/>\n4) Quinta &#8211; N\u00e3o dispon\u00edvel<br \/>\n5) Sexta &#8211; N\u00e3o dispon\u00edvel<br \/>\n6) S\u00e1bado &#8211; prof. Alexandre A. &#8211; Antropologia<\/h3>\n<p>Atenciosamente,<\/p>\n<p>&nbsp;<\/p>\n<p style=\"text-align: right\"><strong>Prof Jonathan Viana<\/strong><\/p>\n<p style=\"text-align: right\">Coordenador do Curso de Hist\u00f3ria<\/p>\n<p style=\"text-align: right\">Portaria: 814\/2018<\/p>\n<p>&nbsp;<\/p>\n<h1>====================================<\/h1>\n<h3><strong>DISCIPLINAS REOFERTADAS PARA O SEMESTRE 2019.2 (executado)<\/strong><\/h3>\n<p><strong>1)\u00a0<\/strong>EST\u00c1GIO SUPERVISIONADO EM DOC\u00caNCIA II: ENSINO FUNDAMENTAL &#8211; 105h<\/p>\n<p><strong>2)<\/strong>\u00a0EST\u00c1GIO SUPERVISIONADO EM DOC\u00caNCIA III: ENSINO M\u00c9DIO &#8211; 105h<\/p>\n<p><strong>3)<\/strong>\u00a0METODOLOGIA DO ENSINO DE HIST\u00d3RIA &#8211; 60h<\/p>\n<p><strong>4)<\/strong>\u00a0ARQUEOLOGIA &#8211; 60h<\/p>\n<p><strong>5)<\/strong> HIST\u00d3RIA DA AMAZ\u00d4NIA II &#8211; 60h <em>(inclu\u00eddo ap\u00f3s reuni\u00e3o extraordin\u00e1ria do dia 18\/jun)<\/em><\/p>\n<p>&nbsp;<\/p>\n<p>De acordo com o Calend\u00e1rio Acad\u00eamico, o per\u00edodo de 17 a 22 de julho est\u00e1 reservado para a Matr\u00edcula no semestre 2019.2\u00a0 \u2013 via SIGAA.<\/p>\n<p>&nbsp;<\/p>\n<p>Atenciosamente,<\/p>\n<p>&nbsp;<\/p>\n<p style=\"text-align: right\"><strong>Prof Jonathan Viana<\/strong><\/p>\n<p style=\"text-align: right\">Coordenador do Curso de Hist\u00f3ria<\/p>\n<p style=\"text-align: right\">Portaria: 814\/2018<\/p>\n<p>&nbsp;<\/p>\n","protected":false},"excerpt":{"rendered":"<p>COORDENA\u00c7\u00c3O DO CURSO DE HIST\u00d3RIA &nbsp; Aviso: A partir do semestre 19.2 ser\u00e3o reofertadas disciplinas (em contra-turno), aos acad\u00eamicos do curso de Hist\u00f3ria para que os mesmos possam integralizar a sua Matriz Curricular. PER\u00cdODO LETIVO SUPLEMENTAR CALEND\u00c1RIO ACAD\u00caMICO SUPLEMENTAR 2020.3&hellip; <\/p>\n<p><a href=\"https:\/\/www2.unifap.br\/historia-oiapoque\/reofertas-de-disciplinas\/\" class=\"readmore-button\">Continue Reading<\/a><\/p>\n","protected":false},"author":911,"featured_media":0,"parent":0,"menu_order":0,"comment_status":"closed","ping_status":"closed","template":"","meta":{"inline_featured_image":false,"ngg_post_thumbnail":0,"footnotes":""},"class_list":["post-1381","page","type-page","status-publish","hentry"],"_links":{"self":[{"href":"https:\/\/www2.unifap.br\/historia-oiapoque\/wp-json\/wp\/v2\/pages\/1381","targetHints":{"allow":["GET"]}}],"collection":[{"href":"https:\/\/www2.unifap.br\/historia-oiapoque\/wp-json\/wp\/v2\/pages"}],"about":[{"href":"https:\/\/www2.unifap.br\/historia-oiapoque\/wp-json\/wp\/v2\/types\/page"}],"author":[{"embeddable":true,"href":"https:\/\/www2.unifap.br\/historia-oiapoque\/wp-json\/wp\/v2\/users\/911"}],"replies":[{"embeddable":true,"href":"https:\/\/www2.unifap.br\/historia-oiapoque\/wp-json\/wp\/v2\/comments?post=1381"}],"version-history":[{"count":6,"href":"https:\/\/www2.unifap.br\/historia-oiapoque\/wp-json\/wp\/v2\/pages\/1381\/revisions"}],"predecessor-version":[{"id":1652,"href":"https:\/\/www2.unifap.br\/historia-oiapoque\/wp-json\/wp\/v2\/pages\/1381\/revisions\/1652"}],"wp:attachment":[{"href":"https:\/\/www2.unifap.br\/historia-oiapoque\/wp-json\/wp\/v2\/media?parent=1381"}],"curies":[{"name":"wp","href":"https:\/\/api.w.org\/{rel}","templated":true}]}}