{"id":1418,"date":"2019-06-13T03:24:06","date_gmt":"2019-06-13T03:24:06","guid":{"rendered":"http:\/\/www2.unifap.br\/historia-oiapoque\/?page_id=1418"},"modified":"2026-01-24T20:04:07","modified_gmt":"2026-01-24T20:04:07","slug":"1418-2","status":"publish","type":"page","link":"https:\/\/www2.unifap.br\/historia-oiapoque\/1418-2\/","title":{"rendered":"Ofertas de Disciplinas"},"content":{"rendered":"<h2><a href=\"http:\/\/www2.unifap.br\/historia-oiapoque\/files\/2026\/01\/QUADRO-DE-OFERTAS-SEMESTRE-2026.1.pdf\">QUADRO DE OFERTAS (SEMESTRE 2026.1)<\/a><\/h2>\n<h2><\/h2>\n<h2><a href=\"http:\/\/www2.unifap.br\/historia-oiapoque\/files\/2025\/11\/OFERTA-CURSO-DE-HISTORIA-SEMESTRE-2025.2.pdf\">OFERTA (CURSO DE HIST\u00d3RIA, SEMESTRE 2025.2)<\/a><\/h2>\n<h2><\/h2>\n<h2>PER\u00cdODO LETIVO SUPLEMENTAR<\/h2>\n<p>CONFORMIDADE COM A RESOLU\u00c7\u00c3O 014\/2020 CONSU-UNIFAP<\/p>\n<h2><strong>SEMESTRE 2020.3<\/strong><\/h2>\n<p><strong>TURMA 2018<\/strong><\/p>\n<p>&nbsp;<\/p>\n<table width=\"854\">\n<tbody>\n<tr>\n<td width=\"94\"><strong>DIA<\/strong><\/td>\n<td width=\"75\"><strong>TURNO<\/strong><\/td>\n<td width=\"308\"><strong>DISCIPLINA <\/strong><\/td>\n<td width=\"85\"><strong>CR\u00c9DITOS<\/strong><\/td>\n<td width=\"151\"><strong>DOCENTE<\/strong><\/td>\n<td width=\"142\"><strong>LOCAL<\/strong><\/td>\n<\/tr>\n<tr>\n<td width=\"94\">SEGUNDA<\/td>\n<td width=\"75\">Noite<\/p>\n<p>&nbsp;<\/td>\n<td width=\"308\">HIST\u00d3RIA CONTEMPOR\u00c2NEA<\/td>\n<td width=\"85\">04<\/td>\n<td width=\"151\">Paulo Milhomens<\/td>\n<td width=\"142\">Remoto<\/td>\n<\/tr>\n<tr>\n<td width=\"94\">TER\u00c7A<\/td>\n<td width=\"75\">Noite<\/p>\n<p>&nbsp;<\/td>\n<td width=\"308\">METODOLOGIA DE ENSINO DA HIST\u00d3RIA<\/td>\n<td width=\"85\">05<\/td>\n<td width=\"151\">Jonathan Vianna<\/td>\n<td width=\"142\">Remoto<\/td>\n<\/tr>\n<tr>\n<td width=\"94\">QUARTA<\/td>\n<td width=\"75\">Noite<\/p>\n<p><strong>\u00a0<\/strong><\/td>\n<td width=\"308\">HIST\u00d3RIA DO AMAP\u00c1<\/td>\n<td width=\"85\">04<\/td>\n<td width=\"151\">Alexandre Amaral<\/td>\n<td width=\"142\">Remoto<\/td>\n<\/tr>\n<tr>\n<td width=\"94\">QUINTA<\/td>\n<td width=\"75\">Noite<\/p>\n<p>&nbsp;<\/td>\n<td width=\"308\">HIST\u00d3RIA IND\u00cdGENA E DO INDIGENISMO<\/td>\n<td width=\"85\">04<\/td>\n<td width=\"151\">Evelanne Alves<\/td>\n<td width=\"142\">Remoto<\/td>\n<\/tr>\n<tr>\n<td width=\"94\">SEXTA<\/td>\n<td width=\"75\">Noite<\/p>\n<p>&nbsp;<\/td>\n<td width=\"308\">HIST\u00d3RIA DA AM\u00c9RICA COLONIAL<\/td>\n<td width=\"85\">04<\/td>\n<td width=\"151\">M\u00e1rcia Fernandes<\/td>\n<td width=\"142\">Remoto<\/td>\n<\/tr>\n<tr>\n<td width=\"94\">S\u00c1BADO<\/td>\n<td width=\"75\"><\/td>\n<td width=\"308\"><\/td>\n<td width=\"85\"><\/td>\n<td width=\"151\">&nbsp;<\/p>\n<p>&nbsp;<\/td>\n<td width=\"142\"><\/td>\n<\/tr>\n<\/tbody>\n<\/table>\n<h2>==================================================================<\/h2>\n<h2><strong>SEMESTRE 2019.2<\/strong><\/h2>\n<p><strong>TURMA 2018<\/strong><\/p>\n<table width=\"973\">\n<tbody>\n<tr>\n<td width=\"94\"><strong>DIA<\/strong><\/td>\n<td width=\"75\"><strong>TURNO<\/strong><\/td>\n<td width=\"67\"><strong>C\u00d3DIGO<\/strong><\/td>\n<td width=\"312\"><strong>\u00a0DISCIPLINA <\/strong><\/td>\n<td width=\"57\"><strong>CH<\/strong><\/td>\n<td width=\"76\"><strong>CR<\/strong><\/td>\n<td width=\"151\"><strong>DOCENTE<\/strong><\/td>\n<td width=\"142\"><strong>LOCAL<\/strong><\/td>\n<\/tr>\n<tr>\n<td width=\"94\">SEGUNDA<\/td>\n<td width=\"75\">Noite<\/td>\n<td width=\"67\">\n<h5><\/h5>\n<\/td>\n<td width=\"312\">\n<h5>Hist\u00f3ria da\u00a0<span style=\"font-family: inherit;font-size: inherit\">Amaz\u00f4nia I<\/span><\/h5>\n<\/td>\n<td width=\"57\">60<\/td>\n<td width=\"76\">04<\/td>\n<td width=\"151\">Alexandre Amaral<\/td>\n<td width=\"142\">Laborat\u00f3rio de Hist\u00f3ria<\/p>\n<p>BR \u2013 Bloco A<\/td>\n<\/tr>\n<tr>\n<td width=\"94\">TER\u00c7A<\/td>\n<td width=\"75\">Noite<\/td>\n<td width=\"67\"><\/td>\n<td width=\"312\">Pr\u00e1tica De Ensino de Hist\u00f3ria II: \u00canfase em Arqueologia e Hist\u00f3ria Antiga<\/td>\n<td width=\"57\">60<\/td>\n<td width=\"76\">04<\/td>\n<td width=\"151\">Evelanne Samara<\/p>\n<p>Jonathan Viana<\/td>\n<td width=\"142\">Laborat\u00f3rio de Hist\u00f3ria<\/p>\n<p>BR \u2013 Bloco A<\/td>\n<\/tr>\n<tr>\n<td width=\"94\">QUARTA<\/td>\n<td width=\"75\">Noite<strong>\u00a0<\/strong><\/td>\n<td width=\"67\"><strong>\u00a0<\/strong><\/td>\n<td width=\"312\">Pr\u00e1tica de Ensino de Hist\u00f3ria III: \u00canfase em Hist\u00f3ria e Culturas Africanas, Afro-Brasileira e Ind\u00edgenas<\/td>\n<td width=\"57\">60<\/td>\n<td width=\"76\">04<\/td>\n<td width=\"151\">Jonathan Viana<\/p>\n<p>Evelanne Samara<\/p>\n<p>&nbsp;<\/td>\n<td width=\"142\">Laborat\u00f3rio de Hist\u00f3ria<\/p>\n<p>BR \u2013 Bloco A<\/td>\n<\/tr>\n<tr>\n<td width=\"94\">QUINTA<\/td>\n<td width=\"75\">Noite<\/td>\n<td width=\"67\"><strong>\u00a0<\/strong><\/td>\n<td width=\"312\">Pr\u00e1tica de Ensino de Hist\u00f3ria IV: \u00canfase em Hist\u00f3ria Medieval e Moderna<\/td>\n<td width=\"57\">60<\/td>\n<td width=\"76\">04<\/td>\n<td width=\"151\">Filipe Guimar\u00e3es<\/td>\n<td width=\"142\">Laborat\u00f3rio de Hist\u00f3ria<\/p>\n<p>BR \u2013 Bloco A<\/td>\n<\/tr>\n<tr>\n<td width=\"94\">SEXTA<\/td>\n<td width=\"75\">Noite<\/td>\n<td width=\"67\"><strong>\u00a0<\/strong><\/td>\n<td width=\"312\">Historiografia Brasileira<\/td>\n<td width=\"57\">60<\/td>\n<td width=\"76\">04<\/td>\n<td width=\"151\">Filipe Guimar\u00e3es<\/td>\n<td width=\"142\">Laborat\u00f3rio de Hist\u00f3ria<\/p>\n<p>BR \u2013 Bloco A<\/td>\n<\/tr>\n<tr>\n<td width=\"94\">S\u00c1BADO<\/td>\n<td width=\"75\">Noite<\/td>\n<td width=\"67\"><strong>\u00a0<\/strong><\/td>\n<td width=\"312\">Pr\u00e9-Hist\u00f3ria Brasileira<\/td>\n<td width=\"57\">60<\/td>\n<td width=\"76\">04<\/td>\n<td width=\"151\">Filipe Guimar\u00e3es<\/td>\n<td width=\"142\">Laborat\u00f3rio de Hist\u00f3ria<\/p>\n<p>BR \u2013 Bloco A<\/td>\n<\/tr>\n<\/tbody>\n<\/table>\n<h2>==================================================================<\/h2>\n<h2><strong>SEMESTRE 2019.1<\/strong><\/h2>\n<p><strong>TURMA: 2015.2<\/strong><\/p>\n<table width=\"964\">\n<tbody>\n<tr>\n<td width=\"94\"><strong>DIA<\/strong><\/td>\n<td width=\"75\"><strong>TURNO<\/strong><\/td>\n<td width=\"81\"><strong>C\u00d3DIGO<\/strong><\/td>\n<td width=\"163\"><strong>DISCIPLINA <\/strong><\/td>\n<td width=\"39\"><strong>CH<\/strong><\/td>\n<td width=\"101\"><strong>CR\u00c9DITOS<\/strong><\/td>\n<td width=\"209\"><strong>DOCENTE<\/strong><\/td>\n<td width=\"202\"><strong>LOCAL<\/strong><\/td>\n<\/tr>\n<tr>\n<td width=\"94\">SEGUNDA<\/td>\n<td width=\"75\">Noite<\/p>\n<p>&nbsp;<\/td>\n<td width=\"81\"><span style=\"text-decoration: line-through\">\u00a0<\/span><\/td>\n<td width=\"163\"><span style=\"text-decoration: line-through\">\u00a0<\/span><\/td>\n<td width=\"39\"><span style=\"text-decoration: line-through\">\u00a0<\/span><\/td>\n<td width=\"101\"><span style=\"text-decoration: line-through\">\u00a0<\/span><\/td>\n<td width=\"209\"><span style=\"text-decoration: line-through\">\u00a0<\/span><\/td>\n<td width=\"202\"><\/td>\n<\/tr>\n<tr>\n<td width=\"94\">TER\u00c7A<\/td>\n<td width=\"75\">Noite<\/p>\n<p>&nbsp;<\/td>\n<td width=\"81\">COGR0419<\/td>\n<td width=\"163\">Educa\u00e7\u00e3o Inclusiva Para Pessoas com necessidades especiais<\/td>\n<td width=\"39\">75<\/td>\n<td width=\"101\">04<\/td>\n<td width=\"209\">Dinaldo Barbosa Silva Jr.<\/td>\n<td width=\"202\">BR \/ Bloco D &#8211; Sala D-3<\/td>\n<\/tr>\n<tr>\n<td width=\"94\">QUARTA<\/td>\n<td width=\"75\">Noite<\/p>\n<p>&nbsp;<\/td>\n<td width=\"81\">COGR0421<\/td>\n<td width=\"163\">Est\u00e1gio Supervisionado em Doc\u00eancia IV- Ensino M\u00e9dio<\/td>\n<td width=\"39\">60<\/td>\n<td width=\"101\">04<\/td>\n<td width=\"209\">Jonathan Viana da Silva<\/td>\n<td width=\"202\">BR \/ Bloco D &#8211; Sala D-3<\/td>\n<\/tr>\n<tr>\n<td width=\"94\">QUINTA<\/td>\n<td width=\"75\">Noite<\/p>\n<p>&nbsp;<\/td>\n<td width=\"81\">COGR0418<\/td>\n<td width=\"163\">Educa\u00e7\u00e3o das Rela\u00e7\u00f5es \u00c9tnico-raciais<\/p>\n<p>&nbsp;<\/td>\n<td width=\"39\">60<\/td>\n<td width=\"101\">07<\/td>\n<td width=\"209\">Evelanne Samara Alves da Silva<\/td>\n<td width=\"202\">BR \/ Bloco D &#8211; Sala D-3<\/td>\n<\/tr>\n<tr>\n<td width=\"94\">SEXTA<\/td>\n<td width=\"75\">Noite<\/p>\n<p>&nbsp;<\/td>\n<td width=\"81\">COGR0390<\/td>\n<td width=\"163\">Pr\u00e9-Hist\u00f3ria Brasileira<\/td>\n<td width=\"39\">60<\/td>\n<td width=\"101\">06<\/td>\n<td width=\"209\">FILIPE GUIMAR\u00c3ES<\/td>\n<td width=\"202\">BR \/ Bloco D &#8211; Sala D-3<\/td>\n<\/tr>\n<tr>\n<td width=\"94\">S\u00c1BADO<\/td>\n<td width=\"75\">Noite<\/td>\n<td width=\"81\"><\/td>\n<td width=\"163\">Hist\u00f3ria, Mem\u00f3ria e Oralidade<\/td>\n<td width=\"39\"><\/td>\n<td width=\"101\"><\/td>\n<td width=\"209\">FILIPE GUIMAR\u00c3ES<\/td>\n<td width=\"202\">BR \/ Bloco D &#8211; Sala D-3<\/td>\n<\/tr>\n<\/tbody>\n<\/table>\n<p><strong>TURMA 2018<\/strong><\/p>\n<table width=\"973\">\n<tbody>\n<tr>\n<td width=\"94\"><strong>DIA<\/strong><\/td>\n<td width=\"75\"><strong>TURNO<\/strong><\/td>\n<td width=\"81\"><strong>C\u00d3DIGO<\/strong><\/td>\n<td width=\"163\"><strong>DISCIPLINA <\/strong><\/td>\n<td width=\"39\"><strong>CH<\/strong><\/td>\n<td width=\"101\"><strong>CR\u00c9DITOS<\/strong><\/td>\n<td width=\"240\"><strong>DOCENTE<\/strong><\/td>\n<td width=\"180\"><strong>LOCAL<\/strong><\/td>\n<\/tr>\n<tr>\n<td width=\"94\">SEGUNDA<\/td>\n<td width=\"75\">Noite<\/p>\n<p>&nbsp;<\/td>\n<td width=\"81\">COGR0381<\/td>\n<td width=\"163\">Hist\u00f3ria Medieval<\/td>\n<td width=\"39\">90<\/td>\n<td width=\"101\">04<\/td>\n<td width=\"240\">Renan Marques Birro<\/td>\n<td width=\"180\">Laborat\u00f3rio de Hist\u00f3ria<\/p>\n<p>BR \u2013 Bloco A<\/td>\n<\/tr>\n<tr>\n<td width=\"94\">TER\u00c7A<\/td>\n<td width=\"75\">Noite<\/p>\n<p>&nbsp;<\/td>\n<td width=\"81\">COGR0419<\/td>\n<td width=\"163\">Educa\u00e7\u00e3o Inclusiva Para Pessoas com necessidades especiais<\/td>\n<td width=\"39\">75<\/td>\n<td width=\"101\">04<\/td>\n<td width=\"240\">Dinaldo Barbosa Silva Jr.<\/td>\n<td width=\"180\">Laborat\u00f3rio de Hist\u00f3ria<\/p>\n<p>BR \u2013 Bloco A<\/td>\n<\/tr>\n<tr>\n<td width=\"94\">QUARTA<\/td>\n<td width=\"75\">Noite<\/p>\n<p><strong>\u00a0<\/strong><\/td>\n<td width=\"81\">COGR0382<\/td>\n<td width=\"163\">Pr\u00e1tica de Ensino de Hist\u00f3ria I: \u00canfase em<\/p>\n<p>Educa\u00e7\u00e3o Ambiental e Educa\u00e7\u00e3o Patrimonial<\/td>\n<td width=\"39\">60<\/td>\n<td width=\"101\">04<\/td>\n<td width=\"240\">Jonathan Viana da Silva<\/p>\n<p>&nbsp;<\/td>\n<td width=\"180\">Laborat\u00f3rio de Hist\u00f3ria<\/p>\n<p>BR \u2013 Bloco A<\/td>\n<\/tr>\n<tr>\n<td width=\"94\">QUINTA<\/td>\n<td width=\"75\">Noite<\/p>\n<p>&nbsp;<\/td>\n<td width=\"81\">COGR0386<\/td>\n<td width=\"163\">Hist\u00f3ria Moderna<\/td>\n<td width=\"39\">90<\/td>\n<td width=\"101\">04<\/td>\n<td width=\"240\">Dinaldo Barbosa Silva Jr.<\/td>\n<td width=\"180\">Laborat\u00f3rio de Hist\u00f3ria<\/p>\n<p>BR \u2013 Bloco A<\/td>\n<\/tr>\n<tr>\n<td width=\"94\">SEXTA<\/td>\n<td width=\"75\">Noite<\/p>\n<p>&nbsp;<\/td>\n<td width=\"81\">COGR0375<\/td>\n<td width=\"163\">Hist\u00f3ria do Brasil Col\u00f4nia<\/td>\n<td width=\"39\">60<\/td>\n<td width=\"101\">04<\/td>\n<td width=\"240\">Alexandre Souza Amaral<\/td>\n<td width=\"180\">Laborat\u00f3rio de Hist\u00f3ria<\/p>\n<p>BR \u2013 Bloco A<\/td>\n<\/tr>\n<tr>\n<td width=\"94\">S\u00c1BADO<\/td>\n<td width=\"75\">TARDE<\/p>\n<p>&nbsp;<\/td>\n<td width=\"81\"><\/td>\n<td width=\"163\">Filosofia<\/td>\n<td width=\"39\"><\/td>\n<td width=\"101\"><\/td>\n<td width=\"240\">FILIPE GUIMAR\u00c3ES<\/td>\n<td width=\"180\">Laborat\u00f3rio de Hist\u00f3ria<\/p>\n<p>BR \u2013 Bloco A<\/td>\n<\/tr>\n<\/tbody>\n<\/table>\n","protected":false},"excerpt":{"rendered":"<p>QUADRO DE OFERTAS (SEMESTRE 2026.1) OFERTA (CURSO DE HIST\u00d3RIA, SEMESTRE 2025.2) PER\u00cdODO LETIVO SUPLEMENTAR CONFORMIDADE COM A RESOLU\u00c7\u00c3O 014\/2020 CONSU-UNIFAP SEMESTRE 2020.3 TURMA 2018 &nbsp; DIA TURNO DISCIPLINA CR\u00c9DITOS DOCENTE LOCAL SEGUNDA Noite &nbsp; HIST\u00d3RIA CONTEMPOR\u00c2NEA 04 Paulo Milhomens Remoto&hellip; <\/p>\n<p><a href=\"https:\/\/www2.unifap.br\/historia-oiapoque\/1418-2\/\" class=\"readmore-button\">Continue Reading<\/a><\/p>\n","protected":false},"author":911,"featured_media":0,"parent":0,"menu_order":0,"comment_status":"closed","ping_status":"closed","template":"","meta":{"inline_featured_image":false,"ngg_post_thumbnail":0,"footnotes":""},"class_list":["post-1418","page","type-page","status-publish","hentry"],"_links":{"self":[{"href":"https:\/\/www2.unifap.br\/historia-oiapoque\/wp-json\/wp\/v2\/pages\/1418","targetHints":{"allow":["GET"]}}],"collection":[{"href":"https:\/\/www2.unifap.br\/historia-oiapoque\/wp-json\/wp\/v2\/pages"}],"about":[{"href":"https:\/\/www2.unifap.br\/historia-oiapoque\/wp-json\/wp\/v2\/types\/page"}],"author":[{"embeddable":true,"href":"https:\/\/www2.unifap.br\/historia-oiapoque\/wp-json\/wp\/v2\/users\/911"}],"replies":[{"embeddable":true,"href":"https:\/\/www2.unifap.br\/historia-oiapoque\/wp-json\/wp\/v2\/comments?post=1418"}],"version-history":[{"count":19,"href":"https:\/\/www2.unifap.br\/historia-oiapoque\/wp-json\/wp\/v2\/pages\/1418\/revisions"}],"predecessor-version":[{"id":1797,"href":"https:\/\/www2.unifap.br\/historia-oiapoque\/wp-json\/wp\/v2\/pages\/1418\/revisions\/1797"}],"wp:attachment":[{"href":"https:\/\/www2.unifap.br\/historia-oiapoque\/wp-json\/wp\/v2\/media?parent=1418"}],"curies":[{"name":"wp","href":"https:\/\/api.w.org\/{rel}","templated":true}]}}