{"id":255,"date":"2015-10-11T00:29:55","date_gmt":"2015-10-11T00:29:55","guid":{"rendered":"http:\/\/www2.unifap.br\/historia-oiapoque\/?page_id=255"},"modified":"2019-06-04T05:05:37","modified_gmt":"2019-06-04T05:05:37","slug":"eventos","status":"publish","type":"page","link":"https:\/\/www2.unifap.br\/historia-oiapoque\/eventos\/","title":{"rendered":"Eventos"},"content":{"rendered":"<header>\n<p style=\"text-align: left\" align=\"center\"><a href=\"http:\/\/www2.unifap.br\/historia-oiapoque\/files\/2019\/06\/CONVOCA\u00c7\u00c3O.png\"><img fetchpriority=\"high\" decoding=\"async\" class=\" wp-image-1409 aligncenter\" src=\"http:\/\/www2.unifap.br\/historia-oiapoque\/files\/2019\/06\/CONVOCA\u00c7\u00c3O-300x169.png\" alt=\"\" width=\"700\" height=\"394\" srcset=\"https:\/\/www2.unifap.br\/historia-oiapoque\/files\/2019\/06\/CONVOCA\u00c7\u00c3O-300x169.png 300w, https:\/\/www2.unifap.br\/historia-oiapoque\/files\/2019\/06\/CONVOCA\u00c7\u00c3O-768x432.png 768w, https:\/\/www2.unifap.br\/historia-oiapoque\/files\/2019\/06\/CONVOCA\u00c7\u00c3O-1024x576.png 1024w, https:\/\/www2.unifap.br\/historia-oiapoque\/files\/2019\/06\/CONVOCA\u00c7\u00c3O.png 1280w\" sizes=\"(max-width: 700px) 100vw, 700px\" \/><\/a><\/p>\n<p align=\"center\">*************************************************************************************************************<\/p>\n<p style=\"text-align: center\"><b>\u00a0<\/b><\/p>\n<p>&#8212;&#8212;&#8212;&#8212;&#8212;&#8212;&#8212;&#8212;&#8212;&#8212;&#8212;&#8212;&#8212;&#8212;&#8212;&#8212;&#8212;&#8212;&#8212;&#8212;&#8212;&#8212;&#8212;&#8212;&#8212;&#8212;&#8212;&#8212;&#8212;&#8212;&#8212;&#8212;&#8212;&#8212;&#8212;&#8212;&#8212;&#8212;&#8212;&#8212;&#8212;&#8212;&#8212;&#8212;&#8212;&#8212;&#8212;&#8212;&#8212;&#8212;&#8212;-<\/p>\n<p>&nbsp;<\/p>\n<p><a href=\"http:\/\/www2.unifap.br\/historia-oiapoque\/files\/2015\/10\/Debate.jpg\"><img decoding=\"async\" class=\"alignnone size-medium wp-image-517\" src=\"http:\/\/www2.unifap.br\/historia-oiapoque\/files\/2015\/10\/Debate-200x300.jpg\" alt=\"Debate\" width=\"200\" height=\"300\" srcset=\"https:\/\/www2.unifap.br\/historia-oiapoque\/files\/2015\/10\/Debate-200x300.jpg 200w, https:\/\/www2.unifap.br\/historia-oiapoque\/files\/2015\/10\/Debate.jpg 600w\" sizes=\"(max-width: 200px) 100vw, 200px\" \/><\/a><\/p>\n<p>&nbsp;<\/p>\n<p>___________________________________________________________________________________________<\/p>\n<p><strong style=\"font-size: 14px;line-height: 1.5em\">Aspectos hist\u00f3ricos e territoriais do Amap\u00e1<\/strong><\/p>\n<\/header>\n<div>O\u00a0Projeto \u201cAspectos hist\u00f3ricos e territoriais do Amap\u00e1\u201d, desenvolvido por professores do curso de Hist\u00f3ria do Campus Binacional Oiapoque e idealizado pela ANPUH-AP, tem como objetivo realizar debates sobre a Hist\u00f3ria do Amap\u00e1 oportunizando aos acad\u00eamicos do curso em conhecer mais sobre nossa historiografia. O evento buscar\u00e1 encontros semestrais e ter\u00e1 como discuss\u00e3o inicial \u201c<em>O territ\u00f3rio amapaense em disputa internacional \u2013 Reflex\u00f5es hist\u00f3ricas acerca da disputa territorial no setentri\u00e3o brasileiro<\/em>\u201c.<\/div>\n<div><\/div>\n<div>\u00a0 \u00a0 \u00a0 \u00a0 \u00a0 \u00a0 \u00a0 \u00a0 \u00a0 \u00a0 \u00a0 \u00a0 \u00a0 \u00a0 \u00a0 \u00a0 \u00a0 \u00a0 \u00a0 \u00a0 \u00a0 \u00a0 \u00a0 \u00a0 \u00a0 \u00a0 \u00a0 \u00a0 \u00a0 \u00a0 \u00a0 \u00a0 \u00a0 \u00a0 \u00a0 \u00a0 <a href=\"http:\/\/www2.unifap.br\/historia-oiapoque\/files\/2016\/02\/mesa-redonda.png\"><img decoding=\"async\" src=\"http:\/\/www2.unifap.br\/historia-oiapoque\/files\/2016\/02\/mesa-redonda-300x164.png\" alt=\"mesa redonda\" width=\"300\" height=\"164\" \/><\/a><\/div>\n<div><\/div>\n<div><\/div>\n<div>\u00a0 ((( Mesa Redonda ))) <b>&#8211; O Amap\u00e1: Das fortifica\u00e7\u00f5es ao Contestado<\/b> <b><\/b><i>Prof\u00ba: Lu\u00eds Gustavo<\/i> <b>&#8211; O Contestado Franco-brasileiro \u2013 Hist\u00f3ria e mem\u00f3ria de uma terra sem leis<\/b> <i>Prof\u00ba: Jonathan Viana<\/i> Data: 01\/mar\u00e7o (ter\u00e7a-feira) \u2013 19 horas Local: Audit\u00f3rio Colares Emiss\u00e3o de certificados<\/div>\n<p>&#8212;&#8212;&#8212;&#8212;&#8212;&#8212;&#8212;&#8212;&#8212;&#8212;&#8212;&#8212;&#8212;&#8212;&#8212;&#8212;&#8212;&#8212;&#8212;&#8212;&#8212;&#8212;&#8212;&#8212;&#8212;&#8212;&#8212;&#8212;&#8212;&#8212;&#8212;&#8212;&#8212;&#8212;&#8212;&#8212;&#8212;&#8212;&#8212;&#8212;&#8212;&#8212;&#8212;&#8212;&#8212;-<\/p>\n<p><strong style=\"line-height: 1.5em\">Palestra<\/strong><span style=\"line-height: 1.5em\"> com <\/span><strong style=\"line-height: 1.5em\">Dr. G\u00e9rald Migeon<\/strong><span style=\"line-height: 1.5em\"> (Universidade da Guiana).<\/span> <strong>Tema:<\/strong> Homem &amp; Natureza: culturas arqueol\u00f3gicas da Guiana Francesa. <strong>Local:<\/strong> Audit\u00f3rio da Igreja Assembleia de Deus &#8211; Oiapoque, AP. <strong>Hor\u00e1rio:<\/strong> 19h. <strong>Organiza\u00e7\u00e3o:<\/strong> Campus Binacional.<\/p>\n<p>&nbsp;<\/p>\n<p><a href=\"http:\/\/www2.unifap.br\/historia-oiapoque\/files\/2015\/10\/Palestra-do-dia-24.02.2016.jpg\"><img loading=\"lazy\" decoding=\"async\" class=\"alignnone size-medium wp-image-455\" src=\"http:\/\/www2.unifap.br\/historia-oiapoque\/files\/2015\/10\/Palestra-do-dia-24.02.2016-300x223.jpg\" alt=\"Palestra do dia 24.02.2016\" width=\"300\" height=\"223\" srcset=\"https:\/\/www2.unifap.br\/historia-oiapoque\/files\/2015\/10\/Palestra-do-dia-24.02.2016-300x223.jpg 300w, https:\/\/www2.unifap.br\/historia-oiapoque\/files\/2015\/10\/Palestra-do-dia-24.02.2016.jpg 960w\" sizes=\"(max-width: 300px) 100vw, 300px\" \/><\/a><\/p>\n<p>&nbsp;<\/p>\n<p><b>I Encontro sobre Cultura Afro-Brasileira no munic\u00edpio de Oiapoque<\/b> A Universidade Federal do Amap\u00e1 (UNIFAP\/Campus Binacional) atrav\u00e9s dos Colegiados de Hist\u00f3ria, Letras e Pedagogia, ir\u00e1 promover no pr\u00f3ximo dia 21 de novembro de 2015, o <i>I Encontro sobre Cultura Afro-Brasileira no munic\u00edpio de Oiapoque<\/i>. O evento \u00e9 aberto a docentes, discentes, t\u00e9cnicos da UNIFAP e comunidade em geral. A programa\u00e7\u00e3o \u00e9 parte integrante das a\u00e7\u00f5es que est\u00e3o ocorrendo em conson\u00e2ncia a Semana da Ci\u00eancia e Tecnologia (iniciado em outubro) em todo o pa\u00eds. E por ocasi\u00e3o da <i>Semana da Consci\u00eancia Negra,<\/i> surge mais essa proposta a ser discutida neste Encontro. Nesta primeira edi\u00e7\u00e3o, a coordena\u00e7\u00e3o\/organiza\u00e7\u00e3o do evento fica por conta dos(as) professores(as) Jonathan Viana (Hist\u00f3ria), Lucin\u00e9ia Alves (Letras\/Franc\u00eas) e Fredson Vulc\u00e3o (Pedagogia). <b style=\"line-height: 1.5em\">Data:<\/b><span style=\"line-height: 1.5em\"> 21\/11\/2015.<\/span> <b>Local:<\/b> Audit\u00f3rio Colares \u2013 anexo Campus Binacional da UNIFAP (centro). <b>Hor\u00e1rio:<\/b> 08 horas \u2013 Credenciamento. 09 horas \u2013 Abertura e palestras. <b>Emiss\u00e3o de certificados:<\/b> Gratuito (vagas limitadas). <strong>Realiza\u00e7\u00e3o:<\/strong>\u00a0<span style=\"line-height: 1.5em\">ANPUH-AP, SNCT (MCTI)<\/span> <b>Apoio:<\/b>\u00a0NEAB, Dire\u00e7\u00e3o do Campus Binacional, Coordena\u00e7\u00e3o de Gradua\u00e7\u00e3o (COGRAD) e Coordena\u00e7\u00e3o de Pesquisa, Extens\u00e3o e A\u00e7\u00f5es Comunit\u00e1rias (COPEA).<\/p>\n<p>&nbsp;<\/p>\n<p style=\"text-align: center\"><a href=\"http:\/\/www2.unifap.br\/historia-oiapoque\/files\/2015\/10\/midia.jpg\"><img loading=\"lazy\" decoding=\"async\" class=\"aligncenter size-medium wp-image-313\" src=\"http:\/\/www2.unifap.br\/historia-oiapoque\/files\/2015\/10\/midia-300x213.jpg\" alt=\"midia\" width=\"300\" height=\"213\" srcset=\"https:\/\/www2.unifap.br\/historia-oiapoque\/files\/2015\/10\/midia-300x213.jpg 300w, https:\/\/www2.unifap.br\/historia-oiapoque\/files\/2015\/10\/midia.jpg 681w\" sizes=\"(max-width: 300px) 100vw, 300px\" \/><\/a><\/p>\n<p><b>PROGRAMA\u00c7\u00c3O<\/b> <b>08h00 \u2013 Abertura e Inscri\u00e7\u00f5es<\/b><b>\u00a0<\/b> <b>08h30 \u2013 Roda de Capoeira com grupo local<\/b> <b>09h00 \u2013 In\u00edcio dos semin\u00e1rios:<\/b> <b>09h00 \u00e0s 09h30<\/b> \u2013 <i>A Literatura de Jos\u00e9 do Patroc\u00ednio e a representa\u00e7\u00e3o de personagens negros<\/i> (Prof\u00aa. Lucin\u00e9ia Alves \u2013 UNIFAP). <b>09h30 \u00e0s 10h00<\/b> \u2013 <i>Hist\u00f3ria &amp; Imagin\u00e1rio: a representa\u00e7\u00e3o afro-pop do her\u00f3i\/hero\u00edna nos quadrinhos<\/i> (Prof\u00ba. Paulo Milhomens \u2013 UNIFAP). <b>10h00 \u00e0s 10h30<\/b> \u2013 <i>Cultura Afro-brasileira na escola: contribui\u00e7\u00e3o para a erradica\u00e7\u00e3o do racismo no ambiente escolar<\/i> (Prof\u00ba. Fredson Vulc\u00e3o \u2013 UNIFAP). <b>10h30 \u00e0s 11h00<\/b> \u2013 <i>A participa\u00e7\u00e3o africana na forma\u00e7\u00e3o cultural brasileira<\/i> (Prof\u00ba. Jonathan Viana \u2013 UNIFAP). <b>11h00 \u00e0s 11h30 <\/b>\u00a0\u2013 <i>Literatura e Hist\u00f3ria afro-brasileira identificada na obra A Noite dos Cristais <\/i>(Prof\u00ba. Lu\u00eds Carlos de Santana \u2013 GEA).<\/p>\n<p style=\"text-align: center\"><em>\u00a0<\/em><\/p>\n<p><b>I Di\u00e1logo entre Hist\u00f3ria e Ci\u00eancia: construindo novas representa\u00e7\u00f5es sociais na fronteira<\/b><b>\u00a0<\/b> O evento ocorrer\u00e1 como parte integrante da programa\u00e7\u00e3o de apoio da <i>Semana Nacional de Ci\u00eancia e Tecnologia<\/i> (SNCT) 2015, entre os dias <b>19 e 20\/10<\/b>, <b>15h-18h<\/b>, Audit\u00f3rio Colares (anexo do Campus Binacional de Oiapoque). <b>Programa\u00e7\u00e3o:<\/b> <b>19\/10 &#8211; I Di\u00e1logo entre Hist\u00f3ria e Ci\u00eancia: construindo novas representa\u00e7\u00f5es sociais na<\/b><b>\u00a0<\/b><b>fronteira:<\/b>\u00a0<b>Hist\u00f3ria, Ci\u00eancia e as novas representa\u00e7\u00f5es sociais.<\/b> <b>Comunica\u00e7\u00f5es:<\/b>\u00a0<i>Hist\u00f3ria, Ci\u00eancia e as Novas Abordagens: o caso da criminologia <\/i>(Prof\u00ba. Dinaldo Barbosa). <i>Hist\u00f3ria, Ci\u00eancia e Ensino: o Novo C\u00f3digo Civil e as novas representa\u00e7\u00f5es sociais<\/i> (Prof\u00ba. Diego Moura). <i>Hist\u00f3ria, Ci\u00eancia e Ensino: as novas representa\u00e7\u00f5es sociais na Amaz\u00f4nia <\/i>(Prof\u00ba. Luiz Gustavo). <i>Hist\u00f3ria, Ci\u00eancia e Ensino: arqueologia e as suas representa\u00e7\u00f5es no Amap\u00e1<\/i> (Prof\u00aa. Ana Cristina). <i>Hist\u00f3ria, Ci\u00eancia e Ensino: as representa\u00e7\u00f5es sociais no Amap\u00e1 \u2013 de Cabralzinho \u00e0 ICOMI<\/i> (Prof\u00ba. Jonathan Viana e a Prof\u00aa. Elke Rocha). <b>20\/10 &#8211; I Di\u00e1logo entre Hist\u00f3ria e Ci\u00eancia: construindo novas representa\u00e7\u00f5es sociais na<\/b><b>\u00a0<\/b><b>fronteira:<\/b>\u00a0<b>Hist\u00f3ria, Ci\u00eancia e as novas representa\u00e7\u00f5es sociais.<\/b> <b>Comunica\u00e7\u00f5es:<\/b>\u00a0<i>Hist\u00f3ria, Ci\u00eancia e Ensino: as hist\u00f3rias em quadrinhos e as representa\u00e7\u00f5es sociais no ensino de Hist\u00f3ria<\/i> (Prof\u00ba. Paulo Milhomens). <i>Hist\u00f3ria, Ci\u00eancia e Ensino: representa\u00e7\u00e3o das personagens negras na obra de Jos\u00e9 Lins do Rego<\/i> (Prof\u00aa. Lucin\u00e9ia Alves). <i>Hist\u00f3ria, Ci\u00eancia e Ensino: interfaces da literatura brasileira e africana moderna \u2013 Leitura, cultura e tradu\u00e7\u00e3o<\/i> (Prof\u00aa. Mariana Jana\u00edna Alves e Diego Gomes da Silva \u2013 bolsista). Debate sobre a obra <i>A noite dos cristais<\/i> <i>(Lu\u00eds Fulano de Tal)<\/i> com o Prof\u00ba. Lu\u00eds Carlos de Santana. \u00a0 <strong>Semana Nacional de Ci\u00eancia &amp; Tecnologia<\/strong> http:\/\/www.unifap.br\/public\/index\/view\/id\/6642 <em>ou acompanhe no site do Minist\u00e9rio da Ci\u00eancia e Tecnologia:<\/em> <a href=\"http:\/\/semanact.mcti.gov.br\/programacao?p_p_id=pesquisarregistros_WAR_semanact2015portlet&amp;p_p_lifecycle=0&amp;p_p_state=normal&amp;p_p_mode=view&amp;p_p_col_id=column-1&amp;p_p_col_pos=2&amp;p_p_col_count=3&amp;pesquisarAtividade=true\" target=\"_blank\" rel=\"noopener\">http:\/\/semanact.mcti.gov.br\/programacao?p_p_id=pesquisarregistros_WAR_semanact2015portlet&amp;p_p_lifecycle=0&amp;p_p_state=normal&amp;p_p_mode=view&amp;p_p_col_id=column-1&amp;p_p_col_pos=2&amp;p_p_col_count=3&amp;pesquisarAtividade=true<\/a><\/p>\n","protected":false},"excerpt":{"rendered":"<p>************************************************************************************************************* \u00a0 &#8212;&#8212;&#8212;&#8212;&#8212;&#8212;&#8212;&#8212;&#8212;&#8212;&#8212;&#8212;&#8212;&#8212;&#8212;&#8212;&#8212;&#8212;&#8212;&#8212;&#8212;&#8212;&#8212;&#8212;&#8212;&#8212;&#8212;&#8212;&#8212;&#8212;&#8212;&#8212;&#8212;&#8212;&#8212;&#8212;&#8212;&#8212;&#8212;&#8212;&#8212;&#8212;&#8212;&#8212;&#8212;&#8212;&#8212;&#8212;&#8212;&#8212;&#8212;- &nbsp; &nbsp; ___________________________________________________________________________________________ Aspectos hist\u00f3ricos e territoriais do Amap\u00e1 O\u00a0Projeto \u201cAspectos hist\u00f3ricos e territoriais do Amap\u00e1\u201d, desenvolvido por professores do curso de Hist\u00f3ria do Campus Binacional Oiapoque e idealizado pela ANPUH-AP, tem como objetivo realizar debates sobre&hellip; <\/p>\n<p><a href=\"https:\/\/www2.unifap.br\/historia-oiapoque\/eventos\/\" class=\"readmore-button\">Continue Reading<\/a><\/p>\n","protected":false},"author":427,"featured_media":0,"parent":0,"menu_order":0,"comment_status":"closed","ping_status":"closed","template":"","meta":{"inline_featured_image":false,"ngg_post_thumbnail":0,"footnotes":""},"class_list":["post-255","page","type-page","status-publish","hentry"],"_links":{"self":[{"href":"https:\/\/www2.unifap.br\/historia-oiapoque\/wp-json\/wp\/v2\/pages\/255","targetHints":{"allow":["GET"]}}],"collection":[{"href":"https:\/\/www2.unifap.br\/historia-oiapoque\/wp-json\/wp\/v2\/pages"}],"about":[{"href":"https:\/\/www2.unifap.br\/historia-oiapoque\/wp-json\/wp\/v2\/types\/page"}],"author":[{"embeddable":true,"href":"https:\/\/www2.unifap.br\/historia-oiapoque\/wp-json\/wp\/v2\/users\/427"}],"replies":[{"embeddable":true,"href":"https:\/\/www2.unifap.br\/historia-oiapoque\/wp-json\/wp\/v2\/comments?post=255"}],"version-history":[{"count":42,"href":"https:\/\/www2.unifap.br\/historia-oiapoque\/wp-json\/wp\/v2\/pages\/255\/revisions"}],"predecessor-version":[{"id":1412,"href":"https:\/\/www2.unifap.br\/historia-oiapoque\/wp-json\/wp\/v2\/pages\/255\/revisions\/1412"}],"wp:attachment":[{"href":"https:\/\/www2.unifap.br\/historia-oiapoque\/wp-json\/wp\/v2\/media?parent=255"}],"curies":[{"name":"wp","href":"https:\/\/api.w.org\/{rel}","templated":true}]}}