{"id":35,"date":"2013-10-30T03:00:24","date_gmt":"2013-10-30T03:00:24","guid":{"rendered":"http:\/\/www2.unifap.br\/historia-oiapoque\/?page_id=35"},"modified":"2025-11-05T17:38:42","modified_gmt":"2025-11-05T17:38:42","slug":"ppc-historia","status":"publish","type":"page","link":"https:\/\/www2.unifap.br\/historia-oiapoque\/ppc-historia\/","title":{"rendered":"PPC Hist\u00f3ria"},"content":{"rendered":"<p>Segue para <em>download <\/em>o Projeto Pol\u00edtico do Curso de Licenciatura em Hist\u00f3ria da Universidade Federal do Amap\u00e1\/<em>Campus <\/em>Binacional de Oiapoque, aprovado pelo Conselho Universit\u00e1rio em outubro de 2025.<\/p>\n<p><a href=\"http:\/\/www2.unifap.br\/historia-oiapoque\/files\/2025\/11\/MATRIZ-CURRICULAR-HISTORIA-OIAPOQUE.pdf\">MATRIZ CURRICULAR (HIST\u00d3RIA OIAPOQUE)<\/a><\/p>\n<p><a href=\"http:\/\/www2.unifap.br\/historia-oiapoque\/files\/2025\/11\/PPC-HISTORIA-2025.pdf\">PPC HIST\u00d3RIA 2025<\/a><\/p>\n<p><strong>Comiss\u00e3o de reestrutura\u00e7\u00e3o do Projeto Pedag\u00f3gico Curricular (PPC).<\/strong><\/p>\n<p><strong>Portaria n\u00ba 1.265\/2023<\/strong><\/p>\n<p><strong>Equipe de trabalho:<\/strong><\/p>\n<p>Me. Alexandre Souza Amaral (presidente);<\/p>\n<p>Dra. Evelanne Samara Alves da Silva;<\/p>\n<p>Dr. Gladson Paulo Milhomens Fonseca;<\/p>\n<p>Dra. M\u00e1rcia Gomes Fernandes;<\/p>\n<p>&nbsp;<\/p>\n<p>&nbsp;<\/p>\n","protected":false},"excerpt":{"rendered":"<p>Segue para download o Projeto Pol\u00edtico do Curso de Licenciatura em Hist\u00f3ria da Universidade Federal do Amap\u00e1\/Campus Binacional de Oiapoque, aprovado pelo Conselho Universit\u00e1rio em outubro de 2025. MATRIZ CURRICULAR (HIST\u00d3RIA OIAPOQUE) PPC HIST\u00d3RIA 2025 Comiss\u00e3o de reestrutura\u00e7\u00e3o do Projeto&hellip; <\/p>\n<p><a href=\"https:\/\/www2.unifap.br\/historia-oiapoque\/ppc-historia\/\" class=\"readmore-button\">Continue Reading<\/a><\/p>\n","protected":false},"author":362,"featured_media":0,"parent":0,"menu_order":5,"comment_status":"closed","ping_status":"closed","template":"","meta":{"inline_featured_image":false,"ngg_post_thumbnail":0,"footnotes":""},"class_list":["post-35","page","type-page","status-publish","hentry"],"_links":{"self":[{"href":"https:\/\/www2.unifap.br\/historia-oiapoque\/wp-json\/wp\/v2\/pages\/35","targetHints":{"allow":["GET"]}}],"collection":[{"href":"https:\/\/www2.unifap.br\/historia-oiapoque\/wp-json\/wp\/v2\/pages"}],"about":[{"href":"https:\/\/www2.unifap.br\/historia-oiapoque\/wp-json\/wp\/v2\/types\/page"}],"author":[{"embeddable":true,"href":"https:\/\/www2.unifap.br\/historia-oiapoque\/wp-json\/wp\/v2\/users\/362"}],"replies":[{"embeddable":true,"href":"https:\/\/www2.unifap.br\/historia-oiapoque\/wp-json\/wp\/v2\/comments?post=35"}],"version-history":[{"count":12,"href":"https:\/\/www2.unifap.br\/historia-oiapoque\/wp-json\/wp\/v2\/pages\/35\/revisions"}],"predecessor-version":[{"id":1778,"href":"https:\/\/www2.unifap.br\/historia-oiapoque\/wp-json\/wp\/v2\/pages\/35\/revisions\/1778"}],"wp:attachment":[{"href":"https:\/\/www2.unifap.br\/historia-oiapoque\/wp-json\/wp\/v2\/media?parent=35"}],"curies":[{"name":"wp","href":"https:\/\/api.w.org\/{rel}","templated":true}]}}