{"id":48,"date":"2013-10-30T03:29:39","date_gmt":"2013-10-30T03:29:39","guid":{"rendered":"http:\/\/www2.unifap.br\/historia-oiapoque\/?page_id=48"},"modified":"2018-03-29T22:29:34","modified_gmt":"2018-03-29T22:29:34","slug":"colegiado-de-historia","status":"publish","type":"page","link":"https:\/\/www2.unifap.br\/historia-oiapoque\/colegiado-de-historia\/","title":{"rendered":"Colegiado de Hist\u00f3ria"},"content":{"rendered":"<p style=\"text-align: justify\">O Colegiado de Hist\u00f3ria da Universidade Federal do Amap\u00e1 do\u00a0Campus Binacional do Oiapoque \u00e9 composto atualmente pelos docentes da institui\u00e7\u00e3o. Al\u00e9m do coordenador e do vice-coordenador, essa equipe de profissionais desenvolve junto \u00e0 estrutura do curso as seguintes atividades:<\/p>\n<p style=\"text-align: justify\">1) Comiss\u00e3o para cria\u00e7\u00e3o de N\u00facleo Estruturante do Curso.<\/p>\n<p style=\"text-align: justify\">2) Comiss\u00e3o para cria\u00e7\u00e3o de Projeto Pol\u00edtico Pedag\u00f3gico do Curso (PPC) do Campus Binacional (curso de Hist\u00f3ria).<\/p>\n<p style=\"text-align: justify\">3) Atribui\u00e7\u00f5es espec\u00edficas (em andamento).<\/p>\n<p style=\"text-align: justify\">\n<p style=\"text-align: justify\"><span style=\"line-height: 1.5em\">\u00a0<\/span><\/p>\n","protected":false},"excerpt":{"rendered":"<p>O Colegiado de Hist\u00f3ria da Universidade Federal do Amap\u00e1 do\u00a0Campus Binacional do Oiapoque \u00e9 composto atualmente pelos docentes da institui\u00e7\u00e3o. Al\u00e9m do coordenador e do vice-coordenador, essa equipe de profissionais desenvolve junto \u00e0 estrutura do curso as seguintes atividades: 1)&hellip; <\/p>\n<p><a href=\"https:\/\/www2.unifap.br\/historia-oiapoque\/colegiado-de-historia\/\" class=\"readmore-button\">Continue Reading<\/a><\/p>\n","protected":false},"author":362,"featured_media":0,"parent":0,"menu_order":1,"comment_status":"closed","ping_status":"closed","template":"","meta":{"inline_featured_image":false,"ngg_post_thumbnail":0,"footnotes":""},"class_list":["post-48","page","type-page","status-publish","hentry"],"_links":{"self":[{"href":"https:\/\/www2.unifap.br\/historia-oiapoque\/wp-json\/wp\/v2\/pages\/48","targetHints":{"allow":["GET"]}}],"collection":[{"href":"https:\/\/www2.unifap.br\/historia-oiapoque\/wp-json\/wp\/v2\/pages"}],"about":[{"href":"https:\/\/www2.unifap.br\/historia-oiapoque\/wp-json\/wp\/v2\/types\/page"}],"author":[{"embeddable":true,"href":"https:\/\/www2.unifap.br\/historia-oiapoque\/wp-json\/wp\/v2\/users\/362"}],"replies":[{"embeddable":true,"href":"https:\/\/www2.unifap.br\/historia-oiapoque\/wp-json\/wp\/v2\/comments?post=48"}],"version-history":[{"count":6,"href":"https:\/\/www2.unifap.br\/historia-oiapoque\/wp-json\/wp\/v2\/pages\/48\/revisions"}],"predecessor-version":[{"id":1046,"href":"https:\/\/www2.unifap.br\/historia-oiapoque\/wp-json\/wp\/v2\/pages\/48\/revisions\/1046"}],"wp:attachment":[{"href":"https:\/\/www2.unifap.br\/historia-oiapoque\/wp-json\/wp\/v2\/media?parent=48"}],"curies":[{"name":"wp","href":"https:\/\/api.w.org\/{rel}","templated":true}]}}