{"id":65,"date":"2013-10-30T06:11:49","date_gmt":"2013-10-30T06:11:49","guid":{"rendered":"http:\/\/www2.unifap.br\/historia-oiapoque\/?page_id=65"},"modified":"2018-03-29T22:26:59","modified_gmt":"2018-03-29T22:26:59","slug":"principal-home","status":"publish","type":"page","link":"https:\/\/www2.unifap.br\/historia-oiapoque\/principal-home\/","title":{"rendered":"Principal \/ Home"},"content":{"rendered":"<p style=\"text-align: justify\">Caros visitantes, sejam bem vindos ao site do Colegiado de Hist\u00f3ria da Universidade Federal do Amap\u00e1 &#8211; Campus Binacional de Oiapoque.<\/p>\n<p>O Colegiado de Hist\u00f3ria da Universidade Federal do Amap\u00e1 do\u00a0Campus Binacional do Oiapoque \u00e9 composto atualmente por docentes da institui\u00e7\u00e3o e uma T\u00e9cnica. Al\u00e9m do coordenador e do vice coordenador, essa equipe de profissionais desenvolve junto \u00e0 estrutura do curso as seguintes atividades:<\/p>\n<p>1) Ensino, Pesquisa e Extens\u00e3o;<\/p>\n<p>2) Comiss\u00e3o para cria\u00e7\u00e3o de N\u00facleo Estruturante do Curso;<\/p>\n<p>3) Comiss\u00e3o para cria\u00e7\u00e3o de Projeto Pol\u00edtico Pedag\u00f3gico do Curso (PPC) do Campus Binacional (curso de Hist\u00f3ria).<\/p>\n<p style=\"text-align: justify\">\n","protected":false},"excerpt":{"rendered":"<p>Caros visitantes, sejam bem vindos ao site do Colegiado de Hist\u00f3ria da Universidade Federal do Amap\u00e1 &#8211; Campus Binacional de Oiapoque. O Colegiado de Hist\u00f3ria da Universidade Federal do Amap\u00e1 do\u00a0Campus Binacional do Oiapoque \u00e9 composto atualmente por docentes da&hellip; <\/p>\n<p><a href=\"https:\/\/www2.unifap.br\/historia-oiapoque\/principal-home\/\" class=\"readmore-button\">Continue Reading<\/a><\/p>\n","protected":false},"author":362,"featured_media":0,"parent":0,"menu_order":0,"comment_status":"closed","ping_status":"closed","template":"","meta":{"inline_featured_image":false,"ngg_post_thumbnail":0,"footnotes":""},"class_list":["post-65","page","type-page","status-publish","hentry"],"_links":{"self":[{"href":"https:\/\/www2.unifap.br\/historia-oiapoque\/wp-json\/wp\/v2\/pages\/65","targetHints":{"allow":["GET"]}}],"collection":[{"href":"https:\/\/www2.unifap.br\/historia-oiapoque\/wp-json\/wp\/v2\/pages"}],"about":[{"href":"https:\/\/www2.unifap.br\/historia-oiapoque\/wp-json\/wp\/v2\/types\/page"}],"author":[{"embeddable":true,"href":"https:\/\/www2.unifap.br\/historia-oiapoque\/wp-json\/wp\/v2\/users\/362"}],"replies":[{"embeddable":true,"href":"https:\/\/www2.unifap.br\/historia-oiapoque\/wp-json\/wp\/v2\/comments?post=65"}],"version-history":[{"count":5,"href":"https:\/\/www2.unifap.br\/historia-oiapoque\/wp-json\/wp\/v2\/pages\/65\/revisions"}],"predecessor-version":[{"id":1047,"href":"https:\/\/www2.unifap.br\/historia-oiapoque\/wp-json\/wp\/v2\/pages\/65\/revisions\/1047"}],"wp:attachment":[{"href":"https:\/\/www2.unifap.br\/historia-oiapoque\/wp-json\/wp\/v2\/media?parent=65"}],"curies":[{"name":"wp","href":"https:\/\/api.w.org\/{rel}","templated":true}]}}