{"id":672,"date":"2016-11-16T13:20:24","date_gmt":"2016-11-16T13:20:24","guid":{"rendered":"http:\/\/www2.unifap.br\/historia-oiapoque\/?page_id=672"},"modified":"2016-11-16T13:21:17","modified_gmt":"2016-11-16T13:21:17","slug":"laboratorio-de-ens-pesq-em-historia","status":"publish","type":"page","link":"https:\/\/www2.unifap.br\/historia-oiapoque\/laboratorio-de-ens-pesq-em-historia\/","title":{"rendered":"Laborat\u00f3rio de Ens. &amp; Pesq. em Hist\u00f3ria"},"content":{"rendered":"<p>Segue a agenda de funcionamento do Laborat\u00f3rio de Ensino &amp; Pesquisa em Hist\u00f3ria (LEPeH):<\/p>\n<p><a href=\"https:\/\/www.google.com\/calendar\/embed?src=aXZoZWhpdTBrNXI3b3Myc2MybzY0NjNlcDBAZ3JvdXAuY2FsZW5kYXIuZ29vZ2xlLmNvbQ\" target=\"_blank\">Acesse aqui<\/a>.<\/p>\n<p>&nbsp;<\/p>\n","protected":false},"excerpt":{"rendered":"<p>Segue a agenda de funcionamento do Laborat\u00f3rio de Ensino &amp; Pesquisa em Hist\u00f3ria (LEPeH): Acesse aqui. &nbsp;<\/p>\n","protected":false},"author":362,"featured_media":0,"parent":0,"menu_order":0,"comment_status":"closed","ping_status":"closed","template":"","meta":{"inline_featured_image":false,"ngg_post_thumbnail":0,"footnotes":""},"class_list":["post-672","page","type-page","status-publish","hentry"],"_links":{"self":[{"href":"https:\/\/www2.unifap.br\/historia-oiapoque\/wp-json\/wp\/v2\/pages\/672","targetHints":{"allow":["GET"]}}],"collection":[{"href":"https:\/\/www2.unifap.br\/historia-oiapoque\/wp-json\/wp\/v2\/pages"}],"about":[{"href":"https:\/\/www2.unifap.br\/historia-oiapoque\/wp-json\/wp\/v2\/types\/page"}],"author":[{"embeddable":true,"href":"https:\/\/www2.unifap.br\/historia-oiapoque\/wp-json\/wp\/v2\/users\/362"}],"replies":[{"embeddable":true,"href":"https:\/\/www2.unifap.br\/historia-oiapoque\/wp-json\/wp\/v2\/comments?post=672"}],"version-history":[{"count":2,"href":"https:\/\/www2.unifap.br\/historia-oiapoque\/wp-json\/wp\/v2\/pages\/672\/revisions"}],"predecessor-version":[{"id":674,"href":"https:\/\/www2.unifap.br\/historia-oiapoque\/wp-json\/wp\/v2\/pages\/672\/revisions\/674"}],"wp:attachment":[{"href":"https:\/\/www2.unifap.br\/historia-oiapoque\/wp-json\/wp\/v2\/media?parent=672"}],"curies":[{"name":"wp","href":"https:\/\/api.w.org\/{rel}","templated":true}]}}