{"id":224,"date":"2013-08-15T02:24:49","date_gmt":"2013-08-15T02:24:49","guid":{"rendered":"http:\/\/www2.unifap.br\/historia\/?page_id=224"},"modified":"2021-04-23T18:58:54","modified_gmt":"2021-04-23T18:58:54","slug":"atual","status":"publish","type":"page","link":"https:\/\/www2.unifap.br\/historia\/atual","title":{"rendered":"PPC Licenciatura em Hist\u00f3ria &#8211; (ap\u00f3s 2017)"},"content":{"rendered":"<p>Clique no link abaixo para acessar o Projeto Pedag\u00f3gico do curso de Licenciatura em Hist\u00f3ria:<\/p>\n<p><a title=\"PPC Licenciatura 2017 (atual)\" href=\"http:\/\/www2.unifap.br\/historia\/files\/2018\/04\/PPC-Licenciatura-2017.pdf\" target=\"_blank\" rel=\"noopener noreferrer\">PPC Licenciatura em Hist\u00f3ria atual<\/a><\/p>\n<p><span style=\"color: #ff0000\"><a style=\"color: #ff0000\" href=\"https:\/\/www2.unifap.br\/historia\/arquivos\/2471\/secretary\" target=\"_blank\" rel=\"noopener noreferrer\">Instru\u00e7\u00e3o Normativa 5\/2021 \u2013 CCH: EMENT\u00c1RIO CURSO DE HIST\u00d3RIA LICENCIATURA 2017<\/a><\/span><\/p>\n<p><span style=\"color: #0000ff\"><strong><a style=\"color: #0000ff\" href=\"http:\/\/www2.unifap.br\/historia\/files\/2021\/04\/processo_23125008402202168_Ementas_Atual_20217-historia.pdf\" target=\"_blank\" rel=\"noopener noreferrer\">processo_23125008402202168_Ementas_Atual_20217-historia<\/a><\/strong><\/span><\/p>\n<p>Clique <a href=\"https:\/\/sipac.unifap.br\/public\/jsp\/processos\/processo_detalhado.jsf?id=64778\">AQUI para ter acesso as EMENTAS assinadas digital, ordem de servi\u00e7o<\/a>.<\/p>\n<table class=\"formulario\">\n<tbody>\n<tr>\n<th width=\"25%\"><b>Processo:<\/b><\/th>\n<td>23125.008402\/2021-68<\/td>\n<\/tr>\n<tr>\n<th class=\"rotulo\"><b>Origem do Processo:<\/b><\/th>\n<td>Interno<\/td>\n<\/tr>\n<tr>\n<th class=\"rotulo\"><b>Data de Autua\u00e7\u00e3o:<\/b><\/th>\n<td>17\/04\/2021 16:46<\/td>\n<\/tr>\n<tr>\n<th class=\"rotulo\"><b>Usu\u00e1rio de Autua\u00e7\u00e3o:<\/b><\/th>\n<td>MARCOS SILVA ALBUQUERQUE<\/td>\n<\/tr>\n<tr>\n<th><b>Assunto do Processo:<\/b><\/th>\n<td>SERVI\u00c7O EXTRAORDIN\u00c1RIO<\/td>\n<\/tr>\n<tr>\n<th><b>Assunto Detalhado:<\/b><\/th>\n<td>EMENT\u00c1RIO PPC CURSO DE HIST\u00d3RIA LICENCIATURA 2017<\/td>\n<\/tr>\n<tr>\n<th><b>Natureza do Processo:<\/b><\/th>\n<td>OSTENSIVO<\/td>\n<\/tr>\n<tr>\n<th><b>Unidade de Origem:<\/b><\/th>\n<td>COORDENA\u00c7\u00c3O DO CURSO DE HIST\u00d3RIA LICENCIATURA &#8211; CCHL (11.02.25.13.01)<\/td>\n<\/tr>\n<tr>\n<th><b>Status:<\/b><\/th>\n<td>ATIVO<\/td>\n<\/tr>\n<tr>\n<th><b>Data de Cadastro:<\/b><\/th>\n<td>17\/04\/2021<\/td>\n<\/tr>\n<tr>\n<th><b>Observa\u00e7\u00e3o:<\/b><\/th>\n<td>https:\/\/www2.unifap.br\/historia\/files\/2018\/04\/PPC-Licenciatura-2017.pdf confeccionada por Marquinhos<\/td>\n<\/tr>\n<\/tbody>\n<\/table>\n","protected":false},"excerpt":{"rendered":"<p>Clique no link abaixo para acessar o Projeto Pedag\u00f3gico do curso de Licenciatura em Hist\u00f3ria: PPC Licenciatura em Hist\u00f3ria atual Instru\u00e7\u00e3o Normativa 5\/2021 \u2013 CCH: EMENT\u00c1RIO CURSO DE HIST\u00d3RIA LICENCIATURA 2017 processo_23125008402202168_Ementas_Atual_20217-historia Clique AQUI para ter acesso as EMENTAS assinadas digital, ordem de servi\u00e7o. Processo: 23125.008402\/2021-68 Origem do Processo: Interno Data de Autua\u00e7\u00e3o: 17\/04\/2021 16:46&#8230;<\/p>\n","protected":false},"author":168,"featured_media":0,"parent":0,"menu_order":2,"comment_status":"open","ping_status":"closed","template":"","meta":{"inline_featured_image":false,"site-sidebar-layout":"default","site-content-layout":"","ast-site-content-layout":"default","site-content-style":"default","site-sidebar-style":"default","ast-global-header-display":"","ast-banner-title-visibility":"","ast-main-header-display":"","ast-hfb-above-header-display":"","ast-hfb-below-header-display":"","ast-hfb-mobile-header-display":"","site-post-title":"","ast-breadcrumbs-content":"","ast-featured-img":"","footer-sml-layout":"","theme-transparent-header-meta":"","adv-header-id-meta":"","stick-header-meta":"","header-above-stick-meta":"","header-main-stick-meta":"","header-below-stick-meta":"","astra-migrate-meta-layouts":"default","ast-page-background-enabled":"default","ast-page-background-meta":{"desktop":{"background-color":"var(--ast-global-color-4)","background-image":"","background-repeat":"repeat","background-position":"center center","background-size":"auto","background-attachment":"scroll","background-type":"","background-media":"","overlay-type":"","overlay-color":"","overlay-opacity":"","overlay-gradient":""},"tablet":{"background-color":"","background-image":"","background-repeat":"repeat","background-position":"center center","background-size":"auto","background-attachment":"scroll","background-type":"","background-media":"","overlay-type":"","overlay-color":"","overlay-opacity":"","overlay-gradient":""},"mobile":{"background-color":"","background-image":"","background-repeat":"repeat","background-position":"center center","background-size":"auto","background-attachment":"scroll","background-type":"","background-media":"","overlay-type":"","overlay-color":"","overlay-opacity":"","overlay-gradient":""}},"ast-content-background-meta":{"desktop":{"background-color":"var(--ast-global-color-5)","background-image":"","background-repeat":"repeat","background-position":"center center","background-size":"auto","background-attachment":"scroll","background-type":"","background-media":"","overlay-type":"","overlay-color":"","overlay-opacity":"","overlay-gradient":""},"tablet":{"background-color":"var(--ast-global-color-5)","background-image":"","background-repeat":"repeat","background-position":"center center","background-size":"auto","background-attachment":"scroll","background-type":"","background-media":"","overlay-type":"","overlay-color":"","overlay-opacity":"","overlay-gradient":""},"mobile":{"background-color":"var(--ast-global-color-5)","background-image":"","background-repeat":"repeat","background-position":"center center","background-size":"auto","background-attachment":"scroll","background-type":"","background-media":"","overlay-type":"","overlay-color":"","overlay-opacity":"","overlay-gradient":""}},"ngg_post_thumbnail":0,"footnotes":""},"folder":[],"class_list":["post-224","page","type-page","status-publish","hentry"],"_links":{"self":[{"href":"https:\/\/www2.unifap.br\/historia\/wp-json\/wp\/v2\/pages\/224","targetHints":{"allow":["GET"]}}],"collection":[{"href":"https:\/\/www2.unifap.br\/historia\/wp-json\/wp\/v2\/pages"}],"about":[{"href":"https:\/\/www2.unifap.br\/historia\/wp-json\/wp\/v2\/types\/page"}],"author":[{"embeddable":true,"href":"https:\/\/www2.unifap.br\/historia\/wp-json\/wp\/v2\/users\/168"}],"replies":[{"embeddable":true,"href":"https:\/\/www2.unifap.br\/historia\/wp-json\/wp\/v2\/comments?post=224"}],"version-history":[{"count":13,"href":"https:\/\/www2.unifap.br\/historia\/wp-json\/wp\/v2\/pages\/224\/revisions"}],"predecessor-version":[{"id":2513,"href":"https:\/\/www2.unifap.br\/historia\/wp-json\/wp\/v2\/pages\/224\/revisions\/2513"}],"wp:attachment":[{"href":"https:\/\/www2.unifap.br\/historia\/wp-json\/wp\/v2\/media?parent=224"}],"wp:term":[{"taxonomy":"folder","embeddable":true,"href":"https:\/\/www2.unifap.br\/historia\/wp-json\/wp\/v2\/folder?post=224"}],"curies":[{"name":"wp","href":"https:\/\/api.w.org\/{rel}","templated":true}]}}