{"id":3325,"date":"2021-08-02T01:35:07","date_gmt":"2021-08-02T01:35:07","guid":{"rendered":"http:\/\/www2.unifap.br\/historia\/?page_id=3325"},"modified":"2022-03-21T23:55:24","modified_gmt":"2022-03-22T02:55:24","slug":"legislacao","status":"publish","type":"page","link":"https:\/\/www2.unifap.br\/historia\/legislacao","title":{"rendered":"Legisla\u00e7\u00e3o interna"},"content":{"rendered":"<header class=\"entry-header\">\n<h4><a class=\"doclink\" href=\"http:\/\/portal.mec.gov.br\/index.php?option=com_docman&amp;view=download&amp;alias=108231-portaria-1428&amp;category_slug=fevereiro-2019-pdf&amp;Itemid=30192\">Portaria n\u00ba 1.428, de 28 de dezembro de 2018<\/a>&nbsp;\u2013 Disp\u00f5e sobre a oferta, por Institui\u00e7\u00f5es de Educa\u00e7\u00e3o Superior \u2013 IES, de disciplinas na modalidade a dist\u00e2ncia em cursos de gradua\u00e7\u00e3o presencial<\/h4>\n<p><strong><span style=\"color: #ff0000\"><a style=\"color: #ff0000\" href=\"http:\/\/www2.unifap.br\/historia\/files\/2021\/10\/Portaria-1428.pdf\">24 de outubro de 2021 244 KB &#8211; Portaria n\u00ba 1.428\/2018<\/a><\/span><\/strong><\/p>\n<hr>\n<p class=\"identifica\"><span style=\"color: #0000ff\"><a style=\"color: #0000ff\" href=\"https:\/\/www.in.gov.br\/web\/dou\/-\/portaria-n-837-de-21-de-outubro-de-2021-353960254\" target=\"_blank\" rel=\"noopener noreferrer\">PORTARIA N\u00ba 837<\/a>, DE 21 DE OUTUBRO DE 2021<\/span><\/p>\n<p class=\"ementa\" style=\"text-align: left\"><span style=\"color: #000000\">Estabelece as regras de retorno gradual e seguro \u00e0s atividades presenciais no \u00e2mbito do <a style=\"color: #000000\" href=\"https:\/\/pesquisa.in.gov.br\/imprensa\/jsp\/visualiza\/index.jsp?data=22\/10\/2021&amp;jornal=515&amp;pagina=50\" target=\"_blank\" rel=\"noopener noreferrer\">Minist\u00e9rio da Educa\u00e7\u00e3o &#8211; MEC<\/a>, no contexto do enfrentamento do estado de emerg\u00eancia de sa\u00fade p\u00fablica de import\u00e2ncia internacional decorrente da Covid-19.<\/span><\/p>\n<ul>\n<li><span style=\"color: #ff0000\"><strong><a style=\"color: #ff0000\" href=\"http:\/\/www2.unifap.br\/historia\/files\/2021\/10\/DOU_Port837-2021_MEC.pdf\">DOU_Port. 837\/2021_MEC<\/a><\/strong><\/span><\/li>\n<\/ul>\n<ol>\n<li><span style=\"color: #0000ff\"><a style=\"color: #0000ff\" href=\"http:\/\/www2.unifap.br\/historia\/files\/2021\/10\/HORARIO_2021.1_11092021.docx\">HORARIO_2021.1_11092021<\/a><\/span><\/li>\n<li><span style=\"color: #0000ff\"><span style=\"color: #0000ff\"><a style=\"color: #0000ff\" href=\"http:\/\/www2.unifap.br\/historia\/files\/2021\/10\/PLANNER_CCHL.docx\">PLANNER_CCHL<\/a><\/span><\/span><br \/>\n<hr>\n<\/li>\n<\/ol>\n<hr>\n<h1 class=\"entry-title\"><span style=\"color: #000000\">Legisla\u00e7\u00e3o interna<\/span><\/h1>\n<\/header>\n<div class=\"clearfix entry-content\">\n<p><span style=\"color: #000000\">As solicita\u00e7\u00f5es a abono de faltas, 2\u00aa chamada de prova, revis\u00e3o de notas e provas e demais assuntos pertinentes devem ser solicitadas na Coordena\u00e7\u00e3o. Abaixo segue as orienta\u00e7\u00f5es e resolu\u00e7\u00f5es da Unifap que trata do assunto e demais d\u00favidas sobre o mesmo:<\/span><\/p>\n<p><span style=\"color: #000000\">Regimento Geral da Unifap<\/span><\/p>\n<p><span style=\"color: #000000\"><a style=\"color: #000000\" href=\"http:\/\/www2.unifap.br\/medicina\/files\/2018\/04\/Regimento-Geral-da-UNIFAP.pdf\">Regimento-Geral-da-UNIFAP<\/a><\/span><\/p>\n<p>&nbsp;<\/p>\n<p><span style=\"color: #000000\">Resolu\u00e7\u00e3o n\u00ba 026\/2011 \u2013&nbsp;Regulamenta a nova Sistem\u00e1tica de Avalia\u00e7\u00e3o da Aprendizagem, no \u00e2mbito da Universidade Federal do Amap\u00e1.<\/span><\/p>\n<p><span style=\"color: #000000\"><a style=\"color: #000000\" href=\"http:\/\/www2.unifap.br\/medicina\/solicitacoes-e-orientacoes-a-alunos\/resolucao-no-26-11-sistematica-de-avaliacao\/\" rel=\"attachment wp-att-4758\">Resolu\u00e7\u00e3o-n\u00ba-26-11-Sistematica-de-avalia\u00e7\u00e3o<\/a><\/span><\/p>\n<p>&nbsp;<\/p>\n<p><span style=\"color: #000000\">Nota t\u00e9cnica n\u00ba 01\/2015 DLE\/COEG \u2013&nbsp;Frequ\u00eancia de Alunos e abono de faltas<\/span><\/p>\n<p><strong><span style=\"color: #ff0000\"><a style=\"color: #ff0000\" href=\"http:\/\/www2.unifap.br\/medicina\/files\/2018\/04\/Nota-t%C3%A9cnica-01-2015-Abono-de-Faltas.pdf\">Nota-t\u00e9cnica-01-2015-Abono-de-Faltas<\/a><\/span><\/strong><\/p>\n<p>&nbsp;<\/p>\n<p><span style=\"color: #000000\">Aproveitamento e valida\u00e7\u00e3o de estudos<\/span><\/p>\n<p><span style=\"color: #000000\"><a style=\"color: #000000\" href=\"http:\/\/www2.unifap.br\/direito\/files\/2013\/11\/resolu%C3%A7%C3%A3o-n-15-1996.pdf\">Aproveitamento de estudos dos alunos da UNIFAP (<\/a><span style=\"color: #0000ff\"><strong><a style=\"color: #0000ff\" href=\"http:\/\/www2.unifap.br\/arquitetura\/files\/2013\/01\/resolu%C3%A7%C3%A3o-n-15-1996.pdf\">resolu\u00e7\u00e3o-n-15-1996<\/a><\/strong><\/span><a style=\"color: #000000\" href=\"http:\/\/www2.unifap.br\/direito\/files\/2013\/11\/resolu%C3%A7%C3%A3o-n-15-1996.pdf\">)<\/a><\/span><\/p>\n<p><strong><span style=\"color: #ff0000\"><a style=\"color: #ff0000\" href=\"http:\/\/www2.unifap.br\/arquitetura\/files\/2013\/01\/Nota-t%C3%A9cnica-sobre-a-validade-da-Resolu%C3%A7%C3%A3o-no.-15-de-1996.pdf\">Nota-t\u00e9cnica-sobre-a-validade-da-Resolu\u00e7\u00e3o-no.-15-de-1996<\/a><\/span><\/strong><\/p>\n<p><span style=\"color: #000000\"><a style=\"color: #000000\" href=\"http:\/\/www2.unifap.br\/medicina\/files\/2018\/04\/documento-de-credita%C3%A7%C3%A3o-de-eixo.docx\">documento de <span style=\"color: #000080\">credita\u00e7\u00e3o<\/span> de eixo<\/a><\/span><\/p>\n<p>&nbsp;<\/p>\n<p><span style=\"color: #000000\"><b>FORMUL\u00c1RIO DE CARGA HOR\u00c1RIA DE ATIVIDADES COMPLEMENTARES DO CURSO<\/b><\/span><\/p>\n<p><span style=\"color: #000000\"><a style=\"color: #000000\" href=\"http:\/\/www2.unifap.br\/medicina\/files\/2018\/04\/FORMUL%C3%81RIO-C%C3%94MPUTO-ATIVIDADES-COMPLEMENTARES1.doc\">FORMUL\u00c1RIO de atividades complementares1<\/a><\/span><\/p>\n<p>&nbsp;<\/p>\n<p><strong><span style=\"color: #0000ff\">D\u00daVIDAS FREQUENTES:<\/span><\/strong><\/p>\n<p>&nbsp;<\/p>\n<table border=\"0\" cellspacing=\"0\" cellpadding=\"0\">\n<tbody>\n<tr>\n<td valign=\"top\" width=\"164\">\n<div>\n<p align=\"center\"><span style=\"color: #000000\"><b>Para os casos de\u2026<\/b><\/span><\/p>\n<\/div>\n<\/td>\n<td valign=\"top\" width=\"220\">\n<div>\n<p align=\"center\"><span style=\"color: #000000\"><b>Legisla\u00e7\u00e3o aplic\u00e1vel<\/b><\/span><\/p>\n<\/div>\n<\/td>\n<td valign=\"top\" width=\"221\">\n<div>\n<p align=\"center\"><span style=\"color: #000000\"><b>Conclus\u00f5es<\/b><\/span><\/p>\n<\/div>\n<\/td>\n<\/tr>\n<tr>\n<td valign=\"top\" width=\"164\">\n<div>\n<p>&nbsp;<\/p>\n<p>&nbsp;<\/p>\n<p>&nbsp;<\/p>\n<p>&nbsp;<\/p>\n<p>&nbsp;<\/p>\n<p><span style=\"color: #000000\">Abono de Faltas<\/span><\/p>\n<p><span style=\"color: #000000\"><a style=\"color: #000000\" href=\"http:\/\/www2.unifap.br\/direito\/files\/2013\/11\/Resolu%C3%A7a%C3%B5-de-abono-de-falta.pdf\">Orienta\u00e7\u00e3o sobre abono de falta<\/a><\/span><\/p>\n<\/div>\n<\/td>\n<td valign=\"top\" width=\"220\">\n<div>\n<p>&nbsp;<\/p>\n<\/div>\n<div>\n<ul>\n<li><span style=\"color: #000000\"><a style=\"color: #000000\" href=\"http:\/\/www2.unifap.br\/direito\/files\/2013\/11\/Decreto-Lei-715-1969.pdf\">Abono de faltas para servi\u00e7o militar(<\/a>Decreto-Lei-715-1969);<\/span><\/li>\n<\/ul>\n<\/div>\n<div>\n<p>&nbsp;<\/p>\n<\/div>\n<div>\n<ul>\n<li><span style=\"color: #000000\">Decreto n\u00ba 85.587\/80;<\/span><\/li>\n<\/ul>\n<\/div>\n<div>\n<p>&nbsp;<\/p>\n<\/div>\n<div>\n<ul>\n<li><span style=\"color: #000000\"><a style=\"color: #000000\" href=\"http:\/\/legislacao.planalto.gov.br\/legisla\/legislacao.nsf\/Viw_Identificacao\/lei%2010.861-2004?OpenDocument\">Lei no&nbsp;10.861, de 14 de Abril de 2004.<\/a><\/span><\/li>\n<\/ul>\n<\/div>\n<div>\n<p>&nbsp;<\/p>\n<\/div>\n<div>\n<ul>\n<li><span style=\"color: #000000\">Regimento Geral da UNIFAP, Resolu\u00e7\u00e3o n\u00ba 009\/2002, art. 140,\u00a72\u00ba<\/span><\/li>\n<\/ul>\n<\/div>\n<div>\n<p>&nbsp;<\/p>\n<\/div>\n<\/td>\n<td valign=\"top\" width=\"221\">\n<div>\n<ul>\n<li><span style=\"color: #000000\">Na Educa\u00e7\u00e3o Superior n\u00e3o h\u00e1 abono de faltas exceto nos casos previstos em Lei;<\/span><\/li>\n<li><span style=\"color: #000000\">A lei ampara apenas abono de faltas nos casos de: militar reservista&nbsp;que seja obrigado a faltar \u00e0s atividades civis por for\u00e7a de exerc\u00edcio ou manobra, exerc\u00edcio de apresenta\u00e7\u00e3o das reservas ou cerim\u00f4nias c\u00edvicas e o oficial ou aspirante-a-oficial da reserva, convocado para o servi\u00e7o ativo, al\u00e9m do aluno com representa\u00e7\u00e3o no CONAES.<\/span><\/li>\n<\/ul>\n<\/div>\n<div>\n<p>&nbsp;<\/p>\n<\/div>\n<\/td>\n<\/tr>\n<tr>\n<td valign=\"top\" width=\"164\">\n<div>\n<p>&nbsp;<\/p>\n<p><span style=\"color: #000000\">Exerc\u00edcios Domiciliares<\/span><\/p>\n<\/div>\n<\/td>\n<td valign=\"top\" width=\"220\">\n<div>\n<ul>\n<li><span style=\"color: #000000\">tratamento excepcional para os alunos portadores das afec\u00e7\u00f5es que indica:&nbsp;<a style=\"color: #000000\" href=\"http:\/\/www.planalto.gov.br\/ccivil_03\/decreto-lei\/Del1044.htm\">Decreto-Lei n\u00ba 1.044, de 21 de outubro de 1969;<\/a><\/span><\/li>\n<li><span style=\"color: #000000\">Tratamento para acad\u00eamica gestante: Lei n\u00ba&nbsp;<a style=\"color: #000000\" href=\"http:\/\/www.planalto.gov.br\/ccivil_03\/Leis\/1970-1979\/L6202.htm\">&nbsp;6.202\/1975<\/a>,<\/span><\/li>\n<li><span style=\"color: #000000\">Regimento Geral da UNIFAP, Resolu\u00e7\u00e3o n\u00ba 009\/2002, art. 140,\u00a73\u00ba;<\/span><\/li>\n<li><span style=\"color: #000000\">Resolu\u00e7\u00e3o n\u00ba 026\/2011 CONSU<\/span><\/li>\n<\/ul>\n<\/div>\n<div>\n<p>&nbsp;<\/p>\n<\/div>\n<\/td>\n<td valign=\"top\" width=\"221\">\n<div>\n<ul>\n<li><span style=\"color: #000000\">Nesse caso n\u00e3o h\u00e1 abono de faltas, mas uma compensa\u00e7\u00e3o da aus\u00eancia \u00e0s aulas, por meio dos exerc\u00edcios domiciliares.<\/span><\/li>\n<li><span style=\"color: #000000\">Est\u00e3o amparados os estudantes com doen\u00e7as infectocontagiosas elencadas na legisla\u00e7\u00e3o e as Gestantes a partir do 8\u00ba m\u00eas de gesta\u00e7\u00e3o.<\/span><\/li>\n<\/ul>\n<\/div>\n<div>\n<p>&nbsp;<\/p>\n<\/div>\n<\/td>\n<\/tr>\n<tr>\n<td valign=\"top\" width=\"164\"><span style=\"color: #000000\">Revis\u00e3o de Nota&nbsp;<\/span><\/p>\n<div>\n<p>&nbsp;<\/p>\n<\/div>\n<\/td>\n<td valign=\"top\" width=\"220\">\n<div>\n<ul>\n<li><span style=\"color: #000000\">Resolu\u00e7\u00e3o n\u00ba 026\/2011 CONSU<\/span><\/li>\n<li><span style=\"color: #000000\">\u00c9 poss\u00edvel observado o disposto na Resolu\u00e7\u00e3o;<\/span><\/li>\n<li><span style=\"color: #000000\">Deve ser solicitada no prazo m\u00e1ximo de 2 (dois) dias \u00fateis ap\u00f3s a divulga\u00e7\u00e3o do resultado da avalia\u00e7\u00e3o.<\/span><\/li>\n<\/ul>\n<\/div>\n<\/td>\n<td valign=\"top\" width=\"221\">\n<div>&nbsp;<\/div>\n<div>\n<p>&nbsp;<\/p>\n<\/div>\n<\/td>\n<\/tr>\n<tr>\n<td valign=\"top\" width=\"164\"><span style=\"color: #000000\">2\u00aa Chamada \u2013 avalia\u00e7\u00e3o(Prazo: Aluno \u2013&nbsp;at\u00e9 5 dias depois de realiza\u00e7\u00e3o da prova; professor \u2013 at\u00e9 15 dias depois do recebimento do requerimento)<\/span><\/td>\n<td valign=\"top\" width=\"220\">\n<div>\n<p>&nbsp;<\/p>\n<p>&nbsp;<\/p>\n<p>&nbsp;<\/p>\n<p>&nbsp;<\/p>\n<\/div>\n<div>\n<ul>\n<li><span style=\"color: #000000\">AP\u00caNDICE DA RESOLU\u00c7\u00c3O N\u00ba026\/ 2011-CONSU\/UNIFAP<\/span><\/li>\n<li><span style=\"color: #000000\">\u00c9 poss\u00edvel observado o disposto na Resolu\u00e7\u00e3o;<\/span><\/li>\n<li><span style=\"color: #000000\">Motivos que ensejam a 2\u00aa chamada:<\/span><\/li>\n<\/ul>\n<\/div>\n<\/td>\n<td valign=\"top\" width=\"221\"><span style=\"color: #000000\"><b>I&nbsp;<\/b>Doen\u00e7a comprovada com atestado m\u00e9dico com CID (<em>Classifica\u00e7\u00e3o Internacional de Doen\u00e7a)&nbsp;<\/em>devidamente preenchida pelo M\u00c9DICO;<b>II&nbsp;<\/b>Licen\u00e7a \u00e0 maternidade e a paternidade;&nbsp;<\/span><\/p>\n<div>\n<p><span style=\"color: #000000\"><b>III&nbsp;<\/b>Viagem imperiosa, provocada por demanda particular ou de trabalho;<\/span><\/p>\n<p><span style=\"color: #000000\"><b>IV&nbsp;<\/b>Atendimento a ordens judiciais ou militares;<\/span><\/p>\n<p><span style=\"color: #000000\"><b>V&nbsp;<\/b>Participa\u00e7\u00e3o em evento acad\u00eamico, cient\u00edfico, cultural ou desportivo.<\/span><\/p>\n<\/div>\n<div>\n<ul>\n<li><span style=\"color: #000000\">Ver o detalhamento dos motivos na Resolu\u00e7\u00e3o mencionada.<\/span><\/li>\n<\/ul>\n<\/div>\n<\/td>\n<\/tr>\n<tr>\n<td valign=\"top\" width=\"164\">\n<div>\n<p><span style=\"color: #000000\">Abono de falta por convic\u00e7\u00e3o religiosa<\/span><\/p>\n<\/div>\n<\/td>\n<td valign=\"top\" width=\"220\">\n<div>\n<ul>\n<li><span style=\"color: #000000\">Parecer&nbsp;<a style=\"color: #000000\" href=\"http:\/\/portal.mec.gov.br\/cne\/arquivos\/pdf\/2000\/pces336_00.pdf\">CNE\/CES n\u00ba 336\/2000<\/a><\/span><\/li>\n<li><span style=\"color: #000000\">Parecer&nbsp;<a style=\"color: #000000\" href=\"http:\/\/portal.mec.gov.br\/cne\/arquivos\/pdf\/pces224_06.pdf\">CNE\/CES n\u00ba 224\/2006<\/a><\/span><\/li>\n<li><span style=\"color: #000000\">Regimento Geral da UNIFAP, Resolu\u00e7\u00e3o n\u00ba 009\/2002, art. 50,\u00a72\u00ba.<\/span><\/li>\n<li><span style=\"color: #000000\">N\u00e3o h\u00e1 amparo legal ou normativo para o abono de faltas a estudantes que se ausentarem regularmente dos hor\u00e1rios de aulas devido \u00e0 convic\u00e7\u00e3o religiosa.<\/span><\/li>\n<\/ul>\n<\/div>\n<\/td>\n<td valign=\"top\" width=\"221\">\n<div>&nbsp;<\/div>\n<div>\n<p>&nbsp;<\/p>\n<\/div>\n<\/td>\n<\/tr>\n<tr>\n<td valign=\"top\" width=\"164\">\n<div>\n<p>&nbsp;<\/p>\n<p><span style=\"color: #000000\">Reprova\u00e7\u00e3o por falta ou rendimento<\/span><\/p>\n<\/div>\n<\/td>\n<td valign=\"top\" width=\"220\">\n<div>\n<ul>\n<li><span style=\"color: #000000\">Resolu\u00e7\u00e3o n\u00ba 026\/2011 CONSU;<\/span><\/li>\n<li><span style=\"color: #000000\">Regimento Geral da UNIFAP, Resolu\u00e7\u00e3o n\u00ba 009\/2002, art. 140,\u00a71\u00ba<\/span><\/li>\n<li><span style=\"color: #000000\">Ser\u00e1 considerado aprovado na disciplina o aluno que obtiver M\u00e9dia Final igual ou superior a 5,0 (cinco) pontos, e no m\u00ednimo, 75% (setenta e cinco por cento) de frequ\u00eancia \u00e0s aulas, percentual esse que deve ser extra\u00eddo da carga hor\u00e1ria prevista para cada componente curricular.<\/span><\/li>\n<\/ul>\n<\/div>\n<\/td>\n<td valign=\"top\" width=\"221\">\n<div>\n<ul>\n<li><span style=\"color: #000000\">Ser\u00e1 considerado aprovado na disciplina o aluno que obtiver M\u00e9dia Final igual ou superior a 5,0 (cinco) pontos, e no m\u00ednimo, 75% (setenta e cinco por cento) de frequ\u00eancia \u00e0s aulas, percentual esse que deve ser extra\u00eddo da carga hor\u00e1ria prevista para cada componente curricular.<\/span><\/li>\n<\/ul>\n<\/div>\n<\/td>\n<\/tr>\n<tr>\n<td valign=\"top\" width=\"164\">\n<div>\n<p><span style=\"color: #000000\">Atividades Complementares<\/span><\/p>\n<\/div>\n<\/td>\n<td valign=\"top\" width=\"220\">\n<div>\n<ul>\n<li><span style=\"color: #000000\">Resolu\u00e7\u00e3o n\u00ba 024\/2008 CONSU<\/span><\/li>\n<li><span style=\"color: #000000\">S\u00e3o componentes curriculares obrigat\u00f3rios da matriz dos cursos de Gradua\u00e7\u00e3o;<\/span><\/li>\n<li><span style=\"color: #000000\">Carga hor\u00e1ria m\u00ednima de 200 horas de acordo com o Projeto Pedag\u00f3gico de cada curso.<\/span><\/li>\n<\/ul>\n<\/div>\n<\/td>\n<td valign=\"top\" width=\"221\">\n<div>&nbsp;<\/div>\n<div>\n<p>&nbsp;<\/p>\n<\/div>\n<\/td>\n<\/tr>\n<tr>\n<td valign=\"top\" width=\"164\">\n<div>\n<p><span style=\"color: #000000\">Perda de v\u00ednculo institucional<\/span><\/p>\n<\/div>\n<\/td>\n<td valign=\"top\" width=\"220\">\n<div>\n<ul>\n<li><span style=\"color: #000000\">Resolu\u00e7\u00e3o n\u00ba 002\/2004 CONSU;<\/span><\/li>\n<li><span style=\"color: #000000\">Regimento Geral, Resolu\u00e7\u00e3o n\u00ba 009\/2002, art. 116.<\/span><\/li>\n<\/ul>\n<\/div>\n<\/td>\n<td valign=\"top\" width=\"221\"><span style=\"color: #000000\">Perder\u00e1 o v\u00ednculo o acad\u00eamico que:I.&nbsp;&nbsp;&nbsp; For exclu\u00eddo, em virtude de a\u00e7\u00e3o disciplinar;&nbsp;<\/span><\/p>\n<div>\n<p><span style=\"color: #000000\">II.&nbsp;&nbsp;&nbsp; Solicitar o desligamento;<\/span><\/p>\n<p><span style=\"color: #000000\">III.&nbsp;&nbsp;&nbsp; Interromper seus estudos por 4 semestres consecutivos ou 5 intercalados.<\/span><\/p>\n<\/div>\n<\/td>\n<\/tr>\n<tr>\n<td valign=\"top\" width=\"164\"><span style=\"color: #000000\">Trabalho de Conclus\u00e3o de Curso<\/span><\/td>\n<td valign=\"top\" width=\"220\">\n<div>\n<ul>\n<li><span style=\"color: #000000\">Resolu\u00e7\u00e3o n\u00ba 011\/2008 do CONSU;<\/span><\/li>\n<li><span style=\"color: #000000\">Regimento Geral, Resolu\u00e7\u00e3o n\u00ba 009\/2002, art. 154-155.<\/span><\/li>\n<li><span style=\"color: #000000\">Constitui disciplina obrigat\u00f3ria para os todos os cursos de gradua\u00e7\u00e3o.<\/span><\/li>\n<\/ul>\n<\/div>\n<\/td>\n<td valign=\"top\" width=\"221\">&nbsp;<\/td>\n<\/tr>\n<tr>\n<td valign=\"top\" width=\"164\">\n<div>\n<p><span style=\"color: #000000\">Transfer\u00eancia&nbsp;<i>ex officio<\/i><\/span><\/p>\n<\/div>\n<\/td>\n<td valign=\"top\" width=\"220\">\n<div>\n<p>&nbsp;<\/p>\n<\/div>\n<div>\n<ul>\n<li><span style=\"color: #000000\">Lei n\u00ba 9.394\/1996, art. 49<\/span><\/li>\n<li><span style=\"color: #000000\"><a style=\"color: #000000\" href=\"http:\/\/legislacao.planalto.gov.br\/legisla\/legislacao.nsf\/Viw_Identificacao\/lei%209.536-1997?OpenDocument\">Lei n\u00ba 9.536, de 11 de dezembro de 1997.<\/a><\/span><\/li>\n<li><span style=\"color: #000000\">Regimento Geral, Resolu\u00e7\u00e3o n\u00ba 009\/2002, art. 125-132.<\/span><\/li>\n<\/ul>\n<\/div>\n<div>\n<p>&nbsp;<\/p>\n<\/div>\n<\/td>\n<td valign=\"top\" width=\"221\"><span style=\"color: #000000\">A transfer\u00eancia ser\u00e1 efetivada, entre institui\u00e7\u00f5es vinculadas a qualquer sistema de ensino, em qualquer \u00e9poca do ano e independente da exist\u00eancia de vaga, quando se tratar de servidor p\u00fablico federal civil ou militar estudante, ou seu dependente estudante, se requerida em raz\u00e3o de comprovada remo\u00e7\u00e3o ou transfer\u00eancia de of\u00edcio, que acarrete mudan\u00e7a de domic\u00edlio para o munic\u00edpio onde se situe a institui\u00e7\u00e3o recebedora, ou para localidade mais pr\u00f3xima desta.&nbsp;<\/span><\/p>\n<div>\n<p>&nbsp;<\/p>\n<\/div>\n<\/td>\n<\/tr>\n<tr>\n<td valign=\"top\" width=\"164\">\n<div>\n<p><span style=\"color: #000000\">Transfer\u00eancia volunt\u00e1ria para a UNIFAP<\/span><\/p>\n<\/div>\n<\/td>\n<td valign=\"top\" width=\"220\">\n<div>\n<ul>\n<li><span style=\"color: #000000\">Lei n\u00ba 9.394\/1996, art. 49.<\/span><\/li>\n<li><span style=\"color: #000000\">Regimento Geral, Resolu\u00e7\u00e3o n\u00ba 009\/2002, art. 125-132.<\/span><\/li>\n<li><span style=\"color: #000000\">Resolu\u00e7\u00e3o n\u00ba 003\/2004 CONSU.<\/span><\/li>\n<\/ul>\n<\/div>\n<div>\n<p>&nbsp;<\/p>\n<\/div>\n<\/td>\n<td valign=\"top\" width=\"221\"><span style=\"color: #000000\">Consiste na passagem do v\u00ednculo de um estudante de determinada IES para um dos cursos de gradua\u00e7\u00e3o oferecidos pela UNIFAP, para que se concretize o interessado deve ter sido aprovado no Processo Seletivo \u00e0s Matr\u00edculas Especiais e ainda preencher os requisitos estabelecidos na Resolu\u00e7\u00e3o n\u00ba 003\/2004.&nbsp;<\/span><\/p>\n<div>\n<p><span style=\"color: #000000\">Para alunos da UNIFAP que desejam mudar de curso tamb\u00e9m \u00e9 necess\u00e1ria aprova\u00e7\u00e3o no Processo Seletivo \u00e0s matr\u00edculas Especiais.<\/span><\/p>\n<p>&nbsp;<\/p>\n<\/div>\n<\/td>\n<\/tr>\n<tr>\n<td valign=\"top\" width=\"164\"><span style=\"color: #000000\">Est\u00e1gio Curricular<\/span><\/td>\n<td valign=\"top\" width=\"220\">\n<div>\n<ul>\n<li><span style=\"color: #000000\">Regimento Geral, Resolu\u00e7\u00e3o n\u00ba 009\/2002, art. 154-155.<\/span><\/li>\n<li><span style=\"color: #000000\">Resolu\u00e7\u00e3o n\u00ba 02\/2010 UNIFAP.<\/span><\/li>\n<li><span style=\"color: #000000\"><a style=\"color: #000000\" href=\"http:\/\/legislacao.planalto.gov.br\/legisla\/legislacao.nsf\/Viw_Identificacao\/lei%2011.788-2008?OpenDocument\">Lei n\u00ba 11.788, de&nbsp; 25 de Setembro de 2008.<\/a><\/span><\/li>\n<li><span style=\"color: #000000\">O est\u00e1gio curricular \u00e9 atividade obrigat\u00f3ria que integra o curr\u00edculo dos cursos de gradua\u00e7\u00e3o.<\/span><\/li>\n<\/ul>\n<\/div>\n<\/td>\n<\/tr>\n<\/tbody>\n<\/table>\n<\/div>\n","protected":false},"excerpt":{"rendered":"<p>Portaria n\u00ba 1.428, de 28 de dezembro de 2018&nbsp;\u2013 Disp\u00f5e sobre a oferta, por Institui\u00e7\u00f5es de Educa\u00e7\u00e3o Superior \u2013 IES, de disciplinas na modalidade a dist\u00e2ncia em cursos de gradua\u00e7\u00e3o presencial 24 de outubro de 2021 244 KB &#8211; Portaria n\u00ba 1.428\/2018 PORTARIA N\u00ba 837, DE 21 DE OUTUBRO DE 2021 Estabelece as regras de&#8230;<\/p>\n","protected":false},"author":205,"featured_media":0,"parent":0,"menu_order":0,"comment_status":"closed","ping_status":"closed","template":"","meta":{"inline_featured_image":false,"site-sidebar-layout":"default","site-content-layout":"","ast-site-content-layout":"default","site-content-style":"default","site-sidebar-style":"default","ast-global-header-display":"","ast-banner-title-visibility":"","ast-main-header-display":"","ast-hfb-above-header-display":"","ast-hfb-below-header-display":"","ast-hfb-mobile-header-display":"","site-post-title":"","ast-breadcrumbs-content":"","ast-featured-img":"","footer-sml-layout":"","theme-transparent-header-meta":"","adv-header-id-meta":"","stick-header-meta":"","header-above-stick-meta":"","header-main-stick-meta":"","header-below-stick-meta":"","astra-migrate-meta-layouts":"default","ast-page-background-enabled":"default","ast-page-background-meta":{"desktop":{"background-color":"var(--ast-global-color-4)","background-image":"","background-repeat":"repeat","background-position":"center center","background-size":"auto","background-attachment":"scroll","background-type":"","background-media":"","overlay-type":"","overlay-color":"","overlay-opacity":"","overlay-gradient":""},"tablet":{"background-color":"","background-image":"","background-repeat":"repeat","background-position":"center center","background-size":"auto","background-attachment":"scroll","background-type":"","background-media":"","overlay-type":"","overlay-color":"","overlay-opacity":"","overlay-gradient":""},"mobile":{"background-color":"","background-image":"","background-repeat":"repeat","background-position":"center center","background-size":"auto","background-attachment":"scroll","background-type":"","background-media":"","overlay-type":"","overlay-color":"","overlay-opacity":"","overlay-gradient":""}},"ast-content-background-meta":{"desktop":{"background-color":"var(--ast-global-color-5)","background-image":"","background-repeat":"repeat","background-position":"center center","background-size":"auto","background-attachment":"scroll","background-type":"","background-media":"","overlay-type":"","overlay-color":"","overlay-opacity":"","overlay-gradient":""},"tablet":{"background-color":"var(--ast-global-color-5)","background-image":"","background-repeat":"repeat","background-position":"center center","background-size":"auto","background-attachment":"scroll","background-type":"","background-media":"","overlay-type":"","overlay-color":"","overlay-opacity":"","overlay-gradient":""},"mobile":{"background-color":"var(--ast-global-color-5)","background-image":"","background-repeat":"repeat","background-position":"center center","background-size":"auto","background-attachment":"scroll","background-type":"","background-media":"","overlay-type":"","overlay-color":"","overlay-opacity":"","overlay-gradient":""}},"ngg_post_thumbnail":0,"footnotes":""},"folder":[],"class_list":["post-3325","page","type-page","status-publish","hentry"],"_links":{"self":[{"href":"https:\/\/www2.unifap.br\/historia\/wp-json\/wp\/v2\/pages\/3325","targetHints":{"allow":["GET"]}}],"collection":[{"href":"https:\/\/www2.unifap.br\/historia\/wp-json\/wp\/v2\/pages"}],"about":[{"href":"https:\/\/www2.unifap.br\/historia\/wp-json\/wp\/v2\/types\/page"}],"author":[{"embeddable":true,"href":"https:\/\/www2.unifap.br\/historia\/wp-json\/wp\/v2\/users\/205"}],"replies":[{"embeddable":true,"href":"https:\/\/www2.unifap.br\/historia\/wp-json\/wp\/v2\/comments?post=3325"}],"version-history":[{"count":7,"href":"https:\/\/www2.unifap.br\/historia\/wp-json\/wp\/v2\/pages\/3325\/revisions"}],"predecessor-version":[{"id":4339,"href":"https:\/\/www2.unifap.br\/historia\/wp-json\/wp\/v2\/pages\/3325\/revisions\/4339"}],"wp:attachment":[{"href":"https:\/\/www2.unifap.br\/historia\/wp-json\/wp\/v2\/media?parent=3325"}],"wp:term":[{"taxonomy":"folder","embeddable":true,"href":"https:\/\/www2.unifap.br\/historia\/wp-json\/wp\/v2\/folder?post=3325"}],"curies":[{"name":"wp","href":"https:\/\/api.w.org\/{rel}","templated":true}]}}