{"id":369,"date":"2014-12-08T13:47:36","date_gmt":"2014-12-08T16:47:36","guid":{"rendered":"http:\/\/www2.unifap.br\/historia\/?page_id=369"},"modified":"2022-05-11T22:32:38","modified_gmt":"2022-05-12T01:32:38","slug":"atividades-academicas","status":"publish","type":"page","link":"https:\/\/www2.unifap.br\/historia\/documentos-uteis\/atividades-academicas","title":{"rendered":"Fichas e formul\u00e1rios"},"content":{"rendered":"<p><a href=\"http:\/\/www2.unifap.br\/historia\/documentos-uteis\/atividades-academicas\/tcc-3-730x350-2\" rel=\"attachment wp-att-3156\"><img fetchpriority=\"high\" decoding=\"async\" class=\"aligncenter wp-image-3156\" src=\"http:\/\/www2.unifap.br\/historia\/files\/2021\/07\/TCC-3-730x350-1.png\" alt=\"\" width=\"559\" height=\"268\" srcset=\"https:\/\/www2.unifap.br\/historia\/files\/2021\/07\/TCC-3-730x350-1.png 730w, https:\/\/www2.unifap.br\/historia\/files\/2021\/07\/TCC-3-730x350-1-300x144.png 300w, https:\/\/www2.unifap.br\/historia\/files\/2021\/07\/TCC-3-730x350-1-250x120.png 250w\" sizes=\"(max-width: 559px) 100vw, 559px\" \/><\/a><\/p>\n<ul>\n<li><span style=\"color: #000000\"><a style=\"color: #000000\" href=\"http:\/\/www2.unifap.br\/historia\/files\/2014\/10\/FICHA-DE-ACOMPANHAMENTO-INDIVIDUAL-DE-ACAD\u00caMICO.pdf\" target=\"_blank\" rel=\"noopener noreferrer\">FICHA DE ACOMPANHAMENTO INDIVIDUAL DE ACAD\u00caMICO<\/a><\/span><\/li>\n<li><span style=\"color: #000000\"><a style=\"color: #000000\" href=\"http:\/\/www2.unifap.br\/historia\/files\/2014\/10\/FICHA-DE-INSCRI\u00c7\u00c3O-PARA-DESENVOLVIMENTO-DA-MONOGRAFIA.pdf\" target=\"_blank\" rel=\"noopener noreferrer\">FICHA DE INSCRI\u00c7\u00c3O PARA DESENVOLVIMENTO DA MONOGRAFIA<\/a><\/span><\/li>\n<li><span style=\"color: #000000\"><a style=\"color: #000000\" href=\"http:\/\/www2.unifap.br\/historia\/files\/2014\/10\/FICHA-DE-REGISTRO-DE-AACC.pdf\" target=\"_blank\" rel=\"noopener noreferrer\">FICHA DE REGISTRO DE AACC<\/a><\/span><\/li>\n<li><span style=\"color: #000000\"><a style=\"color: #000000\" href=\"http:\/\/www2.unifap.br\/historia\/files\/2014\/10\/ATA-DE-AVALIA\u00c7\u00c3O-DE-TRABALHOS-DE-CONCLUS\u00c3O-DE-CURSO.pdf\" target=\"_blank\" rel=\"noopener noreferrer\">ATA DE AVALIA\u00c7\u00c3O DE TRABALHOS DE CONCLUS\u00c3O DE CURSO<\/a><\/span><\/li>\n<li><span style=\"color: #000000\"><a style=\"color: #000000\" href=\"http:\/\/www2.unifap.br\/historia\/files\/2020\/02\/MODE_ATA_DEFES_TCC_BANCA.docx\">21 de fevereiro de 2020 163 KB -MODE_ATA_DEFES_TCC_BANCA<\/a><\/span><\/li>\n<li><span style=\"color: #000000\"><a style=\"color: #000000\" href=\"http:\/\/www2.unifap.br\/historia\/files\/2020\/02\/MODE_ATA_DEFES_TCC_BANCA.pdf\" target=\"_blank\" rel=\"noopener noreferrer\">21 de fevereiro de 2020 90 KB -MODE_ATA_DEFES_TCC_BANCA.pdf<\/a><\/span><\/li>\n<li><span style=\"color: #000000\"><a style=\"color: #000000\" href=\"http:\/\/www2.unifap.br\/historia\/files\/2022\/03\/INSTRU\u00c7\u00c3O-NORMATIVA-I.N-N\u00ba-2-2022_Assinado_NOVOs_proced_Matr_TCCII.pdf\" target=\"_blank\" rel=\"noopener noreferrer\">INSTRU\u00c7\u00c3O NORMATIVA&nbsp; 02\/2022 CCH: Proced Matr_TCC II<\/a><\/span><\/li>\n<li><a href=\"http:\/\/www2.unifap.br\/historia\/files\/2022\/03\/INSTRU\u00c7\u00c3O-NORMATIVA-I.N-N\u00ba-10-2021_POP_TCC_Matric_e_DEFESA.pdf\">INSTRU\u00c7\u00c3O NORMATIVA 10\/2021 POP TCC II_Matric e_DEFESA<\/a><\/li>\n<li><a href=\"http:\/\/www2.unifap.br\/historia\/files\/2021\/03\/POPfase1_fase2_e_fase3_-_TCCII-1.docx\">POPfase1_fase2_e_fase3_-_TCCII-1.docx&nbsp; 9 de mar\u00e7o de 2021 2 MB<\/a><\/li>\n<li><a href=\"http:\/\/www2.unifap.br\/historia\/files\/2021\/03\/arq20211001_Declarac_de_AUTORIA_AUTORIZAO_p_PUBLICAO_TccII.pdf\">10 de outubro de 2021 450 KB &#8211; AUTORIZA\u00c7\u00c3O DE PUBLICA\u00c7\u00c3O.pdf<\/a><\/li>\n<li><a href=\"http:\/\/www2.unifap.br\/historia\/files\/2021\/03\/POPfase1_fase2_e_fase3_-_TCCII.pdf\">POP fase1_fase2_e_fase3_-_TCCII.pdf&nbsp; 8 de mar\u00e7o de 2021 719 KB<\/a><\/li>\n<li><a href=\"http:\/\/www2.unifap.br\/historia\/files\/2020\/03\/Resolu\u00e7\u00e3o-11-08-TCC-apendice-A-e-B.pdf\">10 de mar\u00e7o de 2020 146 KB &#8211; RESOLU\u00c7\u00c3O n\u00ba 11\/2008 \u2013 CONSU\/UNIFAP (Ap\u00eandice A e B)<\/a><\/li>\n<li><a href=\"http:\/\/www2.unifap.br\/historia\/files\/2020\/03\/TCC_-_Ap\u00eandice_C2-Resolu\u00e7\u00e3o-11-081.pdf\">10 de mar\u00e7o de 2020 100 KB &#8211; Ap\u00eandice C<\/a><\/li>\n<li><a href=\"http:\/\/www2.unifap.br\/historia\/files\/2014\/05\/manualtcc.pdf\">manualtcc &#8211; 1 de maio de 2014<\/a><\/li>\n<li><span style=\"color: #0000ff\"><a style=\"color: #0000ff\" href=\"https:\/\/graduacao.unifap.br\/historia\/\" target=\"_blank\" rel=\"noopener\">Acesso TCCs Publicado atrav\u00e9s do sistema SIGAA Portal P\u00fablico Ensino &gt; Monografia\/artigo\/memoriais&nbsp;<\/a><\/span><\/li>\n<li><a href=\"https:\/\/www2.unifap.br\/biblioteca\/declaracao_autoria\/\" target=\"_blank\" rel=\"noopener\">Acesso informa\u00e7\u00f5es biblioteca Central da Unifap<\/a><\/li>\n<\/ul>\n<figure id=\"attachment_4278\" aria-describedby=\"caption-attachment-4278\" style=\"width: 1309px\" class=\"wp-caption aligncenter\"><a href=\"http:\/\/www2.unifap.br\/historia\/files\/2022\/03\/POP_2022_Matricula_TCC-II.jpg\"><img decoding=\"async\" class=\"size-full wp-image-4278\" src=\"http:\/\/www2.unifap.br\/historia\/files\/2022\/03\/POP_2022_Matricula_TCC-II.jpg\" alt=\"\" width=\"1309\" height=\"641\" srcset=\"https:\/\/www2.unifap.br\/historia\/files\/2022\/03\/POP_2022_Matricula_TCC-II.jpg 1309w, https:\/\/www2.unifap.br\/historia\/files\/2022\/03\/POP_2022_Matricula_TCC-II-300x147.jpg 300w, https:\/\/www2.unifap.br\/historia\/files\/2022\/03\/POP_2022_Matricula_TCC-II-1024x501.jpg 1024w, https:\/\/www2.unifap.br\/historia\/files\/2022\/03\/POP_2022_Matricula_TCC-II-768x376.jpg 768w, https:\/\/www2.unifap.br\/historia\/files\/2022\/03\/POP_2022_Matricula_TCC-II-250x122.jpg 250w\" sizes=\"(max-width: 1309px) 100vw, 1309px\" \/><\/a><figcaption id=\"caption-attachment-4278\" class=\"wp-caption-text\">POP Matricula TCC II<\/figcaption><\/figure>\n<hr>\n<p><a href=\"http:\/\/www2.unifap.br\/historia\/files\/2021\/10\/POP-TCC2.jpg\"><img decoding=\"async\" class=\"aligncenter size-full wp-image-3868\" src=\"http:\/\/www2.unifap.br\/historia\/files\/2021\/10\/POP-TCC2.jpg\" alt=\"\" width=\"893\" height=\"455\" srcset=\"https:\/\/www2.unifap.br\/historia\/files\/2021\/10\/POP-TCC2.jpg 893w, https:\/\/www2.unifap.br\/historia\/files\/2021\/10\/POP-TCC2-300x153.jpg 300w, https:\/\/www2.unifap.br\/historia\/files\/2021\/10\/POP-TCC2-768x391.jpg 768w, https:\/\/www2.unifap.br\/historia\/files\/2021\/10\/POP-TCC2-250x127.jpg 250w\" sizes=\"(max-width: 893px) 100vw, 893px\" \/><\/a><\/p>\n<hr>\n<p><a href=\"http:\/\/www2.unifap.br\/historia\/files\/2021\/03\/Novo-modelo-TCC2-2_DEFESA.png\"><img loading=\"lazy\" decoding=\"async\" class=\"aligncenter size-full wp-image-2173\" src=\"http:\/\/www2.unifap.br\/historia\/files\/2021\/03\/Novo-modelo-TCC2-2_DEFESA.png\" alt=\"\" width=\"941\" height=\"575\"><\/a><\/p>\n<hr>\n<p>&nbsp;<\/p>\n<figure id=\"attachment_2776\" aria-describedby=\"caption-attachment-2776\" style=\"width: 984px\" class=\"wp-caption aligncenter\"><a href=\"http:\/\/www2.unifap.br\/historia\/files\/2020\/03\/Consolidar_TCC_sigaa.jpg\"><img loading=\"lazy\" decoding=\"async\" class=\"size-full wp-image-2776\" src=\"http:\/\/www2.unifap.br\/historia\/files\/2020\/03\/Consolidar_TCC_sigaa.jpg\" alt=\"\" width=\"984\" height=\"1105\" srcset=\"https:\/\/www2.unifap.br\/historia\/files\/2020\/03\/Consolidar_TCC_sigaa.jpg 984w, https:\/\/www2.unifap.br\/historia\/files\/2020\/03\/Consolidar_TCC_sigaa-267x300.jpg 267w, https:\/\/www2.unifap.br\/historia\/files\/2020\/03\/Consolidar_TCC_sigaa-912x1024.jpg 912w, https:\/\/www2.unifap.br\/historia\/files\/2020\/03\/Consolidar_TCC_sigaa-768x862.jpg 768w, https:\/\/www2.unifap.br\/historia\/files\/2020\/03\/Consolidar_TCC_sigaa-134x150.jpg 134w\" sizes=\"(max-width: 984px) 100vw, 984px\" \/><\/a><figcaption id=\"caption-attachment-2776\" class=\"wp-caption-text\">Cr\u00e9dito da IMAGEM: Instituto Federal Catarinense<\/figcaption><\/figure>\n","protected":false},"excerpt":{"rendered":"<p>FICHA DE ACOMPANHAMENTO INDIVIDUAL DE ACAD\u00caMICO FICHA DE INSCRI\u00c7\u00c3O PARA DESENVOLVIMENTO DA MONOGRAFIA FICHA DE REGISTRO DE AACC ATA DE AVALIA\u00c7\u00c3O DE TRABALHOS DE CONCLUS\u00c3O DE CURSO 21 de fevereiro de 2020 163 KB -MODE_ATA_DEFES_TCC_BANCA 21 de fevereiro de 2020 90 KB -MODE_ATA_DEFES_TCC_BANCA.pdf INSTRU\u00c7\u00c3O NORMATIVA&nbsp; 02\/2022 CCH: Proced Matr_TCC II INSTRU\u00c7\u00c3O NORMATIVA 10\/2021 POP TCC&#8230;<\/p>\n","protected":false},"author":168,"featured_media":0,"parent":354,"menu_order":1,"comment_status":"closed","ping_status":"closed","template":"","meta":{"inline_featured_image":false,"site-sidebar-layout":"default","site-content-layout":"","ast-site-content-layout":"default","site-content-style":"default","site-sidebar-style":"default","ast-global-header-display":"","ast-banner-title-visibility":"","ast-main-header-display":"","ast-hfb-above-header-display":"","ast-hfb-below-header-display":"","ast-hfb-mobile-header-display":"","site-post-title":"","ast-breadcrumbs-content":"","ast-featured-img":"","footer-sml-layout":"","theme-transparent-header-meta":"","adv-header-id-meta":"","stick-header-meta":"","header-above-stick-meta":"","header-main-stick-meta":"","header-below-stick-meta":"","astra-migrate-meta-layouts":"default","ast-page-background-enabled":"default","ast-page-background-meta":{"desktop":{"background-color":"var(--ast-global-color-4)","background-image":"","background-repeat":"repeat","background-position":"center center","background-size":"auto","background-attachment":"scroll","background-type":"","background-media":"","overlay-type":"","overlay-color":"","overlay-opacity":"","overlay-gradient":""},"tablet":{"background-color":"","background-image":"","background-repeat":"repeat","background-position":"center center","background-size":"auto","background-attachment":"scroll","background-type":"","background-media":"","overlay-type":"","overlay-color":"","overlay-opacity":"","overlay-gradient":""},"mobile":{"background-color":"","background-image":"","background-repeat":"repeat","background-position":"center center","background-size":"auto","background-attachment":"scroll","background-type":"","background-media":"","overlay-type":"","overlay-color":"","overlay-opacity":"","overlay-gradient":""}},"ast-content-background-meta":{"desktop":{"background-color":"var(--ast-global-color-5)","background-image":"","background-repeat":"repeat","background-position":"center center","background-size":"auto","background-attachment":"scroll","background-type":"","background-media":"","overlay-type":"","overlay-color":"","overlay-opacity":"","overlay-gradient":""},"tablet":{"background-color":"var(--ast-global-color-5)","background-image":"","background-repeat":"repeat","background-position":"center center","background-size":"auto","background-attachment":"scroll","background-type":"","background-media":"","overlay-type":"","overlay-color":"","overlay-opacity":"","overlay-gradient":""},"mobile":{"background-color":"var(--ast-global-color-5)","background-image":"","background-repeat":"repeat","background-position":"center center","background-size":"auto","background-attachment":"scroll","background-type":"","background-media":"","overlay-type":"","overlay-color":"","overlay-opacity":"","overlay-gradient":""}},"ngg_post_thumbnail":0,"footnotes":""},"folder":[],"class_list":["post-369","page","type-page","status-publish","hentry"],"_links":{"self":[{"href":"https:\/\/www2.unifap.br\/historia\/wp-json\/wp\/v2\/pages\/369","targetHints":{"allow":["GET"]}}],"collection":[{"href":"https:\/\/www2.unifap.br\/historia\/wp-json\/wp\/v2\/pages"}],"about":[{"href":"https:\/\/www2.unifap.br\/historia\/wp-json\/wp\/v2\/types\/page"}],"author":[{"embeddable":true,"href":"https:\/\/www2.unifap.br\/historia\/wp-json\/wp\/v2\/users\/168"}],"replies":[{"embeddable":true,"href":"https:\/\/www2.unifap.br\/historia\/wp-json\/wp\/v2\/comments?post=369"}],"version-history":[{"count":8,"href":"https:\/\/www2.unifap.br\/historia\/wp-json\/wp\/v2\/pages\/369\/revisions"}],"predecessor-version":[{"id":5265,"href":"https:\/\/www2.unifap.br\/historia\/wp-json\/wp\/v2\/pages\/369\/revisions\/5265"}],"up":[{"embeddable":true,"href":"https:\/\/www2.unifap.br\/historia\/wp-json\/wp\/v2\/pages\/354"}],"wp:attachment":[{"href":"https:\/\/www2.unifap.br\/historia\/wp-json\/wp\/v2\/media?parent=369"}],"wp:term":[{"taxonomy":"folder","embeddable":true,"href":"https:\/\/www2.unifap.br\/historia\/wp-json\/wp\/v2\/folder?post=369"}],"curies":[{"name":"wp","href":"https:\/\/api.w.org\/{rel}","templated":true}]}}