{"id":47,"date":"2021-09-16T14:02:50","date_gmt":"2021-09-16T14:02:50","guid":{"rendered":"http:\/\/www2.unifap.br\/historia\/?page_id=47"},"modified":"2021-09-16T17:02:48","modified_gmt":"2021-09-16T17:02:48","slug":"matriz-curricular-antiga","status":"publish","type":"page","link":"https:\/\/www2.unifap.br\/historia\/atual\/matriz-curricular-antiga","title":{"rendered":"PPC Licenciatura e Bacharelado (anterior a 2017)"},"content":{"rendered":"<p>Clique nos links abaixo para acessar os Projetos Pol\u00edtico Pedag\u00f3gicos dos cursos de Licenciatura e Bacharelado do Curso de Hist\u00f3ria:<\/p>\n<p>&#8211; <a href=\"http:\/\/www2.unifap.br\/historia\/files\/2013\/04\/bachareladohistoria.pdf\" target=\"_blank\" rel=\"noopener noreferrer\">Bacharelado<\/a><\/p>\n<p>&#8211; <a href=\"http:\/\/www2.unifap.br\/historia\/files\/2013\/04\/licenciaturahistoria.pdf\" target=\"_blank\" rel=\"noopener noreferrer\">Licenciatura<\/a><\/p>\n<ul>\n<li><a href=\"https:\/\/sipac.unifap.br\/public\/jsp\/processos\/processo_detalhado.jsf?id=63892#\" target=\"_blank\" rel=\"noopener noreferrer\">Processo atualizado com sucesso. Carregando ficheiro (2.01 MB)<\/a><\/li>\n<li>\n<h3 class=\"title\">Processo &gt; Comprovante<\/h3>\n<\/li>\n<li><a href=\"http:\/\/www2.unifap.br\/historia\/files\/2021\/02\/20210210_EMENTARIO_Proc_-_23125.002763_2021-31_Ementa_Hist_Lic_365_ant2017.pdf\" target=\"_blank\" rel=\"noopener noreferrer\">14\/02\/2021 -EMENT\u00c1RIO Prc.23125.002763\/2021-31 -Hist.Lic. 365 &#8211; 2017<\/a><a href=\"http:\/\/www2.unifap.br\/historia\/files\/2021\/02\/novo.gif\"><img decoding=\"async\" class=\"alignnone wp-image-2050 size-full\" src=\"http:\/\/www2.unifap.br\/historia\/files\/2021\/02\/novo.gif\" alt=\"\" width=\"31\" height=\"12\"><\/a><\/li>\n<li><a href=\"https:\/\/www2.unifap.br\/historia\/files\/2020\/03\/processo_Ementas_Assinadas_23125033233201904.pdf\" target=\"_blank\" rel=\"noopener noreferrer\">22\/11\/2019 &#8211; EMENT\u00c1RIO Proc. 23125.033233\/2019-04 &#8211; Hist\u00f3ria&nbsp;<\/a><\/li>\n<li><a href=\"http:\/\/www2.unifap.br\/historia\/files\/2021\/09\/Dados-da-Estrutura-Curricular_362_Historia.pdf\" target=\"_blank\" rel=\"noopener noreferrer\">Matriz do Curso &#8211; Estrutura Curricular_n. 362_Historia<\/a><\/li>\n<\/ul>\n<p>&nbsp;<\/p>\n<p><span style=\"color: #ff0000\"><strong>Atualiza\u00e7\u00f5es da P\u00e1gina:&nbsp;<\/strong><\/span><\/p>\n<p>Inser\u00e7\u00e3o da Matriz 362<\/p>\n<p>Publicado em:&nbsp;<b>16 de set de 2021, \u00e0s 14h02 &#8211; Por Marquinhos<\/b><\/p>\n<p>Publicado em:&nbsp;<b>10 de abr de 2013 \u00e0s 00:44 &#8211; Por<\/b><\/p>\n<ul class=\"post-revisions hide-if-no-js\">\n<li><img decoding=\"async\" class=\"avatar avatar-24 photo\" src=\"https:\/\/secure.gravatar.com\/avatar\/ea1aa5b0307fb57b7841e9dc472730f2?s=24&amp;d=mm&amp;r=g\" alt=\"\" width=\"24\" height=\"24\">&nbsp;Marquinhos Albuquerque, 5 meses atr\u00e1s (<a href=\"https:\/\/www2.unifap.br\/historia\/wp-admin\/revision.php?revision=2367\">5 de abril de 2021 \u00e0s 13:33:35<\/a>)<\/li>\n<li><img decoding=\"async\" class=\"avatar avatar-24 photo\" src=\"https:\/\/secure.gravatar.com\/avatar\/ea1aa5b0307fb57b7841e9dc472730f2?s=24&amp;d=mm&amp;r=g\" alt=\"\" width=\"24\" height=\"24\">&nbsp;Marquinhos Albuquerque, 5 meses atr\u00e1s (<a href=\"https:\/\/www2.unifap.br\/historia\/wp-admin\/revision.php?revision=2058\">5 de abril de 2021 \u00e0s 13:32:27<\/a>) [Salvamento autom\u00e1tico]<\/li>\n<li><img decoding=\"async\" class=\"avatar avatar-24 photo\" src=\"https:\/\/secure.gravatar.com\/avatar\/ea1aa5b0307fb57b7841e9dc472730f2?s=24&amp;d=mm&amp;r=g\" alt=\"\" width=\"24\" height=\"24\">&nbsp;Marquinhos Albuquerque, 7 meses atr\u00e1s (<a href=\"https:\/\/www2.unifap.br\/historia\/wp-admin\/revision.php?revision=2060\">14 de fevereiro de 2021 \u00e0s 02:40:28<\/a>)<\/li>\n<li><img decoding=\"async\" class=\"avatar avatar-24 photo\" src=\"https:\/\/secure.gravatar.com\/avatar\/e272e924f50fe6367190801181ed10ff?s=24&amp;d=mm&amp;r=g\" alt=\"\" width=\"24\" height=\"24\">&nbsp;andrius, 3 anos atr\u00e1s (<a href=\"https:\/\/www2.unifap.br\/historia\/wp-admin\/revision.php?revision=532\">13 de abril de 2018 \u00e0s 18:57:21<\/a>)<\/li>\n<li><img decoding=\"async\" class=\"avatar avatar-24 photo\" src=\"https:\/\/secure.gravatar.com\/avatar\/e272e924f50fe6367190801181ed10ff?s=24&amp;d=mm&amp;r=g\" alt=\"\" width=\"24\" height=\"24\">&nbsp;andrius, 3 anos atr\u00e1s (<a href=\"https:\/\/www2.unifap.br\/historia\/wp-admin\/revision.php?revision=531\">13 de abril de 2018 \u00e0s 18:56:54<\/a>) [Salvamento autom\u00e1tico]<\/li>\n<li><img loading=\"lazy\" decoding=\"async\" class=\"avatar avatar-24 photo\" src=\"https:\/\/secure.gravatar.com\/avatar\/fd058bdc13222ae8dfbe87a0c0a293b8?s=24&amp;d=mm&amp;r=g\" alt=\"\" width=\"24\" height=\"24\">&nbsp;Simone Garcia, 5 anos atr\u00e1s (<a href=\"https:\/\/www2.unifap.br\/historia\/wp-admin\/revision.php?revision=400\">11 de julho de 2016 \u00e0s 12:19:14<\/a>)<\/li>\n<li><img loading=\"lazy\" decoding=\"async\" class=\"avatar avatar-24 photo\" src=\"https:\/\/secure.gravatar.com\/avatar\/9284585009f1ee51de54b80dee17d6da?s=24&amp;d=mm&amp;r=g\" alt=\"\" width=\"24\" height=\"24\">&nbsp;Daniel Chaves, 8 anos atr\u00e1s (<a href=\"https:\/\/www2.unifap.br\/historia\/wp-admin\/revision.php?revision=226\">15 de agosto de 2013 \u00e0s 02:20:16<\/a>)<\/li>\n<li><img loading=\"lazy\" decoding=\"async\" class=\"avatar avatar-24 photo\" src=\"https:\/\/secure.gravatar.com\/avatar\/9284585009f1ee51de54b80dee17d6da?s=24&amp;d=mm&amp;r=g\" alt=\"\" width=\"24\" height=\"24\">&nbsp;Daniel Chaves, 8 anos atr\u00e1s (<a href=\"https:\/\/www2.unifap.br\/historia\/wp-admin\/revision.php?revision=215\">15 de agosto de 2013 \u00e0s 02:19:33<\/a>)<\/li>\n<li><img loading=\"lazy\" decoding=\"async\" class=\"avatar avatar-24 photo\" src=\"https:\/\/secure.gravatar.com\/avatar\/9284585009f1ee51de54b80dee17d6da?s=24&amp;d=mm&amp;r=g\" alt=\"\" width=\"24\" height=\"24\">&nbsp;Daniel Chaves, 8 anos atr\u00e1s (<a href=\"https:\/\/www2.unifap.br\/historia\/wp-admin\/revision.php?revision=212\">1 de julho de 2013 \u00e0s 18:07:31<\/a>)<\/li>\n<li><img loading=\"lazy\" decoding=\"async\" class=\"avatar avatar-24 photo\" src=\"https:\/\/secure.gravatar.com\/avatar\/ff26e6b1c5c4e7d3b2d98b84c988d009?s=24&amp;d=mm&amp;r=g\" alt=\"\" width=\"24\" height=\"24\">&nbsp;Ederson Costa, 8 anos atr\u00e1s (<a href=\"https:\/\/www2.unifap.br\/historia\/wp-admin\/revision.php?revision=148\">26 de abril de 2013 \u00e0s 17:08:58<\/a>) [Salvamento autom\u00e1tico]<\/li>\n<li><img loading=\"lazy\" decoding=\"async\" class=\"avatar avatar-24 photo\" src=\"https:\/\/secure.gravatar.com\/avatar\/9284585009f1ee51de54b80dee17d6da?s=24&amp;d=mm&amp;r=g\" alt=\"\" width=\"24\" height=\"24\">&nbsp;Daniel Chaves, 8 anos atr\u00e1s (<a href=\"https:\/\/www2.unifap.br\/historia\/wp-admin\/revision.php?revision=178\">26 de abril de 2013 \u00e0s 17:07:57<\/a>)<\/li>\n<li><img loading=\"lazy\" decoding=\"async\" class=\"avatar avatar-24 photo\" src=\"https:\/\/secure.gravatar.com\/avatar\/9284585009f1ee51de54b80dee17d6da?s=24&amp;d=mm&amp;r=g\" alt=\"\" width=\"24\" height=\"24\">&nbsp;Daniel Chaves, 8 anos atr\u00e1s (<a href=\"https:\/\/www2.unifap.br\/historia\/wp-admin\/revision.php?revision=150\">26 de abril de 2013 \u00e0s 17:07:30<\/a>)<\/li>\n<li><img loading=\"lazy\" decoding=\"async\" class=\"avatar avatar-24 photo\" src=\"https:\/\/secure.gravatar.com\/avatar\/9284585009f1ee51de54b80dee17d6da?s=24&amp;d=mm&amp;r=g\" alt=\"\" width=\"24\" height=\"24\">&nbsp;Daniel Chaves, 8 anos atr\u00e1s (<a href=\"https:\/\/www2.unifap.br\/historia\/wp-admin\/revision.php?revision=149\">23 de abril de 2013 \u00e0s 18:18:15<\/a>)<\/li>\n<li><img loading=\"lazy\" decoding=\"async\" class=\"avatar avatar-24 photo\" src=\"https:\/\/secure.gravatar.com\/avatar\/9284585009f1ee51de54b80dee17d6da?s=24&amp;d=mm&amp;r=g\" alt=\"\" width=\"24\" height=\"24\">&nbsp;Daniel Chaves, 8 anos atr\u00e1s (<a href=\"https:\/\/www2.unifap.br\/historia\/wp-admin\/revision.php?revision=125\">10 de abril de 2013 \u00e0s 00:53:24<\/a>)<\/li>\n<li><img loading=\"lazy\" decoding=\"async\" class=\"avatar avatar-24 photo\" src=\"https:\/\/secure.gravatar.com\/avatar\/9284585009f1ee51de54b80dee17d6da?s=24&amp;d=mm&amp;r=g\" alt=\"\" width=\"24\" height=\"24\">&nbsp;Daniel Chaves, 8 anos atr\u00e1s (<a href=\"https:\/\/www2.unifap.br\/historia\/wp-admin\/revision.php?revision=68\">10 de abril de 2013 \u00e0s 00:53:12<\/a>)<\/li>\n<li><img loading=\"lazy\" decoding=\"async\" class=\"avatar avatar-24 photo\" src=\"https:\/\/secure.gravatar.com\/avatar\/9284585009f1ee51de54b80dee17d6da?s=24&amp;d=mm&amp;r=g\" alt=\"\" width=\"24\" height=\"24\">&nbsp;Daniel Chaves, 8 anos atr\u00e1s (<a href=\"https:\/\/www2.unifap.br\/historia\/wp-admin\/revision.php?revision=66\">10 de abril de 2013 \u00e0s 00:44:50<\/a>)<\/li>\n<li><img loading=\"lazy\" decoding=\"async\" class=\"avatar avatar-24 photo\" src=\"https:\/\/secure.gravatar.com\/avatar\/9284585009f1ee51de54b80dee17d6da?s=24&amp;d=mm&amp;r=g\" alt=\"\" width=\"24\" height=\"24\">&nbsp;Daniel Chaves, 8 anos atr\u00e1s (<a href=\"https:\/\/www2.unifap.br\/historia\/wp-admin\/revision.php?revision=48\">10 de abril de 2013 \u00e0s 00:44:47<\/a>)<\/li>\n<\/ul>\n","protected":false},"excerpt":{"rendered":"<p>Clique nos links abaixo para acessar os Projetos Pol\u00edtico Pedag\u00f3gicos dos cursos de Licenciatura e Bacharelado do Curso de Hist\u00f3ria: &#8211; Bacharelado &#8211; Licenciatura Processo atualizado com sucesso. Carregando ficheiro (2.01 MB) Processo &gt; Comprovante 14\/02\/2021 -EMENT\u00c1RIO Prc.23125.002763\/2021-31 -Hist.Lic. 365 &#8211; 2017 22\/11\/2019 &#8211; EMENT\u00c1RIO Proc. 23125.033233\/2019-04 &#8211; Hist\u00f3ria&nbsp; Matriz do Curso &#8211; Estrutura Curricular_n&#8230;.<\/p>\n","protected":false},"author":168,"featured_media":0,"parent":224,"menu_order":3,"comment_status":"open","ping_status":"closed","template":"","meta":{"inline_featured_image":false,"site-sidebar-layout":"default","site-content-layout":"","ast-site-content-layout":"default","site-content-style":"default","site-sidebar-style":"default","ast-global-header-display":"","ast-banner-title-visibility":"","ast-main-header-display":"","ast-hfb-above-header-display":"","ast-hfb-below-header-display":"","ast-hfb-mobile-header-display":"","site-post-title":"","ast-breadcrumbs-content":"","ast-featured-img":"","footer-sml-layout":"","theme-transparent-header-meta":"","adv-header-id-meta":"","stick-header-meta":"","header-above-stick-meta":"","header-main-stick-meta":"","header-below-stick-meta":"","astra-migrate-meta-layouts":"default","ast-page-background-enabled":"default","ast-page-background-meta":{"desktop":{"background-color":"var(--ast-global-color-4)","background-image":"","background-repeat":"repeat","background-position":"center center","background-size":"auto","background-attachment":"scroll","background-type":"","background-media":"","overlay-type":"","overlay-color":"","overlay-opacity":"","overlay-gradient":""},"tablet":{"background-color":"","background-image":"","background-repeat":"repeat","background-position":"center center","background-size":"auto","background-attachment":"scroll","background-type":"","background-media":"","overlay-type":"","overlay-color":"","overlay-opacity":"","overlay-gradient":""},"mobile":{"background-color":"","background-image":"","background-repeat":"repeat","background-position":"center center","background-size":"auto","background-attachment":"scroll","background-type":"","background-media":"","overlay-type":"","overlay-color":"","overlay-opacity":"","overlay-gradient":""}},"ast-content-background-meta":{"desktop":{"background-color":"var(--ast-global-color-5)","background-image":"","background-repeat":"repeat","background-position":"center center","background-size":"auto","background-attachment":"scroll","background-type":"","background-media":"","overlay-type":"","overlay-color":"","overlay-opacity":"","overlay-gradient":""},"tablet":{"background-color":"var(--ast-global-color-5)","background-image":"","background-repeat":"repeat","background-position":"center center","background-size":"auto","background-attachment":"scroll","background-type":"","background-media":"","overlay-type":"","overlay-color":"","overlay-opacity":"","overlay-gradient":""},"mobile":{"background-color":"var(--ast-global-color-5)","background-image":"","background-repeat":"repeat","background-position":"center center","background-size":"auto","background-attachment":"scroll","background-type":"","background-media":"","overlay-type":"","overlay-color":"","overlay-opacity":"","overlay-gradient":""}},"ngg_post_thumbnail":0,"footnotes":""},"folder":[],"class_list":["post-47","page","type-page","status-publish","hentry"],"_links":{"self":[{"href":"https:\/\/www2.unifap.br\/historia\/wp-json\/wp\/v2\/pages\/47","targetHints":{"allow":["GET"]}}],"collection":[{"href":"https:\/\/www2.unifap.br\/historia\/wp-json\/wp\/v2\/pages"}],"about":[{"href":"https:\/\/www2.unifap.br\/historia\/wp-json\/wp\/v2\/types\/page"}],"author":[{"embeddable":true,"href":"https:\/\/www2.unifap.br\/historia\/wp-json\/wp\/v2\/users\/168"}],"replies":[{"embeddable":true,"href":"https:\/\/www2.unifap.br\/historia\/wp-json\/wp\/v2\/comments?post=47"}],"version-history":[{"count":18,"href":"https:\/\/www2.unifap.br\/historia\/wp-json\/wp\/v2\/pages\/47\/revisions"}],"predecessor-version":[{"id":3569,"href":"https:\/\/www2.unifap.br\/historia\/wp-json\/wp\/v2\/pages\/47\/revisions\/3569"}],"up":[{"embeddable":true,"href":"https:\/\/www2.unifap.br\/historia\/wp-json\/wp\/v2\/pages\/224"}],"wp:attachment":[{"href":"https:\/\/www2.unifap.br\/historia\/wp-json\/wp\/v2\/media?parent=47"}],"wp:term":[{"taxonomy":"folder","embeddable":true,"href":"https:\/\/www2.unifap.br\/historia\/wp-json\/wp\/v2\/folder?post=47"}],"curies":[{"name":"wp","href":"https:\/\/api.w.org\/{rel}","templated":true}]}}