{"id":52,"date":"2021-06-09T16:47:55","date_gmt":"2021-06-09T16:47:55","guid":{"rendered":"http:\/\/www2.unifap.br\/historia\/?page_id=52"},"modified":"2025-12-17T22:30:22","modified_gmt":"2025-12-18T01:30:22","slug":"estrutura-organizacional","status":"publish","type":"page","link":"https:\/\/www2.unifap.br\/historia\/estrutura-organizacional","title":{"rendered":"Estrutura Organizacional"},"content":{"rendered":"\t\t<div data-elementor-type=\"wp-page\" data-elementor-id=\"52\" class=\"elementor elementor-52\">\n\t\t\t\t\t\t<section class=\"elementor-section elementor-top-section elementor-element elementor-element-35b6f7d elementor-section-boxed elementor-section-height-default elementor-section-height-default\" data-id=\"35b6f7d\" data-element_type=\"section\" data-e-type=\"section\" data-settings=\"{&quot;background_background&quot;:&quot;classic&quot;}\">\n\t\t\t\t\t\t<div class=\"elementor-container elementor-column-gap-default\">\n\t\t\t\t\t<div class=\"elementor-column elementor-col-100 elementor-top-column elementor-element elementor-element-0b0e670\" data-id=\"0b0e670\" data-element_type=\"column\" data-e-type=\"column\">\n\t\t\t<div class=\"elementor-widget-wrap elementor-element-populated\">\n\t\t\t\t\t\t<div class=\"elementor-element elementor-element-9fb4b74 elementor-widget elementor-widget-page-title\" data-id=\"9fb4b74\" data-element_type=\"widget\" data-e-type=\"widget\" data-settings=\"{&quot;align_mobile&quot;:&quot;center&quot;}\" data-widget_type=\"page-title.default\">\n\t\t\t\t<div class=\"elementor-widget-container\">\n\t\t\t\t\t\t\t\n\t\t<div class=\"hfe-page-title hfe-page-title-wrapper elementor-widget-heading\">\n\n\t\t\t\t\t\t\t\t<h2 class=\"elementor-heading-title elementor-size-default\">\n\t\t\t\t\t\t\t\t\n\t\t\t\tEstrutura Organizacional  \n\t\t\t<\/h2 > \n\t\t\t\t\t<\/div>\n\t\t\t\t\t\t<\/div>\n\t\t\t\t<\/div>\n\t\t\t\t<div class=\"elementor-element elementor-element-9f17d64 elementor-widget elementor-widget-heading\" data-id=\"9f17d64\" data-element_type=\"widget\" data-e-type=\"widget\" data-widget_type=\"heading.default\">\n\t\t\t\t<div class=\"elementor-widget-container\">\n\t\t\t\t\t<h3 class=\"elementor-heading-title elementor-size-default\">Coordena\u00e7\u00e3o Licenciatura<\/h3>\t\t\t\t<\/div>\n\t\t\t\t<\/div>\n\t\t\t\t<div class=\"elementor-element elementor-element-81f2a6d elementor-widget elementor-widget-eael-adv-tabs\" data-id=\"81f2a6d\" data-element_type=\"widget\" data-e-type=\"widget\" data-widget_type=\"eael-adv-tabs.default\">\n\t\t\t\t<div class=\"elementor-widget-container\">\n\t\t\t\t\t        <div data-scroll-on-click=\"no\" data-scroll-speed=\"300\" id=\"eael-advance-tabs-81f2a6d\" class=\"eael-advance-tabs eael-tabs-vertical eael-tab-auto-active \" data-tabid=\"81f2a6d\">\n            <div class=\"eael-tabs-nav\">\n                <ul class=\"eael-tab-inline-icon\" role=\"tablist\">\n                                            <li id=\"binio-2024-2025\" class=\"inactive eael-tab-item-trigger eael-tab-nav-item\" aria-selected=\"true\" data-tab=\"1\" role=\"tab\" tabindex=\"0\" aria-controls=\"binio-2024-2025-tab\" aria-expanded=\"false\">\n                            \n                                                                <i class=\"fas fa-user-friends\"><\/i>                                                            \n                                                            <span class=\"eael-tab-title title-after-icon\" >Bi\u00eanio 2024-2025<\/span>                            \n                                                    <\/li>\n                                            <li id=\"binio-2022-2023\" class=\"inactive eael-tab-item-trigger eael-tab-nav-item\" aria-selected=\"false\" data-tab=\"2\" role=\"tab\" tabindex=\"-1\" aria-controls=\"binio-2022-2023-tab\" aria-expanded=\"false\">\n                            \n                                                                <i class=\"fas fa-user-friends\"><\/i>                                                            \n                                                            <span class=\"eael-tab-title title-after-icon\" >Bi\u00eanio 2022-2023<\/span>                            \n                                                    <\/li>\n                                    <\/ul>\n            <\/div>\n            \n            <div class=\"eael-tabs-content\">\n\t\t        \n                    <div id=\"binio-2024-2025-tab\" class=\"clearfix eael-tab-content-item inactive\" data-title-link=\"binio-2024-2025-tab\">\n\t\t\t\t        <p>EDINALDO PINHEIRO NUNES FILHO &#8211; Siape n. 2206662<br \/>Coordenador(a) do Curso Titular<br \/>Portaria n. 0544\/2021 &#8211; CCHL<\/p><p>ALEXANDRE GUILHERME DA CRUZ ALVES JUNIOR, \u00a0Siape n. 2103399<br \/>Vice &#8211; Coordenador(a) do Curso<br \/>Portaria n\u00ba ***\/2022 &#8211; V-CCHL<\/p>                    <\/div>\n\t\t        \n                    <div id=\"binio-2022-2023-tab\" class=\"clearfix eael-tab-content-item inactive\" data-title-link=\"binio-2022-2023-tab\">\n\t\t\t\t        <p>EDINALDO PINHEIRO NUNES FILHO &#8211; Siape n. 2206662<br \/>Coordenador(a) do Curso Titular<br \/>Portaria n. 0544\/2021 &#8211; CCHL<\/p><p>ALEXANDRE GUILHERME DA CRUZ ALVES JUNIOR, \u00a0Siape n. 2103399<br \/>Vice &#8211; Coordenador(a) do Curso<br \/>Portaria n\u00ba ***\/2022 &#8211; V-CCHL<\/p>                    <\/div>\n\t\t                    <\/div>\n        <\/div>\n\t\t\t\t<\/div>\n\t\t\t\t<\/div>\n\t\t\t\t<div class=\"elementor-element elementor-element-e2f96cd elementor-widget elementor-widget-heading\" data-id=\"e2f96cd\" data-element_type=\"widget\" data-e-type=\"widget\" data-widget_type=\"heading.default\">\n\t\t\t\t<div class=\"elementor-widget-container\">\n\t\t\t\t\t<h3 class=\"elementor-heading-title elementor-size-default\">Coordena\u00e7\u00e3o Bacharelado<\/h3>\t\t\t\t<\/div>\n\t\t\t\t<\/div>\n\t\t\t\t<div class=\"elementor-element elementor-element-cad8cd9 elementor-widget elementor-widget-eael-adv-tabs\" data-id=\"cad8cd9\" data-element_type=\"widget\" data-e-type=\"widget\" data-widget_type=\"eael-adv-tabs.default\">\n\t\t\t\t<div class=\"elementor-widget-container\">\n\t\t\t\t\t        <div data-scroll-on-click=\"no\" data-scroll-speed=\"300\" id=\"eael-advance-tabs-cad8cd9\" class=\"eael-advance-tabs eael-tabs-vertical eael-tab-auto-active \" data-tabid=\"cad8cd9\">\n            <div class=\"eael-tabs-nav\">\n                <ul class=\"eael-tab-inline-icon\" role=\"tablist\">\n                                            <li id=\"binio-2024-2025\" class=\"inactive eael-tab-item-trigger eael-tab-nav-item\" aria-selected=\"true\" data-tab=\"1\" role=\"tab\" tabindex=\"0\" aria-controls=\"binio-2024-2025-tab\" aria-expanded=\"false\">\n                            \n                                                                <i class=\"fas fa-user-friends\"><\/i>                                                            \n                                                            <span class=\"eael-tab-title title-after-icon\" >Bi\u00eanio 2024-2025<\/span>                            \n                                                    <\/li>\n                                            <li id=\"binio-2022-2023\" class=\"inactive eael-tab-item-trigger eael-tab-nav-item\" aria-selected=\"false\" data-tab=\"2\" role=\"tab\" tabindex=\"-1\" aria-controls=\"binio-2022-2023-tab\" aria-expanded=\"false\">\n                            \n                                                                <i class=\"fas fa-user-friends\"><\/i>                                                            \n                                                            <span class=\"eael-tab-title title-after-icon\" >Bi\u00eanio 2022-2023<\/span>                            \n                                                    <\/li>\n                                    <\/ul>\n            <\/div>\n            \n            <div class=\"eael-tabs-content\">\n\t\t        \n                    <div id=\"binio-2024-2025-tab\" class=\"clearfix eael-tab-content-item inactive\" data-title-link=\"binio-2024-2025-tab\">\n\t\t\t\t        <p>Andrius Estevam Noronha, matr\u00edcula \u2013 Siape n. 1991147<br \/>Coordenador(a) do Curso Titular<br \/>Portaria n. 0538\/2021 \u2013 CCHB<\/p><p>Lara Vanessa de Castro Ferreira, matr\u00edcula \u2013 Siape n\u00ba 1266224.<br \/>Vice \u2013 Coordenador(a) do Curso<br \/>Portaria n\u00ba 0891\/2021- V-CCHB<\/p>                    <\/div>\n\t\t        \n                    <div id=\"binio-2022-2023-tab\" class=\"clearfix eael-tab-content-item inactive\" data-title-link=\"binio-2022-2023-tab\">\n\t\t\t\t        <p>Andrius Estevam Noronha, matr\u00edcula \u2013 Siape n. 1991147<br \/>Coordenador(a) do Curso Titular<br \/>Portaria n. 0538\/2021 \u2013 CCHB<\/p><p>Lara Vanessa de Castro Ferreira, matr\u00edcula \u2013 Siape n\u00ba 1266224.<br \/>Vice \u2013 Coordenador(a) do Curso<br \/>Portaria n\u00ba 0891\/2021- V-CCHB<\/p>                    <\/div>\n\t\t                    <\/div>\n        <\/div>\n\t\t\t\t<\/div>\n\t\t\t\t<\/div>\n\t\t\t\t<div class=\"elementor-element elementor-element-0ed6393 elementor-widget elementor-widget-heading\" data-id=\"0ed6393\" data-element_type=\"widget\" data-e-type=\"widget\" data-widget_type=\"heading.default\">\n\t\t\t\t<div class=\"elementor-widget-container\">\n\t\t\t\t\t<h3 class=\"elementor-heading-title elementor-size-default\">N\u00facleo Docente Estruturante (NDE)<\/h3>\t\t\t\t<\/div>\n\t\t\t\t<\/div>\n\t\t\t\t<div class=\"elementor-element elementor-element-ceb48bd elementor-widget elementor-widget-eael-adv-tabs\" data-id=\"ceb48bd\" data-element_type=\"widget\" data-e-type=\"widget\" data-widget_type=\"eael-adv-tabs.default\">\n\t\t\t\t<div class=\"elementor-widget-container\">\n\t\t\t\t\t        <div data-scroll-on-click=\"no\" data-scroll-speed=\"300\" id=\"eael-advance-tabs-ceb48bd\" class=\"eael-advance-tabs eael-tabs-vertical eael-tab-auto-active \" data-tabid=\"ceb48bd\">\n            <div class=\"eael-tabs-nav\">\n                <ul class=\"eael-tab-inline-icon\" role=\"tablist\">\n                                            <li id=\"portaria-n-11832021\" class=\"inactive eael-tab-item-trigger eael-tab-nav-item\" aria-selected=\"true\" data-tab=\"1\" role=\"tab\" tabindex=\"0\" aria-controls=\"portaria-n-11832021-tab\" aria-expanded=\"false\">\n                            \n                                                                <i class=\"fas fa-user-friends\"><\/i>                                                            \n                                                            <span class=\"eael-tab-title title-after-icon\" >PORTARIA N\u00ba 1183\/2021<\/span>                            \n                                                    <\/li>\n                                            <li id=\"portaria-n-11872019\" class=\"inactive eael-tab-item-trigger eael-tab-nav-item\" aria-selected=\"false\" data-tab=\"2\" role=\"tab\" tabindex=\"-1\" aria-controls=\"portaria-n-11872019-tab\" aria-expanded=\"false\">\n                            \n                                                                <i class=\"fas fa-user-friends\"><\/i>                                                            \n                                                            <span class=\"eael-tab-title title-after-icon\" >PORTARIA N\u00ba 1187\/2019<\/span>                            \n                                                    <\/li>\n                                    <\/ul>\n            <\/div>\n            \n            <div class=\"eael-tabs-content\">\n\t\t        \n                    <div id=\"portaria-n-11832021-tab\" class=\"clearfix eael-tab-content-item inactive\" data-title-link=\"portaria-n-11832021-tab\">\n\t\t\t\t        <p>NDE\/HIST\u00d3RIA LICENCIATURA \u2013 Campus Marco Zero<\/p><ol><li>EDINALDO PINHEIRO NUNES FILHO \u2013 2206662 (PRESIDENTE)<\/li><li>DANIEL SANTIAGO CHAVES RIBEIRO \u2013 1935495 (MEMBRO)<\/li><li>LARA VANESSA DE CASTRO FERREIRA \u2013 1266224 (MEMBRO)<\/li><li>JULIA MONNERAT BARBOSA \u2013 2120653 (MEMBRO)<\/li><li>MEIRE ADRIANA DA SILVA \u2013 1659117 (MEMBRO)<\/li><li>SIDNEY DA SILVA LOBATO \u2013 2364584 (MEMBRO)<\/li><\/ol><p>Documentos importantes:<\/p><ul><li><a title=\"Pe\u00e7o a Emiss\u00e3o da NOVA PORTARIA PARA O NOVO NDE DO Curso de Licenciatura em Hist\u00f3ria do Campus Marco Zero\" href=\"https:\/\/sipac.unifap.br\/public\/jsp\/documentos\/documento_visualizacao.jsf?idDoc=718140\" target=\"_blank\" rel=\"noopener noreferrer\">ATA DE REUNI\u00c3O DE COLEGIADO N\u00ba 68\/2021 \u2013 CCHL<\/a><\/li><li><a href=\"http:\/\/www2.unifap.br\/historia\/files\/2021\/08\/Memorando333-2021NDE_NOVO_CCHL.pdf\">MEMORANDO ELETR\u00d4NICO N\u00ba 333\/2021 \u2013 CCHL<\/a><b><\/b><\/li><li><a href=\"http:\/\/www2.unifap.br\/historia\/files\/2022\/04\/portaria_183-2021-Comissao-do-Nucleo-Docente-Estruturante-\u2013-NDE-HISTORIA-DFCH.pdf\">Portaria n\u00ba 183\/2021 Comiss\u00e3o do N\u00facleo Docente Estruturante \u2013 NDE &#8211; HIST\u00d3RIA DFCH (*02\/09\/2021)<\/a><\/li><\/ul>                    <\/div>\n\t\t        \n                    <div id=\"portaria-n-11872019-tab\" class=\"clearfix eael-tab-content-item inactive\" data-title-link=\"portaria-n-11872019-tab\">\n\t\t\t\t        <p>Segue os componentes:<\/p><table class=\"NormalTable\"><tbody><tr><td width=\"54\"><span class=\"fontstyle0\">ORD<\/span><\/td><td width=\"82\"><span class=\"fontstyle0\">SIAPE<\/span><\/td><td width=\"408\"><span class=\"fontstyle0\">SERVIDOR<\/span><\/td><\/tr><tr><td width=\"54\"><span class=\"fontstyle2\">1<\/span><\/td><td width=\"82\"><span class=\"fontstyle2\">1991147<\/span><\/td><td width=\"408\"><span class=\"fontstyle2\">ANDRIUS ESTEVAM NORONHA<\/span><\/td><\/tr><tr><td width=\"54\"><span class=\"fontstyle2\">2<\/span><\/td><td width=\"82\"><span class=\"fontstyle2\">2364584<\/span><\/td><td width=\"408\"><span class=\"fontstyle2\">SIDNEY DA SILVA LOBATO<\/span><\/td><\/tr><tr><td width=\"54\"><span class=\"fontstyle2\">3<\/span><\/td><td width=\"82\"><span class=\"fontstyle2\">2206662<\/span><\/td><td width=\"408\"><span class=\"fontstyle2\">EDINALDO PINHEIRO NUNES FILHO<\/span><\/td><\/tr><tr><td width=\"54\"><span class=\"fontstyle2\">4<\/span><\/td><td width=\"82\"><span class=\"fontstyle2\">1121379<\/span><\/td><td width=\"408\"><span class=\"fontstyle2\">SIMONE GARCIA ALMEIDA<\/span><\/td><\/tr><tr><td width=\"54\"><span class=\"fontstyle2\">5<\/span><\/td><td width=\"82\"><span class=\"fontstyle2\">2885014<\/span><\/td><td width=\"408\"><span class=\"fontstyle2\">ELKE DANIELA ROCHA NUNES<\/span><\/td><\/tr><tr><td width=\"54\"><span class=\"fontstyle2\">6<\/span><\/td><td width=\"82\"><span class=\"fontstyle2\">2361764<\/span><\/td><td width=\"408\"><span class=\"fontstyle2\">CARMENTILLA DAS CHAGAS MARTINS<\/span><\/td><\/tr><\/tbody><\/table><p>Acesse a portaria: <a href=\"http:\/\/www2.unifap.br\/historia\/files\/2021\/06\/portaria_1187-2019-Instituir-o-NDE-do-Curso-de-Licenciatura-em-Hist%C3%B3ria.pdf\" target=\"_blank\" rel=\"noopener\">Portaria 1118\/2019<\/a><\/p>                    <\/div>\n\t\t                    <\/div>\n        <\/div>\n\t\t\t\t<\/div>\n\t\t\t\t<\/div>\n\t\t\t\t<div class=\"elementor-element elementor-element-2fce3d1 elementor-widget elementor-widget-heading\" data-id=\"2fce3d1\" data-element_type=\"widget\" data-e-type=\"widget\" data-widget_type=\"heading.default\">\n\t\t\t\t<div class=\"elementor-widget-container\">\n\t\t\t\t\t<h3 class=\"elementor-heading-title elementor-size-default\">Comiss\u00f5es<\/h3>\t\t\t\t<\/div>\n\t\t\t\t<\/div>\n\t\t\t\t<div class=\"elementor-element elementor-element-b17e9b0 elementor-widget elementor-widget-eael-adv-tabs\" data-id=\"b17e9b0\" data-element_type=\"widget\" data-e-type=\"widget\" data-widget_type=\"eael-adv-tabs.default\">\n\t\t\t\t<div class=\"elementor-widget-container\">\n\t\t\t\t\t        <div data-scroll-on-click=\"no\" data-scroll-speed=\"300\" id=\"eael-advance-tabs-b17e9b0\" class=\"eael-advance-tabs eael-tabs-vertical eael-tab-auto-active \" data-tabid=\"b17e9b0\">\n            <div class=\"eael-tabs-nav\">\n                <ul class=\"eael-tab-inline-icon\" role=\"tablist\">\n                                            <li id=\"estgio-supervisionado\" class=\"inactive eael-tab-item-trigger eael-tab-nav-item\" aria-selected=\"true\" data-tab=\"1\" role=\"tab\" tabindex=\"0\" aria-controls=\"estgio-supervisionado-tab\" aria-expanded=\"false\">\n                            \n                                                                <i class=\"fas fa-user-friends\"><\/i>                                                            \n                                                            <span class=\"eael-tab-title title-after-icon\" >Est\u00e1gio Supervisionado<\/span>                            \n                                                    <\/li>\n                                            <li id=\"atividades-curriculares\" class=\"inactive eael-tab-item-trigger eael-tab-nav-item\" aria-selected=\"false\" data-tab=\"2\" role=\"tab\" tabindex=\"-1\" aria-controls=\"atividades-curriculares-tab\" aria-expanded=\"false\">\n                            \n                                                                <i class=\"fas fa-user-friends\"><\/i>                                                            \n                                                            <span class=\"eael-tab-title title-after-icon\" >Atividades Curriculares<\/span>                            \n                                                    <\/li>\n                                    <\/ul>\n            <\/div>\n            \n            <div class=\"eael-tabs-content\">\n\t\t        \n                    <div id=\"estgio-supervisionado-tab\" class=\"clearfix eael-tab-content-item inactive\" data-title-link=\"estgio-supervisionado-tab\">\n\t\t\t\t        <p>Melhore a experi\u00eancia do usu\u00e1rio com as abas avan\u00e7adas, permitindo uma navega\u00e7\u00e3o perfeita pelo conte\u00fado. Organize as informa\u00e7\u00f5es de forma eficiente, mantendo a interface limpa e interativa. Perfeito para perguntas frequentes, detalhes de produtos ou conte\u00fado com v\u00e1rias se\u00e7\u00f5es.<\/p>                    <\/div>\n\t\t        \n                    <div id=\"atividades-curriculares-tab\" class=\"clearfix eael-tab-content-item inactive\" data-title-link=\"atividades-curriculares-tab\">\n\t\t\t\t        <p>Melhore a experi\u00eancia do usu\u00e1rio com as abas avan\u00e7adas, permitindo uma navega\u00e7\u00e3o perfeita pelo conte\u00fado. Organize as informa\u00e7\u00f5es de forma eficiente, mantendo a interface limpa e interativa. Perfeito para perguntas frequentes, detalhes de produtos ou conte\u00fado com v\u00e1rias se\u00e7\u00f5es.<\/p>                    <\/div>\n\t\t                    <\/div>\n        <\/div>\n\t\t\t\t<\/div>\n\t\t\t\t<\/div>\n\t\t\t\t\t<\/div>\n\t\t<\/div>\n\t\t\t\t\t<\/div>\n\t\t<\/section>\n\t\t\t\t<\/div>\n\t\t","protected":false},"excerpt":{"rendered":"<p>Estrutura Organizacional Coordena\u00e7\u00e3o Licenciatura Bi\u00eanio 2024-2025 Bi\u00eanio 2022-2023 EDINALDO PINHEIRO NUNES FILHO &#8211; Siape n. 2206662Coordenador(a) do Curso TitularPortaria n. 0544\/2021 &#8211; CCHL ALEXANDRE GUILHERME DA CRUZ ALVES JUNIOR, \u00a0Siape n. 2103399Vice &#8211; Coordenador(a) do CursoPortaria n\u00ba ***\/2022 &#8211; V-CCHL EDINALDO PINHEIRO NUNES FILHO &#8211; Siape n. 2206662Coordenador(a) do Curso TitularPortaria n. 0544\/2021 &#8211; CCHL&#8230;<\/p>\n","protected":false},"author":168,"featured_media":0,"parent":0,"menu_order":1,"comment_status":"open","ping_status":"closed","template":"","meta":{"inline_featured_image":false,"site-sidebar-layout":"default","site-content-layout":"","ast-site-content-layout":"full-width-container","site-content-style":"default","site-sidebar-style":"default","ast-global-header-display":"","ast-banner-title-visibility":"","ast-main-header-display":"","ast-hfb-above-header-display":"","ast-hfb-below-header-display":"","ast-hfb-mobile-header-display":"","site-post-title":"","ast-breadcrumbs-content":"","ast-featured-img":"","footer-sml-layout":"","theme-transparent-header-meta":"default","adv-header-id-meta":"","stick-header-meta":"","header-above-stick-meta":"","header-main-stick-meta":"","header-below-stick-meta":"","astra-migrate-meta-layouts":"set","ast-page-background-enabled":"default","ast-page-background-meta":{"desktop":{"background-color":"var(--ast-global-color-4)","background-image":"","background-repeat":"repeat","background-position":"center center","background-size":"auto","background-attachment":"scroll","background-type":"","background-media":"","overlay-type":"","overlay-color":"","overlay-opacity":"","overlay-gradient":""},"tablet":{"background-color":"","background-image":"","background-repeat":"repeat","background-position":"center center","background-size":"auto","background-attachment":"scroll","background-type":"","background-media":"","overlay-type":"","overlay-color":"","overlay-opacity":"","overlay-gradient":""},"mobile":{"background-color":"","background-image":"","background-repeat":"repeat","background-position":"center center","background-size":"auto","background-attachment":"scroll","background-type":"","background-media":"","overlay-type":"","overlay-color":"","overlay-opacity":"","overlay-gradient":""}},"ast-content-background-meta":{"desktop":{"background-color":"var(--ast-global-color-5)","background-image":"","background-repeat":"repeat","background-position":"center center","background-size":"auto","background-attachment":"scroll","background-type":"","background-media":"","overlay-type":"","overlay-color":"","overlay-opacity":"","overlay-gradient":""},"tablet":{"background-color":"var(--ast-global-color-5)","background-image":"","background-repeat":"repeat","background-position":"center center","background-size":"auto","background-attachment":"scroll","background-type":"","background-media":"","overlay-type":"","overlay-color":"","overlay-opacity":"","overlay-gradient":""},"mobile":{"background-color":"var(--ast-global-color-5)","background-image":"","background-repeat":"repeat","background-position":"center center","background-size":"auto","background-attachment":"scroll","background-type":"","background-media":"","overlay-type":"","overlay-color":"","overlay-opacity":"","overlay-gradient":""}},"ngg_post_thumbnail":0,"footnotes":""},"folder":[88],"class_list":["post-52","page","type-page","status-publish","hentry"],"_links":{"self":[{"href":"https:\/\/www2.unifap.br\/historia\/wp-json\/wp\/v2\/pages\/52","targetHints":{"allow":["GET"]}}],"collection":[{"href":"https:\/\/www2.unifap.br\/historia\/wp-json\/wp\/v2\/pages"}],"about":[{"href":"https:\/\/www2.unifap.br\/historia\/wp-json\/wp\/v2\/types\/page"}],"author":[{"embeddable":true,"href":"https:\/\/www2.unifap.br\/historia\/wp-json\/wp\/v2\/users\/168"}],"replies":[{"embeddable":true,"href":"https:\/\/www2.unifap.br\/historia\/wp-json\/wp\/v2\/comments?post=52"}],"version-history":[{"count":40,"href":"https:\/\/www2.unifap.br\/historia\/wp-json\/wp\/v2\/pages\/52\/revisions"}],"predecessor-version":[{"id":5836,"href":"https:\/\/www2.unifap.br\/historia\/wp-json\/wp\/v2\/pages\/52\/revisions\/5836"}],"wp:attachment":[{"href":"https:\/\/www2.unifap.br\/historia\/wp-json\/wp\/v2\/media?parent=52"}],"wp:term":[{"taxonomy":"folder","embeddable":true,"href":"https:\/\/www2.unifap.br\/historia\/wp-json\/wp\/v2\/folder?post=52"}],"curies":[{"name":"wp","href":"https:\/\/api.w.org\/{rel}","templated":true}]}}