{"id":5654,"date":"2025-12-16T12:45:35","date_gmt":"2025-12-16T15:45:35","guid":{"rendered":"https:\/\/www2.unifap.br\/historia\/?page_id=5654"},"modified":"2025-12-16T13:36:04","modified_gmt":"2025-12-16T16:36:04","slug":"documentos-institucionais","status":"publish","type":"page","link":"https:\/\/www2.unifap.br\/historia\/documentos-institucionais","title":{"rendered":"Documentos Institucionais"},"content":{"rendered":"\t\t<div data-elementor-type=\"wp-page\" data-elementor-id=\"5654\" class=\"elementor elementor-5654\">\n\t\t\t\t\t\t<section class=\"elementor-section elementor-top-section elementor-element elementor-element-3d921fb elementor-section-boxed elementor-section-height-default elementor-section-height-default\" data-id=\"3d921fb\" data-element_type=\"section\" data-e-type=\"section\" data-settings=\"{&quot;background_background&quot;:&quot;classic&quot;}\">\n\t\t\t\t\t\t<div class=\"elementor-container elementor-column-gap-default\">\n\t\t\t\t\t<div class=\"elementor-column elementor-col-100 elementor-top-column elementor-element elementor-element-2e17a5a\" data-id=\"2e17a5a\" data-element_type=\"column\" data-e-type=\"column\">\n\t\t\t<div class=\"elementor-widget-wrap elementor-element-populated\">\n\t\t\t\t\t\t<div class=\"elementor-element elementor-element-164d87b elementor-widget elementor-widget-page-title\" data-id=\"164d87b\" data-element_type=\"widget\" data-e-type=\"widget\" data-settings=\"{&quot;align_mobile&quot;:&quot;center&quot;}\" data-widget_type=\"page-title.default\">\n\t\t\t\t<div class=\"elementor-widget-container\">\n\t\t\t\t\t\t\t\n\t\t<div class=\"hfe-page-title hfe-page-title-wrapper elementor-widget-heading\">\n\n\t\t\t\t\t\t\t\t<h2 class=\"elementor-heading-title elementor-size-default\">\n\t\t\t\t\t\t\t\t\n\t\t\t\tDocumentos Institucionais  \n\t\t\t<\/h2 > \n\t\t\t\t\t<\/div>\n\t\t\t\t\t\t<\/div>\n\t\t\t\t<\/div>\n\t\t\t\t<div class=\"elementor-element elementor-element-df9cada elementor-widget elementor-widget-accordion\" data-id=\"df9cada\" data-element_type=\"widget\" data-e-type=\"widget\" data-widget_type=\"accordion.default\">\n\t\t\t\t<div class=\"elementor-widget-container\">\n\t\t\t\t\t\t\t<div class=\"elementor-accordion\">\n\t\t\t\t\t\t\t<div class=\"elementor-accordion-item\">\n\t\t\t\t\t<div id=\"elementor-tab-title-2341\" class=\"elementor-tab-title\" data-tab=\"1\" role=\"button\" aria-controls=\"elementor-tab-content-2341\" aria-expanded=\"false\">\n\t\t\t\t\t\t\t\t\t\t\t\t\t<span class=\"elementor-accordion-icon elementor-accordion-icon-left\" aria-hidden=\"true\">\n\t\t\t\t\t\t\t\t\t\t\t\t\t\t\t<span class=\"elementor-accordion-icon-closed\"><i class=\"fas fa-plus\"><\/i><\/span>\n\t\t\t\t\t\t\t\t<span class=\"elementor-accordion-icon-opened\"><i class=\"fas fa-minus\"><\/i><\/span>\n\t\t\t\t\t\t\t\t\t\t\t\t\t\t<\/span>\n\t\t\t\t\t\t\t\t\t\t\t\t<a class=\"elementor-accordion-title\" tabindex=\"0\">Regulamentos, Regimentos e Manuais<\/a>\n\t\t\t\t\t<\/div>\n\t\t\t\t\t<div id=\"elementor-tab-content-2341\" class=\"elementor-tab-content elementor-clearfix\" data-tab=\"1\" role=\"region\" aria-labelledby=\"elementor-tab-title-2341\"><ul><li><a href=\"https:\/\/www2.unifap.br\/historia\/ppc-licenciatura-em-historia\" target=\"_blank\" rel=\"noopener\">Projeto Pedag\u00f3gico do Curso (PPC)<\/a><\/li><li><a href=\"http:\/\/www2.unifap.br\/historia\/files\/2014\/10\/FICHA-DE-REGISTRO-DE-ATIVIDADES-ACAD%C3%8AMICAS.docx\">FICHA DE REGISTRO DE ATIVIDADES ACAD\u00caMICAS<\/a><\/li><li><a href=\"http:\/\/www2.unifap.br\/historia\/files\/2014\/10\/MANUAL-DE-EXTENS%C3%83O.docx\">MANUAL DE EXTENS\u00c3O<\/a><\/li><li><a href=\"http:\/\/www2.unifap.br\/historia\/files\/2014\/10\/REGIMENTO-DOS-CURSOS-DE-LICENCIATUR-EM-HIST%C3%93RIA.docx\">REGIMENTO DOS CURSOS DE LICENCIATUR EM HIST\u00d3RIA<\/a><\/li><li><a href=\"http:\/\/www2.unifap.br\/historia\/files\/2014\/10\/REGIMENTO-INTERNO-DO-N%C3%9ACLEO-DOCENTE-ESTRUTURANTE-DOS-CURSOS-DE-HIST%C3%93RIA.docx\">REGIMENTO INTERNO DO N\u00daCLEO DOCENTE ESTRUTURANTE DOS CURSOS DE HIST\u00d3RIA<\/a><\/li><li><a href=\"http:\/\/www2.unifap.br\/historia\/files\/2014\/10\/REGULAMENTO-DAS-ATIVIDADES-ACAD%C3%8AMICAS-CIENTIFICAS-E-CULTURAIS.docx\">REGULAMENTO DAS ATIVIDADES ACAD\u00caMICAS CIENTIFICAS E CULTURAIS<\/a><\/li><li><a href=\"http:\/\/www2.unifap.br\/historia\/files\/2014\/10\/REGULAMENTO-DA-PR%C3%81TICA-PEDAG%C3%93GICA-E-EST%C3%81GIO-SUPERVISIONADO-EM-DOCENCIA-MATRIZ-2016.docx\">REGULAMENTO DA PR\u00c1TICA PEDAG\u00d3GICA E EST\u00c1GIO SUPERVISIONADO EM DOCENCIA \u2013 MATRIZ 2016<\/a><\/li><li><a href=\"http:\/\/www2.unifap.br\/historia\/files\/2014\/10\/REGULAMENTO-INTERNO-DO-TRABALHO-DE-CONCLUS%C3%83O-DE-CURSO.docx\">REGULAMENTO INTERNO DO TRABALHO DE CONCLUS\u00c3O DE CURSO<\/a><\/li><\/ul><\/div>\n\t\t\t\t<\/div>\n\t\t\t\t\t\t\t<div class=\"elementor-accordion-item\">\n\t\t\t\t\t<div id=\"elementor-tab-title-2342\" class=\"elementor-tab-title\" data-tab=\"2\" role=\"button\" aria-controls=\"elementor-tab-content-2342\" aria-expanded=\"false\">\n\t\t\t\t\t\t\t\t\t\t\t\t\t<span class=\"elementor-accordion-icon elementor-accordion-icon-left\" aria-hidden=\"true\">\n\t\t\t\t\t\t\t\t\t\t\t\t\t\t\t<span class=\"elementor-accordion-icon-closed\"><i class=\"fas fa-plus\"><\/i><\/span>\n\t\t\t\t\t\t\t\t<span class=\"elementor-accordion-icon-opened\"><i class=\"fas fa-minus\"><\/i><\/span>\n\t\t\t\t\t\t\t\t\t\t\t\t\t\t<\/span>\n\t\t\t\t\t\t\t\t\t\t\t\t<a class=\"elementor-accordion-title\" tabindex=\"0\">Atividades Acad\u00eamicas<\/a>\n\t\t\t\t\t<\/div>\n\t\t\t\t\t<div id=\"elementor-tab-content-2342\" class=\"elementor-tab-content elementor-clearfix\" data-tab=\"2\" role=\"region\" aria-labelledby=\"elementor-tab-title-2342\"><ul><li style=\"text-align: left\"><a href=\"http:\/\/www2.unifap.br\/historia\/files\/2014\/10\/FICHA-DE-REGISTRO-DE-ATIVIDADES-ACAD%C3%8AMICAS.docx\">FICHA DE REGISTRO DE ATIVIDADES ACAD\u00caMICAS<\/a><\/li><li style=\"text-align: left\"><a href=\"http:\/\/www2.unifap.br\/historia\/files\/2014\/10\/MANUAL-DE-EXTENS%C3%83O.docx\">MANUAL DE EXTENS\u00c3O<\/a><\/li><li style=\"text-align: left\"><a href=\"http:\/\/www2.unifap.br\/historia\/files\/2014\/10\/REGIMENTO-DOS-CURSOS-DE-LICENCIATUR-EM-HIST%C3%93RIA.docx\">REGIMENTO DOS CURSOS DE LICENCIATUR EM HIST\u00d3RIA<\/a><\/li><li style=\"text-align: left\"><a href=\"http:\/\/www2.unifap.br\/historia\/files\/2014\/10\/REGIMENTO-INTERNO-DO-N%C3%9ACLEO-DOCENTE-ESTRUTURANTE-DOS-CURSOS-DE-HIST%C3%93RIA.docx\">REGIMENTO INTERNO DO N\u00daCLEO DOCENTE ESTRUTURANTE DOS CURSOS DE HIST\u00d3RIA<\/a><\/li><li style=\"text-align: left\"><a href=\"http:\/\/www2.unifap.br\/historia\/files\/2014\/10\/REGULAMENTO-DAS-ATIVIDADES-ACAD%C3%8AMICAS-CIENTIFICAS-E-CULTURAIS.docx\">REGULAMENTO DAS ATIVIDADES ACAD\u00caMICAS CIENTIFICAS E CULTURAIS<\/a><\/li><li style=\"text-align: left\"><a href=\"http:\/\/www2.unifap.br\/historia\/files\/2014\/10\/REGULAMENTO-DA-PR%C3%81TICA-PEDAG%C3%93GICA-E-EST%C3%81GIO-SUPERVISIONADO-EM-DOCENCIA-MATRIZ-2016.docx\">REGULAMENTO DA PR\u00c1TICA PEDAG\u00d3GICA E EST\u00c1GIO SUPERVISIONADO EM DOCENCIA \u2013 MATRIZ 2016<\/a><\/li><li style=\"text-align: left\"><a href=\"http:\/\/www2.unifap.br\/historia\/files\/2014\/10\/REGULAMENTO-INTERNO-DO-TRABALHO-DE-CONCLUS%C3%83O-DE-CURSO.docx\">REGULAMENTO INTERNO DO TRABALHO DE CONCLUS\u00c3O DE CURSO<\/a><\/li><\/ul><p style=\"text-align: center\"><a style=\"font-size: 16px;font-weight: 600;text-align: center;background-color: #ffffff\" href=\"http:\/\/www2.unifap.br\/historia\/files\/2022\/03\/POP_2022_Matricula_TCC-II.jpg\"><img fetchpriority=\"high\" decoding=\"async\" class=\"wp-image-4278 aligncenter\" src=\"http:\/\/www2.unifap.br\/historia\/files\/2022\/03\/POP_2022_Matricula_TCC-II.jpg\" alt=\"\" width=\"733\" height=\"359\" srcset=\"https:\/\/www2.unifap.br\/historia\/files\/2022\/03\/POP_2022_Matricula_TCC-II.jpg 1309w, https:\/\/www2.unifap.br\/historia\/files\/2022\/03\/POP_2022_Matricula_TCC-II-300x147.jpg 300w, https:\/\/www2.unifap.br\/historia\/files\/2022\/03\/POP_2022_Matricula_TCC-II-1024x501.jpg 1024w, https:\/\/www2.unifap.br\/historia\/files\/2022\/03\/POP_2022_Matricula_TCC-II-768x376.jpg 768w, https:\/\/www2.unifap.br\/historia\/files\/2022\/03\/POP_2022_Matricula_TCC-II-250x122.jpg 250w\" sizes=\"(max-width: 733px) 100vw, 733px\" \/><\/a><span style=\"font-size: 14px;text-align: center\">POP Matricula TCC II<\/span><\/p><p style=\"text-align: center\"><a href=\"http:\/\/www2.unifap.br\/historia\/files\/2021\/10\/POP-TCC2.jpg\"><img decoding=\"async\" class=\"wp-image-3868 aligncenter\" src=\"http:\/\/www2.unifap.br\/historia\/files\/2021\/10\/POP-TCC2.jpg\" alt=\"\" width=\"726\" height=\"370\" srcset=\"https:\/\/www2.unifap.br\/historia\/files\/2021\/10\/POP-TCC2.jpg 893w, https:\/\/www2.unifap.br\/historia\/files\/2021\/10\/POP-TCC2-300x153.jpg 300w, https:\/\/www2.unifap.br\/historia\/files\/2021\/10\/POP-TCC2-768x391.jpg 768w, https:\/\/www2.unifap.br\/historia\/files\/2021\/10\/POP-TCC2-250x127.jpg 250w\" sizes=\"(max-width: 726px) 100vw, 726px\" \/><\/a><\/p><p style=\"text-align: center\"><a href=\"http:\/\/www2.unifap.br\/historia\/files\/2021\/03\/Novo-modelo-TCC2-2_DEFESA-e1765902207942.png\"><img decoding=\"async\" class=\"aligncenter wp-image-2173 \" src=\"http:\/\/www2.unifap.br\/historia\/files\/2021\/03\/Novo-modelo-TCC2-2_DEFESA-e1765902207942.png\" alt=\"\" width=\"741\" height=\"368\" srcset=\"https:\/\/www2.unifap.br\/historia\/files\/2021\/03\/Novo-modelo-TCC2-2_DEFESA-e1765902207942.png 941w, https:\/\/www2.unifap.br\/historia\/files\/2021\/03\/Novo-modelo-TCC2-2_DEFESA-e1765902207942-300x149.png 300w, https:\/\/www2.unifap.br\/historia\/files\/2021\/03\/Novo-modelo-TCC2-2_DEFESA-e1765902207942-768x381.png 768w\" sizes=\"(max-width: 741px) 100vw, 741px\" \/><\/a><\/p><p style=\"text-align: center\"><a href=\"http:\/\/www2.unifap.br\/historia\/files\/2020\/03\/Consolidar_TCC_sigaa.jpg\"><img loading=\"lazy\" decoding=\"async\" class=\"wp-image-2776 aligncenter\" src=\"http:\/\/www2.unifap.br\/historia\/files\/2020\/03\/Consolidar_TCC_sigaa.jpg\" alt=\"\" width=\"503\" height=\"565\" srcset=\"https:\/\/www2.unifap.br\/historia\/files\/2020\/03\/Consolidar_TCC_sigaa.jpg 984w, https:\/\/www2.unifap.br\/historia\/files\/2020\/03\/Consolidar_TCC_sigaa-267x300.jpg 267w, https:\/\/www2.unifap.br\/historia\/files\/2020\/03\/Consolidar_TCC_sigaa-912x1024.jpg 912w, https:\/\/www2.unifap.br\/historia\/files\/2020\/03\/Consolidar_TCC_sigaa-768x862.jpg 768w, https:\/\/www2.unifap.br\/historia\/files\/2020\/03\/Consolidar_TCC_sigaa-134x150.jpg 134w\" sizes=\"(max-width: 503px) 100vw, 503px\" \/><\/a><span style=\"font-size: 14px\">Cr\u00e9dito da IMAGEM: Instituto Federal Catarinense<\/span><\/p><\/div>\n\t\t\t\t<\/div>\n\t\t\t\t\t\t\t<div class=\"elementor-accordion-item\">\n\t\t\t\t\t<div id=\"elementor-tab-title-2343\" class=\"elementor-tab-title\" data-tab=\"3\" role=\"button\" aria-controls=\"elementor-tab-content-2343\" aria-expanded=\"false\">\n\t\t\t\t\t\t\t\t\t\t\t\t\t<span class=\"elementor-accordion-icon elementor-accordion-icon-left\" aria-hidden=\"true\">\n\t\t\t\t\t\t\t\t\t\t\t\t\t\t\t<span class=\"elementor-accordion-icon-closed\"><i class=\"fas fa-plus\"><\/i><\/span>\n\t\t\t\t\t\t\t\t<span class=\"elementor-accordion-icon-opened\"><i class=\"fas fa-minus\"><\/i><\/span>\n\t\t\t\t\t\t\t\t\t\t\t\t\t\t<\/span>\n\t\t\t\t\t\t\t\t\t\t\t\t<a class=\"elementor-accordion-title\" tabindex=\"0\">Atas de Reuni\u00f5es<\/a>\n\t\t\t\t\t<\/div>\n\t\t\t\t\t<div id=\"elementor-tab-content-2343\" class=\"elementor-tab-content elementor-clearfix\" data-tab=\"3\" role=\"region\" aria-labelledby=\"elementor-tab-title-2343\"><p><strong>ANO 2025<\/strong><\/p><ul><li><a href=\"http:\/\/www2.unifap.br\/historia\/files\/2025\/01\/Janeiro-2025-Reuniao-ordinaria.pdf\">Janeiro 2025 Reuni\u00e3o ordin\u00e1ria<\/a><\/li><li><a href=\"http:\/\/www2.unifap.br\/historia\/files\/2025\/08\/Fevereiro-de-2025-Reuniao-Ordinaria.pdf\">Fevereiro de 2025 Reuni\u00e3o Ordin\u00e1ria<\/a><\/li><li><a href=\"http:\/\/www2.unifap.br\/historia\/files\/2025\/08\/Ata-maio-2025-reuniao-ordinaria.pdf\">Ata maio 2025 reuni\u00e3o ordin\u00e1ria<\/a><\/li><li><a href=\"http:\/\/www2.unifap.br\/historia\/files\/2025\/08\/Ata-maio-de-2025-reuniao-extraordinaria.pdf\">Ata maio de 2025 reuni\u00e3o extraordin\u00e1ria<\/a><\/li><li><a href=\"http:\/\/www2.unifap.br\/historia\/files\/2025\/08\/Ata-junho-2025-reuniao-ordinaria.pdf\">Ata junho 2025 reuni\u00e3o ordin\u00e1ria<\/a><\/li><li><a href=\"http:\/\/www2.unifap.br\/historia\/files\/2025\/08\/Ata-junho-2025-reuniao-extraordinaria.pdf\">Ata junho 2025 reuni\u00e3o extraordin\u00e1ria<\/a><\/li><li><a href=\"http:\/\/www2.unifap.br\/historia\/files\/2025\/10\/Ata-setembro-reuniao-ordinaria.pdf\">Ata setembro reuni\u00e3o ordin\u00e1ria<\/a><\/li><\/ul><p><strong>\u00a0ANO 2024<\/strong><\/p><ul><li><a href=\"http:\/\/www2.unifap.br\/historia\/files\/2024\/11\/Junho-2024-Reuniao-extraordinaria.pdf\">Junho 2024 Reuni\u00e3o extraordin\u00e1ria<\/a><\/li><li><a href=\"http:\/\/www2.unifap.br\/historia\/files\/2024\/11\/Junho-2024-Reuniao-ordinaria-1.pdf\">Junho 2024 Reuni\u00e3o ordin\u00e1ria<\/a><\/li><li><a href=\"http:\/\/www2.unifap.br\/historia\/files\/2024\/11\/Agosto-2024-Reuniao-ordinaria.pdf\">Agosto 2024 Reuni\u00e3o ordin\u00e1ria<\/a><\/li><li><a href=\"http:\/\/www2.unifap.br\/historia\/files\/2024\/11\/Setembro-2024-Reuniao-Ordinaria.pdf\">Setembro 2024 Reuni\u00e3o Ordin\u00e1ria<\/a><\/li><li><a href=\"http:\/\/www2.unifap.br\/historia\/files\/2024\/11\/Novembro-2024-reuniao-ordinaria.pdf\">Novembro 2024 reuni\u00e3o ordin\u00e1ria<\/a><\/li><\/ul><p><strong>ANO 2023<\/strong><\/p><ul><li><a href=\"http:\/\/www2.unifap.br\/historia\/files\/2023\/12\/Setembro-2023-Reuniao-Ordinaria.pdf\">Setembro 2023 Reuni\u00e3o Ordin\u00e1ria<\/a><\/li><li><a href=\"http:\/\/www2.unifap.br\/historia\/files\/2023\/12\/Outubro-2023-Reuniao-Extraordinaria.pdf\">Outubro 2023 Reuni\u00e3o Extraordin\u00e1ria<\/a><\/li><li><a href=\"http:\/\/www2.unifap.br\/historia\/files\/2023\/12\/Dezembro-2023-Reuniao-Ordinaria.pdf\">Dezembro 2023 Reuni\u00e3o Ordin\u00e1ria<\/a><\/li><\/ul><\/div>\n\t\t\t\t<\/div>\n\t\t\t\t\t\t\t\t<\/div>\n\t\t\t\t\t\t<\/div>\n\t\t\t\t<\/div>\n\t\t\t\t\t<\/div>\n\t\t<\/div>\n\t\t\t\t\t<\/div>\n\t\t<\/section>\n\t\t\t\t<\/div>\n\t\t","protected":false},"excerpt":{"rendered":"<p>Documentos Institucionais Regulamentos, Regimentos e Manuais Projeto Pedag\u00f3gico do Curso (PPC) FICHA DE REGISTRO DE ATIVIDADES ACAD\u00caMICAS MANUAL DE EXTENS\u00c3O REGIMENTO DOS CURSOS DE LICENCIATUR EM HIST\u00d3RIA REGIMENTO INTERNO DO N\u00daCLEO DOCENTE ESTRUTURANTE DOS CURSOS DE HIST\u00d3RIA REGULAMENTO DAS ATIVIDADES ACAD\u00caMICAS CIENTIFICAS E CULTURAIS REGULAMENTO DA PR\u00c1TICA PEDAG\u00d3GICA E EST\u00c1GIO SUPERVISIONADO EM DOCENCIA \u2013 MATRIZ&#8230;<\/p>\n","protected":false},"author":930,"featured_media":0,"parent":0,"menu_order":0,"comment_status":"open","ping_status":"closed","template":"","meta":{"inline_featured_image":false,"site-sidebar-layout":"default","site-content-layout":"","ast-site-content-layout":"full-width-container","site-content-style":"default","site-sidebar-style":"default","ast-global-header-display":"","ast-banner-title-visibility":"","ast-main-header-display":"","ast-hfb-above-header-display":"","ast-hfb-below-header-display":"","ast-hfb-mobile-header-display":"","site-post-title":"","ast-breadcrumbs-content":"","ast-featured-img":"","footer-sml-layout":"","theme-transparent-header-meta":"default","adv-header-id-meta":"","stick-header-meta":"","header-above-stick-meta":"","header-main-stick-meta":"","header-below-stick-meta":"","astra-migrate-meta-layouts":"set","ast-page-background-enabled":"default","ast-page-background-meta":{"desktop":{"background-color":"var(--ast-global-color-4)","background-image":"","background-repeat":"repeat","background-position":"center center","background-size":"auto","background-attachment":"scroll","background-type":"","background-media":"","overlay-type":"","overlay-color":"","overlay-opacity":"","overlay-gradient":""},"tablet":{"background-color":"","background-image":"","background-repeat":"repeat","background-position":"center center","background-size":"auto","background-attachment":"scroll","background-type":"","background-media":"","overlay-type":"","overlay-color":"","overlay-opacity":"","overlay-gradient":""},"mobile":{"background-color":"","background-image":"","background-repeat":"repeat","background-position":"center center","background-size":"auto","background-attachment":"scroll","background-type":"","background-media":"","overlay-type":"","overlay-color":"","overlay-opacity":"","overlay-gradient":""}},"ast-content-background-meta":{"desktop":{"background-color":"var(--ast-global-color-5)","background-image":"","background-repeat":"repeat","background-position":"center center","background-size":"auto","background-attachment":"scroll","background-type":"","background-media":"","overlay-type":"","overlay-color":"","overlay-opacity":"","overlay-gradient":""},"tablet":{"background-color":"var(--ast-global-color-5)","background-image":"","background-repeat":"repeat","background-position":"center center","background-size":"auto","background-attachment":"scroll","background-type":"","background-media":"","overlay-type":"","overlay-color":"","overlay-opacity":"","overlay-gradient":""},"mobile":{"background-color":"var(--ast-global-color-5)","background-image":"","background-repeat":"repeat","background-position":"center center","background-size":"auto","background-attachment":"scroll","background-type":"","background-media":"","overlay-type":"","overlay-color":"","overlay-opacity":"","overlay-gradient":""}},"ngg_post_thumbnail":0,"footnotes":""},"folder":[89],"class_list":["post-5654","page","type-page","status-publish","hentry"],"_links":{"self":[{"href":"https:\/\/www2.unifap.br\/historia\/wp-json\/wp\/v2\/pages\/5654","targetHints":{"allow":["GET"]}}],"collection":[{"href":"https:\/\/www2.unifap.br\/historia\/wp-json\/wp\/v2\/pages"}],"about":[{"href":"https:\/\/www2.unifap.br\/historia\/wp-json\/wp\/v2\/types\/page"}],"author":[{"embeddable":true,"href":"https:\/\/www2.unifap.br\/historia\/wp-json\/wp\/v2\/users\/930"}],"replies":[{"embeddable":true,"href":"https:\/\/www2.unifap.br\/historia\/wp-json\/wp\/v2\/comments?post=5654"}],"version-history":[{"count":43,"href":"https:\/\/www2.unifap.br\/historia\/wp-json\/wp\/v2\/pages\/5654\/revisions"}],"predecessor-version":[{"id":5699,"href":"https:\/\/www2.unifap.br\/historia\/wp-json\/wp\/v2\/pages\/5654\/revisions\/5699"}],"wp:attachment":[{"href":"https:\/\/www2.unifap.br\/historia\/wp-json\/wp\/v2\/media?parent=5654"}],"wp:term":[{"taxonomy":"folder","embeddable":true,"href":"https:\/\/www2.unifap.br\/historia\/wp-json\/wp\/v2\/folder?post=5654"}],"curies":[{"name":"wp","href":"https:\/\/api.w.org\/{rel}","templated":true}]}}