{"id":570,"date":"2018-04-13T21:23:27","date_gmt":"2018-04-13T21:23:27","guid":{"rendered":"http:\/\/www2.unifap.br\/historia\/?page_id=570"},"modified":"2022-11-17T15:42:30","modified_gmt":"2022-11-17T18:42:30","slug":"laboratorios-de-pesquisa","status":"publish","type":"page","link":"https:\/\/www2.unifap.br\/historia\/laboratorios-de-pesquisa","title":{"rendered":"Laborat\u00f3rios de Pesquisa"},"content":{"rendered":"<p>T\u00edtulo: <a title=\"LEHSTAM\" href=\"http:\/\/dgp.cnpq.br\/dgp\/espelhogrupo\/4607370323222980\" target=\"_blank\" rel=\"noopener\"><strong>Laborat\u00f3rio de Estudos da Hist\u00f3ria Social do Trabalho na Amaz\u00f4nia (LEHSTAM)<\/strong><\/a><\/p>\n<p>Coordenador: Prof. Dr. Sidney da Silva Lobato<\/p>\n<p>&nbsp;<\/p>\n<hr>\n<p>T\u00edtulo: <strong>Laborat\u00f3rio de Ensino de Hist\u00f3ria<\/strong><\/p>\n<p>Coordenador: Profa. Dra. CEC\u00cdLIA MARIA CHAVES BRITO BASTO<\/p>\n<p>Vice &#8211; Coordenadora: Profa. Dra. SIMONE GARCIA ALMEIDA<\/p>\n<p><span style=\"color: #0000ff\"><strong><a style=\"color: #0000ff\" href=\"http:\/\/www2.unifap.br\/historia\/files\/2022\/11\/Port1360_e_1361_Desig_Coord_Labor_Cecilia_e_Simone.pdf\" target=\"_blank\" rel=\"noopener\">Portaria de designa\u00e7\u00e3o.&nbsp;<\/a><\/strong><\/span><\/p>\n<p>&nbsp;<\/p>\n<hr>\n<p>T\u00edtulo: <strong><a title=\"Laborat\u00f3rio de Hist\u00f3ria Militar\" href=\"http:\/\/dgp.cnpq.br\/dgp\/espelhogrupo\/7678902192140851\" target=\"_blank\" rel=\"noopener\">Laborat\u00f3rio de Hist\u00f3ria Militar (LAHIM)<\/a><\/strong><\/p>\n<p>Coordenador: Prof. Dr. Edinaldo Pinheiro Nunes Filho<\/p>\n<p>Vice &#8211; Coordenador: Prof. Dr. DORIVAL DA COSTA DOS SANTOS<\/p>\n<ol>\n<li><a href=\"http:\/\/www2.unifap.br\/historia\/files\/2022\/11\/Ata-Reuniao-Ordinaria-04.11.2022.pdf\" target=\"_blank\" rel=\"noopener\">Ata Reuni\u00e3o Ordin\u00e1ria 04.11.2022<\/a><\/li>\n<li><a href=\"http:\/\/www2.unifap.br\/historia\/files\/2022\/11\/Regimento-do-LAHIM-2022-Aprovado-em-ATA.pdf\" target=\"_blank\" rel=\"noopener\">Regimento do LAHIM 2022 Aprovado em ATA<\/a><\/li>\n<\/ol>\n<p><span style=\"color: #0000ff\"><strong><a style=\"color: #0000ff\" href=\"http:\/\/www2.unifap.br\/historia\/files\/2022\/11\/Port1699_e_1698_Edinaldo_e_Dorival_Coordenacao_Labor.pdf\" target=\"_blank\" rel=\"noopener\">Portaria de designa\u00e7\u00e3o.&nbsp;<\/a><\/strong><\/span><\/p>\n<p>Site sobre a Base Aeronaval do Amap\u00e1:&nbsp;<strong><span style=\"color: #000000\"><a style=\"color: #000000\" href=\"https:\/\/baseaeronavaldoama.wixsite.com\/website\" target=\"_blank\" rel=\"noopener\" data-saferedirecturl=\"https:\/\/www.google.com\/url?q=https:\/\/baseaeronavaldoama.wixsite.com\/website&amp;source=gmail&amp;ust=1668796838444000&amp;usg=AOvVaw1LUqbf0g-MrXl3TEshoNtr\">https:\/\/baseaeronavaldoama.wixsite.com\/website<\/a><\/span><\/strong><\/p>\n<p>&nbsp;<\/p>\n","protected":false},"excerpt":{"rendered":"<p>T\u00edtulo: Laborat\u00f3rio de Estudos da Hist\u00f3ria Social do Trabalho na Amaz\u00f4nia (LEHSTAM) Coordenador: Prof. Dr. Sidney da Silva Lobato &nbsp; T\u00edtulo: Laborat\u00f3rio de Ensino de Hist\u00f3ria Coordenador: Profa. Dra. CEC\u00cdLIA MARIA CHAVES BRITO BASTO Vice &#8211; Coordenadora: Profa. Dra. SIMONE GARCIA ALMEIDA Portaria de designa\u00e7\u00e3o.&nbsp; &nbsp; T\u00edtulo: Laborat\u00f3rio de Hist\u00f3ria Militar (LAHIM) Coordenador: Prof. Dr&#8230;.<\/p>\n","protected":false},"author":2473,"featured_media":0,"parent":0,"menu_order":0,"comment_status":"open","ping_status":"open","template":"","meta":{"inline_featured_image":false,"site-sidebar-layout":"default","site-content-layout":"","ast-site-content-layout":"default","site-content-style":"default","site-sidebar-style":"default","ast-global-header-display":"","ast-banner-title-visibility":"","ast-main-header-display":"","ast-hfb-above-header-display":"","ast-hfb-below-header-display":"","ast-hfb-mobile-header-display":"","site-post-title":"","ast-breadcrumbs-content":"","ast-featured-img":"","footer-sml-layout":"","theme-transparent-header-meta":"","adv-header-id-meta":"","stick-header-meta":"","header-above-stick-meta":"","header-main-stick-meta":"","header-below-stick-meta":"","astra-migrate-meta-layouts":"default","ast-page-background-enabled":"default","ast-page-background-meta":{"desktop":{"background-color":"var(--ast-global-color-4)","background-image":"","background-repeat":"repeat","background-position":"center center","background-size":"auto","background-attachment":"scroll","background-type":"","background-media":"","overlay-type":"","overlay-color":"","overlay-opacity":"","overlay-gradient":""},"tablet":{"background-color":"","background-image":"","background-repeat":"repeat","background-position":"center center","background-size":"auto","background-attachment":"scroll","background-type":"","background-media":"","overlay-type":"","overlay-color":"","overlay-opacity":"","overlay-gradient":""},"mobile":{"background-color":"","background-image":"","background-repeat":"repeat","background-position":"center center","background-size":"auto","background-attachment":"scroll","background-type":"","background-media":"","overlay-type":"","overlay-color":"","overlay-opacity":"","overlay-gradient":""}},"ast-content-background-meta":{"desktop":{"background-color":"var(--ast-global-color-5)","background-image":"","background-repeat":"repeat","background-position":"center center","background-size":"auto","background-attachment":"scroll","background-type":"","background-media":"","overlay-type":"","overlay-color":"","overlay-opacity":"","overlay-gradient":""},"tablet":{"background-color":"var(--ast-global-color-5)","background-image":"","background-repeat":"repeat","background-position":"center center","background-size":"auto","background-attachment":"scroll","background-type":"","background-media":"","overlay-type":"","overlay-color":"","overlay-opacity":"","overlay-gradient":""},"mobile":{"background-color":"var(--ast-global-color-5)","background-image":"","background-repeat":"repeat","background-position":"center center","background-size":"auto","background-attachment":"scroll","background-type":"","background-media":"","overlay-type":"","overlay-color":"","overlay-opacity":"","overlay-gradient":""}},"ngg_post_thumbnail":0,"footnotes":""},"folder":[],"class_list":["post-570","page","type-page","status-publish","hentry"],"_links":{"self":[{"href":"https:\/\/www2.unifap.br\/historia\/wp-json\/wp\/v2\/pages\/570","targetHints":{"allow":["GET"]}}],"collection":[{"href":"https:\/\/www2.unifap.br\/historia\/wp-json\/wp\/v2\/pages"}],"about":[{"href":"https:\/\/www2.unifap.br\/historia\/wp-json\/wp\/v2\/types\/page"}],"author":[{"embeddable":true,"href":"https:\/\/www2.unifap.br\/historia\/wp-json\/wp\/v2\/users\/2473"}],"replies":[{"embeddable":true,"href":"https:\/\/www2.unifap.br\/historia\/wp-json\/wp\/v2\/comments?post=570"}],"version-history":[{"count":8,"href":"https:\/\/www2.unifap.br\/historia\/wp-json\/wp\/v2\/pages\/570\/revisions"}],"predecessor-version":[{"id":5027,"href":"https:\/\/www2.unifap.br\/historia\/wp-json\/wp\/v2\/pages\/570\/revisions\/5027"}],"wp:attachment":[{"href":"https:\/\/www2.unifap.br\/historia\/wp-json\/wp\/v2\/media?parent=570"}],"wp:term":[{"taxonomy":"folder","embeddable":true,"href":"https:\/\/www2.unifap.br\/historia\/wp-json\/wp\/v2\/folder?post=570"}],"curies":[{"name":"wp","href":"https:\/\/api.w.org\/{rel}","templated":true}]}}