{"id":5767,"date":"2025-12-17T19:30:18","date_gmt":"2025-12-17T22:30:18","guid":{"rendered":"https:\/\/www2.unifap.br\/historia\/?page_id=5767"},"modified":"2025-12-19T07:35:19","modified_gmt":"2025-12-19T10:35:19","slug":"noticias","status":"publish","type":"page","link":"https:\/\/www2.unifap.br\/historia\/noticias","title":{"rendered":"Not\u00edcias"},"content":{"rendered":"\t\t<div data-elementor-type=\"wp-page\" data-elementor-id=\"5767\" class=\"elementor elementor-5767\">\n\t\t\t\t\t\t<section class=\"elementor-section elementor-top-section elementor-element elementor-element-3d921fb elementor-section-boxed elementor-section-height-default elementor-section-height-default\" data-id=\"3d921fb\" data-element_type=\"section\" data-e-type=\"section\" data-settings=\"{&quot;background_background&quot;:&quot;classic&quot;}\">\n\t\t\t\t\t\t<div class=\"elementor-container elementor-column-gap-default\">\n\t\t\t\t\t<div class=\"elementor-column elementor-col-100 elementor-top-column elementor-element elementor-element-2e17a5a\" data-id=\"2e17a5a\" data-element_type=\"column\" data-e-type=\"column\">\n\t\t\t<div class=\"elementor-widget-wrap elementor-element-populated\">\n\t\t\t\t\t\t<div class=\"elementor-element elementor-element-164d87b elementor-widget elementor-widget-page-title\" data-id=\"164d87b\" data-element_type=\"widget\" data-e-type=\"widget\" data-settings=\"{&quot;align_mobile&quot;:&quot;center&quot;}\" data-widget_type=\"page-title.default\">\n\t\t\t\t<div class=\"elementor-widget-container\">\n\t\t\t\t\t\t\t\n\t\t<div class=\"hfe-page-title hfe-page-title-wrapper elementor-widget-heading\">\n\n\t\t\t\t\t\t\t\t<h2 class=\"elementor-heading-title elementor-size-default\">\n\t\t\t\t\t\t\t\t\n\t\t\t\tNot\u00edcias  \n\t\t\t<\/h2 > \n\t\t\t\t\t<\/div>\n\t\t\t\t\t\t<\/div>\n\t\t\t\t<\/div>\n\t\t\t\t<section class=\"elementor-section elementor-inner-section elementor-element elementor-element-3e4cedb elementor-section-boxed elementor-section-height-default elementor-section-height-default\" data-id=\"3e4cedb\" data-element_type=\"section\" data-e-type=\"section\" data-settings=\"{&quot;background_background&quot;:&quot;classic&quot;}\">\n\t\t\t\t\t\t\t<div class=\"elementor-background-overlay\"><\/div>\n\t\t\t\t\t\t\t<div class=\"elementor-container elementor-column-gap-default\">\n\t\t\t\t\t<div class=\"elementor-column elementor-col-100 elementor-inner-column elementor-element elementor-element-38643cf\" data-id=\"38643cf\" data-element_type=\"column\" data-e-type=\"column\" data-settings=\"{&quot;background_background&quot;:&quot;classic&quot;}\">\n\t\t\t<div class=\"elementor-widget-wrap elementor-element-populated\">\n\t\t\t\t\t\t<div class=\"elementor-element elementor-element-0076fc4 elementor-widget elementor-widget-contentviews_widget_grid1\" data-id=\"0076fc4\" data-element_type=\"widget\" data-e-type=\"widget\" data-widget_type=\"contentviews_widget_grid1.default\">\n\t\t\t\t<div class=\"elementor-widget-container\">\n\t\t\t\t\t<div class='pt-cv-wrapper'> <h3 class='pt-cv-heading-container heading1' data-blockid='0076fc4'><span class='pt-cv-heading'> \u00daltimas Not\u00edcias <\/span><\/h3><div class=\"pt-cv-view pt-cv-blockgrid iscvblock iscvelementor grid1 layout1\" id=\"pt-cv-view-0076fc4\"><div data-id=\"pt-cv-page-1\" class=\"pt-cv-page\" data-cvc=\"3\"><div class=\" pt-cv-content-item pt-cv-1-col\" ><h5 class=\"pt-cv-title\"><a href=\"https:\/\/www2.unifap.br\/historia\/arquivos\/6034\/secretary\" class=\"_self\" target=\"_self\" >AJUSTE DE DISCIPLINAS 2026 01<\/a><\/h5>\n<div class=\"pt-cv-content\">Entre os dias 17 e 18 de mar\u00e7o de 2026 \u00e9 poss\u00edvel solicitar a exclus\u00e3o e\/ou inclus\u00e3o de matr\u00edcula em ...<\/div>\n<div class=\"pt-cv-rmwrap\"><a href=\"https:\/\/www2.unifap.br\/historia\/arquivos\/6034\/secretary\" class=\"_self pt-cv-readmore btn btn-success\" target=\"_self\" >Leia Mais<\/a><\/div>\n<div class=\"pt-cv-meta-fields\"><span class=\"entry-date\"> <time datetime=\"2026-03-17T08:45:08-03:00\">17 de mar\u00e7o de 2026<\/time><\/span><span> \/ <\/span><span class=\"author\"> <a href=\"https:\/\/www2.unifap.br\/historia\/arquivos\/author\/alexandre-cruz\" rel=\"author\">alexandre.cruz<\/a><\/span><\/div><\/div>\n<div class=\" pt-cv-content-item pt-cv-1-col\" ><h5 class=\"pt-cv-title\"><a href=\"https:\/\/www2.unifap.br\/historia\/arquivos\/6019\/secretary\" class=\"_self\" target=\"_self\" >OFERTA DE DISCIPLINAS 2026 01  (Atualizado)<\/a><\/h5>\n<div class=\"pt-cv-content\">Mapa de Oferta 1\u00ba. Semestre de 2026 Datas importantes: 09\/03 a 15\/03: Matr\u00edcula em disciplinas 2026.1. (Discentes via SIGAA \u2013 ...<\/div>\n<div class=\"pt-cv-rmwrap\"><a href=\"https:\/\/www2.unifap.br\/historia\/arquivos\/6019\/secretary\" class=\"_self pt-cv-readmore btn btn-success\" target=\"_self\" >Leia Mais<\/a><\/div>\n<div class=\"pt-cv-meta-fields\"><span class=\"entry-date\"> <time datetime=\"2026-01-30T18:17:14-03:00\">30 de janeiro de 2026<\/time><\/span><span> \/ <\/span><span class=\"author\"> <a href=\"https:\/\/www2.unifap.br\/historia\/arquivos\/author\/alexandre-cruz\" rel=\"author\">alexandre.cruz<\/a><\/span><\/div><\/div>\n<div class=\" pt-cv-content-item pt-cv-1-col\" ><h5 class=\"pt-cv-title\"><a href=\"https:\/\/www2.unifap.br\/historia\/arquivos\/5322\/secretary\" class=\"_self\" target=\"_self\" >Contrata\u00e7\u00e3o Docente (semestre 2025.02)<\/a><\/h5>\n<div class=\"pt-cv-content\">Informamos que ap\u00f3s contrata\u00e7\u00e3o da professora Alessandra Vales, as disciplinas abaixo listadas come\u00e7ar\u00e3o a partir do dia 30\/11\/2025 nos seus ...<\/div>\n<div class=\"pt-cv-rmwrap\"><a href=\"https:\/\/www2.unifap.br\/historia\/arquivos\/5322\/secretary\" class=\"_self pt-cv-readmore btn btn-success\" target=\"_self\" >Leia Mais<\/a><\/div>\n<div class=\"pt-cv-meta-fields\"><span class=\"entry-date\"> <time datetime=\"2025-11-28T08:52:33-03:00\">28 de novembro de 2025<\/time><\/span><span> \/ <\/span><span class=\"author\"> <a href=\"https:\/\/www2.unifap.br\/historia\/arquivos\/author\/alexandre-cruz\" rel=\"author\">alexandre.cruz<\/a><\/span><\/div><\/div>\n<div class=\" pt-cv-content-item pt-cv-1-col\" ><h5 class=\"pt-cv-title\"><a href=\"https:\/\/www2.unifap.br\/historia\/arquivos\/5317\/secretary\" class=\"_self\" target=\"_self\" >PRORROGADA CHAMADA LOGOMARCA DO CURSO DE HIST\u00d3RIA<\/a><\/h5>\n<div class=\"pt-cv-content\">A COORDENA\u00c7\u00c3O DO CURSO DE HIST\u00d3RIA\/DFCH da Universidade Federal do Amap\u00e1 - UNIFAP TORNA P\u00daBLICA a presente chamada e convida ...<\/div>\n<div class=\"pt-cv-rmwrap\"><a href=\"https:\/\/www2.unifap.br\/historia\/arquivos\/5317\/secretary\" class=\"_self pt-cv-readmore btn btn-success\" target=\"_self\" >Leia Mais<\/a><\/div>\n<div class=\"pt-cv-meta-fields\"><span class=\"entry-date\"> <time datetime=\"2025-11-17T06:51:41-03:00\">17 de novembro de 2025<\/time><\/span><span> \/ <\/span><span class=\"author\"> <a href=\"https:\/\/www2.unifap.br\/historia\/arquivos\/author\/alexandre-cruz\" rel=\"author\">alexandre.cruz<\/a><\/span><\/div><\/div>\n<div class=\" pt-cv-content-item pt-cv-1-col\" ><h5 class=\"pt-cv-title\"><a href=\"https:\/\/www2.unifap.br\/historia\/arquivos\/5313\/secretary\" class=\"_self\" target=\"_self\" >REUNI\u00c3O ENADE PROVA PR\u00c1TICA 2025<\/a><\/h5>\n<div class=\"pt-cv-content\">A coordena\u00e7\u00e3o de curso convoca discentes que realizaram Est\u00e1gio IV no semestre 2025.01 e est\u00e3o matriculados\/as em Est\u00e1gio IV no ...<\/div>\n<div class=\"pt-cv-rmwrap\"><a href=\"https:\/\/www2.unifap.br\/historia\/arquivos\/5313\/secretary\" class=\"_self pt-cv-readmore btn btn-success\" target=\"_self\" >Leia Mais<\/a><\/div>\n<div class=\"pt-cv-meta-fields\"><span class=\"entry-date\"> <time datetime=\"2025-11-04T16:54:41-03:00\">4 de novembro de 2025<\/time><\/span><span> \/ <\/span><span class=\"author\"> <a href=\"https:\/\/www2.unifap.br\/historia\/arquivos\/author\/alexandre-cruz\" rel=\"author\">alexandre.cruz<\/a><\/span><\/div><\/div>\n<div class=\" pt-cv-content-item pt-cv-1-col\" ><h5 class=\"pt-cv-title\"><a href=\"https:\/\/www2.unifap.br\/historia\/arquivos\/5310\/secretary\" class=\"_self\" target=\"_self\" >ENADE PROVA PR\u00c1TICA 2025<\/a><\/h5>\n<div class=\"pt-cv-content\">DISCENTES QUE CONCLU\u00cdRAM EST\u00c1GIO IV NO SEMESTRE 2025.01 E EST\u00c3O MATR\u00cdCULADOS\/AS EM EST\u00c1GIO IV NO SEMESTRE 2025.02 DEVER\u00c3O REALIZAR O ...<\/div>\n<div class=\"pt-cv-rmwrap\"><a href=\"https:\/\/www2.unifap.br\/historia\/arquivos\/5310\/secretary\" class=\"_self pt-cv-readmore btn btn-success\" target=\"_self\" >Leia Mais<\/a><\/div>\n<div class=\"pt-cv-meta-fields\"><span class=\"entry-date\"> <time datetime=\"2025-11-03T10:21:31-03:00\">3 de novembro de 2025<\/time><\/span><span> \/ <\/span><span class=\"author\"> <a href=\"https:\/\/www2.unifap.br\/historia\/arquivos\/author\/alexandre-cruz\" rel=\"author\">alexandre.cruz<\/a><\/span><\/div><\/div><\/div><\/div>\n<div class=\" pt-cv-pagination-wrapper\"><ul class=\"pt-cv-pagination pt-cv-ajax pagination\" data-totalpages=\"53\" data-currentpage=\"1\" data-sid=\"0076fc4\" data-unid=\"\" data-iselementor=\"0076fc4\" data-postid=\"0\"><li class=\"active\"><a href=\"#\">1<\/a><\/li>\n\t<li ><a class=\"\" href=\"https:\/\/www2.unifap.br\/historia\/wp-json\/wp\/v2\/pages\/5767\/?_page=2\">2<\/a><\/li>\n\t<li ><a class=\"\" href=\"https:\/\/www2.unifap.br\/historia\/wp-json\/wp\/v2\/pages\/5767\/?_page=3\">3<\/a><\/li>\n\t<li ><a href=\"#\">&hellip;<\/a><\/li>\n\t<li ><a class=\"\" href=\"https:\/\/www2.unifap.br\/historia\/wp-json\/wp\/v2\/pages\/5767\/?_page=53\">53<\/a><\/li>\n\t<li ><a class=\" \" href=\"https:\/\/www2.unifap.br\/historia\/wp-json\/wp\/v2\/pages\/5767\/?_page=2\">&rsaquo;<\/a><\/li>\n\t<\/ul><img decoding=\"async\" width=\"15\" height=\"15\" class=\"pt-cv-spinner\" alt=\"Carregando...;\" src=\"data:image\/gif;base64,R0lGODlhDwAPALMPAMrKygwMDJOTkz09PZWVla+vr3p6euTk5M7OzuXl5TMzMwAAAJmZmWZmZszMzP\/\/\/yH\/C05FVFNDQVBFMi4wAwEAAAAh+QQFCgAPACwAAAAADwAPAAAEQvDJaZaZOIcV8iQK8VRX4iTYoAwZ4iCYoAjZ4RxejhVNoT+mRGP4cyF4Pp0N98sBGIBMEMOotl6YZ3S61Bmbkm4mAgAh+QQFCgAPACwAAAAADQANAAAENPDJSRSZeA418itN8QiK8BiLITVsFiyBBIoYqnoewAD4xPw9iY4XLGYSjkQR4UAUD45DLwIAIfkEBQoADwAsAAAAAA8ACQAABC\/wyVlamTi3nSdgwFNdhEJgTJoNyoB9ISYoQmdjiZPcj7EYCAeCF1gEDo4Dz2eIAAAh+QQFCgAPACwCAAAADQANAAAEM\/DJBxiYeLKdX3IJZT1FU0iIg2RNKx3OkZVnZ98ToRD4MyiDnkAh6BkNC0MvsAj0kMpHBAAh+QQFCgAPACwGAAAACQAPAAAEMDC59KpFDll73HkAA2wVY5KgiK5b0RRoI6MuzG6EQqCDMlSGheEhUAgqgUUAFRySIgAh+QQFCgAPACwCAAIADQANAAAEM\/DJKZNLND\/kkKaHc3xk+QAMYDKsiaqmZCxGVjSFFCxB1vwy2oOgIDxuucxAMTAJFAJNBAAh+QQFCgAPACwAAAYADwAJAAAEMNAs86q1yaWwwv2Ig0jUZx3OYa4XoRAfwADXoAwfo1+CIjyFRuEho60aSNYlOPxEAAAh+QQFCgAPACwAAAIADQANAAAENPA9s4y8+IUVcqaWJ4qEQozSoAzoIyhCK2NFU2SJk0hNnyEOhKR2AzAAj4Pj4GE4W0bkJQIAOw==\" \/><div class=\"clear pt-cv-clear-pagination\"><\/div><\/div> <\/div> \t\t\t\t<\/div>\n\t\t\t\t<\/div>\n\t\t\t\t\t<\/div>\n\t\t<\/div>\n\t\t\t\t\t<\/div>\n\t\t<\/section>\n\t\t\t\t\t<\/div>\n\t\t<\/div>\n\t\t\t\t\t<\/div>\n\t\t<\/section>\n\t\t\t\t<\/div>\n\t\t","protected":false},"excerpt":{"rendered":"<p>Not\u00edcias \u00daltimas Not\u00edcias Contrata\u00e7\u00e3o Docente (semestre 2025.02) Informamos que ap\u00f3s contrata\u00e7\u00e3o da professora Alessandra Vales, as disciplinas abaixo listadas come\u00e7ar\u00e3o a partir do dia 30\/11\/2025 nos seus &#8230; Leia Mais 2025-11-28 \/ alexandre.cruz PRORROGADA CHAMADA LOGOMARCA DO CURSO DE HIST\u00d3RIA A COORDENA\u00c7\u00c3O DO CURSO DE HIST\u00d3RIA\/DFCH da Universidade Federal do Amap\u00e1 &#8211; UNIFAP TORNA P\u00daBLICA&#8230;<\/p>\n","protected":false},"author":930,"featured_media":0,"parent":0,"menu_order":0,"comment_status":"open","ping_status":"closed","template":"","meta":{"inline_featured_image":false,"site-sidebar-layout":"default","site-content-layout":"","ast-site-content-layout":"full-width-container","site-content-style":"default","site-sidebar-style":"default","ast-global-header-display":"","ast-banner-title-visibility":"","ast-main-header-display":"","ast-hfb-above-header-display":"","ast-hfb-below-header-display":"","ast-hfb-mobile-header-display":"","site-post-title":"","ast-breadcrumbs-content":"","ast-featured-img":"","footer-sml-layout":"","theme-transparent-header-meta":"default","adv-header-id-meta":"","stick-header-meta":"","header-above-stick-meta":"","header-main-stick-meta":"","header-below-stick-meta":"","astra-migrate-meta-layouts":"set","ast-page-background-enabled":"default","ast-page-background-meta":{"desktop":{"background-color":"var(--ast-global-color-4)","background-image":"","background-repeat":"repeat","background-position":"center center","background-size":"auto","background-attachment":"scroll","background-type":"","background-media":"","overlay-type":"","overlay-color":"","overlay-opacity":"","overlay-gradient":""},"tablet":{"background-color":"","background-image":"","background-repeat":"repeat","background-position":"center center","background-size":"auto","background-attachment":"scroll","background-type":"","background-media":"","overlay-type":"","overlay-color":"","overlay-opacity":"","overlay-gradient":""},"mobile":{"background-color":"","background-image":"","background-repeat":"repeat","background-position":"center center","background-size":"auto","background-attachment":"scroll","background-type":"","background-media":"","overlay-type":"","overlay-color":"","overlay-opacity":"","overlay-gradient":""}},"ast-content-background-meta":{"desktop":{"background-color":"var(--ast-global-color-5)","background-image":"","background-repeat":"repeat","background-position":"center center","background-size":"auto","background-attachment":"scroll","background-type":"","background-media":"","overlay-type":"","overlay-color":"","overlay-opacity":"","overlay-gradient":""},"tablet":{"background-color":"var(--ast-global-color-5)","background-image":"","background-repeat":"repeat","background-position":"center center","background-size":"auto","background-attachment":"scroll","background-type":"","background-media":"","overlay-type":"","overlay-color":"","overlay-opacity":"","overlay-gradient":""},"mobile":{"background-color":"var(--ast-global-color-5)","background-image":"","background-repeat":"repeat","background-position":"center center","background-size":"auto","background-attachment":"scroll","background-type":"","background-media":"","overlay-type":"","overlay-color":"","overlay-opacity":"","overlay-gradient":""}},"ngg_post_thumbnail":0,"footnotes":""},"folder":[94],"class_list":["post-5767","page","type-page","status-publish","hentry"],"_links":{"self":[{"href":"https:\/\/www2.unifap.br\/historia\/wp-json\/wp\/v2\/pages\/5767","targetHints":{"allow":["GET"]}}],"collection":[{"href":"https:\/\/www2.unifap.br\/historia\/wp-json\/wp\/v2\/pages"}],"about":[{"href":"https:\/\/www2.unifap.br\/historia\/wp-json\/wp\/v2\/types\/page"}],"author":[{"embeddable":true,"href":"https:\/\/www2.unifap.br\/historia\/wp-json\/wp\/v2\/users\/930"}],"replies":[{"embeddable":true,"href":"https:\/\/www2.unifap.br\/historia\/wp-json\/wp\/v2\/comments?post=5767"}],"version-history":[{"count":25,"href":"https:\/\/www2.unifap.br\/historia\/wp-json\/wp\/v2\/pages\/5767\/revisions"}],"predecessor-version":[{"id":6008,"href":"https:\/\/www2.unifap.br\/historia\/wp-json\/wp\/v2\/pages\/5767\/revisions\/6008"}],"wp:attachment":[{"href":"https:\/\/www2.unifap.br\/historia\/wp-json\/wp\/v2\/media?parent=5767"}],"wp:term":[{"taxonomy":"folder","embeddable":true,"href":"https:\/\/www2.unifap.br\/historia\/wp-json\/wp\/v2\/folder?post=5767"}],"curies":[{"name":"wp","href":"https:\/\/api.w.org\/{rel}","templated":true}]}}