{"id":580,"date":"2018-04-13T21:59:39","date_gmt":"2018-04-14T00:59:39","guid":{"rendered":"http:\/\/www2.unifap.br\/historia\/?page_id=580"},"modified":"2023-05-18T16:34:35","modified_gmt":"2023-05-18T19:34:35","slug":"projetos-de-pesquisa","status":"publish","type":"page","link":"https:\/\/www2.unifap.br\/historia\/projetos-de-pesquisa","title":{"rendered":"Projetos de Pesquisa"},"content":{"rendered":"<p>T\u00edtulo: <strong>Formas e rela\u00e7\u00f5es de trabalho na Amaz\u00f4nia entre os s\u00e9culos XIX e XX: sujeitos, conflitos e sociabilidades fronteiri\u00e7as<\/strong><\/p>\n<p>Coordenador: <strong>Adalberto Paz<\/strong><\/p>\n<p>Colaboradores: <strong>Lara de Castro, Alexandre Cardoso<\/strong><\/p>\n<p>Bolsista de inicia\u00e7\u00e3o cient\u00edfica: <strong>Marlos Vinicius Gama de Matos<\/strong><\/p>\n<hr>\n<p>&nbsp;<\/p>\n<p><strong>-NOTA<\/strong>: Art. 2\u00ba&nbsp;<a href=\"http:\/\/www.planalto.gov.br\/ccivil_03\/_ato2019-2022\/2019\/decreto\/D9758.htm\" target=\"_blank\" rel=\"noopener noreferrer\">O \u00fanico pronome de&nbsp;<b>tratamento<\/b>&nbsp;utilizado na comunica\u00e7\u00e3o com agentes p\u00fablicos federais<\/a>&nbsp;\u00e9 \u201c<b>senhor<\/b>\u201d, independentemente do n\u00edvel hier\u00e1rquico, da natureza do cargo ou da fun\u00e7\u00e3o ou da ocasi\u00e3o \u2013&nbsp;<strong><a href=\"http:\/\/legislacao.planalto.gov.br\/legisla\/legislacao.nsf\/Viw_Identificacao\/DEC%209.758-2019?OpenDocument\">Decreto N\u00ba 9.758, de&nbsp;11 de abril de 2019<\/a><\/strong><\/p>\n","protected":false},"excerpt":{"rendered":"<p>T\u00edtulo: Formas e rela\u00e7\u00f5es de trabalho na Amaz\u00f4nia entre os s\u00e9culos XIX e XX: sujeitos, conflitos e sociabilidades fronteiri\u00e7as Coordenador: Adalberto Paz Colaboradores: Lara de Castro, Alexandre Cardoso Bolsista de inicia\u00e7\u00e3o cient\u00edfica: Marlos Vinicius Gama de Matos &nbsp; -NOTA: Art. 2\u00ba&nbsp;O \u00fanico pronome de&nbsp;tratamento&nbsp;utilizado na comunica\u00e7\u00e3o com agentes p\u00fablicos federais&nbsp;\u00e9 \u201csenhor\u201d, independentemente do n\u00edvel hier\u00e1rquico,&#8230;<\/p>\n","protected":false},"author":2473,"featured_media":0,"parent":0,"menu_order":1,"comment_status":"open","ping_status":"closed","template":"","meta":{"inline_featured_image":false,"site-sidebar-layout":"default","site-content-layout":"","ast-site-content-layout":"default","site-content-style":"default","site-sidebar-style":"default","ast-global-header-display":"","ast-banner-title-visibility":"","ast-main-header-display":"","ast-hfb-above-header-display":"","ast-hfb-below-header-display":"","ast-hfb-mobile-header-display":"","site-post-title":"","ast-breadcrumbs-content":"","ast-featured-img":"","footer-sml-layout":"","theme-transparent-header-meta":"","adv-header-id-meta":"","stick-header-meta":"","header-above-stick-meta":"","header-main-stick-meta":"","header-below-stick-meta":"","astra-migrate-meta-layouts":"default","ast-page-background-enabled":"default","ast-page-background-meta":{"desktop":{"background-color":"var(--ast-global-color-4)","background-image":"","background-repeat":"repeat","background-position":"center center","background-size":"auto","background-attachment":"scroll","background-type":"","background-media":"","overlay-type":"","overlay-color":"","overlay-opacity":"","overlay-gradient":""},"tablet":{"background-color":"","background-image":"","background-repeat":"repeat","background-position":"center center","background-size":"auto","background-attachment":"scroll","background-type":"","background-media":"","overlay-type":"","overlay-color":"","overlay-opacity":"","overlay-gradient":""},"mobile":{"background-color":"","background-image":"","background-repeat":"repeat","background-position":"center center","background-size":"auto","background-attachment":"scroll","background-type":"","background-media":"","overlay-type":"","overlay-color":"","overlay-opacity":"","overlay-gradient":""}},"ast-content-background-meta":{"desktop":{"background-color":"var(--ast-global-color-5)","background-image":"","background-repeat":"repeat","background-position":"center center","background-size":"auto","background-attachment":"scroll","background-type":"","background-media":"","overlay-type":"","overlay-color":"","overlay-opacity":"","overlay-gradient":""},"tablet":{"background-color":"var(--ast-global-color-5)","background-image":"","background-repeat":"repeat","background-position":"center center","background-size":"auto","background-attachment":"scroll","background-type":"","background-media":"","overlay-type":"","overlay-color":"","overlay-opacity":"","overlay-gradient":""},"mobile":{"background-color":"var(--ast-global-color-5)","background-image":"","background-repeat":"repeat","background-position":"center center","background-size":"auto","background-attachment":"scroll","background-type":"","background-media":"","overlay-type":"","overlay-color":"","overlay-opacity":"","overlay-gradient":""}},"ngg_post_thumbnail":0,"footnotes":""},"folder":[],"class_list":["post-580","page","type-page","status-publish","hentry"],"_links":{"self":[{"href":"https:\/\/www2.unifap.br\/historia\/wp-json\/wp\/v2\/pages\/580","targetHints":{"allow":["GET"]}}],"collection":[{"href":"https:\/\/www2.unifap.br\/historia\/wp-json\/wp\/v2\/pages"}],"about":[{"href":"https:\/\/www2.unifap.br\/historia\/wp-json\/wp\/v2\/types\/page"}],"author":[{"embeddable":true,"href":"https:\/\/www2.unifap.br\/historia\/wp-json\/wp\/v2\/users\/2473"}],"replies":[{"embeddable":true,"href":"https:\/\/www2.unifap.br\/historia\/wp-json\/wp\/v2\/comments?post=580"}],"version-history":[{"count":2,"href":"https:\/\/www2.unifap.br\/historia\/wp-json\/wp\/v2\/pages\/580\/revisions"}],"predecessor-version":[{"id":3653,"href":"https:\/\/www2.unifap.br\/historia\/wp-json\/wp\/v2\/pages\/580\/revisions\/3653"}],"wp:attachment":[{"href":"https:\/\/www2.unifap.br\/historia\/wp-json\/wp\/v2\/media?parent=580"}],"wp:term":[{"taxonomy":"folder","embeddable":true,"href":"https:\/\/www2.unifap.br\/historia\/wp-json\/wp\/v2\/folder?post=580"}],"curies":[{"name":"wp","href":"https:\/\/api.w.org\/{rel}","templated":true}]}}