{"id":758,"date":"2019-12-29T01:22:14","date_gmt":"2019-12-29T01:22:14","guid":{"rendered":"http:\/\/www2.unifap.br\/historia\/?page_id=758"},"modified":"2019-12-29T01:40:00","modified_gmt":"2019-12-29T01:40:00","slug":"ementas_362-2000","status":"publish","type":"page","link":"https:\/\/www2.unifap.br\/historia\/ementas_362-2000","title":{"rendered":"Ementas &#8211; Matriz 362-2015.2 (Ingressantes de 2000)"},"content":{"rendered":"\t\t<div data-elementor-type=\"wp-post\" data-elementor-id=\"758\" class=\"elementor elementor-758 elementor-bc-flex-widget\">\n\t\t\t\t\t\t<section class=\"elementor-section elementor-top-section elementor-element elementor-element-21ab5fd4 elementor-section-boxed elementor-section-height-default elementor-section-height-default\" data-id=\"21ab5fd4\" data-element_type=\"section\" data-e-type=\"section\">\n\t\t\t\t\t\t<div class=\"elementor-container elementor-column-gap-default\">\n\t\t\t\t\t<div class=\"elementor-column elementor-col-100 elementor-top-column elementor-element elementor-element-113481fe\" data-id=\"113481fe\" data-element_type=\"column\" data-e-type=\"column\">\n\t\t\t<div class=\"elementor-widget-wrap elementor-element-populated\">\n\t\t\t\t\t\t<div class=\"elementor-element elementor-element-216e7647 elementor-widget elementor-widget-text-editor\" data-id=\"216e7647\" data-element_type=\"widget\" data-e-type=\"widget\" data-widget_type=\"text-editor.default\">\n\t\t\t\t<div class=\"elementor-widget-container\">\n\t\t\t\t\t\t\t\t\tAcesso para Download, assinatura digital conforme Ordem de Servi\u00e7o n\u00ba 03\/2017 &#8211; e convalida\u00e7\u00e3o atrav\u00e9s do proc\u00a023125.036130\/2019-98\n<table class=\"formulario\">\n<tbody>\n<tr>\n<th><b>Assunto Detalhado:<\/b><\/th>\n<td>MATRIZ DO CURSO E EMENTAS &#8211; ANO 2000 CURSO HIST\u00d3RIA<\/td>\n<\/tr>\n<\/tbody>\n<\/table>\n<table class=\"formulario\">\n<tbody>\n<tr>\n<th width=\"25%\"><b>Processo:<\/b><\/th>\n<td>23125.036130\/2019-98<\/td>\n<\/tr>\n<tr>\n<th class=\"rotulo\"><b>Origem do Processo:<\/b><\/th>\n<td>Interno<\/td>\n<\/tr>\n<tr>\n<th class=\"rotulo\"><b>Data de Autua\u00e7\u00e3o:<\/b><\/th>\n<td>22\/12\/2019 18:24<\/td>\n<\/tr>\n<tr>\n<th class=\"rotulo\"><b>Usu\u00e1rio de Autua\u00e7\u00e3o:<\/b><\/th>\n<td>MARCOS SILVA ALBUQUERQUE<\/td>\n<\/tr>\n<tr>\n<th><b>Assunto do Processo:<\/b><\/th>\n<td>PROJETO POL\u00cdTICO-PEDAG\u00d3GICO<\/td>\n<\/tr>\n<tr>\n<th><b>Assunto Detalhado:<\/b><\/th>\n<td>MATRIZ DO CURSO E EMENTAS &#8211; ANO 2000 CURSO HIST\u00d3RIA<\/td>\n<\/tr>\n<tr>\n<th><b>Natureza do Processo:<\/b><\/th>\n<td>OSTENSIVO<\/td>\n<\/tr>\n<tr>\n<th><b>Unidade de Origem:<\/b><\/th>\n<td>COORDENA\u00c7\u00c3O DO CURSO DE HIST\u00d3RIA BACHARELADO &#8211; CCHB (11.02.25.13.07)<\/td>\n<\/tr>\n<tr>\n<th><b>Status:<\/b><\/th>\n<td>ATIVO<\/td>\n<\/tr>\n<tr>\n<th><b>Data de Cadastro:<\/b><\/th>\n<td>22\/12\/2019<\/td>\n<\/tr>\n<\/tbody>\n<\/table>\n\n<hr \/>\n\nEm Constru\u00e7\u00e3o e atualiza\u00e7\u00e3o&#8230;.\n\n&nbsp;\t\t\t\t\t\t\t\t<\/div>\n\t\t\t\t<\/div>\n\t\t\t\t\t<\/div>\n\t\t<\/div>\n\t\t\t\t\t<\/div>\n\t\t<\/section>\n\t\t\t\t<section class=\"elementor-section elementor-top-section elementor-element elementor-element-984cba8 elementor-section-boxed elementor-section-height-default elementor-section-height-default\" data-id=\"984cba8\" data-element_type=\"section\" data-e-type=\"section\">\n\t\t\t\t\t\t<div class=\"elementor-container elementor-column-gap-default\">\n\t\t\t\t\t<div class=\"elementor-column elementor-col-100 elementor-top-column elementor-element elementor-element-167465f\" data-id=\"167465f\" data-element_type=\"column\" data-e-type=\"column\">\n\t\t\t<div class=\"elementor-widget-wrap elementor-element-populated\">\n\t\t\t\t\t\t<div class=\"elementor-element elementor-element-07b0ed1 elementor-widget elementor-widget-toggle\" data-id=\"07b0ed1\" data-element_type=\"widget\" data-e-type=\"widget\" data-widget_type=\"toggle.default\">\n\t\t\t\t<div class=\"elementor-widget-container\">\n\t\t\t\t\t\t\t<div class=\"elementor-toggle\">\n\t\t\t\t\t\t\t<div class=\"elementor-toggle-item\">\n\t\t\t\t\t<div id=\"elementor-tab-title-8061\" class=\"elementor-tab-title\" data-tab=\"1\" role=\"button\" aria-controls=\"elementor-tab-content-8061\" aria-expanded=\"false\">\n\t\t\t\t\t\t\t\t\t\t\t\t<span class=\"elementor-toggle-icon elementor-toggle-icon-left\" aria-hidden=\"true\">\n\t\t\t\t\t\t\t\t\t\t\t\t\t\t\t<span class=\"elementor-toggle-icon-closed\"><i class=\"fas fa-caret-right\"><\/i><\/span>\n\t\t\t\t\t\t\t\t<span class=\"elementor-toggle-icon-opened\"><i class=\"elementor-toggle-icon-opened fas fa-caret-up\"><\/i><\/span>\n\t\t\t\t\t\t\t\t\t\t\t\t\t<\/span>\n\t\t\t\t\t\t\t\t\t\t\t\t<a class=\"elementor-toggle-title\" tabindex=\"0\">#1 Semestre - n\u00edvel 1<\/a>\n\t\t\t\t\t<\/div>\n\n\t\t\t\t\t<div id=\"elementor-tab-content-8061\" class=\"elementor-tab-content elementor-clearfix\" data-tab=\"1\" role=\"region\" aria-labelledby=\"elementor-tab-title-8061\"><p>Arquivos inseridos<\/p><\/div>\n\t\t\t\t<\/div>\n\t\t\t\t\t\t\t<div class=\"elementor-toggle-item\">\n\t\t\t\t\t<div id=\"elementor-tab-title-8062\" class=\"elementor-tab-title\" data-tab=\"2\" role=\"button\" aria-controls=\"elementor-tab-content-8062\" aria-expanded=\"false\">\n\t\t\t\t\t\t\t\t\t\t\t\t<span class=\"elementor-toggle-icon elementor-toggle-icon-left\" aria-hidden=\"true\">\n\t\t\t\t\t\t\t\t\t\t\t\t\t\t\t<span class=\"elementor-toggle-icon-closed\"><i class=\"fas fa-caret-right\"><\/i><\/span>\n\t\t\t\t\t\t\t\t<span class=\"elementor-toggle-icon-opened\"><i class=\"elementor-toggle-icon-opened fas fa-caret-up\"><\/i><\/span>\n\t\t\t\t\t\t\t\t\t\t\t\t\t<\/span>\n\t\t\t\t\t\t\t\t\t\t\t\t<a class=\"elementor-toggle-title\" tabindex=\"0\">#2 Semestre - n\u00edvel 2<\/a>\n\t\t\t\t\t<\/div>\n\n\t\t\t\t\t<div id=\"elementor-tab-content-8062\" class=\"elementor-tab-content elementor-clearfix\" data-tab=\"2\" role=\"region\" aria-labelledby=\"elementor-tab-title-8062\"><p>Arquivos inseridos<\/p><\/div>\n\t\t\t\t<\/div>\n\t\t\t\t\t\t\t<div class=\"elementor-toggle-item\">\n\t\t\t\t\t<div id=\"elementor-tab-title-8063\" class=\"elementor-tab-title\" data-tab=\"3\" role=\"button\" aria-controls=\"elementor-tab-content-8063\" aria-expanded=\"false\">\n\t\t\t\t\t\t\t\t\t\t\t\t<span class=\"elementor-toggle-icon elementor-toggle-icon-left\" aria-hidden=\"true\">\n\t\t\t\t\t\t\t\t\t\t\t\t\t\t\t<span class=\"elementor-toggle-icon-closed\"><i class=\"fas fa-caret-right\"><\/i><\/span>\n\t\t\t\t\t\t\t\t<span class=\"elementor-toggle-icon-opened\"><i class=\"elementor-toggle-icon-opened fas fa-caret-up\"><\/i><\/span>\n\t\t\t\t\t\t\t\t\t\t\t\t\t<\/span>\n\t\t\t\t\t\t\t\t\t\t\t\t<a class=\"elementor-toggle-title\" tabindex=\"0\">#3 Semestre - n\u00edvel 3<\/a>\n\t\t\t\t\t<\/div>\n\n\t\t\t\t\t<div id=\"elementor-tab-content-8063\" class=\"elementor-tab-content elementor-clearfix\" data-tab=\"3\" role=\"region\" aria-labelledby=\"elementor-tab-title-8063\"><p>Arquivos inseridos<\/p><\/div>\n\t\t\t\t<\/div>\n\t\t\t\t\t\t\t<div class=\"elementor-toggle-item\">\n\t\t\t\t\t<div id=\"elementor-tab-title-8064\" class=\"elementor-tab-title\" data-tab=\"4\" role=\"button\" aria-controls=\"elementor-tab-content-8064\" aria-expanded=\"false\">\n\t\t\t\t\t\t\t\t\t\t\t\t<span class=\"elementor-toggle-icon elementor-toggle-icon-left\" aria-hidden=\"true\">\n\t\t\t\t\t\t\t\t\t\t\t\t\t\t\t<span class=\"elementor-toggle-icon-closed\"><i class=\"fas fa-caret-right\"><\/i><\/span>\n\t\t\t\t\t\t\t\t<span class=\"elementor-toggle-icon-opened\"><i class=\"elementor-toggle-icon-opened fas fa-caret-up\"><\/i><\/span>\n\t\t\t\t\t\t\t\t\t\t\t\t\t<\/span>\n\t\t\t\t\t\t\t\t\t\t\t\t<a class=\"elementor-toggle-title\" tabindex=\"0\">#4 Semestre - n\u00edvel 4<\/a>\n\t\t\t\t\t<\/div>\n\n\t\t\t\t\t<div id=\"elementor-tab-content-8064\" class=\"elementor-tab-content elementor-clearfix\" data-tab=\"4\" role=\"region\" aria-labelledby=\"elementor-tab-title-8064\"><p>Arquivos inseridos<\/p><\/div>\n\t\t\t\t<\/div>\n\t\t\t\t\t\t\t<div class=\"elementor-toggle-item\">\n\t\t\t\t\t<div id=\"elementor-tab-title-8065\" class=\"elementor-tab-title\" data-tab=\"5\" role=\"button\" aria-controls=\"elementor-tab-content-8065\" aria-expanded=\"false\">\n\t\t\t\t\t\t\t\t\t\t\t\t<span class=\"elementor-toggle-icon elementor-toggle-icon-left\" aria-hidden=\"true\">\n\t\t\t\t\t\t\t\t\t\t\t\t\t\t\t<span class=\"elementor-toggle-icon-closed\"><i class=\"fas fa-caret-right\"><\/i><\/span>\n\t\t\t\t\t\t\t\t<span class=\"elementor-toggle-icon-opened\"><i class=\"elementor-toggle-icon-opened fas fa-caret-up\"><\/i><\/span>\n\t\t\t\t\t\t\t\t\t\t\t\t\t<\/span>\n\t\t\t\t\t\t\t\t\t\t\t\t<a class=\"elementor-toggle-title\" tabindex=\"0\">#5 Semestre - n\u00edvel 5 - (3 arquivos inseridos)<\/a>\n\t\t\t\t\t<\/div>\n\n\t\t\t\t\t<div id=\"elementor-tab-content-8065\" class=\"elementor-tab-content elementor-clearfix\" data-tab=\"5\" role=\"region\" aria-labelledby=\"elementor-tab-title-8065\"><p>Arquivos inseridos<\/p><p><a href=\"http:\/\/www2.unifap.br\/historia\/files\/2019\/12\/Etnologia_da_Amaz\u00f4nia0001.pdf\">Etnologia_da_Amaz\u00f4nia<\/a><\/p><p><a href=\"http:\/\/www2.unifap.br\/historia\/files\/2019\/12\/Historia_Medieval0001.pdf\">Historia_Medieval<\/a><\/p><p><a href=\"http:\/\/www2.unifap.br\/historia\/files\/2019\/12\/historia_ModernaI.pdf\">historia_ModernaI<\/a><\/p><\/div>\n\t\t\t\t<\/div>\n\t\t\t\t\t\t\t<div class=\"elementor-toggle-item\">\n\t\t\t\t\t<div id=\"elementor-tab-title-8066\" class=\"elementor-tab-title\" data-tab=\"6\" role=\"button\" aria-controls=\"elementor-tab-content-8066\" aria-expanded=\"false\">\n\t\t\t\t\t\t\t\t\t\t\t\t<span class=\"elementor-toggle-icon elementor-toggle-icon-left\" aria-hidden=\"true\">\n\t\t\t\t\t\t\t\t\t\t\t\t\t\t\t<span class=\"elementor-toggle-icon-closed\"><i class=\"fas fa-caret-right\"><\/i><\/span>\n\t\t\t\t\t\t\t\t<span class=\"elementor-toggle-icon-opened\"><i class=\"elementor-toggle-icon-opened fas fa-caret-up\"><\/i><\/span>\n\t\t\t\t\t\t\t\t\t\t\t\t\t<\/span>\n\t\t\t\t\t\t\t\t\t\t\t\t<a class=\"elementor-toggle-title\" tabindex=\"0\">#6 Semestre - n\u00edvel 6 - (3 arquivos inseridos)<\/a>\n\t\t\t\t\t<\/div>\n\n\t\t\t\t\t<div id=\"elementor-tab-content-8066\" class=\"elementor-tab-content elementor-clearfix\" data-tab=\"6\" role=\"region\" aria-labelledby=\"elementor-tab-title-8066\"><p>Arquivos inseridos<\/p><p><a href=\"http:\/\/www2.unifap.br\/historia\/files\/2019\/12\/HISTORIA_AGR\u00c1RIA_BRASILEIRA0001.pdf\">HISTORIA_AGR\u00c1RIA_BRASILEIRA<\/a><\/p><p><a href=\"http:\/\/www2.unifap.br\/historia\/files\/2019\/12\/HISTORIA_CONTEMPOR\u00c2NEA_I0001.pdf\">HISTORIA_CONTEMPOR\u00c2NEA_I<\/a><\/p><p><a href=\"http:\/\/www2.unifap.br\/historia\/files\/2019\/12\/HISTORIA_MODERNA_II0001.pdf\">HISTORIA_MODERNA_II0001<\/a><\/p><\/div>\n\t\t\t\t<\/div>\n\t\t\t\t\t\t\t<div class=\"elementor-toggle-item\">\n\t\t\t\t\t<div id=\"elementor-tab-title-8067\" class=\"elementor-tab-title\" data-tab=\"7\" role=\"button\" aria-controls=\"elementor-tab-content-8067\" aria-expanded=\"false\">\n\t\t\t\t\t\t\t\t\t\t\t\t<span class=\"elementor-toggle-icon elementor-toggle-icon-left\" aria-hidden=\"true\">\n\t\t\t\t\t\t\t\t\t\t\t\t\t\t\t<span class=\"elementor-toggle-icon-closed\"><i class=\"fas fa-caret-right\"><\/i><\/span>\n\t\t\t\t\t\t\t\t<span class=\"elementor-toggle-icon-opened\"><i class=\"elementor-toggle-icon-opened fas fa-caret-up\"><\/i><\/span>\n\t\t\t\t\t\t\t\t\t\t\t\t\t<\/span>\n\t\t\t\t\t\t\t\t\t\t\t\t<a class=\"elementor-toggle-title\" tabindex=\"0\">#7 Semestre - n\u00edvel 7 - (3 arquivos inseridos)<\/a>\n\t\t\t\t\t<\/div>\n\n\t\t\t\t\t<div id=\"elementor-tab-content-8067\" class=\"elementor-tab-content elementor-clearfix\" data-tab=\"7\" role=\"region\" aria-labelledby=\"elementor-tab-title-8067\"><p>Arquivos inseridos<\/p><p><a href=\"http:\/\/www2.unifap.br\/historia\/files\/2019\/12\/historia_da_amaz\u00f4nia_I0001.pdf\">historia_da_amaz\u00f4nia_I<\/a><\/p><p><a href=\"http:\/\/www2.unifap.br\/historia\/files\/2019\/12\/METODOLOGIA_DO_ENSINO_DE_HISTORIA0001.pdf\">METODOLOGIA_DO_ENSINO_DE_HISTORIA<\/a><\/p><p><a href=\"http:\/\/www2.unifap.br\/historia\/files\/2019\/12\/HISTORIA_CONTEMPORANEA_II0001.pdf\">HISTORIA_CONTEMPORANEA_II<\/a><\/p><\/div>\n\t\t\t\t<\/div>\n\t\t\t\t\t\t\t<div class=\"elementor-toggle-item\">\n\t\t\t\t\t<div id=\"elementor-tab-title-8068\" class=\"elementor-tab-title\" data-tab=\"8\" role=\"button\" aria-controls=\"elementor-tab-content-8068\" aria-expanded=\"false\">\n\t\t\t\t\t\t\t\t\t\t\t\t<span class=\"elementor-toggle-icon elementor-toggle-icon-left\" aria-hidden=\"true\">\n\t\t\t\t\t\t\t\t\t\t\t\t\t\t\t<span class=\"elementor-toggle-icon-closed\"><i class=\"fas fa-caret-right\"><\/i><\/span>\n\t\t\t\t\t\t\t\t<span class=\"elementor-toggle-icon-opened\"><i class=\"elementor-toggle-icon-opened fas fa-caret-up\"><\/i><\/span>\n\t\t\t\t\t\t\t\t\t\t\t\t\t<\/span>\n\t\t\t\t\t\t\t\t\t\t\t\t<a class=\"elementor-toggle-title\" tabindex=\"0\">#8 Semestre - n\u00edvel 8 - (2 arquivos inseridos)<\/a>\n\t\t\t\t\t<\/div>\n\n\t\t\t\t\t<div id=\"elementor-tab-content-8068\" class=\"elementor-tab-content elementor-clearfix\" data-tab=\"8\" role=\"region\" aria-labelledby=\"elementor-tab-title-8068\"><p><span style=\"color: #0000ff;\">Arquivos inseridos<\/span><\/p><p><span style=\"color: #0000ff;\"><a style=\"color: #0000ff;\" href=\"http:\/\/www2.unifap.br\/historia\/files\/2019\/12\/HISTORIA_DA_AMAZONIA_II0001.pdf\">HISTORIA_DA_AMAZONIA_II0001<\/a> <\/span><\/p><p><span style=\"color: #0000ff;\"><a style=\"color: #0000ff;\" href=\"http:\/\/www2.unifap.br\/historia\/files\/2019\/12\/PR\u00c9-HIST\u00d3RIA_BRASILEIRA0001.pdf\">PR\u00c9-HIST\u00d3RIA_BRASILEIRA0001<\/a><\/span><\/p><\/div>\n\t\t\t\t<\/div>\n\t\t\t\t\t\t\t<div class=\"elementor-toggle-item\">\n\t\t\t\t\t<div id=\"elementor-tab-title-8069\" class=\"elementor-tab-title\" data-tab=\"9\" role=\"button\" aria-controls=\"elementor-tab-content-8069\" aria-expanded=\"false\">\n\t\t\t\t\t\t\t\t\t\t\t\t<span class=\"elementor-toggle-icon elementor-toggle-icon-left\" aria-hidden=\"true\">\n\t\t\t\t\t\t\t\t\t\t\t\t\t\t\t<span class=\"elementor-toggle-icon-closed\"><i class=\"fas fa-caret-right\"><\/i><\/span>\n\t\t\t\t\t\t\t\t<span class=\"elementor-toggle-icon-opened\"><i class=\"elementor-toggle-icon-opened fas fa-caret-up\"><\/i><\/span>\n\t\t\t\t\t\t\t\t\t\t\t\t\t<\/span>\n\t\t\t\t\t\t\t\t\t\t\t\t<a class=\"elementor-toggle-title\" tabindex=\"0\">#9 Semestre - n\u00edvel 9<\/a>\n\t\t\t\t\t<\/div>\n\n\t\t\t\t\t<div id=\"elementor-tab-content-8069\" class=\"elementor-tab-content elementor-clearfix\" data-tab=\"9\" role=\"region\" aria-labelledby=\"elementor-tab-title-8069\"><p>Arquivos inseridos<\/p><\/div>\n\t\t\t\t<\/div>\n\t\t\t\t\t\t\t\t<\/div>\n\t\t\t\t\t\t<\/div>\n\t\t\t\t<\/div>\n\t\t\t\t\t<\/div>\n\t\t<\/div>\n\t\t\t\t\t<\/div>\n\t\t<\/section>\n\t\t\t\t<\/div>\n\t\t","protected":false},"excerpt":{"rendered":"<p>Acesso para Download, assinatura digital conforme Ordem de Servi\u00e7o n\u00ba 03\/2017 &#8211; e convalida\u00e7\u00e3o atrav\u00e9s do proc\u00a023125.036130\/2019-98 Assunto Detalhado: MATRIZ DO CURSO E EMENTAS &#8211; ANO 2000 CURSO HIST\u00d3RIA Processo: 23125.036130\/2019-98 Origem do Processo: Interno Data de Autua\u00e7\u00e3o: 22\/12\/2019 18:24 Usu\u00e1rio de Autua\u00e7\u00e3o: MARCOS SILVA ALBUQUERQUE Assunto do Processo: PROJETO POL\u00cdTICO-PEDAG\u00d3GICO Assunto Detalhado: MATRIZ DO&#8230;<\/p>\n","protected":false},"author":205,"featured_media":0,"parent":0,"menu_order":0,"comment_status":"closed","ping_status":"closed","template":"","meta":{"inline_featured_image":false,"site-sidebar-layout":"default","site-content-layout":"","ast-site-content-layout":"default","site-content-style":"default","site-sidebar-style":"default","ast-global-header-display":"","ast-banner-title-visibility":"","ast-main-header-display":"","ast-hfb-above-header-display":"","ast-hfb-below-header-display":"","ast-hfb-mobile-header-display":"","site-post-title":"","ast-breadcrumbs-content":"","ast-featured-img":"","footer-sml-layout":"","theme-transparent-header-meta":"","adv-header-id-meta":"","stick-header-meta":"","header-above-stick-meta":"","header-main-stick-meta":"","header-below-stick-meta":"","astra-migrate-meta-layouts":"default","ast-page-background-enabled":"default","ast-page-background-meta":{"desktop":{"background-color":"var(--ast-global-color-4)","background-image":"","background-repeat":"repeat","background-position":"center center","background-size":"auto","background-attachment":"scroll","background-type":"","background-media":"","overlay-type":"","overlay-color":"","overlay-opacity":"","overlay-gradient":""},"tablet":{"background-color":"","background-image":"","background-repeat":"repeat","background-position":"center center","background-size":"auto","background-attachment":"scroll","background-type":"","background-media":"","overlay-type":"","overlay-color":"","overlay-opacity":"","overlay-gradient":""},"mobile":{"background-color":"","background-image":"","background-repeat":"repeat","background-position":"center center","background-size":"auto","background-attachment":"scroll","background-type":"","background-media":"","overlay-type":"","overlay-color":"","overlay-opacity":"","overlay-gradient":""}},"ast-content-background-meta":{"desktop":{"background-color":"var(--ast-global-color-5)","background-image":"","background-repeat":"repeat","background-position":"center center","background-size":"auto","background-attachment":"scroll","background-type":"","background-media":"","overlay-type":"","overlay-color":"","overlay-opacity":"","overlay-gradient":""},"tablet":{"background-color":"var(--ast-global-color-5)","background-image":"","background-repeat":"repeat","background-position":"center center","background-size":"auto","background-attachment":"scroll","background-type":"","background-media":"","overlay-type":"","overlay-color":"","overlay-opacity":"","overlay-gradient":""},"mobile":{"background-color":"var(--ast-global-color-5)","background-image":"","background-repeat":"repeat","background-position":"center center","background-size":"auto","background-attachment":"scroll","background-type":"","background-media":"","overlay-type":"","overlay-color":"","overlay-opacity":"","overlay-gradient":""}},"ngg_post_thumbnail":0,"footnotes":""},"folder":[],"class_list":["post-758","page","type-page","status-publish","hentry"],"_links":{"self":[{"href":"https:\/\/www2.unifap.br\/historia\/wp-json\/wp\/v2\/pages\/758","targetHints":{"allow":["GET"]}}],"collection":[{"href":"https:\/\/www2.unifap.br\/historia\/wp-json\/wp\/v2\/pages"}],"about":[{"href":"https:\/\/www2.unifap.br\/historia\/wp-json\/wp\/v2\/types\/page"}],"author":[{"embeddable":true,"href":"https:\/\/www2.unifap.br\/historia\/wp-json\/wp\/v2\/users\/205"}],"replies":[{"embeddable":true,"href":"https:\/\/www2.unifap.br\/historia\/wp-json\/wp\/v2\/comments?post=758"}],"version-history":[{"count":7,"href":"https:\/\/www2.unifap.br\/historia\/wp-json\/wp\/v2\/pages\/758\/revisions"}],"predecessor-version":[{"id":777,"href":"https:\/\/www2.unifap.br\/historia\/wp-json\/wp\/v2\/pages\/758\/revisions\/777"}],"wp:attachment":[{"href":"https:\/\/www2.unifap.br\/historia\/wp-json\/wp\/v2\/media?parent=758"}],"wp:term":[{"taxonomy":"folder","embeddable":true,"href":"https:\/\/www2.unifap.br\/historia\/wp-json\/wp\/v2\/folder?post=758"}],"curies":[{"name":"wp","href":"https:\/\/api.w.org\/{rel}","templated":true}]}}