{"id":1097,"date":"2017-03-21T15:02:41","date_gmt":"2017-03-21T15:02:41","guid":{"rendered":"http:\/\/www2.unifap.br\/indigena\/?page_id=1097"},"modified":"2024-12-13T13:42:07","modified_gmt":"2024-12-13T13:42:07","slug":"protecao-tutelar-assistencia-e-integracao-dos-indios-a-sociedade-nacional-estudo-comparativo-da-atuacao-da-agencia-indigenista-do-servico-de-protecao-aos-indios-spi-entre-os-povos-indigenas-do-bra","status":"publish","type":"page","link":"https:\/\/www2.unifap.br\/indigena\/pesquisa-2\/projetos-de-pesquisa-concluidos\/protecao-tutelar-assistencia-e-integracao-dos-indios-a-sociedade-nacional-estudo-comparativo-da-atuacao-da-agencia-indigenista-do-servico-de-protecao-aos-indios-spi-entre-os-povos-indigenas-do-bra\/","title":{"rendered":"Prote\u00e7\u00e3o tutelar, assist\u00eancia e integra\u00e7\u00e3o dos \u00edndios \u00e0 sociedade nacional: Estudo comparativo da atua\u00e7\u00e3o da ag\u00eancia indigenista do Servi\u00e7o de Prote\u00e7\u00e3o aos \u00cdndios (SPI) entre os Povos Ind\u00edgenas do Brasil meridional e setentrional"},"content":{"rendered":"<p class=\"MsoListParagraph\" style=\"margin-left: 0cm;text-align: justify;text-indent: 0cm\"><!--[if !supportLists]--><b>1.<span style=\"font-weight: normal;font-size: 7pt;line-height: normal;font-family: 'Times New Roman'\">\u00a0 <\/span><\/b><!--[endif]--><b>Projeto \u201cProte\u00e7\u00e3o tutelar, assist\u00eancia e integra\u00e7\u00e3o dos \u00edndios \u00e0 sociedade nacional: Estudo comparativo da atua\u00e7\u00e3o da ag\u00eancia indigenista do Servi\u00e7o de Prote\u00e7\u00e3o aos \u00cdndios (SPI) entre os Povos Ind\u00edgenas do Brasil meridional e setentrional\u201d<\/b><\/p>\n<p class=\"MsoNormal\" style=\"line-height: normal\"><b>Coordenadora: <\/b>Carina Santos de Almeida<\/p>\n<p><strong>Integrantes:<\/strong>\u00a0Meire Adriana Silva (Colaboradora), Lilia Ramos Oliveira (Bolsista PIBIC\/CNPq) e Leonia Ramos Oliveira (Bolsista PROBIC\/UNIFAP).<\/p>\n<p><b>Registro: <\/b>DPQ\/UNIFAP, N\u02da 588\/2014<\/p>\n<p class=\"MsoNormal\" style=\"line-height: normal\"><b>Per\u00edodo: <\/b>2015-2017<b><\/b><\/p>\n<p class=\"MsoNormal\" style=\"text-align: justify\">\u00a0\u00a0\u00a0\u00a0\u00a0\u00a0\u00a0\u00a0\u00a0\u00a0\u00a0\u00a0\u00a0 O projeto objetivou analisar as pr\u00e1ticas de prote\u00e7\u00e3o tutelar, assist\u00eancia e integra\u00e7\u00e3o \u00e0 sociedade nacional introduzidas pela ag\u00eancia governamental do Servi\u00e7o de Prote\u00e7\u00e3o aos \u00cdndios (SPI) nos Postos Ind\u00edgenas do Amap\u00e1 e no Posto Ind\u00edgena Xapec\u00f3 de Santa Catarina, entre os anos de 1930 at\u00e9 1967. A metodologia utilizada para o estudo da prote\u00e7\u00e3o tutelar do SPI na regi\u00e3o de Oiapoque e de Chapec\u00f3 assentou-se na pesquisa documental, qualitativa, com an\u00e1lise de conte\u00fado. No decorrer do projeto acessamos fontes documentais sobre os povos ind\u00edgenas do Amap\u00e1 e de Santa Catarina relacionadas ao Servi\u00e7o de Prote\u00e7\u00e3o aos \u00cdndios (SPI) prioritariamente. As principais fontes documentais referentes ao SPI encontram-se no Museu do \u00cdndio, situado no Rio de Janeiro, sob a responsabilidade da Funda\u00e7\u00e3o Nacional do \u00cdndio (FUNAI). Foram acessados distintos documentos do fundo SPI\/Museu do \u00cdndio, como relat\u00f3rios dos agentes encarregados dos Postos Ind\u00edgenas, relat\u00f3rios das Inspetorias Regionais do SPI, memorandos, of\u00edcios, cartas, telegramas, Boletins Internos do SPI, fotografias, document\u00e1rios e v\u00eddeos, levantamentos s\u00f3cio-demogr\u00e1ficos, entre outros, referentes a 2\u00aa Inspetoria Regional do SPI, respons\u00e1vel pelos Postos Ind\u00edgenas do Par\u00e1 e Amap\u00e1 at\u00e9 1967. Quanto aos documentos da 7\u00aa Inspetoria Regional, a coordenadora deste projeto j\u00e1 possui consider\u00e1vel volume documental acessado em face de suas pesquisas anteriores sobre os povos ind\u00edgenas no sul do Brasil. Entre agosto de 2015 a julho de 2016 o projeto teve a participa\u00e7\u00e3o de duas bolsistas de inicia\u00e7\u00e3o cient\u00edfica, Lilia Ramos Oliveira e Le\u00f4nia Ramos Oliveira, discentes do curso e ind\u00edgenas Karipuna, bolsistas do Programa de Inicia\u00e7\u00e3o Cient\u00edfica (PROBIC\/UNIFAP) e Programa de Inicia\u00e7\u00e3o cient\u00edfica do CNPq (PIBIC\/CNPq). A bolsista Lilia Ramos Oliveira, PIBIC\/CNPq, continua desenvolvendo estudos sobre o SPI entre os povos ind\u00edgenas de Oiapoque no \u00e2mbito deste projeto, entre agosto de 2016 at\u00e9 julho de 2017.<b><\/b><\/p>\n<p class=\"MsoNormal\"><b>Resultados: <\/b>Os resultados deste projeto est\u00e3o sendo divulgados em distintos espa\u00e7os e eventos cient\u00edficos nacionais e internacionais, assim destacamos:<\/p>\n<p class=\"MsoListParagraphCxSpFirst\" style=\"text-align: justify\"><!--[if !supportLists]--><b>a.<span style=\"font-weight: normal;font-size: 7pt;line-height: normal;font-family: 'Times New Roman'\">\u00a0\u00a0\u00a0 <\/span><\/b><!--[endif]--><b>Apresenta\u00e7\u00e3o de P\u00f4ster:<\/b> Bolsista Lilia Ramos Oliveira e Leonia Ramos Oliveira na I Jornada de Inicia\u00e7\u00e3o Cient\u00edfica Binacional\/UNIFAP, em 2015.<\/p>\n<p class=\"MsoListParagraphCxSpMiddle\" style=\"text-align: justify;text-indent: 0cm\">\u00a0<b>b.<span style=\"font-weight: normal;font-size: 7pt;line-height: normal;font-family: 'Times New Roman'\">\u00a0\u00a0\u00a0 <\/span><\/b><b>Apresenta\u00e7\u00e3o Oral:<\/b><\/p>\n<p class=\"MsoListParagraphCxSpLast\" style=\"margin-left: 0cm;text-align: justify;text-indent: 42.55pt\"><b>1. \u201cO Posto Ind\u00edgena Xapec\u00f3 e os \u201cneg\u00f3cios da madeira\u201d: prote\u00e7\u00e3o tutelar, patrim\u00f4nio ind\u00edgena e potencialidades econ\u00f4micas\u201d<\/b>, no XXVIII Simp\u00f3sio Nacional de Hist\u00f3ria, promovido pela Associa\u00e7\u00e3o Nacional de Hist\u00f3ria (ANPUH-Brasil), entre 27 a 31 de julho de 2015, na Universidade Federal de Santa Catarina (UFSC) e na Universidade Estadual de Santa Catarina (UDESC), em Florian\u00f3polis, SC;<\/p>\n<p class=\"MsoNormal\">\u00a0\u00a0\u00a0\u00a0\u00a0\u00a0\u00a0\u00a0\u00a0\u00a0\u00a0\u00a0\u00a0 <b>2. \u201cEscolariza\u00e7\u00e3o ind\u00edgena no Rio Oiapoque: escola de \u201c\u00edndio\u201d ou escola para \u2018\u00edndio\u2019?!\u201d,<\/b> no II Congreso Internacional Los Pueblos Ind\u00edgenas de Am\u00e9rica Latina, siglos XIX \u2013 XXI, \u201cAvances, perspectivas y retos\u201d, realizado entre 20 a 24 de setembro de 2016, na cidade de La Pampa, Argentina;<\/p>\n<p class=\"MsoNormal\">\u00a0\u00a0\u00a0\u00a0\u00a0\u00a0\u00a0\u00a0\u00a0\u00a0\u00a0\u00a0\u00a0 <b>3.<\/b> <b>\u201cHeterotopias na hist\u00f3ria dos Povos Ind\u00edgenas de Oiapoque: identidade regional e inconst\u00e2ncias da fronteira franco-brasileira\u201d,<\/b> no II Congreso Internacional Los Pueblos Ind\u00edgenas de Am\u00e9rica Latina, siglos XIX \u2013 XXI, \u201cAvances, perspectivas y retos\u201d, realizado entre 20 a 24 de setembro de 2016, na cidade de La Pampa, Argentina.<\/p>\n<p class=\"MsoListParagraphCxSpFirst\"><!--[if !supportLists]--><b>c.<span style=\"font-weight: normal;font-size: 7pt;line-height: normal;font-family: 'Times New Roman'\">\u00a0\u00a0\u00a0 <\/span><\/b><!--[endif]--><b>Publica\u00e7\u00e3o: <\/b><\/p>\n<p class=\"MsoListParagraphCxSpMiddle\" style=\"text-align: justify\"><!--[if !supportLists]--><b>1.<span style=\"font-weight: normal;font-size: 7pt;line-height: normal;font-family: 'Times New Roman'\">\u00a0\u00a0\u00a0 <\/span><\/b><!--[endif]--><b>Artigo \u201cOiapoque, aqui come\u00e7a o Brasil: a fronteira em constru\u00e7\u00e3o e os desafios do Desenvolvimento Regional\u201d,<\/b> publicado na Revista Redes\/UNISC, n. 01, v.22, jan\/abril 2017, Qualis B1, link de acesso: <a href=\"https:\/\/online.unisc.br\/seer\/index.php\/redes\/article\/view\/8532\">https:\/\/online.unisc.br\/seer\/index.php\/redes\/article\/view\/8532<\/a>.<\/p>\n<p class=\"MsoListParagraphCxSpMiddle\" style=\"text-align: justify;text-indent: 0cm\"><b>2.<span style=\"font-weight: normal;font-size: 7pt;line-height: normal;font-family: 'Times New Roman'\">\u00a0\u00a0\u00a0 <\/span><\/b><b>Artigo \u201cO Posto Ind\u00edgena Xapec\u00f3 e os \u201cneg\u00f3cios da madeira\u201d: prote\u00e7\u00e3o tutelar, patrim\u00f4nio ind\u00edgena e potencialidades econ\u00f4micas\u201d,<\/b> Anais do XXVIII Simp\u00f3sio Nacional de Hist\u00f3ria, promovido pela Associa\u00e7\u00e3o Nacional de Hist\u00f3ria (ANPUH-Brasil), link: <a href=\"http:\/\/www.snh2015.anpuh.org\/resources\/anais\/39\/1434310800_ARQUIVO_OPIXAPECOEOSNEGOCIOSDAMADEIRAAlmeidaeNotzold.pdf\">http:\/\/www.snh2015.anpuh.org\/resources\/anais\/39\/1434310800_ARQUIVO_OPIXAPECOEOSNEGOCIOSDAMADEIRAAlmeidaeNotzold.pdf<\/a><\/p>\n<p class=\"MsoListParagraphCxSpMiddle\" style=\"text-indent: 0cm\"><b style=\"text-align: justify\">3.<span style=\"font-weight: normal;font-size: 7pt;line-height: normal;font-family: 'Times New Roman'\">\u00a0\u00a0\u00a0 <\/span><\/b><b style=\"text-align: justify\">Artigo \u201cAtua\u00e7\u00e3o do Servi\u00e7o de Prote\u00e7\u00e3o aos \u00cdndios entre os povos ind\u00edgenas de Oiapoque\u201d,<\/b><span style=\"text-align: justify\"> Anais da Jornada de Inicia\u00e7\u00e3o Cient\u00edfica da Universidade Federal do Amap\u00e1\/UNIFAP, 2016, no prelo.<\/span><\/p>\n<p class=\"MsoListParagraphCxSpMiddle\" style=\"text-indent: 0cm\"><b style=\"text-align: justify\">4.<span style=\"font-weight: normal;font-size: 7pt;line-height: normal;font-family: 'Times New Roman'\">\u00a0\u00a0\u00a0 <\/span><\/b><b style=\"text-align: justify\">Cap\u00edtulo de livro publicado \u201cMem\u00f3rias sobre a prote\u00e7\u00e3o tutelar entre os Kaingang (Posto Ind\u00edgena Xapec\u00f3, 1940 \u2013 1968)\u201d<\/b><span style=\"text-align: justify\">, no livro \u201cProtagonismo Ind\u00edgena\u201d, organizado pelos historiadores F\u00e1bio F. de Souza (UFFS) e Luisa T. Wittmann (UDESC), volume 4 da Cole\u00e7\u00e3o \u201cEduca\u00e7\u00e3o para as rela\u00e7\u00f5es \u00e9tnico-raciais\u201d, publicado pela editora da Universidade Federal da Fronteira Sul (UFFS), 2016.<\/span><\/p>\n<p class=\"MsoListParagraph\" style=\"margin-left: 0cm;text-align: justify;text-indent: 0cm\"><!--[if !supportLists]--><b>1.<span style=\"font-weight: normal;font-size: 7pt;line-height: normal;font-family: 'Times New Roman'\">\u00a0 <\/span><\/b><!--[endif]--><b>Projeto \u201cProte\u00e7\u00e3o tutelar, assist\u00eancia e integra\u00e7\u00e3o dos \u00edndios \u00e0 sociedade nacional: Estudo comparativo da atua\u00e7\u00e3o da ag\u00eancia indigenista do Servi\u00e7o de Prote\u00e7\u00e3o aos \u00cdndios (SPI) entre os Povos Ind\u00edgenas do Brasil meridional e setentrional\u201d<\/b><\/p>\n<p class=\"MsoNormal\" style=\"line-height: normal\"><b>Coordenadora: <\/b>Carina Santos de Almeida<\/p>\n<p class=\"MsoNormal\" style=\"line-height: normal\"><b>Registro: <\/b>DPQ\/UNIFAP, N\u02da 588\/2014<b><\/b><\/p>\n<p class=\"MsoNormal\" style=\"line-height: normal\"><b>Per\u00edodo: <\/b>2015-2017<b><\/b><\/p>\n<p class=\"MsoNormal\">\u00a0\u00a0\u00a0\u00a0\u00a0\u00a0\u00a0\u00a0\u00a0\u00a0\u00a0\u00a0\u00a0 O projeto objetivou analisar as pr\u00e1ticas de prote\u00e7\u00e3o tutelar, assist\u00eancia e integra\u00e7\u00e3o \u00e0 sociedade nacional introduzidas pela ag\u00eancia governamental do Servi\u00e7o de Prote\u00e7\u00e3o aos \u00cdndios (SPI) nos Postos Ind\u00edgenas do Amap\u00e1 e no Posto Ind\u00edgena Xapec\u00f3 de Santa Catarina, entre os anos de 1930 at\u00e9 1967. A metodologia utilizada para o estudo da prote\u00e7\u00e3o tutelar do SPI na regi\u00e3o de Oiapoque e de Chapec\u00f3 assentou-se na pesquisa documental, qualitativa, com an\u00e1lise de conte\u00fado. No decorrer do projeto acessamos fontes documentais sobre os povos ind\u00edgenas do Amap\u00e1 e de Santa Catarina relacionadas ao Servi\u00e7o de Prote\u00e7\u00e3o aos \u00cdndios (SPI) prioritariamente. As principais fontes documentais referentes ao SPI encontram-se no Museu do \u00cdndio, situado no Rio de Janeiro, sob a responsabilidade da Funda\u00e7\u00e3o Nacional do \u00cdndio (FUNAI). Foram acessados distintos documentos do fundo SPI\/Museu do \u00cdndio, como relat\u00f3rios dos agentes encarregados dos Postos Ind\u00edgenas, relat\u00f3rios das Inspetorias Regionais do SPI, memorandos, of\u00edcios, cartas, telegramas, Boletins Internos do SPI, fotografias, document\u00e1rios e v\u00eddeos, levantamentos s\u00f3cio-demogr\u00e1ficos, entre outros, referentes a 2\u00aa Inspetoria Regional do SPI, respons\u00e1vel pelos Postos Ind\u00edgenas do Par\u00e1 e Amap\u00e1 at\u00e9 1967. Quanto aos documentos da 7\u00aa Inspetoria Regional, a coordenadora deste projeto j\u00e1 possui consider\u00e1vel volume documental acessado em face de suas pesquisas anteriores sobre os povos ind\u00edgenas no sul do Brasil. Entre agosto de 2015 a julho de 2016 o projeto teve a participa\u00e7\u00e3o de duas bolsistas de inicia\u00e7\u00e3o cient\u00edfica, Lilia Ramos Oliveira e Le\u00f4nia Ramos Oliveira, discentes do curso e ind\u00edgenas Karipuna, bolsistas do Programa de Inicia\u00e7\u00e3o Cient\u00edfica (PROBIC\/UNIFAP) e Programa de Inicia\u00e7\u00e3o cient\u00edfica do CNPq (PIBIC\/CNPq). A bolsista Lilia Ramos Oliveira, PIBIC\/CNPq, continua desenvolvendo estudos sobre o SPI entre os povos ind\u00edgenas de Oiapoque no \u00e2mbito deste projeto, entre agosto de 2016 at\u00e9 julho de 2017.<b><\/b><\/p>\n<p class=\"MsoNormal\"><b>Resultados: <\/b>Os resultados deste projeto est\u00e3o sendo divulgados em distintos espa\u00e7os e eventos cient\u00edficos nacionais e internacionais, assim destacamos:<\/p>\n<p class=\"MsoListParagraphCxSpFirst\" style=\"text-align: justify\"><!--[if !supportLists]--><b>a.<span style=\"font-weight: normal;font-size: 7pt;line-height: normal;font-family: 'Times New Roman'\">\u00a0\u00a0\u00a0 <\/span><\/b><!--[endif]--><b>Apresenta\u00e7\u00e3o de P\u00f4ster:<\/b> Bolsista Lilia Ramos Oliveira e Leonia Ramos Oliveira na I Jornada de Inicia\u00e7\u00e3o Cient\u00edfica Binacional\/UNIFAP, em 2015.<\/p>\n<p class=\"MsoListParagraphCxSpMiddle\"><!--[if !supportLists]--><b>b.<span style=\"font-weight: normal;font-size: 7pt;line-height: normal;font-family: 'Times New Roman'\">\u00a0\u00a0\u00a0 <\/span><\/b><!--[endif]--><b>Apresenta\u00e7\u00e3o Oral: <\/b><\/p>\n<p class=\"MsoListParagraphCxSpLast\" style=\"margin-left: 0cm;text-align: justify;text-indent: 42.55pt\"><b>1. \u201cO Posto Ind\u00edgena Xapec\u00f3 e os \u201cneg\u00f3cios da madeira\u201d: prote\u00e7\u00e3o tutelar, patrim\u00f4nio ind\u00edgena e potencialidades econ\u00f4micas\u201d<\/b>, no XXVIII Simp\u00f3sio Nacional de Hist\u00f3ria, promovido pela Associa\u00e7\u00e3o Nacional de Hist\u00f3ria (ANPUH-Brasil), entre 27 a 31 de julho de 2015, na Universidade Federal de Santa Catarina (UFSC) e na Universidade Estadual de Santa Catarina (UDESC), em Florian\u00f3polis, SC;<\/p>\n<p class=\"MsoNormal\">\u00a0\u00a0\u00a0\u00a0\u00a0\u00a0\u00a0\u00a0\u00a0\u00a0\u00a0\u00a0\u00a0 <b>2. \u201cEscolariza\u00e7\u00e3o ind\u00edgena no Rio Oiapoque: escola de \u201c\u00edndio\u201d ou escola para \u2018\u00edndio\u2019?!\u201d,<\/b> no II Congreso Internacional Los Pueblos Ind\u00edgenas de Am\u00e9rica Latina, siglos XIX \u2013 XXI, \u201cAvances, perspectivas y retos\u201d, realizado entre 20 a 24 de setembro de 2016, na cidade de La Pampa, Argentina;<\/p>\n<p class=\"MsoNormal\">\u00a0\u00a0\u00a0\u00a0\u00a0\u00a0\u00a0\u00a0\u00a0\u00a0\u00a0\u00a0\u00a0 <b>3.<\/b> <b>\u201cHeterotopias na hist\u00f3ria dos Povos Ind\u00edgenas de Oiapoque: identidade regional e inconst\u00e2ncias da fronteira franco-brasileira\u201d,<\/b> no II Congreso Internacional Los Pueblos Ind\u00edgenas de Am\u00e9rica Latina, siglos XIX \u2013 XXI, \u201cAvances, perspectivas y retos\u201d, realizado entre 20 a 24 de setembro de 2016, na cidade de La Pampa, Argentina.<\/p>\n<p class=\"MsoListParagraphCxSpFirst\"><!--[if !supportLists]--><b>c.<span style=\"font-weight: normal;font-size: 7pt;line-height: normal;font-family: 'Times New Roman'\">\u00a0\u00a0\u00a0 <\/span><\/b><!--[endif]--><b>Publica\u00e7\u00e3o: <\/b><\/p>\n<p class=\"MsoListParagraphCxSpMiddle\" style=\"text-align: justify\"><!--[if !supportLists]--><b>1.<span style=\"font-weight: normal;font-size: 7pt;line-height: normal;font-family: 'Times New Roman'\">\u00a0\u00a0\u00a0 <\/span><\/b><!--[endif]--><b>Artigo \u201cOiapoque, aqui come\u00e7a o Brasil: a fronteira em constru\u00e7\u00e3o e os desafios do Desenvolvimento Regional\u201d,<\/b> publicado na Revista Redes\/UNISC, n. 01, v.22, jan\/abril 2017, Qualis B1, link de acesso: <a href=\"https:\/\/online.unisc.br\/seer\/index.php\/redes\/article\/view\/8532\">https:\/\/online.unisc.br\/seer\/index.php\/redes\/article\/view\/8532<\/a>.<\/p>\n<p class=\"MsoListParagraphCxSpMiddle\" style=\"text-align: justify\"><!--[if !supportLists]--><b>2.<span style=\"font-weight: normal;font-size: 7pt;line-height: normal;font-family: 'Times New Roman'\">\u00a0\u00a0\u00a0 <\/span><\/b><!--[endif]--><b>Artigo \u201cO Posto Ind\u00edgena Xapec\u00f3 e os \u201cneg\u00f3cios da madeira\u201d: prote\u00e7\u00e3o tutelar, patrim\u00f4nio ind\u00edgena e potencialidades econ\u00f4micas\u201d,<\/b> Anais do XXVIII Simp\u00f3sio Nacional de Hist\u00f3ria, promovido pela Associa\u00e7\u00e3o Nacional de Hist\u00f3ria (ANPUH-Brasil), link: <a href=\"http:\/\/www.snh2015.anpuh.org\/resources\/anais\/39\/1434310800_ARQUIVO_OPIXAPECOEOSNEGOCIOSDAMADEIRAAlmeidaeNotzold.pdf\">http:\/\/www.snh2015.anpuh.org\/resources\/anais\/39\/1434310800_ARQUIVO_OPIXAPECOEOSNEGOCIOSDAMADEIRAAlmeidaeNotzold.pdf<\/a><\/p>\n<p class=\"MsoListParagraphCxSpMiddle\" style=\"text-align: justify\"><!--[if !supportLists]--><b>3.<span style=\"font-weight: normal;font-size: 7pt;line-height: normal;font-family: 'Times New Roman'\">\u00a0\u00a0\u00a0 <\/span><\/b><!--[endif]--><b>Artigo \u201cAtua\u00e7\u00e3o do Servi\u00e7o de Prote\u00e7\u00e3o aos \u00cdndios entre os povos ind\u00edgenas de Oiapoque\u201d,<\/b> Anais da Jornada de Inicia\u00e7\u00e3o Cient\u00edfica da Universidade Federal do Amap\u00e1\/UNIFAP, 2016, no prelo.<\/p>\n<p class=\"MsoListParagraphCxSpLast\" style=\"text-align: justify\"><!--[if !supportLists]--><b>4.<span style=\"font-weight: normal;font-size: 7pt;line-height: normal;font-family: 'Times New Roman'\">\u00a0\u00a0\u00a0 <\/span><\/b><!--[endif]--><b>Cap\u00edtulo de livro publicado \u201cMem\u00f3rias sobre a prote\u00e7\u00e3o tutelar entre os Kaingang (Posto Ind\u00edgena Xapec\u00f3, 1940 \u2013 1968)\u201d<\/b>, no livro \u201cProtagonismo Ind\u00edgena\u201d, organizado pelos historiadores F\u00e1bio F. de Souza (UFFS) e Luisa T. Wittmann (UDESC), volume 4 da Cole\u00e7\u00e3o \u201cEduca\u00e7\u00e3o para as rela\u00e7\u00f5es \u00e9tnico-raciais\u201d, publicado pela editora da Universidade Federal da Fronteira Sul (UFFS), 2016.<\/p>\n","protected":false},"excerpt":{"rendered":"<p>1.\u00a0 Projeto \u201cProte\u00e7\u00e3o tutelar, assist\u00eancia e integra\u00e7\u00e3o dos \u00edndios \u00e0 sociedade nacional: Estudo comparativo da atua\u00e7\u00e3o da ag\u00eancia indigenista do Servi\u00e7o de Prote\u00e7\u00e3o aos \u00cdndios (SPI) entre os Povos Ind\u00edgenas do Brasil meridional e setentrional\u201d Coordenadora: Carina Santos de Almeida Integrantes:\u00a0Meire Adriana Silva (Colaboradora), Lilia Ramos Oliveira (Bolsista PIBIC\/CNPq) e Leonia Ramos Oliveira (Bolsista PROBIC\/UNIFAP)&#8230;.<\/p>\n","protected":false},"author":824,"featured_media":0,"parent":1095,"menu_order":0,"comment_status":"open","ping_status":"closed","template":"","meta":{"inline_featured_image":false,"ngg_post_thumbnail":0,"footnotes":""},"class_list":["post-1097","page","type-page","status-publish","hentry","entry"],"_links":{"self":[{"href":"https:\/\/www2.unifap.br\/indigena\/wp-json\/wp\/v2\/pages\/1097","targetHints":{"allow":["GET"]}}],"collection":[{"href":"https:\/\/www2.unifap.br\/indigena\/wp-json\/wp\/v2\/pages"}],"about":[{"href":"https:\/\/www2.unifap.br\/indigena\/wp-json\/wp\/v2\/types\/page"}],"author":[{"embeddable":true,"href":"https:\/\/www2.unifap.br\/indigena\/wp-json\/wp\/v2\/users\/824"}],"replies":[{"embeddable":true,"href":"https:\/\/www2.unifap.br\/indigena\/wp-json\/wp\/v2\/comments?post=1097"}],"version-history":[{"count":7,"href":"https:\/\/www2.unifap.br\/indigena\/wp-json\/wp\/v2\/pages\/1097\/revisions"}],"predecessor-version":[{"id":1685,"href":"https:\/\/www2.unifap.br\/indigena\/wp-json\/wp\/v2\/pages\/1097\/revisions\/1685"}],"up":[{"embeddable":true,"href":"https:\/\/www2.unifap.br\/indigena\/wp-json\/wp\/v2\/pages\/1095"}],"wp:attachment":[{"href":"https:\/\/www2.unifap.br\/indigena\/wp-json\/wp\/v2\/media?parent=1097"}],"curies":[{"name":"wp","href":"https:\/\/api.w.org\/{rel}","templated":true}]}}