{"id":1107,"date":"2017-03-21T15:21:23","date_gmt":"2017-03-21T15:21:23","guid":{"rendered":"http:\/\/www2.unifap.br\/indigena\/?page_id=1107"},"modified":"2020-07-04T18:35:16","modified_gmt":"2020-07-04T18:35:16","slug":"projeto-acervo-digital-da-memoria-dos-povos-indigenas-do-oiapoque","status":"publish","type":"page","link":"https:\/\/www2.unifap.br\/indigena\/pesquisa-2\/projetos-de-pesquisa-concluidos\/projeto-acervo-digital-da-memoria-dos-povos-indigenas-do-oiapoque\/","title":{"rendered":"Acervo digital da mem\u00f3ria dos Povos Ind\u00edgenas do Oiapoque"},"content":{"rendered":"<p><b>Projeto: &#8220;Acervo digital da mem\u00f3ria dos Povos Ind\u00edgenas do Oiapoque&#8221;<\/b><\/p>\n<p><b>Coordenadora: <\/b>G\u00e9lsama Mara Ferreira Santos<\/p>\n<p><b>Registro: <\/b>DPQ\/UNIFAP, N\u02da 0699\/2016<\/p>\n<p><b>Per\u00edodo: <\/b>01\/07\/2016 &#8211; 01\/08\/2017<\/p>\n<p style=\"text-align: justify\"><b>\u00a0<\/b>O Projeto foi contemplado no edital \u201cPovos Origin\u00e1rios\u201d do Minist\u00e9rio da Cultura \u2013 MINC. O objetivo principal \u00e9 criar um acervo digital etnogr\u00e1fico dos povos ind\u00edgenas do Oiapoque, Karipuna, Galibi-Marworno, Galibi do Oiapoque e Palikur, a partir de documentos filmogr\u00e1ficos (fotografias, cartogramas, mapas, desenhos, filmes) e textuais (relat\u00f3rios, cartas, boletins, di\u00e1rios de campo, entre outros) referentes a l\u00ednguas e culturas ind\u00edgenas que se encontram espalhados em diferentes institui\u00e7\u00f5es museol\u00f3gicas brasileiras no per\u00edodo da atua\u00e7\u00e3o da ag\u00eancia indigenista do Servi\u00e7o de Prote\u00e7\u00e3o aos \u00cdndios \u2013 SPI (1910-1967). Com o acervo digital vamos possibilitar a difus\u00e3o e acesso a esses acervos \u00e0s comunidades ind\u00edgenas e pesquisadores. Sabemos que, hoje, o meio digital \u00e9 a forma mais democr\u00e1tica de repassar conhecimentos, acessar informa\u00e7\u00f5es. Portanto, a cria\u00e7\u00e3o de um acervo digital da mem\u00f3ria dos povos ind\u00edgenas do Oiapoque ir\u00e1 contribuir para o fortalecimento cultural e lingu\u00edstico desses povos. Neste projeto est\u00e3o envolvidos, diretamente, 7 alunos do CLII recebendo bolsa de pesquisa para desenvolver trabalhos de pesquisa.<\/p>\n","protected":false},"excerpt":{"rendered":"<p>Projeto: &#8220;Acervo digital da mem\u00f3ria dos Povos Ind\u00edgenas do Oiapoque&#8221; Coordenadora: G\u00e9lsama Mara Ferreira Santos Registro: DPQ\/UNIFAP, N\u02da 0699\/2016 Per\u00edodo: 01\/07\/2016 &#8211; 01\/08\/2017 \u00a0O Projeto foi contemplado no edital \u201cPovos Origin\u00e1rios\u201d do Minist\u00e9rio da Cultura \u2013 MINC. O objetivo principal \u00e9 criar um acervo digital etnogr\u00e1fico dos povos ind\u00edgenas do Oiapoque, Karipuna, Galibi-Marworno, Galibi do&#8230;<\/p>\n","protected":false},"author":824,"featured_media":0,"parent":1095,"menu_order":1,"comment_status":"open","ping_status":"closed","template":"","meta":{"inline_featured_image":false,"ngg_post_thumbnail":0,"footnotes":""},"class_list":["post-1107","page","type-page","status-publish","hentry","entry"],"_links":{"self":[{"href":"https:\/\/www2.unifap.br\/indigena\/wp-json\/wp\/v2\/pages\/1107","targetHints":{"allow":["GET"]}}],"collection":[{"href":"https:\/\/www2.unifap.br\/indigena\/wp-json\/wp\/v2\/pages"}],"about":[{"href":"https:\/\/www2.unifap.br\/indigena\/wp-json\/wp\/v2\/types\/page"}],"author":[{"embeddable":true,"href":"https:\/\/www2.unifap.br\/indigena\/wp-json\/wp\/v2\/users\/824"}],"replies":[{"embeddable":true,"href":"https:\/\/www2.unifap.br\/indigena\/wp-json\/wp\/v2\/comments?post=1107"}],"version-history":[{"count":5,"href":"https:\/\/www2.unifap.br\/indigena\/wp-json\/wp\/v2\/pages\/1107\/revisions"}],"predecessor-version":[{"id":1683,"href":"https:\/\/www2.unifap.br\/indigena\/wp-json\/wp\/v2\/pages\/1107\/revisions\/1683"}],"up":[{"embeddable":true,"href":"https:\/\/www2.unifap.br\/indigena\/wp-json\/wp\/v2\/pages\/1095"}],"wp:attachment":[{"href":"https:\/\/www2.unifap.br\/indigena\/wp-json\/wp\/v2\/media?parent=1107"}],"curies":[{"name":"wp","href":"https:\/\/api.w.org\/{rel}","templated":true}]}}