{"id":1121,"date":"2017-03-21T15:44:13","date_gmt":"2017-03-21T15:44:13","guid":{"rendered":"http:\/\/www2.unifap.br\/indigena\/?page_id=1121"},"modified":"2020-07-04T18:35:39","modified_gmt":"2020-07-04T18:35:39","slug":"projeto-encontros-na-fronteira","status":"publish","type":"page","link":"https:\/\/www2.unifap.br\/indigena\/extensao\/projetos-de-extensao-concluidos\/projeto-encontros-na-fronteira\/","title":{"rendered":"Encontros na Fronteira"},"content":{"rendered":"<p><b><\/b><b>Projeto \u201cEncontros na Fronteira\u201d<\/b><\/p>\n<p><b>Coordenadora: <\/b>G\u00e9lsama Mara Ferreira Santos<b><\/b><\/p>\n<p><b>Registro: <\/b>DEX\/UNIFAP, N\u02da 112\/2015<\/p>\n<p><b>Per\u00edodo: <\/b>01\/10\/2015 \u2014 (atual)<\/p>\n<p style=\"text-align: justify\">O projeto tem o objetivo de promover regularmente atividades acad\u00eamicas, cient\u00edficas e culturais (AACC) no \u00e2mbito do Curso de Licenciatura Intercultural Ind\u00edgena, objetivando oportunizar a comunidade acad\u00eamica e regional momentos de discuss\u00f5es, di\u00e1logos e trocas de experi\u00eancias com profissionais de diferentes \u00e1reas do conhecimento no que tange ao contexto regional. Os objetivos espec\u00edficos s\u00e3o: (1) realizar eventos como, palestras, cursos, oficinas entre outros, para a comunidade acad\u00eamica e regional com o objetivo de instrumentaliz\u00e1-los acerca de tem\u00e1ticas de interesse regional e global; (2) proporcionar encontros com diferentes profissionais de diferentes \u00e1reas do conhecimento para construir uma discuss\u00e3o interdisciplinar e transfronteiri\u00e7a; (3) proporcionar di\u00e1logos interinstitucionais visando o fortalecimento das rela\u00e7\u00f5es desta universidade com as demais institui\u00e7\u00f5es nacionais e internacionais; (4) criar estrat\u00e9gias que promovam o fortalecimento das rela\u00e7\u00f5es entre as comunidades ind\u00edgenas e n\u00e3o ind\u00edgenas.<\/p>\n<p>&nbsp;<\/p>\n<p>&nbsp;<\/p>\n","protected":false},"excerpt":{"rendered":"<p>Projeto \u201cEncontros na Fronteira\u201d Coordenadora: G\u00e9lsama Mara Ferreira Santos Registro: DEX\/UNIFAP, N\u02da 112\/2015 Per\u00edodo: 01\/10\/2015 \u2014 (atual) O projeto tem o objetivo de promover regularmente atividades acad\u00eamicas, cient\u00edficas e culturais (AACC) no \u00e2mbito do Curso de Licenciatura Intercultural Ind\u00edgena, objetivando oportunizar a comunidade acad\u00eamica e regional momentos de discuss\u00f5es, di\u00e1logos e trocas de experi\u00eancias com&#8230;<\/p>\n","protected":false},"author":824,"featured_media":0,"parent":1119,"menu_order":0,"comment_status":"open","ping_status":"closed","template":"","meta":{"inline_featured_image":false,"ngg_post_thumbnail":0,"footnotes":""},"class_list":["post-1121","page","type-page","status-publish","hentry","entry"],"_links":{"self":[{"href":"https:\/\/www2.unifap.br\/indigena\/wp-json\/wp\/v2\/pages\/1121","targetHints":{"allow":["GET"]}}],"collection":[{"href":"https:\/\/www2.unifap.br\/indigena\/wp-json\/wp\/v2\/pages"}],"about":[{"href":"https:\/\/www2.unifap.br\/indigena\/wp-json\/wp\/v2\/types\/page"}],"author":[{"embeddable":true,"href":"https:\/\/www2.unifap.br\/indigena\/wp-json\/wp\/v2\/users\/824"}],"replies":[{"embeddable":true,"href":"https:\/\/www2.unifap.br\/indigena\/wp-json\/wp\/v2\/comments?post=1121"}],"version-history":[{"count":3,"href":"https:\/\/www2.unifap.br\/indigena\/wp-json\/wp\/v2\/pages\/1121\/revisions"}],"predecessor-version":[{"id":1687,"href":"https:\/\/www2.unifap.br\/indigena\/wp-json\/wp\/v2\/pages\/1121\/revisions\/1687"}],"up":[{"embeddable":true,"href":"https:\/\/www2.unifap.br\/indigena\/wp-json\/wp\/v2\/pages\/1119"}],"wp:attachment":[{"href":"https:\/\/www2.unifap.br\/indigena\/wp-json\/wp\/v2\/media?parent=1121"}],"curies":[{"name":"wp","href":"https:\/\/api.w.org\/{rel}","templated":true}]}}