{"id":1126,"date":"2017-03-21T15:52:18","date_gmt":"2017-03-21T15:52:18","guid":{"rendered":"http:\/\/www2.unifap.br\/indigena\/?page_id=1126"},"modified":"2020-07-04T18:32:21","modified_gmt":"2020-07-04T18:32:21","slug":"projeto-oficina-de-material-didatico-para-a-area-de-ciencias-exatas-e-da-natureza","status":"publish","type":"page","link":"https:\/\/www2.unifap.br\/indigena\/extensao\/projetos-de-extensao-concluidos\/projeto-oficina-de-material-didatico-para-a-area-de-ciencias-exatas-e-da-natureza\/","title":{"rendered":"Oficina de material did\u00e1tico para a \u00e1rea de Ci\u00eancias Exatas e da Natureza"},"content":{"rendered":"<p><b><\/b><b>Projeto \u201cOficina de material did\u00e1tico para a \u00e1rea de Ci\u00eancias Exatas e da Natureza\u201d<\/b><\/p>\n<p><b>Coordenador: <\/b>Myriam Zapaterra<b><\/b><\/p>\n<p><b>Registro: <\/b>DEX\/UNIFAP, N\u02da 108\/2016<\/p>\n<p><b>Per\u00edodo: <\/b>15\/11\/2016 a 15\/11\/2017<\/p>\n<p style=\"text-align: justify\">\u00a0\u00a0\u00a0\u00a0\u00a0\u00a0\u00a0\u00a0\u00a0\u00a0\u00a0\u00a0\u00a0 Proporcionar a todos acad\u00eamicos do curso de Licenciatura em Geografia a aquisi\u00e7\u00e3o de conhecimentos te\u00f3ricos e conceituais acerca da metodologia do trabalho cientifico; Analisar a aplicabilidade das normas da metodologia cientifica em trabalhos acad\u00eamicos de v\u00e1rias \u00e1reas do conhecimento; Contribuir com a forma\u00e7\u00e3o acad\u00eamica de estudantes por meio de um conjunto de atividades did\u00e1tico-pedag\u00f3gicas voltadas a elabora\u00e7\u00e3o de diferentes modalidades de trabalhos cient\u00edficos. Incentivar os estudantes ao aprofundamento das an\u00e1lises inerentes aos conceitos, m\u00e9todos e metodologias que s\u00e3o b\u00e1sicos para a elabora\u00e7\u00e3o do trabalho cientifico; Construir materiais bibliogr\u00e1ficos com as tem\u00e1ticas discutidas durante as atividades do projeto, mediante a produ\u00e7\u00e3o de diferentes modalidades de textos acad\u00eamicos pelo p\u00fablico alvo; Promover discuss\u00f5es acerca da fundamenta\u00e7\u00e3o te\u00f3rica dos m\u00e9todos utilizados na ci\u00eancia geogr\u00e1fica; Avaliar o processo de aprendizagem dos participantes do projeto por meio da aplica\u00e7\u00e3o de question\u00e1rios, realiza\u00e7\u00e3o de entrevistas e verifica\u00e7\u00e3o dos materiais produzidos durante as a\u00e7\u00f5es realizadas no projeto de extens\u00e3o.<\/p>\n","protected":false},"excerpt":{"rendered":"<p>Projeto \u201cOficina de material did\u00e1tico para a \u00e1rea de Ci\u00eancias Exatas e da Natureza\u201d Coordenador: Myriam Zapaterra Registro: DEX\/UNIFAP, N\u02da 108\/2016 Per\u00edodo: 15\/11\/2016 a 15\/11\/2017 \u00a0\u00a0\u00a0\u00a0\u00a0\u00a0\u00a0\u00a0\u00a0\u00a0\u00a0\u00a0\u00a0 Proporcionar a todos acad\u00eamicos do curso de Licenciatura em Geografia a aquisi\u00e7\u00e3o de conhecimentos te\u00f3ricos e conceituais acerca da metodologia do trabalho cientifico; Analisar a aplicabilidade das normas da&#8230;<\/p>\n","protected":false},"author":824,"featured_media":0,"parent":1119,"menu_order":2,"comment_status":"open","ping_status":"open","template":"","meta":{"inline_featured_image":false,"ngg_post_thumbnail":0,"footnotes":""},"class_list":["post-1126","page","type-page","status-publish","hentry","entry"],"_links":{"self":[{"href":"https:\/\/www2.unifap.br\/indigena\/wp-json\/wp\/v2\/pages\/1126","targetHints":{"allow":["GET"]}}],"collection":[{"href":"https:\/\/www2.unifap.br\/indigena\/wp-json\/wp\/v2\/pages"}],"about":[{"href":"https:\/\/www2.unifap.br\/indigena\/wp-json\/wp\/v2\/types\/page"}],"author":[{"embeddable":true,"href":"https:\/\/www2.unifap.br\/indigena\/wp-json\/wp\/v2\/users\/824"}],"replies":[{"embeddable":true,"href":"https:\/\/www2.unifap.br\/indigena\/wp-json\/wp\/v2\/comments?post=1126"}],"version-history":[{"count":2,"href":"https:\/\/www2.unifap.br\/indigena\/wp-json\/wp\/v2\/pages\/1126\/revisions"}],"predecessor-version":[{"id":1680,"href":"https:\/\/www2.unifap.br\/indigena\/wp-json\/wp\/v2\/pages\/1126\/revisions\/1680"}],"up":[{"embeddable":true,"href":"https:\/\/www2.unifap.br\/indigena\/wp-json\/wp\/v2\/pages\/1119"}],"wp:attachment":[{"href":"https:\/\/www2.unifap.br\/indigena\/wp-json\/wp\/v2\/media?parent=1126"}],"curies":[{"name":"wp","href":"https:\/\/api.w.org\/{rel}","templated":true}]}}