{"id":1128,"date":"2017-03-21T15:53:19","date_gmt":"2017-03-21T15:53:19","guid":{"rendered":"http:\/\/www2.unifap.br\/indigena\/?page_id=1128"},"modified":"2020-07-04T18:35:48","modified_gmt":"2020-07-04T18:35:48","slug":"projeto-ensino-de-kheuol-na-universidade","status":"publish","type":"page","link":"https:\/\/www2.unifap.br\/indigena\/extensao\/projetos-de-extensao-concluidos\/projeto-ensino-de-kheuol-na-universidade\/","title":{"rendered":"Ensino de Kheu\u00f3l na Universidade"},"content":{"rendered":"<p><b><\/b><b>Projeto \u201cEnsino de Kheu\u00f3l na Universidade\u201d<\/b><\/p>\n<p><b>Coordenadora: <\/b>G\u00e9lsama Mara Ferreira Santos<b><\/b><\/p>\n<p><b>Registro: <\/b>DEX\/UNIFAP, N\u02da 101\/2015<\/p>\n<p><b>Per\u00edodo: <\/b>01\/04\/2016 \u2014 (atual)<\/p>\n<p style=\"text-align: justify\">O Projeto L\u00edngua Kheu\u00f3l na Universidade pretende oferecer o ensino da l\u00edngua Kheu\u00f3l para ind\u00edgenas e n\u00e3o ind\u00edgenas, dentro do espa\u00e7o da UNIVERSIDADE, na perspectiva de prestigiar a l\u00edngua Kheu\u00f3l, fortalecer a identidade dos povos que a tem como l\u00edngua materna para o enfrentamento ao preconceito, \u00e0 discrimina\u00e7\u00e3o \u00e9tnica e ao vi\u00e9s ex\u00f3tico com que s\u00e3o tratadas as culturas ind\u00edgenas no universo do Oiapoque. O projeto ser\u00e1 realizado nas instala\u00e7\u00f5es do campus Binacional. Este projeto tem o objetivo de oferecer o ensino da l\u00edngua Kheu\u00f3l para ind\u00edgenas e n\u00e3o ind\u00edgenas, dentro do espa\u00e7o da Universidade, na perspectiva de prestigiar a l\u00edngua Kheu\u00f3l, fortalecer a identidade dos povos que a tem como l\u00edngua materna.<\/p>\n","protected":false},"excerpt":{"rendered":"<p>Projeto \u201cEnsino de Kheu\u00f3l na Universidade\u201d Coordenadora: G\u00e9lsama Mara Ferreira Santos Registro: DEX\/UNIFAP, N\u02da 101\/2015 Per\u00edodo: 01\/04\/2016 \u2014 (atual) O Projeto L\u00edngua Kheu\u00f3l na Universidade pretende oferecer o ensino da l\u00edngua Kheu\u00f3l para ind\u00edgenas e n\u00e3o ind\u00edgenas, dentro do espa\u00e7o da UNIVERSIDADE, na perspectiva de prestigiar a l\u00edngua Kheu\u00f3l, fortalecer a identidade dos povos que&#8230;<\/p>\n","protected":false},"author":824,"featured_media":0,"parent":1119,"menu_order":3,"comment_status":"open","ping_status":"closed","template":"","meta":{"inline_featured_image":false,"ngg_post_thumbnail":0,"footnotes":""},"class_list":["post-1128","page","type-page","status-publish","hentry","entry"],"_links":{"self":[{"href":"https:\/\/www2.unifap.br\/indigena\/wp-json\/wp\/v2\/pages\/1128","targetHints":{"allow":["GET"]}}],"collection":[{"href":"https:\/\/www2.unifap.br\/indigena\/wp-json\/wp\/v2\/pages"}],"about":[{"href":"https:\/\/www2.unifap.br\/indigena\/wp-json\/wp\/v2\/types\/page"}],"author":[{"embeddable":true,"href":"https:\/\/www2.unifap.br\/indigena\/wp-json\/wp\/v2\/users\/824"}],"replies":[{"embeddable":true,"href":"https:\/\/www2.unifap.br\/indigena\/wp-json\/wp\/v2\/comments?post=1128"}],"version-history":[{"count":3,"href":"https:\/\/www2.unifap.br\/indigena\/wp-json\/wp\/v2\/pages\/1128\/revisions"}],"predecessor-version":[{"id":1688,"href":"https:\/\/www2.unifap.br\/indigena\/wp-json\/wp\/v2\/pages\/1128\/revisions\/1688"}],"up":[{"embeddable":true,"href":"https:\/\/www2.unifap.br\/indigena\/wp-json\/wp\/v2\/pages\/1119"}],"wp:attachment":[{"href":"https:\/\/www2.unifap.br\/indigena\/wp-json\/wp\/v2\/media?parent=1128"}],"curies":[{"name":"wp","href":"https:\/\/api.w.org\/{rel}","templated":true}]}}