{"id":1133,"date":"2017-03-21T16:03:54","date_gmt":"2017-03-21T16:03:54","guid":{"rendered":"http:\/\/www2.unifap.br\/indigena\/?page_id=1133"},"modified":"2019-10-12T20:08:34","modified_gmt":"2019-10-12T20:08:34","slug":"comissao-de-atividades-complementares","status":"publish","type":"page","link":"https:\/\/www2.unifap.br\/indigena\/aacc\/comissao-de-atividades-complementares\/","title":{"rendered":"Comiss\u00e3o de Atividades Complementares"},"content":{"rendered":"<p style=\"text-align: justify\">A Comiss\u00e3o de \u00a0Atividades Complementares \u00e9 respons\u00e1vel por \u00a0propor e organizar atividades com vista ao cumprimento da\u00a0Resolu\u00e7\u00e3o n.\u00ba 1\/CNE, de 7 de janeiro de 2015.\u00a0O CLII oferta Atividades Complementares atrav\u00e9s de eventos, mesas redondas, palestras, oficinas e atividades culturais.<\/p>\n<p style=\"text-align: justify\"><strong>Comiss\u00e3o de Atividades Complementares:<\/strong><\/p>\n<p style=\"text-align: justify\"><strong>1. Comiss\u00e3o:<\/strong> Profa. Dra. Carina Santos de Almeida, Profa. Dra. G\u00e9lsama Mara Ferreira Santos e Prof. Ms. Ramiro Esdras Carneiro Batista.<\/p>\n<p style=\"text-align: justify\"><strong>Portaria:<\/strong>\u00a0N\u00ba 1755\/2016<\/p>\n<p style=\"text-align: justify\"><strong>Per\u00edodo:<\/strong>\u00a0Janeiro de 2015 \u00e0 Mar\u00e7o de 2017<\/p>\n<p style=\"text-align: justify\">\n","protected":false},"excerpt":{"rendered":"<p>A Comiss\u00e3o de \u00a0Atividades Complementares \u00e9 respons\u00e1vel por \u00a0propor e organizar atividades com vista ao cumprimento da\u00a0Resolu\u00e7\u00e3o n.\u00ba 1\/CNE, de 7 de janeiro de 2015.\u00a0O CLII oferta Atividades Complementares atrav\u00e9s de eventos, mesas redondas, palestras, oficinas e atividades culturais. Comiss\u00e3o de Atividades Complementares: 1. Comiss\u00e3o: Profa. Dra. Carina Santos de Almeida, Profa. Dra. G\u00e9lsama Mara&#8230;<\/p>\n","protected":false},"author":824,"featured_media":0,"parent":738,"menu_order":0,"comment_status":"open","ping_status":"open","template":"","meta":{"inline_featured_image":false,"ngg_post_thumbnail":0,"footnotes":""},"class_list":["post-1133","page","type-page","status-publish","hentry","entry"],"_links":{"self":[{"href":"https:\/\/www2.unifap.br\/indigena\/wp-json\/wp\/v2\/pages\/1133","targetHints":{"allow":["GET"]}}],"collection":[{"href":"https:\/\/www2.unifap.br\/indigena\/wp-json\/wp\/v2\/pages"}],"about":[{"href":"https:\/\/www2.unifap.br\/indigena\/wp-json\/wp\/v2\/types\/page"}],"author":[{"embeddable":true,"href":"https:\/\/www2.unifap.br\/indigena\/wp-json\/wp\/v2\/users\/824"}],"replies":[{"embeddable":true,"href":"https:\/\/www2.unifap.br\/indigena\/wp-json\/wp\/v2\/comments?post=1133"}],"version-history":[{"count":3,"href":"https:\/\/www2.unifap.br\/indigena\/wp-json\/wp\/v2\/pages\/1133\/revisions"}],"predecessor-version":[{"id":1519,"href":"https:\/\/www2.unifap.br\/indigena\/wp-json\/wp\/v2\/pages\/1133\/revisions\/1519"}],"up":[{"embeddable":true,"href":"https:\/\/www2.unifap.br\/indigena\/wp-json\/wp\/v2\/pages\/738"}],"wp:attachment":[{"href":"https:\/\/www2.unifap.br\/indigena\/wp-json\/wp\/v2\/media?parent=1133"}],"curies":[{"name":"wp","href":"https:\/\/api.w.org\/{rel}","templated":true}]}}