{"id":1138,"date":"2017-03-21T16:11:08","date_gmt":"2017-03-21T16:11:08","guid":{"rendered":"http:\/\/www2.unifap.br\/indigena\/?page_id=1138"},"modified":"2017-03-21T16:13:12","modified_gmt":"2017-03-21T16:13:12","slug":"mesa-redonda-exploracao-de-petroleo-e-gas-kote-ka-komunite-dji-edje-iela","status":"publish","type":"page","link":"https:\/\/www2.unifap.br\/indigena\/aacc\/mesa-redonda-exploracao-de-petroleo-e-gas-kote-ka-komunite-dji-edje-iela\/","title":{"rendered":"Mesa redonda \u201cExplora\u00e7\u00e3o de Petr\u00f3leo e G\u00e1s: Kote ka komunite dji \u0113dj\u0113-iela?\u201d"},"content":{"rendered":"<p><b>Mesa redonda \u201cExplora\u00e7\u00e3o de Petr\u00f3leo e G\u00e1s: Kote ka komunite dji <\/b><b>\u0113dj\u0113-iela?\u201d<\/b><\/p>\n<p><b>Data: <\/b>24 de janeiro de 2015\u00a0\u00a0\u00a0\u00a0\u00a0\u00a0\u00a0\u00a0\u00a0\u00a0\u00a0\u00a0\u00a0\u00a0\u00a0\u00a0\u00a0\u00a0\u00a0\u00a0\u00a0\u00a0\u00a0\u00a0\u00a0\u00a0\u00a0\u00a0\u00a0\u00a0\u00a0\u00a0 <b>C.H.: <\/b>2 horas<\/p>\n<p><b>Local: <\/b>F\u00f3rum de Justi\u00e7a da cidade de Oiapoque<b><\/b><\/p>\n<p style=\"text-align: justify\">A mesa contou com a participa\u00e7\u00e3o do aluno do CLII, S\u00e9rgio dos Santos, lideran\u00e7a ind\u00edgena da etnia Galibi Marworno e conselheiro titular do Parque Nacional do Cabo Orange; e Ivan Vasconcelos \u2013 bi\u00f3logo e analista ambiental do Instituto Chico Mendes de Biodiversidade (ICM-Bio).<\/p>\n","protected":false},"excerpt":{"rendered":"<p>Mesa redonda \u201cExplora\u00e7\u00e3o de Petr\u00f3leo e G\u00e1s: Kote ka komunite dji \u0113dj\u0113-iela?\u201d Data: 24 de janeiro de 2015\u00a0\u00a0\u00a0\u00a0\u00a0\u00a0\u00a0\u00a0\u00a0\u00a0\u00a0\u00a0\u00a0\u00a0\u00a0\u00a0\u00a0\u00a0\u00a0\u00a0\u00a0\u00a0\u00a0\u00a0\u00a0\u00a0\u00a0\u00a0\u00a0\u00a0\u00a0\u00a0 C.H.: 2 horas Local: F\u00f3rum de Justi\u00e7a da cidade de Oiapoque A mesa contou com a participa\u00e7\u00e3o do aluno do CLII, S\u00e9rgio dos Santos, lideran\u00e7a ind\u00edgena da etnia Galibi Marworno e conselheiro titular do Parque Nacional do&#8230;<\/p>\n","protected":false},"author":824,"featured_media":0,"parent":738,"menu_order":0,"comment_status":"open","ping_status":"open","template":"","meta":{"inline_featured_image":false,"ngg_post_thumbnail":0,"footnotes":""},"class_list":["post-1138","page","type-page","status-publish","hentry","entry"],"_links":{"self":[{"href":"https:\/\/www2.unifap.br\/indigena\/wp-json\/wp\/v2\/pages\/1138","targetHints":{"allow":["GET"]}}],"collection":[{"href":"https:\/\/www2.unifap.br\/indigena\/wp-json\/wp\/v2\/pages"}],"about":[{"href":"https:\/\/www2.unifap.br\/indigena\/wp-json\/wp\/v2\/types\/page"}],"author":[{"embeddable":true,"href":"https:\/\/www2.unifap.br\/indigena\/wp-json\/wp\/v2\/users\/824"}],"replies":[{"embeddable":true,"href":"https:\/\/www2.unifap.br\/indigena\/wp-json\/wp\/v2\/comments?post=1138"}],"version-history":[{"count":2,"href":"https:\/\/www2.unifap.br\/indigena\/wp-json\/wp\/v2\/pages\/1138\/revisions"}],"predecessor-version":[{"id":1140,"href":"https:\/\/www2.unifap.br\/indigena\/wp-json\/wp\/v2\/pages\/1138\/revisions\/1140"}],"up":[{"embeddable":true,"href":"https:\/\/www2.unifap.br\/indigena\/wp-json\/wp\/v2\/pages\/738"}],"wp:attachment":[{"href":"https:\/\/www2.unifap.br\/indigena\/wp-json\/wp\/v2\/media?parent=1138"}],"curies":[{"name":"wp","href":"https:\/\/api.w.org\/{rel}","templated":true}]}}