{"id":1141,"date":"2017-03-21T16:16:31","date_gmt":"2017-03-21T16:16:31","guid":{"rendered":"http:\/\/www2.unifap.br\/indigena\/?page_id=1141"},"modified":"2017-03-21T16:17:49","modified_gmt":"2017-03-21T16:17:49","slug":"oficina-biodiversidade-e-economia","status":"publish","type":"page","link":"https:\/\/www2.unifap.br\/indigena\/aacc\/oficina-biodiversidade-e-economia\/","title":{"rendered":"Oficina &#8220;Biodiversidade e Economia&#8221;"},"content":{"rendered":"<p><b>Oficina &#8220;Biodiversidade e Economia&#8221;<\/b><\/p>\n<p><b>Data:<\/b> 11 e 12 de junho de 2015\u00a0\u00a0\u00a0\u00a0\u00a0\u00a0\u00a0\u00a0\u00a0\u00a0\u00a0\u00a0\u00a0\u00a0\u00a0\u00a0\u00a0\u00a0\u00a0\u00a0\u00a0 <b>C.H.:<\/b> 20 horas<\/p>\n<p><b>Local:<\/b> F\u00f3rum de Justi\u00e7a da cidade de Oiapoque<\/p>\n<p style=\"text-align: justify\">A oficina Biodiversidade e Economia foi\u00a0 promovida atrav\u00e9s de uma parceria entre o Projeto Din\u00e2micas Regionais, Popula\u00e7\u00f5es Locais e Pol\u00edticas P\u00fablicas \u2013 DIPOLOPP: Pr\u00e1ticas e Percep\u00e7\u00f5es do Territ\u00f3rio e da Biodiversidade no Amap\u00e1 e Guiana Francesa e o Campus Binacional do Oiapoque\/UNIFAP-Curso de Licenciatura Intercultural Ind\u00edgena. Esse evento faz parte das atividades de parceria com IRD-Fran\u00e7a\/ UNIFAP-Brasil. O p\u00fablico alvo foram os Acad\u00eamicos dos Cursos: Licenciatura Intercultural Ind\u00edgena, Geografia e Biologia, al\u00e9m dos docentes da UNIFAP-Campus Binacional do Oiapoque.<\/p>\n","protected":false},"excerpt":{"rendered":"<p>Oficina &#8220;Biodiversidade e Economia&#8221; Data: 11 e 12 de junho de 2015\u00a0\u00a0\u00a0\u00a0\u00a0\u00a0\u00a0\u00a0\u00a0\u00a0\u00a0\u00a0\u00a0\u00a0\u00a0\u00a0\u00a0\u00a0\u00a0\u00a0\u00a0 C.H.: 20 horas Local: F\u00f3rum de Justi\u00e7a da cidade de Oiapoque A oficina Biodiversidade e Economia foi\u00a0 promovida atrav\u00e9s de uma parceria entre o Projeto Din\u00e2micas Regionais, Popula\u00e7\u00f5es Locais e Pol\u00edticas P\u00fablicas \u2013 DIPOLOPP: Pr\u00e1ticas e Percep\u00e7\u00f5es do Territ\u00f3rio e da Biodiversidade no&#8230;<\/p>\n","protected":false},"author":824,"featured_media":0,"parent":738,"menu_order":1,"comment_status":"open","ping_status":"open","template":"","meta":{"inline_featured_image":false,"ngg_post_thumbnail":0,"footnotes":""},"class_list":["post-1141","page","type-page","status-publish","hentry","entry"],"_links":{"self":[{"href":"https:\/\/www2.unifap.br\/indigena\/wp-json\/wp\/v2\/pages\/1141","targetHints":{"allow":["GET"]}}],"collection":[{"href":"https:\/\/www2.unifap.br\/indigena\/wp-json\/wp\/v2\/pages"}],"about":[{"href":"https:\/\/www2.unifap.br\/indigena\/wp-json\/wp\/v2\/types\/page"}],"author":[{"embeddable":true,"href":"https:\/\/www2.unifap.br\/indigena\/wp-json\/wp\/v2\/users\/824"}],"replies":[{"embeddable":true,"href":"https:\/\/www2.unifap.br\/indigena\/wp-json\/wp\/v2\/comments?post=1141"}],"version-history":[{"count":2,"href":"https:\/\/www2.unifap.br\/indigena\/wp-json\/wp\/v2\/pages\/1141\/revisions"}],"predecessor-version":[{"id":1143,"href":"https:\/\/www2.unifap.br\/indigena\/wp-json\/wp\/v2\/pages\/1141\/revisions\/1143"}],"up":[{"embeddable":true,"href":"https:\/\/www2.unifap.br\/indigena\/wp-json\/wp\/v2\/pages\/738"}],"wp:attachment":[{"href":"https:\/\/www2.unifap.br\/indigena\/wp-json\/wp\/v2\/media?parent=1141"}],"curies":[{"name":"wp","href":"https:\/\/api.w.org\/{rel}","templated":true}]}}