{"id":1144,"date":"2017-03-21T16:19:06","date_gmt":"2017-03-21T16:19:06","guid":{"rendered":"http:\/\/www2.unifap.br\/indigena\/?page_id=1144"},"modified":"2017-03-21T16:20:21","modified_gmt":"2017-03-21T16:20:21","slug":"mesa-redonda-movimento-indigena-i-dialogos-indigenas-o-movimento-indigena-e-o-contexto-nacional","status":"publish","type":"page","link":"https:\/\/www2.unifap.br\/indigena\/aacc\/mesa-redonda-movimento-indigena-i-dialogos-indigenas-o-movimento-indigena-e-o-contexto-nacional\/","title":{"rendered":"Mesa-redonda: \u201cMovimento Ind\u00edgena I. Di\u00e1logos Ind\u00edgenas: o movimento ind\u00edgena e o contexto nacional\u201d"},"content":{"rendered":"<p><b>Mesa-redonda: \u201cMovimento Ind\u00edgena I. Di\u00e1logos Ind\u00edgenas: o movimento ind\u00edgena e o contexto nacional\u201d<\/b><\/p>\n<p><b>Data:<\/b> 30 de janeiro de 2016\u00a0\u00a0\u00a0\u00a0\u00a0\u00a0\u00a0\u00a0\u00a0\u00a0\u00a0\u00a0\u00a0\u00a0\u00a0\u00a0\u00a0\u00a0\u00a0\u00a0\u00a0 <b>C.H.:<\/b> 2 horas<\/p>\n<p><b>Local:<\/b> F\u00f3rum de Justi\u00e7a da cidade de Oiapoque<\/p>\n<p style=\"text-align: justify\">O evento \u201cDi\u00e1logos Ind\u00edgenas: o movimento ind\u00edgena e o contexto nacional\u201d se prop\u00f4s a ser um espa\u00e7o de discuss\u00e3o e debate acerca das pol\u00edticas p\u00fablicas e ind\u00edgenas \u00e0s quais das quais nossos alunos s\u00e3o representantes. Foi um momento de apresenta\u00e7\u00e3o dos diferentes segmentos do movimento ind\u00edgena, sua funcionalidade e representa\u00e7\u00e3o. Neste evento os representantes repassaram informa\u00e7\u00f5es aos alunos do CLII sobre as resolu\u00e7\u00f5es e encaminhamentos realizados em reuni\u00f5es, assembleias ou qualquer outra modalidade de encontro que os representantes participaram.\u00a0 Neste evento contamos com a participa\u00e7\u00e3o das lideran\u00e7as ind\u00edgenas do Amap\u00e1 e Norte do Par\u00e1: Arin\u00e9 Apalai, Kutannan Waiana, Pedro Henrique Castro Gabriel, Priscila Barbosa de Freitas, S\u00e9rgio dos Santos e Silenu Apalai Waiana.<\/p>\n","protected":false},"excerpt":{"rendered":"<p>Mesa-redonda: \u201cMovimento Ind\u00edgena I. Di\u00e1logos Ind\u00edgenas: o movimento ind\u00edgena e o contexto nacional\u201d Data: 30 de janeiro de 2016\u00a0\u00a0\u00a0\u00a0\u00a0\u00a0\u00a0\u00a0\u00a0\u00a0\u00a0\u00a0\u00a0\u00a0\u00a0\u00a0\u00a0\u00a0\u00a0\u00a0\u00a0 C.H.: 2 horas Local: F\u00f3rum de Justi\u00e7a da cidade de Oiapoque O evento \u201cDi\u00e1logos Ind\u00edgenas: o movimento ind\u00edgena e o contexto nacional\u201d se prop\u00f4s a ser um espa\u00e7o de discuss\u00e3o e debate acerca das pol\u00edticas p\u00fablicas&#8230;<\/p>\n","protected":false},"author":824,"featured_media":0,"parent":738,"menu_order":2,"comment_status":"open","ping_status":"open","template":"","meta":{"inline_featured_image":false,"ngg_post_thumbnail":0,"footnotes":""},"class_list":["post-1144","page","type-page","status-publish","hentry","entry"],"_links":{"self":[{"href":"https:\/\/www2.unifap.br\/indigena\/wp-json\/wp\/v2\/pages\/1144","targetHints":{"allow":["GET"]}}],"collection":[{"href":"https:\/\/www2.unifap.br\/indigena\/wp-json\/wp\/v2\/pages"}],"about":[{"href":"https:\/\/www2.unifap.br\/indigena\/wp-json\/wp\/v2\/types\/page"}],"author":[{"embeddable":true,"href":"https:\/\/www2.unifap.br\/indigena\/wp-json\/wp\/v2\/users\/824"}],"replies":[{"embeddable":true,"href":"https:\/\/www2.unifap.br\/indigena\/wp-json\/wp\/v2\/comments?post=1144"}],"version-history":[{"count":2,"href":"https:\/\/www2.unifap.br\/indigena\/wp-json\/wp\/v2\/pages\/1144\/revisions"}],"predecessor-version":[{"id":1146,"href":"https:\/\/www2.unifap.br\/indigena\/wp-json\/wp\/v2\/pages\/1144\/revisions\/1146"}],"up":[{"embeddable":true,"href":"https:\/\/www2.unifap.br\/indigena\/wp-json\/wp\/v2\/pages\/738"}],"wp:attachment":[{"href":"https:\/\/www2.unifap.br\/indigena\/wp-json\/wp\/v2\/media?parent=1144"}],"curies":[{"name":"wp","href":"https:\/\/api.w.org\/{rel}","templated":true}]}}