{"id":1147,"date":"2017-03-21T16:22:03","date_gmt":"2017-03-21T16:22:03","guid":{"rendered":"http:\/\/www2.unifap.br\/indigena\/?page_id=1147"},"modified":"2017-03-21T16:22:03","modified_gmt":"2017-03-21T16:22:03","slug":"mesa-redonda-movimento-indigena-ii-dialogos-indigenas-o-movimento-indigena-e-o-contexto-regional","status":"publish","type":"page","link":"https:\/\/www2.unifap.br\/indigena\/aacc\/mesa-redonda-movimento-indigena-ii-dialogos-indigenas-o-movimento-indigena-e-o-contexto-regional\/","title":{"rendered":"Mesa-redonda: \u201cMovimento Ind\u00edgena II. Di\u00e1logos Ind\u00edgenas: o movimento ind\u00edgena e o contexto regional\u201d"},"content":{"rendered":"<p><b>Mesa-redonda: \u201cMovimento Ind\u00edgena II. Di\u00e1logos Ind\u00edgenas: o movimento ind\u00edgena e o contexto regional\u201d<\/b><\/p>\n<p><b>Data:<\/b> 06 de fevereiro de 2016\u00a0\u00a0\u00a0\u00a0\u00a0\u00a0\u00a0\u00a0\u00a0\u00a0\u00a0\u00a0\u00a0\u00a0\u00a0\u00a0\u00a0\u00a0\u00a0\u00a0\u00a0 <b>C.H.:<\/b> 2 horas<\/p>\n<p><b>Local:<\/b> F\u00f3rum de Justi\u00e7a da cidade de Oiapoque<\/p>\n<p style=\"text-align: justify\">Esta mesa \u00e9 um segundo momento de debate sobre o movimento ind\u00edgena, atrav\u00e9s dos Di\u00e1logos Ind\u00edgenas. Nesse segundo momento o enfoque foi o contexto regional e participaram as lideran\u00e7as ind\u00edgenas do Amap\u00e1 e Norte do Par\u00e1: Arin\u00e9 Apalai, Pedro Henrique Castro Gabriel, Pedro Henrique Barbosa de Freitas, S\u00e9rgio dos Santos, Silenu Apalai Waiana e Viseni Waj\u00e3pi.<\/p>\n","protected":false},"excerpt":{"rendered":"<p>Mesa-redonda: \u201cMovimento Ind\u00edgena II. Di\u00e1logos Ind\u00edgenas: o movimento ind\u00edgena e o contexto regional\u201d Data: 06 de fevereiro de 2016\u00a0\u00a0\u00a0\u00a0\u00a0\u00a0\u00a0\u00a0\u00a0\u00a0\u00a0\u00a0\u00a0\u00a0\u00a0\u00a0\u00a0\u00a0\u00a0\u00a0\u00a0 C.H.: 2 horas Local: F\u00f3rum de Justi\u00e7a da cidade de Oiapoque Esta mesa \u00e9 um segundo momento de debate sobre o movimento ind\u00edgena, atrav\u00e9s dos Di\u00e1logos Ind\u00edgenas. Nesse segundo momento o enfoque foi o contexto regional&#8230;<\/p>\n","protected":false},"author":824,"featured_media":0,"parent":738,"menu_order":3,"comment_status":"open","ping_status":"open","template":"","meta":{"inline_featured_image":false,"ngg_post_thumbnail":0,"footnotes":""},"class_list":["post-1147","page","type-page","status-publish","hentry","entry"],"_links":{"self":[{"href":"https:\/\/www2.unifap.br\/indigena\/wp-json\/wp\/v2\/pages\/1147","targetHints":{"allow":["GET"]}}],"collection":[{"href":"https:\/\/www2.unifap.br\/indigena\/wp-json\/wp\/v2\/pages"}],"about":[{"href":"https:\/\/www2.unifap.br\/indigena\/wp-json\/wp\/v2\/types\/page"}],"author":[{"embeddable":true,"href":"https:\/\/www2.unifap.br\/indigena\/wp-json\/wp\/v2\/users\/824"}],"replies":[{"embeddable":true,"href":"https:\/\/www2.unifap.br\/indigena\/wp-json\/wp\/v2\/comments?post=1147"}],"version-history":[{"count":2,"href":"https:\/\/www2.unifap.br\/indigena\/wp-json\/wp\/v2\/pages\/1147\/revisions"}],"predecessor-version":[{"id":1149,"href":"https:\/\/www2.unifap.br\/indigena\/wp-json\/wp\/v2\/pages\/1147\/revisions\/1149"}],"up":[{"embeddable":true,"href":"https:\/\/www2.unifap.br\/indigena\/wp-json\/wp\/v2\/pages\/738"}],"wp:attachment":[{"href":"https:\/\/www2.unifap.br\/indigena\/wp-json\/wp\/v2\/media?parent=1147"}],"curies":[{"name":"wp","href":"https:\/\/api.w.org\/{rel}","templated":true}]}}