{"id":1152,"date":"2017-03-21T16:27:09","date_gmt":"2017-03-21T16:27:09","guid":{"rendered":"http:\/\/www2.unifap.br\/indigena\/?page_id=1152"},"modified":"2017-03-21T16:32:34","modified_gmt":"2017-03-21T16:32:34","slug":"1152-2","status":"publish","type":"page","link":"https:\/\/www2.unifap.br\/indigena\/aacc\/1152-2\/","title":{"rendered":"Palestra: \u201cMem\u00f3rias e Hist\u00f3rias dos Arukwayene atrav\u00e9s do Projeto Saberes Ind\u00edgenas na Escola Palikur (SIEP)\u201d"},"content":{"rendered":"<p><b>Palestra: \u201c<\/b><b>Mem\u00f3rias e Hist\u00f3rias dos Arukwayene atrav\u00e9s do Projeto Saberes Ind\u00edgenas na Escola Palikur (SIEP)\u201d<\/b><\/p>\n<p><b>Data:<\/b> 27 de julho de 2016\u00a0\u00a0\u00a0\u00a0\u00a0\u00a0\u00a0\u00a0\u00a0\u00a0\u00a0\u00a0\u00a0\u00a0\u00a0\u00a0\u00a0\u00a0\u00a0\u00a0\u00a0 <b>C.H.:<\/b> 4 horas<\/p>\n<p><b>Local:<\/b> Audit\u00f3rio do Anexo Colares<\/p>\n<p style=\"text-align: justify\">A palestra \u201cMem\u00f3rias e hist\u00f3rias dos Arukwayene\u201d foi proferida pelos s\u00e1bios arukwayene Uwet, Manoel Antonio dos Santos; e Tebekwe, Manoel Labont\u00ea. A media\u00e7\u00e3o e tradu\u00e7\u00e3o foi feita pelo professor ind\u00edgena e ex-aluno do CLII, Adonias Ioi\u00f4, juntamente com o discente do CLII H\u00e9lio Labont\u00ea. A palestra teve tamb\u00e9m a contribui\u00e7\u00e3o dos professores ind\u00edgenas integrantes do projeto de extens\u00e3o Saberes Ind\u00edgenas na Escola Palikur (SIEP), tamb\u00e9m acad\u00eamicos do CLII, que explicaram o desenvolvimento das atividades que est\u00e3o vinculadas \u00e0 A\u00e7\u00e3o Saberes Ind\u00edgenas na Escola, que visa registrar e documentar as hist\u00f3rias do povo e fomentar a produ\u00e7\u00e3o de materais did\u00e1tico-pedag\u00f3gicos para a escola.<\/p>\n","protected":false},"excerpt":{"rendered":"<p>Palestra: \u201cMem\u00f3rias e Hist\u00f3rias dos Arukwayene atrav\u00e9s do Projeto Saberes Ind\u00edgenas na Escola Palikur (SIEP)\u201d Data: 27 de julho de 2016\u00a0\u00a0\u00a0\u00a0\u00a0\u00a0\u00a0\u00a0\u00a0\u00a0\u00a0\u00a0\u00a0\u00a0\u00a0\u00a0\u00a0\u00a0\u00a0\u00a0\u00a0 C.H.: 4 horas Local: Audit\u00f3rio do Anexo Colares A palestra \u201cMem\u00f3rias e hist\u00f3rias dos Arukwayene\u201d foi proferida pelos s\u00e1bios arukwayene Uwet, Manoel Antonio dos Santos; e Tebekwe, Manoel Labont\u00ea. A media\u00e7\u00e3o e tradu\u00e7\u00e3o foi&#8230;<\/p>\n","protected":false},"author":824,"featured_media":0,"parent":738,"menu_order":5,"comment_status":"open","ping_status":"open","template":"","meta":{"inline_featured_image":false,"ngg_post_thumbnail":0,"footnotes":""},"class_list":["post-1152","page","type-page","status-publish","hentry","entry"],"_links":{"self":[{"href":"https:\/\/www2.unifap.br\/indigena\/wp-json\/wp\/v2\/pages\/1152","targetHints":{"allow":["GET"]}}],"collection":[{"href":"https:\/\/www2.unifap.br\/indigena\/wp-json\/wp\/v2\/pages"}],"about":[{"href":"https:\/\/www2.unifap.br\/indigena\/wp-json\/wp\/v2\/types\/page"}],"author":[{"embeddable":true,"href":"https:\/\/www2.unifap.br\/indigena\/wp-json\/wp\/v2\/users\/824"}],"replies":[{"embeddable":true,"href":"https:\/\/www2.unifap.br\/indigena\/wp-json\/wp\/v2\/comments?post=1152"}],"version-history":[{"count":3,"href":"https:\/\/www2.unifap.br\/indigena\/wp-json\/wp\/v2\/pages\/1152\/revisions"}],"predecessor-version":[{"id":1154,"href":"https:\/\/www2.unifap.br\/indigena\/wp-json\/wp\/v2\/pages\/1152\/revisions\/1154"}],"up":[{"embeddable":true,"href":"https:\/\/www2.unifap.br\/indigena\/wp-json\/wp\/v2\/pages\/738"}],"wp:attachment":[{"href":"https:\/\/www2.unifap.br\/indigena\/wp-json\/wp\/v2\/media?parent=1152"}],"curies":[{"name":"wp","href":"https:\/\/api.w.org\/{rel}","templated":true}]}}