{"id":1155,"date":"2017-03-21T16:29:33","date_gmt":"2017-03-21T16:29:33","guid":{"rendered":"http:\/\/www2.unifap.br\/indigena\/?page_id=1155"},"modified":"2017-03-21T16:29:33","modified_gmt":"2017-03-21T16:29:33","slug":"atividade-cultural-ture-de-encerramento-da-etapa-de-julho2016","status":"publish","type":"page","link":"https:\/\/www2.unifap.br\/indigena\/aacc\/atividade-cultural-ture-de-encerramento-da-etapa-de-julho2016\/","title":{"rendered":"Atividade cultural \u201cTur\u00e9\u201d de encerramento da etapa de Julho\/2016"},"content":{"rendered":"<p><b>Atividade cultural \u201c<\/b><b>Tur\u00e9\u201d de encerramento da etapa de Julho\/2016<\/b><\/p>\n<p><b>Data:<\/b> 30 de julho de 2016\u00a0\u00a0\u00a0\u00a0\u00a0\u00a0\u00a0\u00a0\u00a0\u00a0\u00a0\u00a0\u00a0\u00a0\u00a0\u00a0\u00a0\u00a0\u00a0\u00a0\u00a0 <b>C.H.:<\/b> 4 horas<\/p>\n<p><b>Local:<\/b> Campus Binacional do Oiapoque<\/p>\n<p style=\"text-align: justify\">Este evento foi organizado pelos discentes das turmas 2012, 2013, 2014 e 2015. A dan\u00e7a do Tur\u00e9 \u00e9 um ritual compartilhado por v\u00e1rios povos ind\u00edgenas do Oiapoque. \u00c9 um momento para compartilhar a cultura, com dan\u00e7a e caxixi, a bebida principal do ritual. Todas as etapas do evento foram realizadas pelos alunos, incluindo a montagem do Laku, a organiza\u00e7\u00e3o dos mastros e bancos zoom\u00f3rficos, al\u00e9m da prepara\u00e7\u00e3o do caxixi. Toda a comunidade acad\u00eamica foi convidada para este momento de confraterniza\u00e7\u00e3o.<\/p>\n","protected":false},"excerpt":{"rendered":"<p>Atividade cultural \u201cTur\u00e9\u201d de encerramento da etapa de Julho\/2016 Data: 30 de julho de 2016\u00a0\u00a0\u00a0\u00a0\u00a0\u00a0\u00a0\u00a0\u00a0\u00a0\u00a0\u00a0\u00a0\u00a0\u00a0\u00a0\u00a0\u00a0\u00a0\u00a0\u00a0 C.H.: 4 horas Local: Campus Binacional do Oiapoque Este evento foi organizado pelos discentes das turmas 2012, 2013, 2014 e 2015. A dan\u00e7a do Tur\u00e9 \u00e9 um ritual compartilhado por v\u00e1rios povos ind\u00edgenas do Oiapoque. \u00c9 um momento para compartilhar&#8230;<\/p>\n","protected":false},"author":824,"featured_media":0,"parent":738,"menu_order":6,"comment_status":"open","ping_status":"open","template":"","meta":{"inline_featured_image":false,"ngg_post_thumbnail":0,"footnotes":""},"class_list":["post-1155","page","type-page","status-publish","hentry","entry"],"_links":{"self":[{"href":"https:\/\/www2.unifap.br\/indigena\/wp-json\/wp\/v2\/pages\/1155","targetHints":{"allow":["GET"]}}],"collection":[{"href":"https:\/\/www2.unifap.br\/indigena\/wp-json\/wp\/v2\/pages"}],"about":[{"href":"https:\/\/www2.unifap.br\/indigena\/wp-json\/wp\/v2\/types\/page"}],"author":[{"embeddable":true,"href":"https:\/\/www2.unifap.br\/indigena\/wp-json\/wp\/v2\/users\/824"}],"replies":[{"embeddable":true,"href":"https:\/\/www2.unifap.br\/indigena\/wp-json\/wp\/v2\/comments?post=1155"}],"version-history":[{"count":1,"href":"https:\/\/www2.unifap.br\/indigena\/wp-json\/wp\/v2\/pages\/1155\/revisions"}],"predecessor-version":[{"id":1156,"href":"https:\/\/www2.unifap.br\/indigena\/wp-json\/wp\/v2\/pages\/1155\/revisions\/1156"}],"up":[{"embeddable":true,"href":"https:\/\/www2.unifap.br\/indigena\/wp-json\/wp\/v2\/pages\/738"}],"wp:attachment":[{"href":"https:\/\/www2.unifap.br\/indigena\/wp-json\/wp\/v2\/media?parent=1155"}],"curies":[{"name":"wp","href":"https:\/\/api.w.org\/{rel}","templated":true}]}}