{"id":1157,"date":"2017-03-21T16:31:33","date_gmt":"2017-03-21T16:31:33","guid":{"rendered":"http:\/\/www2.unifap.br\/indigena\/?page_id=1157"},"modified":"2017-03-22T00:26:10","modified_gmt":"2017-03-22T00:26:10","slug":"palestra-entra-seculo-sai-seculo-os-povos-indigenas-e-uma-outra-historia-possivel-por-artionka-capiberibe","status":"publish","type":"page","link":"https:\/\/www2.unifap.br\/indigena\/aacc\/palestra-entra-seculo-sai-seculo-os-povos-indigenas-e-uma-outra-historia-possivel-por-artionka-capiberibe\/","title":{"rendered":"Palestra: \u201cEntra s\u00e9culo, sa\u00ed s\u00e9culo: os povos ind\u00edgenas e uma outra hist\u00f3ria poss\u00edvel\u201d, por Artionka Capiberibe"},"content":{"rendered":"<p><b>Palestra da antrop\u00f3loga Antionka Capiberibe<\/b><\/p>\n<p><b>Data:<\/b> 20 de janeiro de 2017\u00a0\u00a0\u00a0\u00a0\u00a0\u00a0\u00a0\u00a0\u00a0\u00a0\u00a0\u00a0\u00a0\u00a0\u00a0\u00a0\u00a0\u00a0\u00a0\u00a0\u00a0 <b>C.H.:<\/b> 2 horas<\/p>\n<p><b>Local:<\/b> Audit\u00f3rio da Unifap\/Oiapoque<\/p>\n<p style=\"text-align: justify\">A antrop\u00f3loga e professora da Unicamp, Dra. Artionka Capiberibe, palestrou sobre o tema \u201cEntra s\u00e9culo, sa\u00ed s\u00e9culo: os povos ind\u00edgenas e uma outra hist\u00f3ria poss\u00edvel\u201d para ao discentes do CLII e a comunidade acad\u00eamica. A professora pesquisa h\u00e1 muitos anos os povos ind\u00edgenas do Oiapoque, especificamente os Palikur da Terra Ind\u00edgena Ua\u00e7\u00e1, e possui singular produ\u00e7\u00e3o cient\u00edfica sobre este povo.<\/p>\n<figure id=\"attachment_1317\" aria-describedby=\"caption-attachment-1317\" style=\"width: 300px\" class=\"wp-caption alignnone\"><a href=\"http:\/\/www2.unifap.br\/indigena\/files\/2017\/03\/CLII-20170120-Palestra-Artionka-179.jpg\"><img fetchpriority=\"high\" decoding=\"async\" class=\"size-medium wp-image-1317\" alt=\"Participantes da Palestra\" src=\"http:\/\/www2.unifap.br\/indigena\/files\/2017\/03\/CLII-20170120-Palestra-Artionka-179-300x200.jpg\" width=\"300\" height=\"200\" srcset=\"https:\/\/www2.unifap.br\/indigena\/files\/2017\/03\/CLII-20170120-Palestra-Artionka-179-300x200.jpg 300w, https:\/\/www2.unifap.br\/indigena\/files\/2017\/03\/CLII-20170120-Palestra-Artionka-179-1024x682.jpg 1024w\" sizes=\"(max-width: 300px) 100vw, 300px\" \/><\/a><figcaption id=\"caption-attachment-1317\" class=\"wp-caption-text\">Participantes da Palestra<\/figcaption><\/figure>\n<figure id=\"attachment_1319\" aria-describedby=\"caption-attachment-1319\" style=\"width: 300px\" class=\"wp-caption alignnone\"><a href=\"http:\/\/www2.unifap.br\/indigena\/files\/2017\/03\/CLII-20170120-Palestra-Artionka-192.jpg\"><img decoding=\"async\" class=\"size-medium wp-image-1319\" alt=\"Artionka Capiberibe palestrando para os acad\u00eamicos do CLII\" src=\"http:\/\/www2.unifap.br\/indigena\/files\/2017\/03\/CLII-20170120-Palestra-Artionka-192-300x152.jpg\" width=\"300\" height=\"152\" srcset=\"https:\/\/www2.unifap.br\/indigena\/files\/2017\/03\/CLII-20170120-Palestra-Artionka-192-300x152.jpg 300w, https:\/\/www2.unifap.br\/indigena\/files\/2017\/03\/CLII-20170120-Palestra-Artionka-192-1024x519.jpg 1024w\" sizes=\"(max-width: 300px) 100vw, 300px\" \/><\/a><figcaption id=\"caption-attachment-1319\" class=\"wp-caption-text\">Artionka Capiberibe palestrando para os acad\u00eamicos do CLII<\/figcaption><\/figure>\n<figure id=\"attachment_1318\" aria-describedby=\"caption-attachment-1318\" style=\"width: 300px\" class=\"wp-caption alignnone\"><a href=\"http:\/\/www2.unifap.br\/indigena\/files\/2017\/03\/CLII-20170120-Palestra-Artionka-188.jpg\"><img decoding=\"async\" class=\"size-medium wp-image-1318\" alt=\"Participantes da Palestra\" src=\"http:\/\/www2.unifap.br\/indigena\/files\/2017\/03\/CLII-20170120-Palestra-Artionka-188-300x156.jpg\" width=\"300\" height=\"156\" srcset=\"https:\/\/www2.unifap.br\/indigena\/files\/2017\/03\/CLII-20170120-Palestra-Artionka-188-300x156.jpg 300w, https:\/\/www2.unifap.br\/indigena\/files\/2017\/03\/CLII-20170120-Palestra-Artionka-188-1024x534.jpg 1024w\" sizes=\"(max-width: 300px) 100vw, 300px\" \/><\/a><figcaption id=\"caption-attachment-1318\" class=\"wp-caption-text\">Participantes da Palestra<\/figcaption><\/figure>\n","protected":false},"excerpt":{"rendered":"<p>Palestra da antrop\u00f3loga Antionka Capiberibe Data: 20 de janeiro de 2017\u00a0\u00a0\u00a0\u00a0\u00a0\u00a0\u00a0\u00a0\u00a0\u00a0\u00a0\u00a0\u00a0\u00a0\u00a0\u00a0\u00a0\u00a0\u00a0\u00a0\u00a0 C.H.: 2 horas Local: Audit\u00f3rio da Unifap\/Oiapoque A antrop\u00f3loga e professora da Unicamp, Dra. Artionka Capiberibe, palestrou sobre o tema \u201cEntra s\u00e9culo, sa\u00ed s\u00e9culo: os povos ind\u00edgenas e uma outra hist\u00f3ria poss\u00edvel\u201d para ao discentes do CLII e a comunidade acad\u00eamica. A professora pesquisa&#8230;<\/p>\n","protected":false},"author":824,"featured_media":0,"parent":738,"menu_order":7,"comment_status":"open","ping_status":"open","template":"","meta":{"inline_featured_image":false,"ngg_post_thumbnail":0,"footnotes":""},"class_list":["post-1157","page","type-page","status-publish","hentry","entry"],"_links":{"self":[{"href":"https:\/\/www2.unifap.br\/indigena\/wp-json\/wp\/v2\/pages\/1157","targetHints":{"allow":["GET"]}}],"collection":[{"href":"https:\/\/www2.unifap.br\/indigena\/wp-json\/wp\/v2\/pages"}],"about":[{"href":"https:\/\/www2.unifap.br\/indigena\/wp-json\/wp\/v2\/types\/page"}],"author":[{"embeddable":true,"href":"https:\/\/www2.unifap.br\/indigena\/wp-json\/wp\/v2\/users\/824"}],"replies":[{"embeddable":true,"href":"https:\/\/www2.unifap.br\/indigena\/wp-json\/wp\/v2\/comments?post=1157"}],"version-history":[{"count":4,"href":"https:\/\/www2.unifap.br\/indigena\/wp-json\/wp\/v2\/pages\/1157\/revisions"}],"predecessor-version":[{"id":1320,"href":"https:\/\/www2.unifap.br\/indigena\/wp-json\/wp\/v2\/pages\/1157\/revisions\/1320"}],"up":[{"embeddable":true,"href":"https:\/\/www2.unifap.br\/indigena\/wp-json\/wp\/v2\/pages\/738"}],"wp:attachment":[{"href":"https:\/\/www2.unifap.br\/indigena\/wp-json\/wp\/v2\/media?parent=1157"}],"curies":[{"name":"wp","href":"https:\/\/api.w.org\/{rel}","templated":true}]}}