{"id":1161,"date":"2017-03-21T16:33:35","date_gmt":"2017-03-21T16:33:35","guid":{"rendered":"http:\/\/www2.unifap.br\/indigena\/?page_id=1161"},"modified":"2017-03-21T16:33:35","modified_gmt":"2017-03-21T16:33:35","slug":"mesa-redonda-movimento-indigena-i","status":"publish","type":"page","link":"https:\/\/www2.unifap.br\/indigena\/aacc\/mesa-redonda-movimento-indigena-i\/","title":{"rendered":"Mesa-redonda: \u201cMovimento Ind\u00edgena I\u201d"},"content":{"rendered":"<p><b>Mesa-redonda: \u201cMovimento Ind\u00edgena I\u201d<\/b><\/p>\n<p><b>Data:<\/b> 18 de fevereiro de 2017\u00a0\u00a0\u00a0\u00a0\u00a0\u00a0\u00a0\u00a0\u00a0\u00a0\u00a0\u00a0\u00a0\u00a0\u00a0\u00a0\u00a0\u00a0\u00a0\u00a0\u00a0 <b>C.H.:<\/b> 2 horas<\/p>\n<p><b>Local:<\/b> Museu Kuahi\/Oiapoque<\/p>\n<p style=\"text-align: justify\">\u00a0A mesa-redonda \u201cMovimento Ind\u00edgena I\u201d foi moderada pelo discente Edilan dos Santos, com a participa\u00e7\u00e3o das lideran\u00e7as ind\u00edgenas e discentes do CLII Lilia Ramos Oliveira, da etnia Karipuna, falando sobre a Juventude Ind\u00edgena; S\u00e9rgio dos Santos, do povo Galibi-Marworno, atual diretor do Museu Kuah\u00ed, que falou sobre a import\u00e2ncia do movimento ind\u00edgena; e Josieldo Labont\u00ea Orlando, da etnia Palikur, e atual cacique da Aldeia Kumen\u00ea, que tratou sobre a Pol\u00edtica Nacional de Gest\u00e3o Ambiental de Terras Ind\u00edgenas (PNGATI).<\/p>\n","protected":false},"excerpt":{"rendered":"<p>Mesa-redonda: \u201cMovimento Ind\u00edgena I\u201d Data: 18 de fevereiro de 2017\u00a0\u00a0\u00a0\u00a0\u00a0\u00a0\u00a0\u00a0\u00a0\u00a0\u00a0\u00a0\u00a0\u00a0\u00a0\u00a0\u00a0\u00a0\u00a0\u00a0\u00a0 C.H.: 2 horas Local: Museu Kuahi\/Oiapoque \u00a0A mesa-redonda \u201cMovimento Ind\u00edgena I\u201d foi moderada pelo discente Edilan dos Santos, com a participa\u00e7\u00e3o das lideran\u00e7as ind\u00edgenas e discentes do CLII Lilia Ramos Oliveira, da etnia Karipuna, falando sobre a Juventude Ind\u00edgena; S\u00e9rgio dos Santos, do povo Galibi-Marworno,&#8230;<\/p>\n","protected":false},"author":824,"featured_media":0,"parent":738,"menu_order":8,"comment_status":"open","ping_status":"open","template":"","meta":{"inline_featured_image":false,"ngg_post_thumbnail":0,"footnotes":""},"class_list":["post-1161","page","type-page","status-publish","hentry","entry"],"_links":{"self":[{"href":"https:\/\/www2.unifap.br\/indigena\/wp-json\/wp\/v2\/pages\/1161","targetHints":{"allow":["GET"]}}],"collection":[{"href":"https:\/\/www2.unifap.br\/indigena\/wp-json\/wp\/v2\/pages"}],"about":[{"href":"https:\/\/www2.unifap.br\/indigena\/wp-json\/wp\/v2\/types\/page"}],"author":[{"embeddable":true,"href":"https:\/\/www2.unifap.br\/indigena\/wp-json\/wp\/v2\/users\/824"}],"replies":[{"embeddable":true,"href":"https:\/\/www2.unifap.br\/indigena\/wp-json\/wp\/v2\/comments?post=1161"}],"version-history":[{"count":1,"href":"https:\/\/www2.unifap.br\/indigena\/wp-json\/wp\/v2\/pages\/1161\/revisions"}],"predecessor-version":[{"id":1162,"href":"https:\/\/www2.unifap.br\/indigena\/wp-json\/wp\/v2\/pages\/1161\/revisions\/1162"}],"up":[{"embeddable":true,"href":"https:\/\/www2.unifap.br\/indigena\/wp-json\/wp\/v2\/pages\/738"}],"wp:attachment":[{"href":"https:\/\/www2.unifap.br\/indigena\/wp-json\/wp\/v2\/media?parent=1161"}],"curies":[{"name":"wp","href":"https:\/\/api.w.org\/{rel}","templated":true}]}}